{"id":1103,"date":"2023-07-13T12:11:33","date_gmt":"2023-07-13T12:11:33","guid":{"rendered":"https:\/\/www.upra.org\/en\/?page_id=1103"},"modified":"2025-05-19T13:39:18","modified_gmt":"2025-05-19T13:39:18","slug":"university-networks","status":"publish","type":"page","link":"https:\/\/www.upra.org\/en\/ateneo\/about-us\/university-networks\/","title":{"rendered":"University networks"},"content":{"rendered":"<section class=\"block  paragraph-box full-width\" \n            >\n\n      <div class=\"paragraph-box__content text-center pt-40 md:pt-50 pb-40 md:pb-50\" id=\"\" style=\"\">\n\n          <div class=\"container\" style=\"\">\n  \n  \n  \n      <div class=\"!mb-30 intro-text text-left\">\n      <p><p>The Pontifical Athenaeum Regina Apostolorum operates within a vast international network of universities which it is in contact with to develop research, study and collaboration activities for students and teachers.<\/p>\n<\/p>\n    <\/div>\n  \n  \n\n<\/div>\n    \n    \n    \n    \n  <\/div>\n\n  <\/section>\n\n\n<section class=\"block  navigation-with-slider-cards full-width\" \n            >\n\n      <div class=\"navigation-with-slider-cards__content relative navigation-cards pb-60 md:pb-80 pt-60 md:pt-80\" id=\"\" style=\"\">\n    <div class=\"container flex flex-row justify-between items-end gap-0 md:gap-45\">\n              <div class=\"basis-3\/3  w-full pl-0 pr-0 text-center\">\n                                  <h2 class=\"s40 font-500 text-primary\">The university network<\/h2>\n                                  <p class=\"s18 leading-7 text-secondary mt-20 text-left\"><p>International institutions where the university is present and with which a connection has been established for teaching projects:<\/p>\n<\/p>\n                                <\/div>\n                <\/div>\n          <div class=\"container\">\n        <div\n          class=\"slider slider-disabled \"\n          data-slider-config='{\n            \"slidesPerView\": 1,\n            \"spaceBetween\": 0,\n            \"navigation\": {\n              \"nextEl\": \".block.navigation-with-slider-cards .swiper-button-next\",\n              \"prevEl\": \".block.navigation-with-slider-cards .swiper-button-prev\"\n            },\n            \"autoplay\": false,\n            \"loop\": false,\n            \"breakpoints\": {\n              \"768\": {\n                \"slidesPerView\": 3,\n                \"spaceBetween\": 16\n              },\n              \"992\": {\n                \"slidesPerView\": 3,\n                \"spaceBetween\": 16\n              }\n            }\n          }'\n          >\n          <div class=\"swiper-wrapper z-10 relative mt-40\">\n                                        <div class=\"swiper-slide pl-0 pr-0\">\n                <article class=\"card-slide --navigation-cards navigation-cards  \" style=\"background-color: #F2F3F5\">\n\n\n\n  <div class=\"card-slide__inner h-full flex flex-col justify-between \">\n    \n    <div class=\"card-slide__content h-full data-def basis-3\/3 noImage\">\n      <div class=\"pt-50 pr-20 pb-40 pl-20 md:pr-30 md:pl-30 h-full flex flex-col justify-between\">\n\n        \n        <div class=\"!mb-0\">\n                      <h3 class=\"card-slide__title text-primary s30 font-500 pb-16\">FIUC<\/h3>\n                                <div class=\"card-slide__text font-normal font-400\"><p>International Federation of Catholic Universities<\/p>\n<\/div>\n          \n                            <\/div>\n\n                  <div class=\"mt-10 font-500 s16 slider\">\n            <a href=http:\/\/www.fiuc.org\/   title=\"Find out more\"  class=\"button s16  \">\n    <span class=\"button__label\">Find out more<\/span>\n      <span class=\"button__icon icon-arrow\">\n      <svg xmlns=\"http:\/\/www.w3.org\/2000\/svg\" width=\"35\" height=\"12.828\" viewBox=\"0 0 35 12.828\">\n  <g id=\"Icon_feather-arrow-right\" data-name=\"Icon feather-arrow-right\" transform=\"translate(16.5 -6.086)\">\n    <path id=\"Tracciato_346\" data-name=\"Tracciato 346\" d=\"M7.5,18h33\" transform=\"translate(-23 -5.5)\" fill=\"none\" stroke=\"#171717\" stroke-linecap=\"round\" stroke-linejoin=\"round\" stroke-width=\"2\"\/>\n    <path id=\"Tracciato_347\" data-name=\"Tracciato 347\" d=\"M18,7.5l5,5-5,5\" transform=\"translate(-5.5 0)\" fill=\"none\" stroke=\"#171717\" stroke-linecap=\"round\" stroke-linejoin=\"round\" stroke-width=\"2\"\/>\n  <\/g>\n<\/svg>\n\n    <\/span>\n  <\/a>\n          <\/div>\n              <\/div>\n    <\/div>\n\n    \n  <\/div>\n<\/article>\n              <\/div>\n                                        <div class=\"swiper-slide pl-0 pr-0\">\n                <article class=\"card-slide --navigation-cards navigation-cards  \" style=\"background-color: #F2F3F5\">\n\n\n\n  <div class=\"card-slide__inner h-full flex flex-col justify-between \">\n    \n    <div class=\"card-slide__content h-full data-def basis-3\/3 noImage\">\n      <div class=\"pt-50 pr-20 pb-40 pl-20 md:pr-30 md:pl-30 h-full flex flex-col justify-between\">\n\n        \n        <div class=\"!mb-0\">\n                      <h3 class=\"card-slide__title text-primary s30 font-500 pb-16\">FUCE<\/h3>\n                                <div class=\"card-slide__text font-normal font-400\"><p>Federation of European Catholic Universities<\/p>\n<\/div>\n          \n                            <\/div>\n\n                  <div class=\"mt-10 font-500 s16 slider\">\n            <a href=http:\/\/www.fuce.eu\/   title=\"Find out more\"  class=\"button s16  \">\n    <span class=\"button__label\">Find out more<\/span>\n      <span class=\"button__icon icon-arrow\">\n      <svg xmlns=\"http:\/\/www.w3.org\/2000\/svg\" width=\"35\" height=\"12.828\" viewBox=\"0 0 35 12.828\">\n  <g id=\"Icon_feather-arrow-right\" data-name=\"Icon feather-arrow-right\" transform=\"translate(16.5 -6.086)\">\n    <path id=\"Tracciato_346\" data-name=\"Tracciato 346\" d=\"M7.5,18h33\" transform=\"translate(-23 -5.5)\" fill=\"none\" stroke=\"#171717\" stroke-linecap=\"round\" stroke-linejoin=\"round\" stroke-width=\"2\"\/>\n    <path id=\"Tracciato_347\" data-name=\"Tracciato 347\" d=\"M18,7.5l5,5-5,5\" transform=\"translate(-5.5 0)\" fill=\"none\" stroke=\"#171717\" stroke-linecap=\"round\" stroke-linejoin=\"round\" stroke-width=\"2\"\/>\n  <\/g>\n<\/svg>\n\n    <\/span>\n  <\/a>\n          <\/div>\n              <\/div>\n    <\/div>\n\n    \n  <\/div>\n<\/article>\n              <\/div>\n                                        <div class=\"swiper-slide pl-0 pr-0\">\n                <article class=\"card-slide --navigation-cards navigation-cards  \" style=\"background-color: #F2F3F5\">\n\n\n\n  <div class=\"card-slide__inner h-full flex flex-col justify-between \">\n    \n    <div class=\"card-slide__content h-full data-def basis-3\/3 noImage\">\n      <div class=\"pt-50 pr-20 pb-40 pl-20 md:pr-30 md:pl-30 h-full flex flex-col justify-between\">\n\n        \n        <div class=\"!mb-0\">\n                      <h3 class=\"card-slide__title text-primary s30 font-500 pb-16\">RIU<\/h3>\n                                <div class=\"card-slide__text font-normal font-400\"><p>International network of universities of the Legion of Christ and the Regnum Christi Movement<\/p>\n<\/div>\n          \n                            <\/div>\n\n                  <div class=\"mt-10 font-500 s16 slider\">\n            <a href=https:\/\/rciueducation.org\/   title=\"Find out more\"  class=\"button s16  \">\n    <span class=\"button__label\">Find out more<\/span>\n      <span class=\"button__icon icon-arrow\">\n      <svg xmlns=\"http:\/\/www.w3.org\/2000\/svg\" width=\"35\" height=\"12.828\" viewBox=\"0 0 35 12.828\">\n  <g id=\"Icon_feather-arrow-right\" data-name=\"Icon feather-arrow-right\" transform=\"translate(16.5 -6.086)\">\n    <path id=\"Tracciato_346\" data-name=\"Tracciato 346\" d=\"M7.5,18h33\" transform=\"translate(-23 -5.5)\" fill=\"none\" stroke=\"#171717\" stroke-linecap=\"round\" stroke-linejoin=\"round\" stroke-width=\"2\"\/>\n    <path id=\"Tracciato_347\" data-name=\"Tracciato 347\" d=\"M18,7.5l5,5-5,5\" transform=\"translate(-5.5 0)\" fill=\"none\" stroke=\"#171717\" stroke-linecap=\"round\" stroke-linejoin=\"round\" stroke-width=\"2\"\/>\n  <\/g>\n<\/svg>\n\n    <\/span>\n  <\/a>\n          <\/div>\n              <\/div>\n    <\/div>\n\n    \n  <\/div>\n<\/article>\n              <\/div>\n                      <\/div>\n\n        <\/div>\n\n      <\/div>\n    \n    \n\n  <\/div>\n\n  <\/section>\n\n\n<section class=\"block  paragraph-box full-width\" \n            >\n\n      <div class=\"paragraph-box__content text-center pt-40 md:pt-50 pb-40 md:pb-50\" id=\"\" style=\"background-color: #f2f3f5\">\n\n          <div class=\"container\" style=\"\">\n          <h2 class=\"intro-title font-500 text-primary mb-20 s30 font-medium leading-snug \">Universities and Schools in contact<\/h2>\n  \n  \n  \n      <div class=\"!mb-30 intro-text text-left\">\n      <p><p>The Universities and Schools that have chosen to collaborate with the Pontifical Athenaeum Regina Apostolorum:<\/p>\n<ul>\n<li><strong><a href=\"http:\/\/www.ufv.es\/\" target=\"_blank\" rel=\"noopener\">Francisco de Victoria <\/a><a href=\"http:\/\/www.ufv.es\/\" target=\"_blank\" rel=\"noopener\">University<\/a> &#8211; <\/strong><span style=\"font-weight: 400;\"><strong>Madrid, Spain<\/strong><\/span><\/li>\n<li><strong><a href=\"http:\/\/www.universitaeuropeadiroma.it\/\" target=\"_blank\" rel=\"noopener\">European University of Rome\u00a0<\/a> &#8211; Rome, Italy<\/strong><\/li>\n<li><strong><a href=\"http:\/\/www.anahuaccancun.edu.mx\/\" target=\"_blank\" rel=\"noopener\">An\u00e1huac de Canc\u00fan University<\/a> &#8211; Canc\u00fan, M\u00e9xico\u00a0<\/strong><\/li>\n<li><strong><a href=\"https:\/\/www.anahuac.mx\/iest\/\" target=\"_blank\" rel=\"noopener\">Institute of Superior Studies of Tamaulipas<\/a> &#8211; Tamaulipas, M\u00e9xico\u00a0<\/strong><\/li>\n<li><strong><a href=\"http:\/\/anahuacoaxaca.edu.mx\/\" target=\"_blank\" rel=\"noopener\">An\u00e1huac of Oaxaca <\/a><a href=\"http:\/\/www.ufv.es\/\" target=\"_blank\" rel=\"noopener\">University<\/a> &#8211; San Raymundo Jalpan, Oaxaca, M\u00e9xico\u00a0<\/strong><\/li>\n<li><strong><a href=\"http:\/\/anahuacpuebla.org\/\" target=\"_blank\" rel=\"noopener\">An\u00e1huac of Puebla <\/a><a href=\"http:\/\/www.ufv.es\/\" target=\"_blank\" rel=\"noopener\">University<\/a> &#8211; <\/strong><span style=\"font-weight: 400;\"><strong>Puebla, M\u00e9xico<\/strong>\u00a0<\/span><\/li>\n<li><strong><a href=\"http:\/\/www.uax.edu.mx\/\" target=\"_blank\" rel=\"noopener\">An\u00e1huac of Xalapa University<\/a>\u00a0&#8211; Xalapa, Veracruz, M\u00e9xico\u00a0<\/strong><\/li>\n<li><strong><a href=\"https:\/\/www.anahuac.mx\/mexico\/\" target=\"_blank\" rel=\"noopener\">An\u00e1huac M\u00e9xico University<\/a> &#8211; Mexico\u00a0<\/strong><\/li>\n<li><strong><a href=\"http:\/\/anahuacmayab.mx\/\" target=\"_blank\" rel=\"noopener\">An\u00e1huac Mayab University<\/a> &#8211; M\u00e9rida, Yucat\u00e1n, M\u00e9xico\u00a0<\/strong><\/li>\n<li><strong><a href=\"http:\/\/www.anahuacqro.edu.mx\/\" target=\"_blank\" rel=\"noopener\">An\u00e1huac Quer\u00e9taro <\/a><a href=\"http:\/\/www.ufv.es\/\" target=\"_blank\" rel=\"noopener\">University<\/a> &#8211; El Marqu\u00e9s, Quer\u00e9taro\u00a0<\/strong><\/li>\n<li><strong><a href=\"http:\/\/www.familia.edu.mx\/sitio\/\" target=\"_blank\" rel=\"noopener\">John Paul II for the Family Institute<\/a> &#8211; Mexico &#8211; Guadalajara, M\u00e9xico, Monterrey\u00a0<\/strong><\/li>\n<li><strong><a href=\"http:\/\/divinemercy.edu\/\" target=\"_blank\" rel=\"noopener\">Divine Mercy University<\/a> &#8211; Arlington, Virgina, United States of America\u00a0<\/strong><\/li>\n<li><strong><a href=\"http:\/\/www.finisterrae.cl\/\" target=\"_blank\" rel=\"noopener\">Finis Terrae<\/a><a href=\"http:\/\/www.finisterrae.cl\/\" target=\"_blank\" rel=\"noopener\"> University <\/a>\u00a0&#8211; <\/strong><span style=\"font-weight: 400;\"><strong>Santiago, Chile <\/strong><\/span><\/li>\n<li><strong><a href=\"http:\/\/smme.org.br\/instituto-teologico\/\" target=\"_blank\" rel=\"noopener\">Theological Institute <\/a>\u00a0&#8211; S\u00e3o Paulo, Brasil\u00a0<\/strong><\/li>\n<\/ul>\n<\/p>\n    <\/div>\n  \n  \n\n<\/div>\n    \n    \n    \n    \n  <\/div>\n\n  <\/section>\n","protected":false},"excerpt":{"rendered":"","protected":false},"author":3,"featured_media":0,"parent":1006,"menu_order":0,"comment_status":"closed","ping_status":"closed","template":"","meta":{"_acf_changed":false,"footnotes":""},"class_list":["post-1103","page","type-page","status-publish","hentry"],"acf":[],"_links":{"self":[{"href":"https:\/\/www.upra.org\/en\/wp-json\/wp\/v2\/pages\/1103","targetHints":{"allow":["GET"]}}],"collection":[{"href":"https:\/\/www.upra.org\/en\/wp-json\/wp\/v2\/pages"}],"about":[{"href":"https:\/\/www.upra.org\/en\/wp-json\/wp\/v2\/types\/page"}],"author":[{"embeddable":true,"href":"https:\/\/www.upra.org\/en\/wp-json\/wp\/v2\/users\/3"}],"replies":[{"embeddable":true,"href":"https:\/\/www.upra.org\/en\/wp-json\/wp\/v2\/comments?post=1103"}],"version-history":[{"count":43,"href":"https:\/\/www.upra.org\/en\/wp-json\/wp\/v2\/pages\/1103\/revisions"}],"predecessor-version":[{"id":12270,"href":"https:\/\/www.upra.org\/en\/wp-json\/wp\/v2\/pages\/1103\/revisions\/12270"}],"up":[{"embeddable":true,"href":"https:\/\/www.upra.org\/en\/wp-json\/wp\/v2\/pages\/1006"}],"wp:attachment":[{"href":"https:\/\/www.upra.org\/en\/wp-json\/wp\/v2\/media?parent=1103"}],"curies":[{"name":"wp","href":"https:\/\/api.w.org\/{rel}","templated":true}]}}