{"id":1177,"date":"2023-07-13T12:39:54","date_gmt":"2023-07-13T12:39:54","guid":{"rendered":"https:\/\/www.upra.org\/en\/?page_id=1177"},"modified":"2024-01-24T08:43:08","modified_gmt":"2024-01-24T08:43:08","slug":"degree-recognition","status":"publish","type":"page","link":"https:\/\/www.upra.org\/en\/registration\/degree-recognition\/","title":{"rendered":"Degree recognition"},"content":{"rendered":"<section class=\"block  paragraph-box full-width\" \n            >\n\n      <div class=\"paragraph-box__content text-center pt-40 md:pt-50 \" id=\"\" style=\"\">\n\n          <div class=\"container\" style=\"\">\n  \n  \n  \n      <div class=\"!mb-30 intro-text text-left\">\n      <p><p><span style=\"font-weight: 400;\">All the information for students who intend to follow our courses of study and wonder whether the degrees obtained at the Pontifical Athenaeum Regina Apostolorum are also recognised in civil society.<\/span><\/p>\n<\/p>\n    <\/div>\n  \n  \n\n<\/div>\n    \n    \n    \n    \n  <\/div>\n\n  <\/section>\n\n\n<section class=\"block  paragraph-box full-width\" \n            >\n\n      <div class=\"paragraph-box__content text-center pt-40 md:pt-50 pb-40 md:pb-50\" id=\"\" style=\"\">\n\n          <div class=\"container\" style=\"\">\n          <h2 class=\"intro-title font-500 text-primary mb-20 s40 \">Degrees obtained at the Pontifical Athenaeum Regina Apostolorum<\/h2>\n  \n  \n  \n      <div class=\"!mb-30 intro-text text-left\">\n      <p><p><span style=\"font-weight: 400;\">Academic degrees obtained at the Pontifical Athenaeum Regina Apostolorum can be civilly recognised by following the instructions of the relevant ministerial educational body after obtaining all the necessary documents.<\/span><\/p>\n<\/p>\n    <\/div>\n  \n  \n\n<\/div>\n    \n    \n    \n    \n  <\/div>\n\n  <\/section>\n\n\n<section class=\"block  cta-with-media full-width\" \n            >\n\n      <div class=\"cta-with-media__content  template-media-sx py-60 md:py-80\" id=\"\" style=\"\">\n\n    <div class=\"container\">\n      \n        <div class=\"flex flex-col gap-40 md:gap-50 lg:gap-100 md:flex-row\n        md:items-center\">\n\n          <div class=\"flex-1\">\n            <div class=\"media\" style=\"--bg-color-var: #FFFFFF\">\n              <div\n  class=\"image bg-cover  --is-webp \"\n   data-defer >\n  <figure>\n    <div class=\"image__wrapper\">\n              <picture>\n          \n          <source\n            srcset=\"\"\n            sizes=\"(min-width: 992px) 808px, (min-width: 768px) 680px, 100vw\"\n          \/>\n          <img decoding=\"async\" src=\"https:\/\/www.upra.org\/app\/uploads\/sites\/4\/2024\/01\/0011_Come-ottenere-il-visto.webp\" width=\"\" height=\"\" alt=\"0011_Come-ottenere-il-visto\">\n        <\/picture>\n          <\/div>\n      <\/figure>\n<\/div>\n\n                          <\/div>\n          <\/div>\n\n          <div class=\"flex-1\">\n                                  <p class=\"!mb-40\"><p><span style=\"font-weight: 400;\">The Pontifical Athenaeum Regina Apostolorum is a canonically erected higher educational institution approved by the Apostolic See with the right to confer <\/span><b>academic degrees<\/b><span style=\"font-weight: 400;\"> by authority of the <\/span><b>Holy See<\/b><span style=\"font-weight: 400;\">. As a result of the decrees of the Congregation for Catholic Education (now the Dicastery for Culture and Education), <\/span><b>the <\/b><span style=\"font-weight: 400;\">faculties of <\/span><b>Theology<\/b><span style=\"font-weight: 400;\">, <\/span><b>Philosophy <\/b><span style=\"font-weight: 400;\">and <\/span><b>Bioethics <\/b><span style=\"font-weight: 400;\">were established within the university with the right to confer the academic degrees of <\/span><b>Baccalaureate<\/b><span style=\"font-weight: 400;\">, <\/span><b>Degree <\/b><span style=\"font-weight: 400;\">and <\/span><b>Doctorate<\/b><span style=\"font-weight: 400;\">. Connected to the Faculty of Theology, the <\/span><b>School of Religious Sciences <\/b><span style=\"font-weight: 400;\">was canonically erected, where the corresponding <\/span><b>Baccalaureate <\/b><span style=\"font-weight: 400;\">and <\/span><b>Degree <\/b><span style=\"font-weight: 400;\">cycles take place.<\/span><\/p>\n<\/p>\n                                      <\/div>\n      <\/div>\n\n    <\/div>\n\n  <\/div>\n\n  <\/section>\n\n\n<section class=\"block  paragraph-box full-width\" \n            >\n\n      <div class=\"paragraph-box__content text-center pt-40 md:pt-50 pb-40 md:pb-50\" id=\"\" style=\"\">\n\n          <div class=\"container\" style=\"\">\n  \n  \n  \n      <div class=\"!mb-30 intro-text text-left\">\n      <p><p><span style=\"font-weight: 400;\">The academic degrees conferred by the Pontifical Athenaeum Regina Apostolorum follow the didactic regulations established and recognised by the pontifical education system. The Holy See acceded to the European treaties concerning the <\/span><b>European Higher Education Area<\/b><span style=\"font-weight: 400;\"> and the <\/span><b>Bologna Process<\/b><span style=\"font-weight: 400;\"> (2003). It has also made special agreements on the recognition of studies with some European and non-European states, either directly or through local bishops&#8217; conferences. As a result of these agreements, pontifical titles are recognised throughout Europe according to the\u00a0<\/span><a href=\"http:\/\/www.miur.it\/0002Univer\/0052Cooper\/0069Titoli\/0356Docume\/2257Conven_cf2.htm\" target=\"_blank\" rel=\"noopener\"><span style=\"font-weight: 400;\">Lisbon Convention<\/span><\/a><span style=\"font-weight: 400;\">\u00a0<\/span><span style=\"font-weight: 400;\">(<\/span><span style=\"font-weight: 400;\">11 April 1997), ratified by the Italian State with Law no. 148 (11 July 2002).<\/span><\/p>\n<p><span style=\"font-weight: 400;\">In order to apply for civil recognition of qualifications in an educational institution that is not among those approved by the Holy See, most states require a prior\u00a0<\/span><b>endorsement<\/b><span style=\"font-weight: 400;\">\u00a0of the documents, i.e. the affixing of stamps attesting to their authenticity by the Dicastery for Culture and Education and the Vatican Secretariat of State. This step is necessary because the Holy See is not a party to the Hague Convention. Therefore, it is not possible to affix Hague Apostilles on documents by the University.<\/span><\/p>\n<\/p>\n    <\/div>\n  \n  \n\n<\/div>\n    \n    \n    \n    \n  <\/div>\n\n  <\/section>\n\n\n<section class=\"block  standard-accordion full-width\" \n            >\n\n      <div class=\"standard-accordion__content accordions pt-40 md:pt-80 pb-40 md:pb-80  \" id=\"\" style=\"background-color: #f2f3f5\">\n    <div class=\"container \">\n                                          <div class=\"accordion\" >\n  <button class=\"button s30\">Endorsing documents at the Holy See\n    <span class=\"button__icon icon-plus \">\n      <i class=\"fa-regular fa-plus\"><\/i>\n    <\/span>\n  <\/button>\n  <div class=\"panel\">\n    <div class=\"text\">\n      <p><span style=\"font-weight: 400;\">The procedure to be followed to request the authentication of documents at the Holy See:<\/span><\/p>\n<ul>\n<li style=\"font-weight: 400;\" aria-level=\"1\"><span style=\"font-weight: 400;\">Requesting the documents you wish to endorse from the General Secretariat (more information is available at\u00a0<\/span><span style=\"font-weight: 400;\">Requesting certificates and diplomas<\/span><span style=\"font-weight: 400;\">).<\/span><\/li>\n<li style=\"font-weight: 400;\" aria-level=\"1\">Request for endorsement of documents at:<\/li>\n<\/ul>\n<p><span style=\"font-weight: 400;\">&#8211; The <\/span><a href=\"http:\/\/www.vatican.va\/roman_curia\/congregations\/ccatheduc\/index_it.htm\" target=\"_blank\" rel=\"noopener\"><span style=\"font-weight: 400;\">Department for Culture and Education <\/span><\/a><span style=\"font-weight: 400;\">&#8211; P.zza Pio XII n. 3 &#8211; tel. 06.69.884.167 &#8211; fax 06.69.884.172. For the degree to be recognised, it must at least be endorsed (as mentioned, this varies from state to state) and bear:<\/span><\/p>\n<ol>\n<li style=\"list-style-type: none;\">\n<ol>\n<li style=\"font-weight: 400;\" aria-level=\"2\"><span style=\"font-weight: 400;\">the original copy of the Diploma on parchment and a photocopy;<\/span><\/li>\n<li style=\"font-weight: 400;\" aria-level=\"2\">the Certificate of Qualification (containing the examinations taken).<\/li>\n<\/ol>\n<\/li>\n<\/ol>\n<p><span style=\"font-weight: 400;\">\u00a0&#8211; The <\/span><a href=\"http:\/\/www.vatican.va\/roman_curia\/office_state\/index_it.htm\" target=\"_blank\" rel=\"noopener\"><span style=\"font-weight: 400;\">Vatican Secretariat of State<\/span><\/a><span style=\"font-weight: 400;\"> &#8211; (Vatican Apostolic Palace). Vatican City &#8211; tel. 06.6988.3438 &#8211; fax 06.6988.5088, providing the original Diploma and certificate of examinations to have the signatures authenticated<\/span><\/p>\n<p><span style=\"font-weight: 400;\">Documents that can be\u00a0<\/span><i><span style=\"font-weight: 400;\">endorsed<\/span><\/i><span style=\"font-weight: 400;\">\u00a0at the Holy See are only those related to obtaining the academic Baccalaureates, Degrees and Doctorates.<\/span><\/p>\n<p><span style=\"font-weight: 400;\">The University offers an endorsement service for its students upon request.<\/span><\/p>\n\n    <\/div>\n      <\/div>\n<\/div>\n                      <div class=\"accordion\" >\n  <button class=\"button s30\">Pontifical titles in Italy\n    <span class=\"button__icon icon-plus \">\n      <i class=\"fa-regular fa-plus\"><\/i>\n    <\/span>\n  <\/button>\n  <div class=\"panel\">\n    <div class=\"text\">\n      <p><span style=\"font-weight: 400;\">According to\u00a0<\/span><a href=\"https:\/\/www.gazzettaufficiale.it\/atto\/serie_generale\/caricaDettaglioAtto\/originario?atto.dataPubblicazioneGazzetta=2019-07-10&#038;atto.codiceRedazionale=19G00069&#038;elenco30giorni=true\" target=\"_blank\" rel=\"noopener\"><span style=\"font-weight: 400;\">Presidential Decree no. 63 of 27 May 2019<\/span><\/a><span style=\"font-weight: 400;\">\u00a0(<\/span><a href=\"https:\/\/www.gazzettaufficiale.it\/eli\/gu\/2019\/07\/10\/160\/sg\/pdf\" target=\"_blank\" rel=\"noopener\"><span style=\"font-weight: 400;\">OJ.pdf<\/span><\/a><span style=\"font-weight: 400;\">), to date the Italian state ensures the civil recognition of the pontifical academic <\/span><b>Baccalaureates<\/b><span style=\"font-weight: 400;\">\u00a0and\u00a0<\/span><b>Degrees<\/b><span style=\"font-weight: 400;\">, respectively as\u00a0<\/span><b>Laurea<\/b><span style=\"font-weight: 400;\">\u00a0and\u00a0<\/span><b>Laurea magistrale<\/b><span style=\"font-weight: 400;\">, in the following disciplines:\u00a0<\/span><b>Theology<\/b><span style=\"font-weight: 400;\">,\u00a0<\/span><b>Sacred Scripture<\/b><span style=\"font-weight: 400;\">,\u00a0<\/span><b>Canon Law<\/b><span style=\"font-weight: 400;\">,\u00a0<\/span><b>Liturgy<\/b><span style=\"font-weight: 400;\">,\u00a0<\/span><b>Spirituality<\/b><span style=\"font-weight: 400;\">,\u00a0<\/span><b>Missiology<\/b><span style=\"font-weight: 400;\">\u00a0and\u00a0<\/span><b>Religious Sciences<\/b><span style=\"font-weight: 400;\">.<\/span><\/p>\n<p><span style=\"font-weight: 400;\">The aforementioned decree updates<\/span> <a href=\"https:\/\/www.gazzettaufficiale.it\/eli\/id\/1985\/04\/10\/085U0121\/sg\" target=\"_blank\" rel=\"noopener\"><span style=\"font-weight: 400;\">Article 10.2 of Law no. 121 of 25 March 1985<\/span><\/a><span style=\"font-weight: 400;\">\u00a0and the\u00a0<\/span><a href=\"https:\/\/www.gazzettaufficiale.it\/eli\/id\/1994\/03\/16\/094G0204\/sg\" target=\"_blank\" rel=\"noopener\"><span style=\"font-weight: 400;\">Decree of the President of the Republic, 2 February 1994, no. 175<\/span><\/a><span style=\"font-weight: 400;\">.<\/span><\/p>\n<p><span style=\"font-weight: 400;\">To proceed with civil recognition in Italy, the interested party must first request the following certificates from the General Secretariat:<\/span><\/p>\n<ul>\n<li style=\"font-weight: 400;\" aria-level=\"1\"><span style=\"font-weight: 400;\">Diploma and Certificate of Achievement with declaration of the 13 years of teaching and 180 ECTS* for recognition of the\u00a0<\/span><b>Baccalaureate\u00a0<\/b><span style=\"font-weight: 400;\">as a \u2018Laurea&#8217;.<\/span><\/li>\n<li style=\"font-weight: 400;\" aria-level=\"1\"><span style=\"font-weight: 400;\">Diploma and Certificate of Achievement with declaration of 20 years of teaching and 120 ECTS* for recognition of the\u00a0<\/span><b>Degree\u00a0<\/b><span style=\"font-weight: 400;\">as a \u2018Laura Magistrale&#8217;.<\/span><\/li>\n<\/ul>\n<p><span style=\"font-weight: 400;\">* For those who obtained their academic qualifications before the European Credit Transfer and Accumulation System (ECTS) came into force at the University, upon request it will be possible to obtain a declaration of equivalence as an attachment to the certificate stating that the five-year curriculum has fulfilled the 180 credits required for the Baccalaureate and the subsequent two-year specialisation (Degree) has fulfilled the 120 credits for the Degree.<\/span><\/p>\n<p><span style=\"font-weight: 400;\">For legalisation by the Italian state, instructions on this page must be followed:<\/span><\/p>\n<p><a href=\"https:\/\/ambsantasedevaticano.esteri.it\/it\/informazioni_e_servizi\/servizi_consolari\/legalizzazione-documenti\" target=\"_blank\" rel=\"noopener\">https:\/\/ambsantasedevaticano.esteri.it\/it\/informazioni_e_servizi\/servizi_consolari\/legalizzazione-documenti\u00a0<\/a><\/p>\n<p><span style=\"font-weight: 400;\">Below is the process for legalisation by the Italian state currently known to us:<\/span><\/p>\n<ul>\n<li style=\"font-weight: 400;\" aria-level=\"1\"><span style=\"font-weight: 400;\">See the CIMEA website: <a href=\"https:\/\/www.cimea.it\/EN\/pagina-procedure-riconoscimento-titoli\" target=\"_blank\" rel=\"noopener\">https:\/\/www.cimea.it\/EN\/pagina-procedure-riconoscimento-titoli<\/a><\/span><\/li>\n<\/ul>\n<ul>\n<li style=\"font-weight: 400;\" aria-level=\"1\"><span style=\"font-weight: 400;\">Book the legalisation service at\u00a0<\/span><a href=\"https:\/\/prenotami.esteri.it\/\" target=\"_blank\" rel=\"noopener\"><span style=\"font-weight: 400;\">https:\/\/prenotami.esteri.it<\/span><\/a><span style=\"font-weight: 400;\">\u00a0on behalf of the title holder.<\/span>\n<ul>\n<li style=\"font-weight: 400;\" aria-level=\"2\"><span style=\"font-weight: 400;\">Reservation by proxy:<\/span>\n<ul>\n<li style=\"font-weight: 400;\" aria-level=\"3\"><span style=\"font-weight: 400;\">If you intend to delegate a third person for the process, the appointment must always be made in the name of the title holder.<\/span><\/li>\n<li style=\"font-weight: 400;\" aria-level=\"3\"><span style=\"font-weight: 400;\">The proxy shall be responsible for submitting the original copy of the proxy on plain paper and a photocopy of the delegating party&#8217;s ID.<\/span><\/li>\n<li style=\"font-weight: 400;\" aria-level=\"3\"><span style=\"font-weight: 400;\">If the proxy represents several people, they will have to make an appointment for each delegating party. The service is provided on a first-come, first-served basis at the embassy.<\/span><\/li>\n<\/ul>\n<\/li>\n<\/ul>\n<\/li>\n<li style=\"font-weight: 400;\" aria-level=\"1\"><span style=\"font-weight: 400;\">At the same time as the legalisation of the qualification, if requested by other Italian public administrations, the corresponding\u00a0<\/span><i><span style=\"font-weight: 400;\">Declaration of Value<\/span><\/i><span style=\"font-weight: 400;\"> may also be issued. In this case, in addition to the original title, it will be necessary to present the\u00a0<\/span><i><span style=\"font-weight: 400;\">Diploma Supplement <\/span><\/i><span style=\"font-weight: 400;\">certificate, which has also already been legalised by the two Vatican bodies (Holy See)<\/span><\/li>\n<li style=\"font-weight: 400;\" aria-level=\"1\"><span style=\"font-weight: 400;\">On the day of the appointment, the person must attend with an identification document and an original copy of their qualification. The <\/span><a href=\"https:\/\/ambsantasedevaticano.esteri.it\/en\/\" target=\"_blank\" rel=\"noopener\"><span style=\"font-weight: 400;\">Italian Embassy at the Holy See<\/span><\/a> <span style=\"font-weight: 400;\">is located in Viale delle Belle Arti. Rome &#8211; tel. 06.3264881<\/span><\/li>\n<li style=\"font-weight: 400;\" aria-level=\"1\"><span style=\"font-weight: 400;\">For the costs and payment method of legalisation and declaration of value services, see\u00a0<\/span><a href=\"https:\/\/ambsantasedevaticano.esteri.it\/ambasciata_santasedevaticano\/it\/informazioni_e_servizi\/servizi_consolari\/legalizzazione-documenti.html\" target=\"_blank\" rel=\"noopener\"><span style=\"font-weight: 400;\">https:\/\/ambsantasedevaticano.esteri.it\/ambasciata_santasedevaticano\/it\/informazioni_e_servizi\/servizi_consolari\/legalizzazione-documenti.html<\/span><\/a><\/li>\n<\/ul>\n<p><span style=\"font-weight: 400;\">Finally, an application must be submitted on plain paper, together with all the documents and endorsements indicated above, to the\u00a0<\/span><a href=\"http:\/\/www.istruzione.it\/\" target=\"_blank\" rel=\"noopener\"><span style=\"font-weight: 400;\">Ministry of Education, University and Research<\/span><\/a><span style=\"font-weight: 400;\">\u00a0&#8211; Equivalence Office &#8211; Via Michele Carcani, 61. Rome &#8211; Tel. 06 9772.6090.<\/span><\/p>\n<p><span style=\"font-weight: 400;\">The Master\u2019s Diploma in Religious Sciences (four-year degree) is not among the degrees subject to recognition by the Italian State. However, it is valid for carrying out teaching activities according to the\u00a0<\/span><a href=\"https:\/\/www.gazzettaufficiale.it\/atto\/serie_generale\/caricaDettaglioAtto\/originario?atto.dataPubblicazioneGazzetta=2012-10-16&#038;atto.codiceRedazionale=012G0197\" target=\"_blank\" rel=\"noopener\"><span style=\"font-weight: 400;\">decree by the President of the Republic on 20 August 2012 (no. 175)<\/span><\/a><\/p>\n\n    <\/div>\n      <\/div>\n<\/div>\n                      <div class=\"accordion\" >\n  <button class=\"button s30\">Pontifical titles abroad\n    <span class=\"button__icon icon-plus \">\n      <i class=\"fa-regular fa-plus\"><\/i>\n    <\/span>\n  <\/button>\n  <div class=\"panel\">\n    <div class=\"text\">\n      <p><span style=\"font-weight: 400;\">After obtaining the endorsement at the\u00a0<\/span><b>Vatican Secretariat of State<\/b><span style=\"font-weight: 400;\">, it is necessary to go to <\/span><b>your country&#8217;s embassy at the Holy See,<\/b><span style=\"font-weight: 400;\">\u00a0or to the\u00a0<\/span><b>Apostolic Nunciature in that country,<\/b><span style=\"font-weight: 400;\">\u00a0for the corresponding endorsements. Finally, you must follow the instructions of the ministerial educational body from which you wish to apply for recognition of your qualification.<\/span><\/p>\n\n    <\/div>\n      <\/div>\n<\/div>\n                      <div class=\"accordion\" >\n  <button class=\"button s30\">Person responsible for the recognition of ecclesiastical degrees\n    <span class=\"button__icon icon-plus \">\n      <i class=\"fa-regular fa-plus\"><\/i>\n    <\/span>\n  <\/button>\n  <div class=\"panel\">\n    <div class=\"text\">\n      <p><span style=\"font-weight: 400;\">The<\/span><span style=\"font-weight: 400;\"> person responsible for initiating and continuing the process of civil recognition of titles is the person who obtained the title. Therefore, the person concerned must proceed in accordance with the rules issued by the entity where they wish to recognise their title (for example, for Italy this body is the Ministry of Universities and Research; for Mexico it is the\u00a0<\/span><i><span style=\"font-weight: 400;\">Secretar\u00eda de Educaci\u00f3n P\u00fablica<\/span><\/i><span style=\"font-weight: 400;\">).<\/span><\/p>\n<p><span style=\"font-weight: 400;\">During this process, the University limits itself to the issuing of certificates and parchment diplomas relating to the courses of study it offers. Information on the certificates and diplomas awarded can be found on this page: Request for certificates and diplomas.<\/span><\/p>\n\n    <\/div>\n      <\/div>\n<\/div>\n                      <\/div>\n  <\/div>\n\n  <\/section>\n\n\n<section class=\"block  paragraph-box full-width\" \n            >\n\n      <div class=\"paragraph-box__content text-center pt-40 md:pt-50 pb-40 md:pb-50\" id=\"\" style=\"\">\n\n          <div class=\"container\" style=\"\">\n  \n  \n  \n      <div class=\"!mb-30 intro-text text-left\">\n      <p><p><span style=\"font-weight: 400;\">WARNING: this page is purely informal in nature and is intended to offer some useful information on the civil recognition of pontifical titles. Since this information may vary without prior notice been given to the individual universities, and differs depending on the educational system of origin requesting the recognition of studies, the Pontifical Athenaeum Regina Apostolorum assumes no responsibility for the accuracy or actual updating of the information contained herein.<\/span><\/p>\n<p>&nbsp;<\/p>\n<\/p>\n    <\/div>\n  \n  \n\n<\/div>\n    \n    \n    \n    \n  <\/div>\n\n  <\/section>\n","protected":false},"excerpt":{"rendered":"","protected":false},"author":3,"featured_media":0,"parent":765,"menu_order":0,"comment_status":"closed","ping_status":"closed","template":"","meta":{"_acf_changed":false,"footnotes":""},"class_list":["post-1177","page","type-page","status-publish","hentry"],"acf":[],"_links":{"self":[{"href":"https:\/\/www.upra.org\/en\/wp-json\/wp\/v2\/pages\/1177","targetHints":{"allow":["GET"]}}],"collection":[{"href":"https:\/\/www.upra.org\/en\/wp-json\/wp\/v2\/pages"}],"about":[{"href":"https:\/\/www.upra.org\/en\/wp-json\/wp\/v2\/types\/page"}],"author":[{"embeddable":true,"href":"https:\/\/www.upra.org\/en\/wp-json\/wp\/v2\/users\/3"}],"replies":[{"embeddable":true,"href":"https:\/\/www.upra.org\/en\/wp-json\/wp\/v2\/comments?post=1177"}],"version-history":[{"count":76,"href":"https:\/\/www.upra.org\/en\/wp-json\/wp\/v2\/pages\/1177\/revisions"}],"predecessor-version":[{"id":9434,"href":"https:\/\/www.upra.org\/en\/wp-json\/wp\/v2\/pages\/1177\/revisions\/9434"}],"up":[{"embeddable":true,"href":"https:\/\/www.upra.org\/en\/wp-json\/wp\/v2\/pages\/765"}],"wp:attachment":[{"href":"https:\/\/www.upra.org\/en\/wp-json\/wp\/v2\/media?parent=1177"}],"curies":[{"name":"wp","href":"https:\/\/api.w.org\/{rel}","templated":true}]}}