{"id":4287,"date":"2023-09-07T14:26:24","date_gmt":"2023-09-07T14:26:24","guid":{"rendered":"https:\/\/www.upra.org\/en\/?page_id=4287"},"modified":"2024-01-17T10:44:36","modified_gmt":"2024-01-17T10:44:36","slug":"library-collections","status":"publish","type":"page","link":"https:\/\/www.upra.org\/en\/research\/pius-xii-library\/library-collections\/","title":{"rendered":"Library Collections"},"content":{"rendered":"<section class=\"block  paragraph-box full-width\" \n            >\n\n      <div class=\"paragraph-box__content text-center pt-40 md:pt-50 pb-40 md:pb-50\" id=\"\" style=\"\">\n\n          <div class=\"container\" style=\"\">\n          <h2 class=\"intro-title font-500 text-primary mb-20 s30 font-medium leading-snug text-left\">The Ernesto de La Torre Villar Collection<\/h2>\n  \n  \n  \n      <div class=\"!mb-30 intro-text text-left\">\n      <p><p>Ernesto de la Torre Villar, a book historian and director of the National Library of Mexico for thirteen years, was born in Mexico in 1917. From the second half of the last century onwards, he was one of that country&#8217;s most representative Catholic intellectuals. He was also the founder of the Chair of Historia de la Civilizaci\u00f3n Mexicana at the Catholic Institute of Paris and member of the Editorial Commission of the Revista de la Facultad de Teologia of the University of Navarra. His publications include La Iglesia en M\u00e9xico de la Independencia a la Reforma, Los Guadalupes, Testimonios Guadalupanos and Album conmemorativo del 450 aniversario de la aparici\u00f3n de Nuestra Se\u00f1ora de Guadalupe. He died in January 2009.<\/p>\n<p>His private library is important for several reasons: first of all, it is an irreplaceable source for contemporary and future historians wishing to reconstruct the intellectual journey of a great 20th century figure. We all know the difficulty of reconstructing the intellectual biography of a scientist or scholar, caused in part by the dispersion of the private libraries of the authors being studied.<br \/>\nA collection of this size and variety can also provide contemporary and future specialists with indispensable information on the state of Mexican publishing in particular, and American publishing in general throughout the 20th century.<\/p>\n<p>But the De La Torre Villar Collection is especially important for anyone who wants to deal with the history of republican Mexico and the history of the conquest and evangelisation of America. The quantity and quality of the book collections is unparalleled in Italy and perhaps in the whole of Europe. It is perhaps worth making a list, albeit summarised, of the books in the collection. They range from the Archivos of the Presidents of the Republic Benito Ju\u00e1rez and Porfirio D\u00edaz, to the classics of 19th century Mexican political thought, such as the works of Lucas Alam\u00e1n, Fray Servando Teresa de Mier, and the facsimile editions of Alexander von Humboldt&#8217;s Ensayo pol\u00edtico sobre el Reyno de Nueva Espa\u00f1a and Humboldt and Bompland&#8217;s Essai sur la geographie de plantes (facsimile of the 1805 Parisian edition); unique and unobtainable works such as Periodismo insurgente, a multi-volume anthology, also in facsimile, of the periodicals that accompanied the Mexican independence process.<\/p>\n<p>A considerable part of the collection consists of chronicles of the conquest, colonisation and evangelisation of Mexico and America, such as those by Bernal D\u00edaz del Castillo, Diego de Landa, Francisco Cervantes de Salazar, La Historia de Tlaxcala, by Mu\u00f1oz Camargo and the Relaci\u00f3n de los ritos antiguos, idolatr\u00edas y sacrificios de los indios de la Nueva Espa\u00f1a, by Fray Toribio de Paredes Motolinia (with reproductions of the original manuscripts).<\/p>\n<p>Another significant part of the collection is occupied by studies on the pre-Colombian Maya and Aztec cultures by the most important authors of the 20th century, such as Miguel de Leon Portillo, Angel Mar\u00eda Garibay, Jos\u00e9 Alcina Franch, along with editions that reproduce in facsimile the most important Pre-Cortesian codices, such as the Codex Borgia; the Codex Osuna; El Tonalamatl de la colecci\u00f3n de Aubin (an ancient Mexican manuscript kept in the National Library in Paris); the Codex Colombino; etc. The collection contains other important and valuable works which are also of economic value, such as the 18th-century editions of the Istoria della Conquista del Messico, della popolazione, e de&#8217; progressi nell&#8217;America settentrionale conosciuta sotto nome di Nuova Spagna by Antonio de Sol\u00eds, published in Venice in 1704, and Obras del ilustr\u00edsimo, excelent\u00edsimo, y venerable siervo de Dios don Juan de Palafox y Mendoza, published in Madrid in 1762.<\/p>\n<p>Another no less appreciable part, in both quantitative and qualitative terms, is that relating to sources and studies on the history of education in Mexico in all orders and grades, as well as the regional history of the country&#8217;s educational system.<\/p>\n<p>Last, but not least, is the section on sources and source guides. A collection within a collection, extremely rich and of extraordinary importance, for the research of sources for the study of Latin America. These range from the Gu\u00eda del Archivo Hist\u00f3rico Nacional, to the Repertorio bibliogr\u00e1fico de los archivos mexicanos y de las colecciones diplom\u00e1ticas fundamentales para la historia de M\u00e9xico, from the guide to the Archivos franciscanos de M\u00e9xico, to the Archivos Nahuas, to name but a few examples. The same section includes several bibliographic periodicals and yearbooks of the most important public libraries in Mexico, such as Bibliograf\u00eda Mexicana, or the Revista de los archivos nacionales, along with catalogues of private and public libraries and exhibitions, such as Los manuscritos de Am\u00e9rica en las bibliotecas de Espa\u00f1a, the Gu\u00eda de las obras en lenguas ind\u00edgenas existentes en la Biblioteca Nacional, the Cat\u00e1logo de incunables de la Biblioteca Nacional, and the catalogue of the Colecci\u00f3n Lafragua, up to the Cat\u00e1logo de seudonimos, anagramas, iniciales y otros aliases usados por escritores mexicanos y extranjeros que han publicado en M\u00e9xico and other bibliographical repertories concerning the other countries of America.<\/p>\n<p>The possession of the Ernesto de la Torre Villar Collection is therefore an honour and a privilege for the Library of the Pontifical Athenaeum Regina Apostolorum, because it is a tribute to a great intellectual and a great country, to which the University is also particularly attached for anagraphical reasons, having been the birthplace of the Legionaries of Christ in 1941. The existence of this collection makes the UPRA Library a point of reference for scholars and researchers interested in Latin America. It constitutes the first consultation tool of the Library&#8217;s Americanist collection, not only for professors and researchers, but also for all university students in search of material for their research, and is the first step in the project to create a Faculty of Church History in Latin America at our University.<\/p>\n<\/p>\n    <\/div>\n  \n  \n\n<\/div>\n    \n    \n    \n    \n  <\/div>\n\n  <\/section>\n\n\n<section class=\"block  paragraph-box full-width\" \n            >\n\n      <div class=\"paragraph-box__content text-center pt-40 md:pt-50 pb-40 md:pb-50\" id=\"\" style=\"background-color: #f2f3f5\">\n\n          <div class=\"container\" style=\"\">\n          <h2 class=\"intro-title font-500 text-primary mb-20 s30 font-medium leading-snug text-left\">The Aldo Carotenuto Collection<\/h2>\n  \n  \n  \n      <div class=\"!mb-30 intro-text text-left\">\n      <p><p>The Pontifical Athenaeum Regina Apostolorum Library, in agreement with the Ministry of Culture, houses the personal library of Aldo Carotenuto, professor of Personality Psychology at &#8216;La Sapienza&#8217; University in Rome and a leading exponent of the Jungian school, who recently passed away.<\/p>\n<p>The collection, consisting of some twenty thousand books, some of great value, has been catalogued and made available to scholars, both for in-house consultation and for inter-library loans.<\/p>\n<\/p>\n    <\/div>\n  \n  \n\n<\/div>\n    \n    \n    \n    \n  <\/div>\n\n  <\/section>\n","protected":false},"excerpt":{"rendered":"","protected":false},"author":3,"featured_media":0,"parent":773,"menu_order":0,"comment_status":"closed","ping_status":"closed","template":"","meta":{"_acf_changed":false,"footnotes":""},"class_list":["post-4287","page","type-page","status-publish","hentry"],"acf":[],"_links":{"self":[{"href":"https:\/\/www.upra.org\/en\/wp-json\/wp\/v2\/pages\/4287","targetHints":{"allow":["GET"]}}],"collection":[{"href":"https:\/\/www.upra.org\/en\/wp-json\/wp\/v2\/pages"}],"about":[{"href":"https:\/\/www.upra.org\/en\/wp-json\/wp\/v2\/types\/page"}],"author":[{"embeddable":true,"href":"https:\/\/www.upra.org\/en\/wp-json\/wp\/v2\/users\/3"}],"replies":[{"embeddable":true,"href":"https:\/\/www.upra.org\/en\/wp-json\/wp\/v2\/comments?post=4287"}],"version-history":[{"count":8,"href":"https:\/\/www.upra.org\/en\/wp-json\/wp\/v2\/pages\/4287\/revisions"}],"predecessor-version":[{"id":8616,"href":"https:\/\/www.upra.org\/en\/wp-json\/wp\/v2\/pages\/4287\/revisions\/8616"}],"up":[{"embeddable":true,"href":"https:\/\/www.upra.org\/en\/wp-json\/wp\/v2\/pages\/773"}],"wp:attachment":[{"href":"https:\/\/www.upra.org\/en\/wp-json\/wp\/v2\/media?parent=4287"}],"curies":[{"name":"wp","href":"https:\/\/api.w.org\/{rel}","templated":true}]}}