{"id":1006,"date":"2023-07-13T08:45:54","date_gmt":"2023-07-13T08:45:54","guid":{"rendered":"https:\/\/www.upra.org\/es\/?page_id=1006"},"modified":"2025-09-16T08:38:44","modified_gmt":"2025-09-16T08:38:44","slug":"quines-somos","status":"publish","type":"page","link":"https:\/\/www.upra.org\/es\/ateneo\/quines-somos\/","title":{"rendered":""},"content":{"rendered":"<section class=\"block  paragraph-box full-width\" \n            >\n\n      <div class=\"paragraph-box__content text-center pt-40 md:pt-50 pb-40 md:pb-50\" id=\"\" style=\"\">\n\n          <div class=\"container\" style=\"\">\n  \n  \n  \n      <div class=\"!mb-30 intro-text text-left\">\n      <p><p>La <strong>misi\u00f3n<\/strong> de la Pontificia Universidad Regina Apostolorum es formar <strong>ap\u00f3stoles, l\u00edderes cristianos tanto clericales como laicos,<\/strong> al servicio de la Iglesia para testimoniar el misterio de Cristo. Ofrecemos profesores, directores espirituales, formadores de seminarios, sacerdotes, religiosos y laicos calificados para dedicarse a la ense\u00f1anza y formaci\u00f3n.<\/p>\n<p>Los principios y valores que gu\u00edan la misi\u00f3n se encuentran en nuestro <strong>Ideario<\/strong>.<\/p>\n<p>&nbsp;<\/p>\n<h2><strong>Planificaci\u00f3n Estrat\u00e9gica<\/strong><\/h2>\n<p>Cada cinco a\u00f1os, la Universidad renueva su Planificaci\u00f3n Estrat\u00e9gica.<\/p>\n<p>La nueva Planificaci\u00f3n<strong> guiar\u00e1 a la Universidad hasta 2029<\/strong>. Las l\u00edneas estrat\u00e9gicas se centran en:<\/p>\n<ul>\n<li>la <strong>calidad acad\u00e9mica<\/strong> destinada a incentivar y garantizar la investigaci\u00f3n cient\u00edfica en l\u00edneas de investigaci\u00f3n transversales, los programas innovadores (presenciales y en l\u00ednea) y la potenciaci\u00f3n del cuerpo docente;<\/li>\n<li>la<strong> comunidad y el esp\u00edritu comunitario<\/strong> para involucrar activamente a los estudiantes, no solo en el aula, ofrecer acompa\u00f1amiento, tutor\u00eda, formaci\u00f3n extracurricular y aumentar el compromiso de Apra con la Tercera Misi\u00f3n;<\/li>\n<li><strong>gesti\u00f3n institucional<\/strong> para promover una cultura organizativa basada en la corresponsabilidad, incentivar el talento humano, garantizar una comunicaci\u00f3n interna eficaz y potenciar la transformaci\u00f3n digital;<\/li>\n<li><strong>desarrollo institucional<\/strong> para favorecer un crecimiento significativo tanto en t\u00e9rminos de visibilidad como de n\u00famero de estudiantes, promover la cultura de la sostenibilidad econ\u00f3mico-financiera, fidelizar y construir relaciones institucionales y valorizar el sentido de pertenencia de la comunidad de antiguos alumnos.<\/li>\n<\/ul>\n<\/p>\n    <\/div>\n  \n      <div class=\"container buttons mt-20 mb-20 flex items-center md:items-start flex-col md:flex-row flex-wrap md:flex-nowrap justify-center\">\n              <a href=https:\/\/www.upra.org\/app\/uploads\/2025\/09\/Pianificazione-strategica-2024-2029-WEB.pdf  target=_blank  title=\"Lee la Planificaci\u00f3n (en italiano)\"   rel=\"noopener noreferrer\" class=\"button mx-10 my-10 mb-20 md:mb-10 mt-0 md:mb-4 --button-border  \">\n    <span class=\"button__label\">Lee la Planificaci\u00f3n (en italiano)<\/span>\n      <span class=\"button__icon icon icon-arrow-right\">\n      <span class=\"lnr lnr-arrow-right\"><\/span>\n\n    <\/span>\n  <\/a>\n          <\/div>\n  \n\n<\/div>\n    \n    \n    \n    \n  <\/div>\n\n  <\/section>\n\n\n<section class=\"block  image-sliders full-width\" \n            >\n\n      <div class=\"image-sliders__content\" id=\"\" style=\"background-color: #f2f3f5\">\n\n          <div class=\"container intro_title\">\n        <div class=\"text-center\">\n          <h2 class=\"s50 pt-50 pb-30 font-500 text-primary\">Nuestra historia<\/h2>\n        <\/div>\n      <\/div>\n              \n    \n          \n                                        <div class=\"overflow-hidden container-timeline md:pb-50\">\n              <div\n                class=\"slider slider-disabled\"\n                data-slider-config='{\n                \"slidesPerView\": 1,\n                \"spaceBetween\": 0,\n                \"navigation\": {\n                  \"nextEl\": \".block.image-sliders .swiper-button-next\",\n                  \"prevEl\": \".block.image-sliders .swiper-button-prev\"\n                },\n                \"autoplay\": false,\n                \"loop\": false,\n                \"breakpoints\": {\n                  \"768\": {\n                    \"slidesPerView\": 3,\n                    \"spaceBetween\": 0\n                  },\n                  \"992\": {\n                    \"slidesPerView\": 3,\n                    \"spaceBetween\": 0\n                  }\n                }\n              }'\n              >\n                <div class=\"navigation relative z-20 text-right pb-4\">\n                  <div class=\"swiper-button-prev inline-block\"><i class=\"fa-solid fa-angle-left text-secondary\"><\/i><\/div>\n                  <div class=\"swiper-button-next inline-block\"><i class=\"fa-solid fa-angle-right text-secondary\"><\/i><\/div>\n                <\/div>\n                <div class=\"swiper-wrapper z-10 relative mt-0 mb-40 flex items-stretch\">\n                                      <div class=\"swiper-slide prevent-select\">\n                                            <article class=\"card-image --timeline timeline \" style=\"\">\n          <div class=\"card-image__inner\">\n        <div class=\"card__content basis-2\/3 data-def\">\n          <div class=\"pl-20 pr-20 pt-10\">\n            <h3 class=\"card__title font-medium font-500 text-30 text-center text-primary\">1993<\/h3>\n            <p class=\"card__text font-normal font-400 text-center text-secondary\">El 15 de septiembre se funda el APRA, promovido por la Congregaci\u00f3n de los Legionarios de Cristo, con las Facultades de Teolog\u00eda y Filosof\u00eda.  <\/p>\n          <\/div>\n        <\/div>\n      <\/div>\n    \n<\/article>\n                    <\/div>\n                                      <div class=\"swiper-slide prevent-select\">\n                                            <article class=\"card-image --timeline timeline \" style=\"\">\n          <div class=\"card-image__inner\">\n        <div class=\"card__content basis-2\/3 data-def\">\n          <div class=\"pl-20 pr-20 pt-10\">\n            <h3 class=\"card__title font-medium font-500 text-30 text-center text-primary\">1998<\/h3>\n            <p class=\"card__text font-normal font-400 text-center text-secondary\">El 20 de julio, San Juan Pablo II le concede el t\u00edtulo de Pontificio. <\/p>\n          <\/div>\n        <\/div>\n      <\/div>\n    \n<\/article>\n                    <\/div>\n                                      <div class=\"swiper-slide prevent-select\">\n                                            <article class=\"card-image --timeline timeline \" style=\"\">\n          <div class=\"card-image__inner\">\n        <div class=\"card__content basis-2\/3 data-def\">\n          <div class=\"pl-20 pr-20 pt-10\">\n            <h3 class=\"card__title font-medium font-500 text-30 text-center text-primary\">1999<\/h3>\n            <p class=\"card__text font-normal font-400 text-center text-secondary\">El 23 de abril se crea el Instituto Superior de Ciencias Religiosas, con potestad para otorgar t\u00edtulos de Bachiller y Licenciado. <\/p>\n          <\/div>\n        <\/div>\n      <\/div>\n    \n<\/article>\n                    <\/div>\n                                      <div class=\"swiper-slide prevent-select\">\n                                            <article class=\"card-image --timeline timeline \" style=\"\">\n          <div class=\"card-image__inner\">\n        <div class=\"card__content basis-2\/3 data-def\">\n          <div class=\"pl-20 pr-20 pt-10\">\n            <h3 class=\"card__title font-medium font-500 text-30 text-center text-primary\">2001<\/h3>\n            <p class=\"card__text font-normal font-400 text-center text-secondary\">El 21 de mayo se crea la Facultad de Bio\u00e9tica para otorgar los t\u00edtulos de Bachiller, Licenciado y Doctor.  <\/p>\n          <\/div>\n        <\/div>\n      <\/div>\n    \n<\/article>\n                    <\/div>\n                                      <div class=\"swiper-slide prevent-select\">\n                                            <article class=\"card-image --timeline timeline \" style=\"\">\n          <div class=\"card-image__inner\">\n        <div class=\"card__content basis-2\/3 data-def\">\n          <div class=\"pl-20 pr-20 pt-10\">\n            <h3 class=\"card__title font-medium font-500 text-30 text-center text-primary\">2002<\/h3>\n            <p class=\"card__text font-normal font-400 text-center text-secondary\">El 13 de noviembre, el Seminario Mayor San Carlos y San Marcelo de la archidi\u00f3cesis de Trujillo (Per\u00fa) se incorpora a la Facultad de Teolog\u00eda. <\/p>\n          <\/div>\n        <\/div>\n      <\/div>\n    \n<\/article>\n                    <\/div>\n                                      <div class=\"swiper-slide prevent-select\">\n                                            <article class=\"card-image --timeline timeline \" style=\"\">\n          <div class=\"card-image__inner\">\n        <div class=\"card__content basis-2\/3 data-def\">\n          <div class=\"pl-20 pr-20 pt-10\">\n            <h3 class=\"card__title font-medium font-500 text-30 text-center text-primary\">2004<\/h3>\n            <p class=\"card__text font-normal font-400 text-center text-secondary\">El 3 de septiembre, la Congregaci\u00f3n para la Educaci\u00f3n Cat\u00f3lica concede el decreto de erecci\u00f3n can\u00f3nica definitiva al Ateneo. <\/p>\n          <\/div>\n        <\/div>\n      <\/div>\n    \n<\/article>\n                    <\/div>\n                                      <div class=\"swiper-slide prevent-select\">\n                                            <article class=\"card-image --timeline timeline \" style=\"\">\n          <div class=\"card-image__inner\">\n        <div class=\"card__content basis-2\/3 data-def\">\n          <div class=\"pl-20 pr-20 pt-10\">\n            <h3 class=\"card__title font-medium font-500 text-30 text-center text-primary\">2010<\/h3>\n            <p class=\"card__text font-normal font-400 text-center text-secondary\">Se crean el Instituto de Bio\u00e9tica y Derechos Humanos (25 de marzo), el Instituto Ciencia y Fe (5 de abril) y el Instituto Fidelis de \u00c9tica Econ\u00f3mic&#8230;<\/p>\n          <\/div>\n        <\/div>\n      <\/div>\n    \n<\/article>\n                    <\/div>\n                                      <div class=\"swiper-slide prevent-select\">\n                                            <article class=\"card-image --timeline timeline \" style=\"\">\n          <div class=\"card-image__inner\">\n        <div class=\"card__content basis-2\/3 data-def\">\n          <div class=\"pl-20 pr-20 pt-10\">\n            <h3 class=\"card__title font-medium font-500 text-30 text-center text-primary\">2011<\/h3>\n            <p class=\"card__text font-normal font-400 text-center text-secondary\">Se fundan el Instituto de Estudios Avanzados sobre la Mujer (16 de febrero) y el Instituto Sacerdos (20 de mayo de 2011). <\/p>\n          <\/div>\n        <\/div>\n      <\/div>\n    \n<\/article>\n                    <\/div>\n                                      <div class=\"swiper-slide prevent-select\">\n                                            <article class=\"card-image --timeline timeline \" style=\"\">\n          <div class=\"card-image__inner\">\n        <div class=\"card__content basis-2\/3 data-def\">\n          <div class=\"pl-20 pr-20 pt-10\">\n            <h3 class=\"card__title font-medium font-500 text-30 text-center text-primary\">2017<\/h3>\n            <p class=\"card__text font-normal font-400 text-center text-secondary\">El 2 de octubre, el Instituto de Filosof\u00eda y Teolog\u00eda \u00abMaria Mater Ecclesiae\u00bb de Itapecerica da Serra (Brasil) se incorpora a la Facultad de Teolog\u00eda.<\/p>\n          <\/div>\n        <\/div>\n      <\/div>\n    \n<\/article>\n                    <\/div>\n                                      <div class=\"swiper-slide prevent-select\">\n                                            <article class=\"card-image --timeline timeline \" style=\"\">\n          <div class=\"card-image__inner\">\n        <div class=\"card__content basis-2\/3 data-def\">\n          <div class=\"pl-20 pr-20 pt-10\">\n            <h3 class=\"card__title font-medium font-500 text-30 text-center text-primary\">2019<\/h3>\n            <p class=\"card__text font-normal font-400 text-center text-secondary\">El 28 de mayo, el Seminario \u00abP\u00edo XI\u00bb de San Remo tambi\u00e9n se une a la Facultad de Teolog\u00eda del APRA. \r\n<\/p>\n          <\/div>\n        <\/div>\n      <\/div>\n    \n<\/article>\n                    <\/div>\n                                      <div class=\"swiper-slide prevent-select\">\n                                            <article class=\"card-image --timeline timeline \" style=\"\">\n          <div class=\"card-image__inner\">\n        <div class=\"card__content basis-2\/3 data-def\">\n          <div class=\"pl-20 pr-20 pt-10\">\n            <h3 class=\"card__title font-medium font-500 text-30 text-center text-primary\">2020<\/h3>\n            <p class=\"card__text font-normal font-400 text-center text-secondary\">El 3 de abril, el Instituto \u00abMaria Mater Ecclesiae\u00bb tambi\u00e9n se afilia a la Facultad de Filosof\u00eda por el t\u00edtulo respectivo.\r\n<\/p>\n          <\/div>\n        <\/div>\n      <\/div>\n    \n<\/article>\n                    <\/div>\n                                      <div class=\"swiper-slide prevent-select\">\n                                            <article class=\"card-image --timeline timeline \" style=\"\">\n          <div class=\"card-image__inner\">\n        <div class=\"card__content basis-2\/3 data-def\">\n          <div class=\"pl-20 pr-20 pt-10\">\n            <h3 class=\"card__title font-medium font-500 text-30 text-center text-primary\">2023<\/h3>\n            <p class=\"card__text font-normal font-400 text-center text-secondary\">El Ateneo Pontificio Regina Apostolorum celebra sus primeros 30 a\u00f1os desde su fundaci\u00f3n. <\/p>\n          <\/div>\n        <\/div>\n      <\/div>\n    \n<\/article>\n                    <\/div>\n                                  <\/div>\n              <\/div>\n            <\/div>\n                  \n          \n\n\n    \n  <\/div>\n\n  <\/section>\n\n\n<section class=\"block  cta-two-columns full-width\" \n            >\n\n      <div class=\"cta-two-columns__content pt-60 md:pt-80 pb-60 md:pb-80\" id=\"\" style=\"\">\n\n    \n    <div class=\"md:flex text-left md:justify-between\">\n                                  <div class=\"p-20 md:px-80 md:py-100 md:items-start md:flex-1 md:flex md:flex-col md:justify-between\" style=\"background-color: #003da5; color: #FFFFFF\">\n            <div>\n              \n                              <h2 class=\"py-20 s50 font-500\">Nuestro campus<\/h2>\n                                            <div class=\"text pb-20 md:px-0\"><p>Un espacio \u00fanico en la ciudad de Roma, creado para hacer de la vida en la Universidad <strong>una experiencia de crecimiento acad\u00e9mico y personal.<\/strong><\/p>\n<\/div>\n                          <\/div>\n\n                                      <a href=https:\/\/www.upra.org\/es\/ateneo\/quines-somos\/nuestro-campus\/   title=\"Visitar el Campus\"  class=\"button mb-20  --white \">\n    <span class=\"button__label\">Visitar el Campus<\/span>\n      <span class=\"button__icon icon-arrow\">\n      <svg xmlns=\"http:\/\/www.w3.org\/2000\/svg\" width=\"35\" height=\"12.828\" viewBox=\"0 0 35 12.828\">\n  <g id=\"Icon_feather-arrow-right\" data-name=\"Icon feather-arrow-right\" transform=\"translate(16.5 -6.086)\">\n    <path id=\"Tracciato_346\" data-name=\"Tracciato 346\" d=\"M7.5,18h33\" transform=\"translate(-23 -5.5)\" fill=\"none\" stroke=\"#171717\" stroke-linecap=\"round\" stroke-linejoin=\"round\" stroke-width=\"2\"\/>\n    <path id=\"Tracciato_347\" data-name=\"Tracciato 347\" d=\"M18,7.5l5,5-5,5\" transform=\"translate(-5.5 0)\" fill=\"none\" stroke=\"#171717\" stroke-linecap=\"round\" stroke-linejoin=\"round\" stroke-width=\"2\"\/>\n  <\/g>\n<\/svg>\n\n    <\/span>\n  <\/a>\n                      <\/div>\n                            <div class=\"p-20 md:px-80 md:py-100 md:items-start md:flex-1 md:flex md:flex-col md:justify-between\" style=\"background-color: #0a1b38; color: #FFFFFF\">\n            <div>\n              \n                              <h2 class=\"py-20 s50 font-500\">Estatutos<\/h2>\n                                            <div class=\"text pb-20 md:px-0\"><p><strong>Los estatutos, reglamentos y normas<\/strong> que rigen la vida del Ateneo Pontificio Regina Apostolorum.<\/p>\n<\/div>\n                          <\/div>\n\n                                      <a href=https:\/\/www.upra.org\/es\/ateneo\/quines-somos\/estatutos\/   title=\"Consultar los estatutos\"  class=\"button mb-20  --white \">\n    <span class=\"button__label\">Consultar los estatutos<\/span>\n      <span class=\"button__icon icon-arrow\">\n      <svg xmlns=\"http:\/\/www.w3.org\/2000\/svg\" width=\"35\" height=\"12.828\" viewBox=\"0 0 35 12.828\">\n  <g id=\"Icon_feather-arrow-right\" data-name=\"Icon feather-arrow-right\" transform=\"translate(16.5 -6.086)\">\n    <path id=\"Tracciato_346\" data-name=\"Tracciato 346\" d=\"M7.5,18h33\" transform=\"translate(-23 -5.5)\" fill=\"none\" stroke=\"#171717\" stroke-linecap=\"round\" stroke-linejoin=\"round\" stroke-width=\"2\"\/>\n    <path id=\"Tracciato_347\" data-name=\"Tracciato 347\" d=\"M18,7.5l5,5-5,5\" transform=\"translate(-5.5 0)\" fill=\"none\" stroke=\"#171717\" stroke-linecap=\"round\" stroke-linejoin=\"round\" stroke-width=\"2\"\/>\n  <\/g>\n<\/svg>\n\n    <\/span>\n  <\/a>\n                      <\/div>\n                  <\/div>\n\n  <\/div>\n\n  <\/section>\n\n\n<section class=\"block  paragraph-box full-width\" \n            >\n\n      <div class=\"paragraph-box__content text-center pt-40 md:pt-50 pb-40 md:pb-50\" id=\"\" style=\"\">\n\n          <div class=\"container\" style=\"\">\n          <h2 class=\"intro-title font-500 text-primary mb-20 s40 \">Redes universitarias<\/h2>\n  \n  \n  \n      <div class=\"!mb-30 intro-text text-left\">\n      <p><p><strong>Una red activa de conexiones internacionales<\/strong> entre universidades que comparten los mismos fundamentos y objetivos.<\/p>\n<\/p>\n    <\/div>\n  \n      <div class=\"container buttons mt-20 mb-20 flex items-center md:items-start flex-col md:flex-row flex-wrap md:flex-nowrap justify-center\">\n              <a href=https:\/\/www.upra.org\/es\/ateneo\/quines-somos\/redes-universitarias\/   title=\"Descubrir las universidades conectadas\"  class=\"button mx-10 my-10 mb-20 md:mb-10 mt-4 font-500  \">\n    <span class=\"button__label\">Descubrir las universidades conectadas<\/span>\n      <span class=\"button__icon icon-arrow\">\n      <svg xmlns=\"http:\/\/www.w3.org\/2000\/svg\" width=\"35\" height=\"12.828\" viewBox=\"0 0 35 12.828\">\n  <g id=\"Icon_feather-arrow-right\" data-name=\"Icon feather-arrow-right\" transform=\"translate(16.5 -6.086)\">\n    <path id=\"Tracciato_346\" data-name=\"Tracciato 346\" d=\"M7.5,18h33\" transform=\"translate(-23 -5.5)\" fill=\"none\" stroke=\"#171717\" stroke-linecap=\"round\" stroke-linejoin=\"round\" stroke-width=\"2\"\/>\n    <path id=\"Tracciato_347\" data-name=\"Tracciato 347\" d=\"M18,7.5l5,5-5,5\" transform=\"translate(-5.5 0)\" fill=\"none\" stroke=\"#171717\" stroke-linecap=\"round\" stroke-linejoin=\"round\" stroke-width=\"2\"\/>\n  <\/g>\n<\/svg>\n\n    <\/span>\n  <\/a>\n          <\/div>\n  \n\n<\/div>\n    \n    \n    \n    \n  <\/div>\n\n  <\/section>\n","protected":false},"excerpt":{"rendered":"","protected":false},"author":3,"featured_media":8084,"parent":761,"menu_order":0,"comment_status":"closed","ping_status":"closed","template":"","meta":{"_acf_changed":false,"footnotes":""},"class_list":["post-1006","page","type-page","status-publish","has-post-thumbnail","hentry"],"acf":[],"_links":{"self":[{"href":"https:\/\/www.upra.org\/es\/wp-json\/wp\/v2\/pages\/1006","targetHints":{"allow":["GET"]}}],"collection":[{"href":"https:\/\/www.upra.org\/es\/wp-json\/wp\/v2\/pages"}],"about":[{"href":"https:\/\/www.upra.org\/es\/wp-json\/wp\/v2\/types\/page"}],"author":[{"embeddable":true,"href":"https:\/\/www.upra.org\/es\/wp-json\/wp\/v2\/users\/3"}],"replies":[{"embeddable":true,"href":"https:\/\/www.upra.org\/es\/wp-json\/wp\/v2\/comments?post=1006"}],"version-history":[{"count":52,"href":"https:\/\/www.upra.org\/es\/wp-json\/wp\/v2\/pages\/1006\/revisions"}],"predecessor-version":[{"id":11598,"href":"https:\/\/www.upra.org\/es\/wp-json\/wp\/v2\/pages\/1006\/revisions\/11598"}],"up":[{"embeddable":true,"href":"https:\/\/www.upra.org\/es\/wp-json\/wp\/v2\/pages\/761"}],"wp:featuredmedia":[{"embeddable":true,"href":"https:\/\/www.upra.org\/es\/wp-json\/wp\/v2\/media\/8084"}],"wp:attachment":[{"href":"https:\/\/www.upra.org\/es\/wp-json\/wp\/v2\/media?parent=1006"}],"curies":[{"name":"wp","href":"https:\/\/api.w.org\/{rel}","templated":true}]}}