{"id":1026,"date":"2023-07-13T08:48:26","date_gmt":"2023-07-13T08:48:26","guid":{"rendered":"https:\/\/www.upra.org\/es\/?page_id=1026"},"modified":"2024-01-16T10:03:53","modified_gmt":"2024-01-16T10:03:53","slug":"biblioteca","status":"publish","type":"page","link":"https:\/\/www.upra.org\/es\/ateneo\/servicios\/biblioteca\/","title":{"rendered":"Biblioteca"},"content":{"rendered":"<section class=\"block  cta-with-media full-width\" \n            >\n\n      <div class=\"cta-with-media__content  template-media-sx py-60 md:py-80\" id=\"\" style=\"\">\n\n    <div class=\"container\">\n      \n        <div class=\"flex flex-col gap-40 md:gap-50 lg:gap-100 md:flex-row\n        md:items-center\">\n\n          <div class=\"flex-1\">\n            <div class=\"media\" style=\"--bg-color-var: #FFFFFF\">\n              <div\n  class=\"image bg-cover  --is-png \"\n   data-defer >\n  <figure>\n    <div class=\"image__wrapper\">\n              <picture>\n          \n          <source\n            srcset=\"\"\n            sizes=\"(min-width: 992px) 808px, (min-width: 768px) 680px, 100vw\"\n          \/>\n          <img decoding=\"async\" src=\"https:\/\/www.upra.org\/app\/uploads\/sites\/5\/2023\/09\/Senza-titolo-1.png\" width=\"\" height=\"\" alt=\"Senza titolo-1\">\n        <\/picture>\n          <\/div>\n      <\/figure>\n<\/div>\n\n                          <\/div>\n          <\/div>\n\n          <div class=\"flex-1\">\n                                  <p class=\"!mb-40\"><p>La <strong>Biblioteca P\u00edo XII<\/strong> del Ateneo Pontificio Regina Apostolorum posee m\u00e1s de 180.000 vol\u00famenes entre <strong>monograf\u00edas, op\u00fasculos y tesis<\/strong> de licenciatura y recibe unos 1000 t\u00edtulos de publicaciones peri\u00f3dicas por suscripci\u00f3n o intercambio.<br \/>\nLos fondos de la biblioteca se componen principalmente de documentos pertenecientes a las materias que se imparten en las facultades.<\/p>\n<p>La Biblioteca est\u00e1 abierta al p\u00fablico de lunes a viernes de 8:30 a 19:00 horas y los s\u00e1bados de 8:30 a 13:30 horas.<\/p>\n<\/p>\n                                      <\/div>\n      <\/div>\n\n    <\/div>\n\n  <\/div>\n\n  <\/section>\n\n\n<section class=\"block  paragraph-box full-width\" \n            >\n\n      <div class=\"paragraph-box__content text-center pt-40 md:pt-50 pb-40 md:pb-50\" id=\"\" style=\"background-color: #f2f3f5\">\n\n          <div class=\"container\" style=\"\">\n          <h2 class=\"intro-title font-500 text-primary mb-20 s30 font-medium leading-snug \">Servicios<\/h2>\n  \n  \n  \n      <div class=\"!mb-30 intro-text text-left\">\n      <p><p>Entre los servicios disponibles, est\u00e1 el <strong>pr\u00e9stamo de material<\/strong> presente en la Biblioteca, que est\u00e1 disponible de martes a jueves de 8:30 a 17:00 horas y los viernes de 8:30 a 14:00 horas. Siempre es aconsejable informarse antes de acudir a la Biblioteca. Tambi\u00e9n ser\u00e1 posible, previa cita, reservar <strong>consultas bibliogr\u00e1ficas<\/strong>, que se realizar\u00e1n a distancia por correo electr\u00f3nico o tel\u00e9fono.<\/p>\n<p>Tel\u00e9fono: <strong>06 66543880<\/strong> &#8211; <strong>06 66543883<\/strong><br \/>\nCorreo electr\u00f3nico: <a href=\"mailto:biblioteca@upra.org\">biblioteca@upra.org<\/a><\/p>\n<p>La biblioteca forma parte del Servicio Nacional de Bibliotecas desde 2007 y tambi\u00e9n se ha adherido al <strong>ACNP<\/strong>, el cat\u00e1logo italiano de publicaciones peri\u00f3dicas.<\/p>\n<p>Adem\u00e1s, la biblioteca participa en iniciativas de cooperaci\u00f3n destinadas al intercambio de informaci\u00f3n y recursos, tales como <strong>ESSPER<\/strong>, la Asociaci\u00f3n para la investigaci\u00f3n de publicaciones peri\u00f3dicas italianas de econom\u00eda, ciencias sociales e historia.<\/p>\n<\/p>\n    <\/div>\n  \n      <div class=\"container buttons mt-20 mb-20 flex items-center md:items-start flex-col md:flex-row flex-wrap md:flex-nowrap justify-center\">\n              <a href=https:\/\/www.upra.org\/es\/investigacion\/biblioteca-pio-xii\/   title=\"M\u00e1s informaci\u00f3n\"  class=\"button mx-10 my-10 mb-20 md:mb-10 mt-4 font-500  \">\n    <span class=\"button__label\">M\u00e1s informaci\u00f3n<\/span>\n      <span class=\"button__icon icon-arrow\">\n      <svg xmlns=\"http:\/\/www.w3.org\/2000\/svg\" width=\"35\" height=\"12.828\" viewBox=\"0 0 35 12.828\">\n  <g id=\"Icon_feather-arrow-right\" data-name=\"Icon feather-arrow-right\" transform=\"translate(16.5 -6.086)\">\n    <path id=\"Tracciato_346\" data-name=\"Tracciato 346\" d=\"M7.5,18h33\" transform=\"translate(-23 -5.5)\" fill=\"none\" stroke=\"#171717\" stroke-linecap=\"round\" stroke-linejoin=\"round\" stroke-width=\"2\"\/>\n    <path id=\"Tracciato_347\" data-name=\"Tracciato 347\" d=\"M18,7.5l5,5-5,5\" transform=\"translate(-5.5 0)\" fill=\"none\" stroke=\"#171717\" stroke-linecap=\"round\" stroke-linejoin=\"round\" stroke-width=\"2\"\/>\n  <\/g>\n<\/svg>\n\n    <\/span>\n  <\/a>\n          <\/div>\n  \n\n<\/div>\n    \n    \n    \n    \n  <\/div>\n\n  <\/section>\n","protected":false},"excerpt":{"rendered":"","protected":false},"author":3,"featured_media":0,"parent":1093,"menu_order":0,"comment_status":"closed","ping_status":"closed","template":"","meta":{"_acf_changed":false,"footnotes":""},"class_list":["post-1026","page","type-page","status-publish","hentry"],"acf":[],"_links":{"self":[{"href":"https:\/\/www.upra.org\/es\/wp-json\/wp\/v2\/pages\/1026","targetHints":{"allow":["GET"]}}],"collection":[{"href":"https:\/\/www.upra.org\/es\/wp-json\/wp\/v2\/pages"}],"about":[{"href":"https:\/\/www.upra.org\/es\/wp-json\/wp\/v2\/types\/page"}],"author":[{"embeddable":true,"href":"https:\/\/www.upra.org\/es\/wp-json\/wp\/v2\/users\/3"}],"replies":[{"embeddable":true,"href":"https:\/\/www.upra.org\/es\/wp-json\/wp\/v2\/comments?post=1026"}],"version-history":[{"count":18,"href":"https:\/\/www.upra.org\/es\/wp-json\/wp\/v2\/pages\/1026\/revisions"}],"predecessor-version":[{"id":7850,"href":"https:\/\/www.upra.org\/es\/wp-json\/wp\/v2\/pages\/1026\/revisions\/7850"}],"up":[{"embeddable":true,"href":"https:\/\/www.upra.org\/es\/wp-json\/wp\/v2\/pages\/1093"}],"wp:attachment":[{"href":"https:\/\/www.upra.org\/es\/wp-json\/wp\/v2\/media?parent=1026"}],"curies":[{"name":"wp","href":"https:\/\/api.w.org\/{rel}","templated":true}]}}