{"id":1099,"date":"2023-07-13T12:11:05","date_gmt":"2023-07-13T12:11:05","guid":{"rendered":"https:\/\/www.upra.org\/es\/?page_id=1099"},"modified":"2024-01-23T08:32:05","modified_gmt":"2024-01-23T08:32:05","slug":"nuestro-campus","status":"publish","type":"page","link":"https:\/\/www.upra.org\/es\/ateneo\/quines-somos\/nuestro-campus\/","title":{"rendered":"Nuestro campus"},"content":{"rendered":"<section class=\"block  paragraph-box full-width\" \n            >\n\n      <div class=\"paragraph-box__content text-center pt-40 md:pt-50 pb-40 md:pb-50\" id=\"\" style=\"\">\n\n          <div class=\"container\" style=\"\">\n  \n  \n  \n      <div class=\"!mb-30 intro-text text-left\">\n      <p><p>El Ateneo Pontificio Regina Apostolorum se encuentra en Roma. El <b>campus<\/b> est\u00e1 situado en un lugar de <b>f\u00e1cil acceso y muy c\u00f3modo<\/b>: cerca tanto del centro de la ciudad como de la sede del Estado Vaticano.<\/p>\n<p>Quien desee llegar al APRA en coche tiene a su disposici\u00f3n un <b>amplio aparcamiento <\/b>en una zona rodeada de vegetaci\u00f3n.<\/p>\n<\/p>\n    <\/div>\n  \n  \n\n<\/div>\n    \n    \n    \n    \n  <\/div>\n\n  <\/section>\n\n\n<section class=\"block  cta-with-media full-width\" \n            >\n\n      <div class=\"cta-with-media__content  template-media-sx py-60 md:py-80\" id=\"\" style=\"\">\n\n    <div class=\"container\">\n      \n        <div class=\"flex flex-col gap-40 md:gap-50 lg:gap-100 md:flex-row\n        md:items-center\">\n\n          <div class=\"flex-1\">\n            <div class=\"media\" style=\"--bg-color-var: #FFFFFF\">\n              <div\n  class=\"image bg-cover  --is-webp \"\n   data-defer >\n  <figure>\n    <div class=\"image__wrapper\">\n              <picture>\n          \n          <source\n            srcset=\"\"\n            sizes=\"(min-width: 992px) 808px, (min-width: 768px) 680px, 100vw\"\n          \/>\n          <img decoding=\"async\" src=\"https:\/\/www.upra.org\/app\/uploads\/sites\/5\/2024\/01\/0000_Drone-2.webp\" width=\"\" height=\"\" alt=\"0000_Drone (2)\">\n        <\/picture>\n          <\/div>\n      <\/figure>\n<\/div>\n\n                          <\/div>\n          <\/div>\n\n          <div class=\"flex-1\">\n                                      <h2 class=\"font-500 text-primary mb-20 s40\">Estructura<\/h2>\n                                <p class=\"!mb-40\"><p>Un equipamiento de vanguardia en cuanto a tecnolog\u00eda y dise\u00f1o, repartido en cinco plantas donde se llevan a cabo casi todas las actividades educativas de la Universidad. Adem\u00e1s de las aulas, el Campus cuenta con una biblioteca, una librer\u00eda, una exposici\u00f3n permanente sobre la S\u00e1bana Santa, una capilla, un auditorio y varias zonas de restauraci\u00f3n.<\/p>\n<\/p>\n                                      <\/div>\n      <\/div>\n\n    <\/div>\n\n  <\/div>\n\n  <\/section>\n\n\n<section class=\"block  image-sliders full-width\" \n            >\n\n      <div class=\"image-sliders__content\" id=\"\" style=\"\">\n\n        \n    \n          \n                              <div class=\"container overflow-hidden images pt-20\">\n              <div\n                class=\"slider slider-disabled\"\n                data-slider-config='{\n                \"slidesPerView\": 1,\n                \"spaceBetween\": 25,\n                \"navigation\": {\n                  \"nextEl\": \".block.image-sliders .slider_0 .swiper-button-next\",\n                  \"prevEl\": \".block.image-sliders .slider_0 .swiper-button-prev\"\n                },\n                \"autoplay\": false,\n                \"loop\": false,\n                \"breakpoints\": {\n                  \"768\": {\n                    \"slidesPerView\": 4,\n                    \"spaceBetween\": 16\n                  },\n                  \"992\": {\n                    \"slidesPerView\": 4,\n                    \"spaceBetween\": 16\n                  }\n                }\n              }'\n              >\n                <div class=\"swiper-wrapper z-10 relative mt-30 mb-30\">\n                                      <div class=\"swiper-slide\">\n                                            <article class=\"card-image --images images \" style=\"\">\n          <div class=\"card-image__inner\">\n        <div class=\"card-image__visual relative\">\n                      <div>\n              <div\n  class=\"image   --is-webp \"\n   data-defer >\n  <figure>\n    <div class=\"image__wrapper\">\n              <picture>\n          \n          <source\n            srcset=\"\"\n            sizes=\"(min-width: 992px) 740px, (min-width: 768px) 680px, 100vw\"\n          \/>\n          <img decoding=\"async\" src=\"https:\/\/www.upra.org\/app\/uploads\/sites\/5\/2024\/01\/0001_C81_3115-1.webp\" width=\"\" height=\"\" alt=\"0001_C81_3115 (1)\">\n        <\/picture>\n          <\/div>\n      <\/figure>\n<\/div>\n            <\/div>\n                  <\/div>\n        \n      <\/div>\n    \n<\/article>\n                    <\/div>\n                                      <div class=\"swiper-slide\">\n                                            <article class=\"card-image --images images \" style=\"\">\n          <div class=\"card-image__inner\">\n        <div class=\"card-image__visual relative\">\n                      <div>\n              <div\n  class=\"image   --is-webp \"\n   data-defer >\n  <figure>\n    <div class=\"image__wrapper\">\n              <picture>\n          \n          <source\n            srcset=\"\"\n            sizes=\"(min-width: 992px) 740px, (min-width: 768px) 680px, 100vw\"\n          \/>\n          <img decoding=\"async\" src=\"https:\/\/www.upra.org\/app\/uploads\/sites\/5\/2024\/01\/0002_C81_3113-1.webp\" width=\"\" height=\"\" alt=\"0002_C81_3113 (1)\">\n        <\/picture>\n          <\/div>\n      <\/figure>\n<\/div>\n            <\/div>\n                  <\/div>\n        \n      <\/div>\n    \n<\/article>\n                    <\/div>\n                                      <div class=\"swiper-slide\">\n                                            <article class=\"card-image --images images \" style=\"\">\n          <div class=\"card-image__inner\">\n        <div class=\"card-image__visual relative\">\n                      <div>\n              <div\n  class=\"image   --is-webp \"\n   data-defer >\n  <figure>\n    <div class=\"image__wrapper\">\n              <picture>\n          \n          <source\n            srcset=\"\"\n            sizes=\"(min-width: 992px) 740px, (min-width: 768px) 680px, 100vw\"\n          \/>\n          <img decoding=\"async\" src=\"https:\/\/www.upra.org\/app\/uploads\/sites\/5\/2024\/01\/0003_C81_3102-1.webp\" width=\"\" height=\"\" alt=\"0003_C81_3102 (1)\">\n        <\/picture>\n          <\/div>\n      <\/figure>\n<\/div>\n            <\/div>\n                  <\/div>\n        \n      <\/div>\n    \n<\/article>\n                    <\/div>\n                                      <div class=\"swiper-slide\">\n                                            <article class=\"card-image --images images \" style=\"\">\n          <div class=\"card-image__inner\">\n        <div class=\"card-image__visual relative\">\n                      <div>\n              <div\n  class=\"image   --is-webp \"\n   data-defer >\n  <figure>\n    <div class=\"image__wrapper\">\n              <picture>\n          \n          <source\n            srcset=\"\"\n            sizes=\"(min-width: 992px) 740px, (min-width: 768px) 680px, 100vw\"\n          \/>\n          <img decoding=\"async\" src=\"https:\/\/www.upra.org\/app\/uploads\/sites\/5\/2024\/01\/0000_Drone-3.webp\" width=\"\" height=\"\" alt=\"0000_Drone (3)\">\n        <\/picture>\n          <\/div>\n      <\/figure>\n<\/div>\n            <\/div>\n                  <\/div>\n        \n      <\/div>\n    \n<\/article>\n                    <\/div>\n                                  <\/div>\n              <\/div>\n            <\/div>\n                            \n          \n\n\n    \n  <\/div>\n\n  <\/section>\n\n\n<section class=\"block  accordion-with-map full-width\" \n            >\n\n      <div class=\"accordion-with-map__content accordions  \" id=\"\" style=\"\">\n    <div class=\"container \">\n                      <h2 class=\"s40 text-primary text-center font-500 mb-20 md:mb-40\">C\u00f3mo llegar al campus<\/h2>\n      \n\n      <div class=\"flex flex-col-reverse md:items-center md:flex-row mb-20 md:mb-50 lg:mb-100 gap-40 md:gap-16\">\n        <div class=\"flex-1 md:basis-4\/12\">\n                      <div class=\"accordion\" >\n  <button class=\"button s30\">En tren\n    <span class=\"button__icon icon-plus \">\n      <i class=\"fa-regular fa-plus\"><\/i>\n    <\/span>\n  <\/button>\n  <div class=\"panel\">\n    <div class=\"text\">\n      <p>Desde la estaci\u00f3n de Termini, tomar el tren en direcci\u00f3n a Civitavecchia y bajar en la estaci\u00f3n de Roma Aurelia. Caminar una corta distancia hasta llegar a Via del Balzo y continuar hasta Via degli Aldobrandeschi 190.<\/p>\n\n    <\/div>\n      <\/div>\n<\/div>\n                      <div class=\"accordion\" >\n  <button class=\"button s30\">En autob\u00fas\n    <span class=\"button__icon icon-plus \">\n      <i class=\"fa-regular fa-plus\"><\/i>\n    <\/span>\n  <\/button>\n  <div class=\"panel\">\n    <div class=\"text\">\n      <p>Desde Via Baldo degli Ubaldi, tomar el Atac 892 hacia Via degli Aldobrandeschi. Desde Via Cipro, tomar el Atac 247 direcci\u00f3n estaci\u00f3n Roma Aurelia. Caminar un poco por Via del Balzo hasta llegar a Via degli Aldobrandeschi 190<\/p>\n\n    <\/div>\n      <\/div>\n<\/div>\n                      <div class=\"accordion\" >\n  <button class=\"button s30\">En coche\n    <span class=\"button__icon icon-plus \">\n      <i class=\"fa-regular fa-plus\"><\/i>\n    <\/span>\n  <\/button>\n  <div class=\"panel\">\n    <div class=\"text\">\n      <p>Desde el Grande Raccordo Anulare (GRA), tomar la salida 1 Aurelia, direcci\u00f3n Ciudad del Vaticano\/Centro de Roma.\u00a0Continuar hasta llegar a la segunda rampa y, al llegar a Via di Villa Troili, continuar por la carretera, manteni\u00e9ndose a la derecha, hasta llegar a Via degli Aldobrandeschi 190.<\/p>\n\n    <\/div>\n      <\/div>\n<\/div>\n                  <\/div>\n        <div class=\"flex-1 md:basis-8\/12\">\n          <div class=\"pb-[64%] md:pb-[70%] relative\">\n            <div id=\"map\" lat=\"41.88049065602468\" lng=\"12.39469153068194\" zoom=\"16\" marker=\"\" class=\"absolute w-full h-full\"><\/div>\n          <\/div>\n        <\/div>\n      <\/div>\n\n    <\/div>\n  <\/div>\n\n  <\/section>\n","protected":false},"excerpt":{"rendered":"","protected":false},"author":3,"featured_media":0,"parent":1006,"menu_order":0,"comment_status":"closed","ping_status":"closed","template":"","meta":{"_acf_changed":false,"footnotes":""},"class_list":["post-1099","page","type-page","status-publish","hentry"],"acf":[],"_links":{"self":[{"href":"https:\/\/www.upra.org\/es\/wp-json\/wp\/v2\/pages\/1099","targetHints":{"allow":["GET"]}}],"collection":[{"href":"https:\/\/www.upra.org\/es\/wp-json\/wp\/v2\/pages"}],"about":[{"href":"https:\/\/www.upra.org\/es\/wp-json\/wp\/v2\/types\/page"}],"author":[{"embeddable":true,"href":"https:\/\/www.upra.org\/es\/wp-json\/wp\/v2\/users\/3"}],"replies":[{"embeddable":true,"href":"https:\/\/www.upra.org\/es\/wp-json\/wp\/v2\/comments?post=1099"}],"version-history":[{"count":19,"href":"https:\/\/www.upra.org\/es\/wp-json\/wp\/v2\/pages\/1099\/revisions"}],"predecessor-version":[{"id":8086,"href":"https:\/\/www.upra.org\/es\/wp-json\/wp\/v2\/pages\/1099\/revisions\/8086"}],"up":[{"embeddable":true,"href":"https:\/\/www.upra.org\/es\/wp-json\/wp\/v2\/pages\/1006"}],"wp:attachment":[{"href":"https:\/\/www.upra.org\/es\/wp-json\/wp\/v2\/media?parent=1099"}],"curies":[{"name":"wp","href":"https:\/\/api.w.org\/{rel}","templated":true}]}}