{"id":1101,"date":"2023-07-13T12:11:17","date_gmt":"2023-07-13T12:11:17","guid":{"rendered":"https:\/\/www.upra.org\/es\/?page_id=1101"},"modified":"2026-02-19T10:10:34","modified_gmt":"2026-02-19T10:10:34","slug":"estatutos","status":"publish","type":"page","link":"https:\/\/www.upra.org\/es\/ateneo\/quines-somos\/estatutos\/","title":{"rendered":"Estatutos"},"content":{"rendered":"<section class=\"block  paragraph-box full-width\" \n            >\n\n      <div class=\"paragraph-box__content text-center pt-40 md:pt-50 pb-40 md:pb-50\" id=\"\" style=\"\">\n\n          <div class=\"container\" style=\"\">\n  \n  \n  \n      <div class=\"!mb-30 intro-text text-left\">\n      <p><p>Puedes consultar todos los documentos que regulan las Facultades e Institutos del Ateneo Pontificio Regina Apostolorum. A continuaci\u00f3n figura la lista completa de Estatutos, Reglamentos, Normas y Procedimientos.<\/p>\n<p>&nbsp;<\/p>\n<\/p>\n    <\/div>\n  \n      <div class=\"container buttons mt-20 mb-20 flex items-center md:items-start flex-col md:flex-row flex-wrap md:flex-nowrap justify-center\">\n              <a href=https:\/\/www.upra.org\/ateneo\/chi-siamo\/statuti\/  target=_blank  title=\"Para obtener m\u00e1s informaci\u00f3n, visita la p\u00e1gina en italiano\"   rel=\"noopener noreferrer\" class=\"button mx-10 my-10 mb-20 md:mb-10 mt-0 md:mb-4 --button-border  \">\n    <span class=\"button__label\">Para obtener m\u00e1s informaci\u00f3n, visita la p\u00e1gina en italiano<\/span>\n      <span class=\"button__icon icon icon-arrow-right\">\n      <span class=\"lnr lnr-arrow-right\"><\/span>\n\n    <\/span>\n  <\/a>\n          <\/div>\n  \n\n<\/div>\n    \n    \n    \n    \n  <\/div>\n\n  <\/section>\n\n\n<section class=\"block  paragraph-box full-width\" \n            >\n\n      <div class=\"paragraph-box__content text-center pt-40 md:pt-50 pb-40 md:pb-50\" id=\"\" style=\"background-color: #f2f3f5\">\n\n          <div class=\"container\" style=\"\">\n          <h2 class=\"intro-title font-500 text-primary mb-20 s30 font-medium leading-snug text-left\">Estatutos<\/h2>\n  \n  \n  \n      <div class=\"!mb-30 intro-text text-left\">\n      <p><ul>\n<li><a href=\"https:\/\/www.upra.org\/app\/uploads\/2025\/05\/Statuti-Generali-2025-2.pdf\">Estatutos generales del Ateneo<\/a><\/li>\n<li><a href=\"https:\/\/www.upra.org\/app\/uploads\/2025\/05\/Statuti-Teologia-2025.pdf\">Estatutos de la Facultad de Teolog\u00eda<\/a><\/li>\n<li><a href=\"https:\/\/www.upra.org\/app\/uploads\/2025\/05\/Statuti-Filosofia-2025.pdf\">Estatutos de la Facultad de Filosof\u00eda<\/a><\/li>\n<li><a href=\"https:\/\/www.upra.org\/app\/uploads\/2025\/05\/Statuti-Bioetica-2025.pdf\">Estatutos de la Facultad de Bio\u00e9tica<\/a><\/li>\n<li><a href=\"https:\/\/www.upra.org\/app\/uploads\/2026\/02\/Statuti-ISSR-2026-e-OdS-finale.pdf\">Estatutos del Instituto Superior de Ciencias Religiosas<\/a><\/li>\n<li><a href=\"https:\/\/www.upra.org\/app\/uploads\/sites\/4\/2024\/01\/Statuti-Istituto-Scienza-e-Fede-con-OdS.pdf\">Estatutos del Instituto Ciencia y Fe<\/a><\/li>\n<li><a href=\"https:\/\/www.upra.org\/app\/uploads\/sites\/4\/2024\/01\/20211206-Statuti-ISSD-approvati.pdf\">Estatutos del Instituto de Estudios Avanzados sobre la Mujer<\/a><\/li>\n<li>Estatutos del Instituto de Bio\u00e9tica y Derechos Humanos<\/li>\n<li><a href=\"https:\/\/www.upra.org\/app\/uploads\/sites\/4\/2024\/01\/Statuti-Sacerdos-2021.pdf\">Estatutos de Sacerdos<\/a><\/li>\n<\/ul>\n<\/p>\n    <\/div>\n  \n  \n\n<\/div>\n    \n    \n    \n    \n  <\/div>\n\n  <\/section>\n\n\n<section class=\"block  paragraph-box full-width\" \n            >\n\n      <div class=\"paragraph-box__content text-center pt-40 md:pt-50 pb-40 md:pb-50\" id=\"\" style=\"\">\n\n          <div class=\"container\" style=\"\">\n          <h2 class=\"intro-title font-500 text-primary mb-20 s30 font-medium leading-snug text-left\">Reglamentos<\/h2>\n  \n  \n  \n      <div class=\"!mb-30 intro-text text-left\">\n      <p><ul>\n<li>Reglamento general<\/li>\n<li>Reglamento de la Comisi\u00f3n para la colaboraci\u00f3n en las l\u00edneas estrat\u00e9gicas de la RIU y del RC<\/li>\n<li>C\u00f3digo de conducta del personal<\/li>\n<li>Reglamento de coordinaci\u00f3n de estudiantes<\/li>\n<li>Reglamento para la creaci\u00f3n de m\u00e1steres y cursos avanzados<\/li>\n<li>Reglamento de la Comisi\u00f3n para el Fomento de la Calidad<\/li>\n<li>Aprobaci\u00f3n del Reglamento de Expertos en la materia para el lSSR<\/li>\n<li>Reglamento del Departamento de Publicaciones<\/li>\n<\/ul>\n<\/p>\n    <\/div>\n  \n  \n\n<\/div>\n    \n    \n    \n    \n  <\/div>\n\n  <\/section>\n\n\n<section class=\"block  paragraph-box full-width\" \n            >\n\n      <div class=\"paragraph-box__content text-center pt-40 md:pt-50 pb-40 md:pb-50\" id=\"\" style=\"background-color: #f2f3f5\">\n\n          <div class=\"container\" style=\"\">\n          <h2 class=\"intro-title font-500 text-primary mb-20 s30 font-medium leading-snug text-left\">Normas<\/h2>\n  \n  \n  \n      <div class=\"!mb-30 intro-text text-left\">\n      <p><ul>\n<li>Normas especiales para otros itinerarios educativos<\/li>\n<li>Normativa sobre las facilidades para el estudio<\/li>\n<li>Normas para el reconocimiento de cr\u00e9ditos<\/li>\n<li>Normas para los ex\u00e1menes<\/li>\n<li>Normas administrativas<\/li>\n<li>Normas para la suspensi\u00f3n, renuncia y reagrupaci\u00f3n<\/li>\n<li>Normas para solicitar certificaciones<\/li>\n<li>Normas para el tercer ciclo<\/li>\n<li>Normas para el apoyo al estudio<\/li>\n<li>Normas especiales para el Departamento de Recursos Humanos<\/li>\n<li>Normas de disciplina y \u00e9tica acad\u00e9mica<\/li>\n<li>Normas para las secciones no acad\u00e9micas<\/li>\n<\/ul>\n<\/p>\n    <\/div>\n  \n  \n\n<\/div>\n    \n    \n    \n    \n  <\/div>\n\n  <\/section>\n\n\n<section class=\"block  paragraph-box full-width\" \n            >\n\n      <div class=\"paragraph-box__content text-center pt-40 md:pt-50 pb-40 md:pb-50\" id=\"\" style=\"\">\n\n          <div class=\"container\" style=\"\">\n          <h2 class=\"intro-title font-500 text-primary mb-20 s30 font-medium leading-snug text-left\">Procedimientos<\/h2>\n  \n  \n  \n      <div class=\"!mb-30 intro-text text-left\">\n      <p><ul>\n<li>Directrices generales para la inscripci\u00f3n y matr\u00edcula<\/li>\n<li>Activaci\u00f3n m\u00e1ster<\/li>\n<\/ul>\n<\/p>\n    <\/div>\n  \n  \n\n<\/div>\n    \n    \n    \n    \n  <\/div>\n\n  <\/section>\n","protected":false},"excerpt":{"rendered":"","protected":false},"author":3,"featured_media":0,"parent":1006,"menu_order":0,"comment_status":"closed","ping_status":"closed","template":"","meta":{"_acf_changed":false,"footnotes":""},"class_list":["post-1101","page","type-page","status-publish","hentry"],"acf":[],"_links":{"self":[{"href":"https:\/\/www.upra.org\/es\/wp-json\/wp\/v2\/pages\/1101","targetHints":{"allow":["GET"]}}],"collection":[{"href":"https:\/\/www.upra.org\/es\/wp-json\/wp\/v2\/pages"}],"about":[{"href":"https:\/\/www.upra.org\/es\/wp-json\/wp\/v2\/types\/page"}],"author":[{"embeddable":true,"href":"https:\/\/www.upra.org\/es\/wp-json\/wp\/v2\/users\/3"}],"replies":[{"embeddable":true,"href":"https:\/\/www.upra.org\/es\/wp-json\/wp\/v2\/comments?post=1101"}],"version-history":[{"count":23,"href":"https:\/\/www.upra.org\/es\/wp-json\/wp\/v2\/pages\/1101\/revisions"}],"predecessor-version":[{"id":11900,"href":"https:\/\/www.upra.org\/es\/wp-json\/wp\/v2\/pages\/1101\/revisions\/11900"}],"up":[{"embeddable":true,"href":"https:\/\/www.upra.org\/es\/wp-json\/wp\/v2\/pages\/1006"}],"wp:attachment":[{"href":"https:\/\/www.upra.org\/es\/wp-json\/wp\/v2\/media?parent=1101"}],"curies":[{"name":"wp","href":"https:\/\/api.w.org\/{rel}","templated":true}]}}