{"id":1105,"date":"2023-07-13T12:12:39","date_gmt":"2023-07-13T12:12:39","guid":{"rendered":"https:\/\/www.upra.org\/es\/?page_id=1105"},"modified":"2024-01-23T08:38:59","modified_gmt":"2024-01-23T08:38:59","slug":"libreria","status":"publish","type":"page","link":"https:\/\/www.upra.org\/es\/ateneo\/servicios\/libreria\/","title":{"rendered":"Librer\u00eda"},"content":{"rendered":"<section class=\"block  cta-with-media full-width\" \n            >\n\n      <div class=\"cta-with-media__content  template-media-sx py-60 md:py-80\" id=\"\" style=\"\">\n\n    <div class=\"container\">\n      \n        <div class=\"flex flex-col gap-40 md:gap-50 lg:gap-100 md:flex-row\n        md:items-center\">\n\n          <div class=\"flex-1\">\n            <div class=\"media\" style=\"--bg-color-var: #FFFFFF\">\n              <div\n  class=\"image bg-cover  --is-webp \"\n   data-defer >\n  <figure>\n    <div class=\"image__wrapper\">\n              <picture>\n          \n          <source\n            srcset=\"\"\n            sizes=\"(min-width: 992px) 808px, (min-width: 768px) 680px, 100vw\"\n          \/>\n          <img decoding=\"async\" src=\"https:\/\/www.upra.org\/app\/uploads\/sites\/5\/2024\/01\/1-4-2.webp\" width=\"\" height=\"\" alt=\"1-4 (2)\">\n        <\/picture>\n          <\/div>\n      <\/figure>\n<\/div>\n\n                          <\/div>\n          <\/div>\n\n          <div class=\"flex-1\">\n                                  <p class=\"!mb-40\"><p>En la <strong>librer\u00eda del Ateneo Pontificio Regina Apostolorum<\/strong> est\u00e1n disponibles los textos adoptados por los profesores de las Facultades e Institutos de la Universidad: Teolog\u00eda, Filosof\u00eda, Bio\u00e9tica e Instituto Superior de Ciencias Religiosas.<\/p>\n<p>En la librer\u00eda se pueden encontrar diversos textos de ensayo, historia, arte y literatura, as\u00ed como los vol\u00famenes adoptados por las Facultades de Psicolog\u00eda, Derecho, Econom\u00eda, Turismo y Ciencias de la Educaci\u00f3n de la Universidad Europea de Roma.<\/p>\n<\/p>\n                                      <\/div>\n      <\/div>\n\n    <\/div>\n\n  <\/div>\n\n  <\/section>\n\n\n<section class=\"block  paragraph-box full-width\" \n            >\n\n      <div class=\"paragraph-box__content text-center pt-40 md:pt-50 pb-40 md:pb-50\" id=\"\" style=\"background-color: #f2f3f5\">\n\n          <div class=\"container\" style=\"\">\n          <h2 class=\"intro-title font-500 text-primary mb-20 s30 font-medium leading-snug \">Horario de apertura<\/h2>\n  \n  \n  \n      <div class=\"!mb-30 intro-text text-left\">\n      <p><p>La librer\u00eda se encuentra en el aula DT01 (planta baja, a la derecha de la entrada principal) y est\u00e1 abierta:<\/p>\n<p>De lunes a jueves, de 8:30 a 17:00 h<\/p>\n<p>Los viernes, de 8:30 a 14:30 h<\/p>\n<p>Los s\u00e1bados, de 9:00 a 13:00 h<\/p>\n<\/p>\n    <\/div>\n  \n  \n\n<\/div>\n    \n    \n    \n    \n  <\/div>\n\n  <\/section>\n\n\n<section class=\"block  paragraph-box full-width\" \n            >\n\n      <div class=\"paragraph-box__content text-center pt-40 md:pt-50 pb-40 md:pb-50\" id=\"\" style=\"\">\n\n          <div class=\"container\" style=\"\">\n          <h2 class=\"intro-title font-500 text-primary mb-20 s30 font-medium leading-snug \">Altri servizi<\/h2>\n  \n  \n  \n      <div class=\"!mb-30 intro-text text-left\">\n      <p><p><span style=\"font-weight: 400;\">Presso la Libreria dell\u2019Ateneo \u00e8 possibile acquistare materiale di cartoleria, oggettistica religiosa e i gadget dell\u2019Universit\u00e0 Europea, inoltre \u00e8 possibile usufruire dei seguenti servizi:<\/span><\/p>\n<ul>\n<li style=\"font-weight: 400;\" aria-level=\"1\"><span style=\"font-weight: 400;\">Fotocopie e stampe b\/n e colori<\/span><\/li>\n<li style=\"font-weight: 400;\" aria-level=\"1\"><span style=\"font-weight: 400;\">Scanner<\/span><\/li>\n<li style=\"font-weight: 400;\" aria-level=\"1\"><span style=\"font-weight: 400;\">Rilegature<\/span><\/li>\n<li style=\"font-weight: 400;\" aria-level=\"1\"><span style=\"font-weight: 400;\">Plastificazioni<\/span><\/li>\n<li style=\"font-weight: 400;\" aria-level=\"1\"><span style=\"font-weight: 400;\">Stampa e rilegatura tesi<\/span><\/li>\n<li style=\"font-weight: 400;\" aria-level=\"1\"><span style=\"font-weight: 400;\">Vendita biglietti ATAC e schede telefoniche<\/span><\/li>\n<\/ul>\n<\/p>\n    <\/div>\n  \n  \n\n<\/div>\n    \n    \n    \n    \n  <\/div>\n\n  <\/section>\n\n\n<section class=\"block  cta-banner full-width\" \n            >\n\n      <div class=\"cta-banner__content text-white content-left pt-60 md:pt-80 pb-60 md:pb-80\" id=\"\" style=\"background-color: #003da5\">\n    <div class=\"container px-20 md:px-0\">\n      <div>\n                            <h2 class=\"py-20 s50 font-500 text-primary text-center md:text-left\">Contactos<\/h2>\n                          <p class=\"pb-20 md:px-0\"><p>Responsable: Vittoriano Graziani<\/p>\n<\/p>\n              <\/div>\n      <div>\n                        \n                  <div class=\"pb-20\">\n                      <p class=\"label_link s18 mr-10\">\n                              <span class=\"icon icon-envelope\">\n                  <span class=\"lnr lnr-envelope\"><\/span>\n                <\/span>\n                                            <span>\n                  Correo electr\u00f3nico:\n                <\/span>\n                            <a href=mailto:libreria@unier.it   title=\"libreria@unier.it \"  class=\"button hover-underline s18  --white \">\n    <span class=\"button__label\">libreria@unier.it <\/span>\n  <\/a>\n            <\/p>\n                      <p class=\"label_link s18 mr-10\">\n                              <span class=\"icon icon-phone-handset\">\n                  <span class=\"lnr lnr-phone-handset\"><\/span>\n                <\/span>\n                                            <span>\n                  M\u00f3vil:\n                <\/span>\n                            <a href=tel:%20+39%20334%208801311   title=\"+39 334 880 1311\"  class=\"button hover-underline s18  --white \">\n    <span class=\"button__label\">+39 334 880 1311<\/span>\n  <\/a>\n            <\/p>\n                    <\/div>\n        \n              <\/div>\n    <\/div>\n\n  <\/div>\n\n  <\/section>\n","protected":false},"excerpt":{"rendered":"","protected":false},"author":3,"featured_media":0,"parent":1093,"menu_order":0,"comment_status":"closed","ping_status":"closed","template":"","meta":{"_acf_changed":false,"footnotes":""},"class_list":["post-1105","page","type-page","status-publish","hentry"],"acf":[],"_links":{"self":[{"href":"https:\/\/www.upra.org\/es\/wp-json\/wp\/v2\/pages\/1105","targetHints":{"allow":["GET"]}}],"collection":[{"href":"https:\/\/www.upra.org\/es\/wp-json\/wp\/v2\/pages"}],"about":[{"href":"https:\/\/www.upra.org\/es\/wp-json\/wp\/v2\/types\/page"}],"author":[{"embeddable":true,"href":"https:\/\/www.upra.org\/es\/wp-json\/wp\/v2\/users\/3"}],"replies":[{"embeddable":true,"href":"https:\/\/www.upra.org\/es\/wp-json\/wp\/v2\/comments?post=1105"}],"version-history":[{"count":13,"href":"https:\/\/www.upra.org\/es\/wp-json\/wp\/v2\/pages\/1105\/revisions"}],"predecessor-version":[{"id":8089,"href":"https:\/\/www.upra.org\/es\/wp-json\/wp\/v2\/pages\/1105\/revisions\/8089"}],"up":[{"embeddable":true,"href":"https:\/\/www.upra.org\/es\/wp-json\/wp\/v2\/pages\/1093"}],"wp:attachment":[{"href":"https:\/\/www.upra.org\/es\/wp-json\/wp\/v2\/media?parent=1105"}],"curies":[{"name":"wp","href":"https:\/\/api.w.org\/{rel}","templated":true}]}}