{"id":1107,"date":"2023-07-13T12:12:53","date_gmt":"2023-07-13T12:12:53","guid":{"rendered":"https:\/\/www.upra.org\/es\/?page_id=1107"},"modified":"2026-02-17T10:55:25","modified_gmt":"2026-02-17T10:55:25","slug":"exposicion-sabana-santa","status":"publish","type":"page","link":"https:\/\/www.upra.org\/es\/ateneo\/exposicion-sabana-santa\/","title":{"rendered":"Exposici\u00f3n permanente sobre la S\u00e1bana Santa"},"content":{"rendered":"<section class=\"block  cta-with-media full-width\" \n            >\n\n      <div class=\"cta-with-media__content  template-media-sx py-60 md:py-80\" id=\"\" style=\"\">\n\n    <div class=\"container\">\n      \n        <div class=\"flex flex-col gap-40 md:gap-50 lg:gap-100 md:flex-row\n        md:items-center\">\n\n          <div class=\"flex-1\">\n            <div class=\"media\" style=\"--bg-color-var: #FFFFFF\">\n              <div\n  class=\"image bg-cover  --is-webp \"\n   data-defer >\n  <figure>\n    <div class=\"image__wrapper\">\n              <picture>\n          \n          <source\n            srcset=\"\"\n            sizes=\"(min-width: 992px) 808px, (min-width: 768px) 680px, 100vw\"\n          \/>\n          <img decoding=\"async\" src=\"https:\/\/www.upra.org\/app\/uploads\/sites\/5\/2024\/01\/Senza-titolo-1_1-1.webp\" width=\"\" height=\"\" alt=\"Senza-titolo-1_1 (1)\">\n        <\/picture>\n          <\/div>\n      <\/figure>\n<\/div>\n\n                              <a data-fslightbox=\"https:\/\/youtu.be\/ucAAqaZVVx8?feature=shared\" data-width=\"1280\" data-height=\"720\" href=\"https:\/\/youtu.be\/ucAAqaZVVx8?feature=shared\" target=\"_blank\" class=\"data-def\" rel=\"noopener\">\n                  <span>\n                    <i class=\"fa-regular fa-circle-play\"><\/i>\n                    Mirar el video\n                  <\/span>\n                <\/a>\n                          <\/div>\n          <\/div>\n\n          <div class=\"flex-1\">\n                                  <p class=\"!mb-40\"><p>El Ateneo dispone de un <strong>espacio dedicado a la exposici\u00f3n permanente sobre la S\u00e1bana Santa<\/strong>, reproducci\u00f3n autorizada y fiel del original.<\/p>\n<p>La <strong>S\u00e1bana<\/strong> Santa es una reliquia \u00fanica que ofrece la posibilidad de <strong>contemplar<\/strong> y reflexionar sobre el <strong>misterio<\/strong> de la <strong>Pascua<\/strong>. Por ello, se propone como una <strong>herramienta<\/strong> privilegiada para la <strong>Nueva Evangelizaci\u00f3n<\/strong>.<\/p>\n<p>Por este motivo, quienes quieran conocer y profundizar en el valor hist\u00f3rico, cient\u00edfico y espiritual de la S\u00e1bana Santa pueden sumergirse en el coraz\u00f3n de nuestra Exposici\u00f3n y <strong>visitarla virtualmente<\/strong> a trav\u00e9s del V\u00eddeo aqu\u00ed o de persona directamente en el Ateneo, en Roma.<\/p>\n<\/p>\n                                      <\/div>\n      <\/div>\n\n    <\/div>\n\n  <\/div>\n\n  <\/section>\n\n\n<section class=\"block  paragraph-box full-width\" \n            >\n\n      <div class=\"paragraph-box__content text-center pt-40 md:pt-50 pb-40 md:pb-50\" id=\"\" style=\"background-color: #f2f3f5\">\n\n          <div class=\"container\" style=\"\">\n          <h2 class=\"intro-title font-500 text-primary mb-20 s30 font-medium leading-snug \">La S\u00e1bana Santa<\/h2>\n  \n  \n  \n      <div class=\"!mb-30 intro-text text-left\">\n      <p><p>La S\u00e1bana Santa es un lienzo de lino en la que est\u00e1 impresa la figura del cuerpo de un hombre torturado y crucificado. La huella tiene la caracter\u00edstica \u00fanica de comportarse como un negativo fotogr\u00e1fico.<\/p>\n<p>La exposici\u00f3n representa una<strong> importante oportunidad para entablar un di\u00e1logo entre Ciencia y Fe<\/strong>. Est\u00e1 dirigida a todo aquel que sienta la llamada espiritual de la S\u00e1bana Santa y desee explorar a fondo su valor, su autenticidad, su significado y su mensaje.<\/p>\n<p>El espacio de exposici\u00f3n que hemos reservado a esta pieza fundamental del cristianismo es para nosotros una forma de <strong>transmitir el mensaje de evangelizaci\u00f3n<\/strong>.<\/p>\n<p>El Ateneo cree firmemente en el valor de la S\u00e1bana Santa y desde hace m\u00e1s de 15 a\u00f1os ofrece un <strong>Diploma en Estudios Sind\u00f3nicos<\/strong>\u00a0(en italiano, espa\u00f1ol e ingl\u00e9s). Un curso que, con un enfoque sistem\u00e1tico e interdisciplinar, profundiza este documento excepcional y su mensaje de fe.<\/p>\n<pre id=\"tw-target-text\" class=\"tw-data-text tw-text-large tw-ta\" dir=\"ltr\" data-placeholder=\"Traduzione\" data-ved=\"2ahUKEwiHk6nP4_GEAxXaiv0HHTWMDq0Q3ewLegQIDRAU\"><\/pre>\n<\/p>\n    <\/div>\n  \n      <div class=\"container buttons mt-20 mb-20 flex items-center md:items-start flex-col md:flex-row flex-wrap md:flex-nowrap justify-center\">\n              <a href=https:\/\/form.upra.org\/servizionline\/form\/Primomoduloammissione2022\/formperma\/DWsJy6PdxbjU1iw5Uv7SAJz9vLWfNfcGGX09J08Zqno\/?zf_lang=es&amp;lang=Spagnolo&amp;cvf=Voglio%20iscrivermi&amp;P=Diplomado%20en%20Estudios%20Sind%C3%B3nicos%202024-2025   title=\"Inscr\u00edbete al Curso\"  class=\"button mx-10 my-10 mb-20 md:mb-10 mt-0 md:mb-4 --button-border  \">\n    <span class=\"button__label\">Inscr\u00edbete al Curso<\/span>\n  <\/a>\n              <a href=https:\/\/zohosecurepay.eu\/checkout\/euw36fex-fuidzl9xvztbr\/Instituto-Ciencia-y-Fe--Donacin-nica  target=_blank  title=\"Hacer una donaci\u00f3n puntual\"   rel=\"noopener noreferrer\" class=\"button mx-10 my-10 mb-20 md:mb-10 mt-0 md:mb-4 --button-border  \">\n    <span class=\"button__label\">Hacer una donaci\u00f3n puntual<\/span>\n  <\/a>\n              <a href=https:\/\/zohosecurepay.eu\/checkout\/zcyh3lzn-rvpmik826id15\/Instituto-Ciencia-y-Fe--Donacin-recurrente  target=_blank  title=\"Apoya la exposici\u00f3n a lo largo del tiempo\"   rel=\"noopener noreferrer\" class=\"button mx-10 my-10 mb-20 md:mb-10 mt-0 md:mb-4 --button-border  \">\n    <span class=\"button__label\">Apoya la exposici\u00f3n a lo largo del tiempo<\/span>\n  <\/a>\n          <\/div>\n  \n\n<\/div>\n    \n    \n    \n    \n  <\/div>\n\n  <\/section>\n\n\n<section class=\"block  paragraph-box full-width\" \n            >\n\n      <div class=\"paragraph-box__content text-center pt-40 md:pt-50 pb-40 md:pb-50\" id=\"\" style=\"background-color: #ffffff\">\n\n          <div class=\"container\" style=\"\">\n          <h2 class=\"intro-title font-500 text-primary mb-20 s30 font-medium leading-snug \">La exposici\u00f3n<\/h2>\n  \n  \n  \n      <div class=\"!mb-30 intro-text text-left\">\n      <p><p>La <em>exposici\u00f3n permanente sobre la S\u00e1bana Santa<\/em> del Ateneo Pontificio Regina Apostolorum ofrece un panorama \u00fanico sobre el tema:<\/p>\n<ul>\n<li>reproducci\u00f3n a tama\u00f1o natural de la S\u00e1bana Santa<\/li>\n<li>recorrido hist\u00f3rico-did\u00e1ctico desde sus inicios hasta la actualidad<\/li>\n<li>presentaci\u00f3n del debate cient\u00edfico sobre la autenticidad, las caracter\u00edsticas, etc., a la luz de las investigaciones realizadas en los \u00faltimos a\u00f1os<\/li>\n<li>estatua de bronce del hombre de la S\u00e1bana Santa, obra del escultor Luigi E. Mattei<\/li>\n<li>los hologramas del hombre de la S\u00e1bana Santa producidos por el Dr. Petrus Soons<\/li>\n<li>estudio de la Pasi\u00f3n de Cristo a la luz de la S\u00e1bana Santa<\/li>\n<li>reconstrucci\u00f3n de algunos de los objetos de la Pasi\u00f3n: los clavos, la corona de espinas, los azotes<\/li>\n<li>reproducci\u00f3n a escala del Santo Sepulcro en tiempos de Jes\u00fas<\/li>\n<li>presentaciones multimedia sobre la S\u00e1bana Santa<\/li>\n<\/ul>\n<p><strong>Le informamos de que las visitas se suspender\u00e1n durante todo el mes de agosto.<\/strong><\/p>\n<\/p>\n    <\/div>\n  \n      <div class=\"container buttons mt-20 mb-20 flex items-center md:items-start flex-col md:flex-row flex-wrap md:flex-nowrap justify-center\">\n              <a href=https:\/\/forms.office.com\/Pages\/ResponsePage.aspx?id=Ntsezw4zSk6Xe3qrHu77hnt-pTBnuzJFrIgMaW8pDotUNDlMSFNMRDhTQjZaUDU2MU5USkxIU0RJUC4u  target=_blank  title=\"Reserva una visita\"   rel=\"noopener noreferrer\" class=\"button mx-10 my-10 mb-20 md:mb-10 mt-0 md:mb-4 --button-border  \">\n    <span class=\"button__label\">Reserva una visita<\/span>\n  <\/a>\n          <\/div>\n  \n\n<\/div>\n    \n    \n    \n    \n  <\/div>\n\n  <\/section>\n\n\n<section class=\"block  cta-banner full-width\" \n            >\n\n      <div class=\"cta-banner__content text-white content-left pt-60 md:pt-80 pb-60 md:pb-80\" id=\"\" style=\"background-color: #003da5\">\n    <div class=\"container px-20 md:px-0\">\n      <div>\n                            <h2 class=\"py-20 s50 font-500 text-primary text-center md:text-left\">Contactos<\/h2>\n                          <p class=\"pb-20 md:px-0\"><p>Para obtener m\u00e1s informaci\u00f3n y reservar una visita a la exposici\u00f3n, utilizar los siguientes datos de contacto:<\/p>\n<\/p>\n              <\/div>\n      <div>\n                        \n                  <div class=\"pb-20\">\n                      <p class=\"label_link s18 mr-10\">\n                              <span class=\"icon icon-envelope\">\n                  <span class=\"lnr lnr-envelope\"><\/span>\n                <\/span>\n                                            <span>\n                  Correo electr\u00f3nico:\n                <\/span>\n                            <a href=mailto: http:\/\/othonia@upra.org   title=\"othonia@upra.org\"  class=\"button hover-underline s18  --white \">\n    <span class=\"button__label\">othonia@upra.org<\/span>\n  <\/a>\n            <\/p>\n                      <p class=\"label_link s18 mr-10\">\n                              <span class=\"icon icon-phone\">\n                  <span class=\"lnr lnr-phone\"><\/span>\n                <\/span>\n                                            <span>\n                  Tel\u00e9fono:\n                <\/span>\n                            <a href=tel:%20+39%2006%2091689941   title=\"+39 06 91689941\"  class=\"button hover-underline s18  --white \">\n    <span class=\"button__label\">+39 06 91689941<\/span>\n  <\/a>\n            <\/p>\n                    <\/div>\n        \n              <\/div>\n    <\/div>\n\n  <\/div>\n\n  <\/section>\n","protected":false},"excerpt":{"rendered":"","protected":false},"author":3,"featured_media":0,"parent":761,"menu_order":0,"comment_status":"closed","ping_status":"closed","template":"","meta":{"_acf_changed":false,"footnotes":""},"class_list":["post-1107","page","type-page","status-publish","hentry"],"acf":[],"_links":{"self":[{"href":"https:\/\/www.upra.org\/es\/wp-json\/wp\/v2\/pages\/1107","targetHints":{"allow":["GET"]}}],"collection":[{"href":"https:\/\/www.upra.org\/es\/wp-json\/wp\/v2\/pages"}],"about":[{"href":"https:\/\/www.upra.org\/es\/wp-json\/wp\/v2\/types\/page"}],"author":[{"embeddable":true,"href":"https:\/\/www.upra.org\/es\/wp-json\/wp\/v2\/users\/3"}],"replies":[{"embeddable":true,"href":"https:\/\/www.upra.org\/es\/wp-json\/wp\/v2\/comments?post=1107"}],"version-history":[{"count":41,"href":"https:\/\/www.upra.org\/es\/wp-json\/wp\/v2\/pages\/1107\/revisions"}],"predecessor-version":[{"id":11895,"href":"https:\/\/www.upra.org\/es\/wp-json\/wp\/v2\/pages\/1107\/revisions\/11895"}],"up":[{"embeddable":true,"href":"https:\/\/www.upra.org\/es\/wp-json\/wp\/v2\/pages\/761"}],"wp:attachment":[{"href":"https:\/\/www.upra.org\/es\/wp-json\/wp\/v2\/media?parent=1107"}],"curies":[{"name":"wp","href":"https:\/\/api.w.org\/{rel}","templated":true}]}}