{"id":1109,"date":"2023-07-13T12:13:05","date_gmt":"2023-07-13T12:13:05","guid":{"rendered":"https:\/\/www.upra.org\/es\/?page_id=1109"},"modified":"2024-01-23T11:51:22","modified_gmt":"2024-01-23T11:51:22","slug":"servicios-informaticos","status":"publish","type":"page","link":"https:\/\/www.upra.org\/es\/ateneo\/servicios\/servicios-informaticos\/","title":{"rendered":"Servicios inform\u00e1ticos"},"content":{"rendered":"<section class=\"block  cta-with-media full-width\" \n            >\n\n      <div class=\"cta-with-media__content  template-media-sx py-60 md:py-80\" id=\"\" style=\"\">\n\n    <div class=\"container\">\n      \n        <div class=\"flex flex-col gap-40 md:gap-50 lg:gap-100 md:flex-row\n        md:items-center\">\n\n          <div class=\"flex-1\">\n            <div class=\"media\" style=\"--bg-color-var: #FFFFFF\">\n              <div\n  class=\"image bg-cover  --is-webp \"\n   data-defer >\n  <figure>\n    <div class=\"image__wrapper\">\n              <picture>\n          \n          <source\n            srcset=\"\"\n            sizes=\"(min-width: 992px) 808px, (min-width: 768px) 680px, 100vw\"\n          \/>\n          <img decoding=\"async\" src=\"https:\/\/www.upra.org\/app\/uploads\/sites\/5\/2024\/01\/0000_Servizi_1-3.webp\" width=\"\" height=\"\" alt=\"0000_Servizi_1 (3)\">\n        <\/picture>\n          <\/div>\n      <\/figure>\n<\/div>\n\n                          <\/div>\n          <\/div>\n\n          <div class=\"flex-1\">\n                                      <h2 class=\"font-500 text-primary mb-20 s50\">Servicios inform\u00e1ticos<\/h2>\n                                <p class=\"!mb-40\"><p>Todos los alumnos y profesores disponen de un servicio de <strong>asistencia tecnol\u00f3gica<\/strong>. Dentro del Ateneo Pontificio Regina Apostolorum, el <strong>departamento de inform\u00e1tica<\/strong> est\u00e1 abierto de lunes a viernes de 12 a 13:30 en la planta -1, edificio \u00abB\u00bb (dentro de la Biblioteca).<\/p>\n<p>El servicio inform\u00e1tico tambi\u00e9n presta ayuda para la b\u00fasqueda, creaci\u00f3n y consulta de todo el material did\u00e1ctico disponible en l\u00ednea.<\/p>\n<\/p>\n                                      <\/div>\n      <\/div>\n\n    <\/div>\n\n  <\/div>\n\n  <\/section>\n\n\n<section class=\"block  paragraph-box full-width\" \n            >\n\n      <div class=\"paragraph-box__content text-center pt-40 md:pt-50 pb-40 md:pb-50\" id=\"\" style=\"background-color: #f2f3f5\">\n\n          <div class=\"container\" style=\"\">\n          <h2 class=\"intro-title font-500 text-primary mb-20 s30 font-medium leading-snug \">Materiales en l\u00ednea<\/h2>\n  \n  \n  \n      <div class=\"!mb-30 intro-text text-left\">\n      <p><p>Para los cursos activos en la Universidad, los inscritos en las Facultades y los Institutos tienen a su disposici\u00f3n en l\u00ednea material reservado.<\/p>\n<\/p>\n    <\/div>\n  \n      <div class=\"container buttons mt-20 mb-20 flex items-center md:items-start flex-col md:flex-row flex-wrap md:flex-nowrap justify-center\">\n              <a href=https:\/\/corsiupra.org\/?lang=es   title=\"Ver el material en l\u00ednea\"  class=\"button mx-10 my-10 mb-20 md:mb-10 mt-0 md:mb-4 --button-border  \">\n    <span class=\"button__label\">Ver el material en l\u00ednea<\/span>\n  <\/a>\n          <\/div>\n  \n\n<\/div>\n    \n    \n    \n    \n  <\/div>\n\n  <\/section>\n\n\n<section class=\"block  paragraph-box full-width\" \n            >\n\n      <div class=\"paragraph-box__content text-center pt-40 md:pt-50 pb-40 md:pb-50\" id=\"\" style=\"background-color: #ffffff\">\n\n          <div class=\"container\" style=\"\">\n          <h2 class=\"intro-title font-500 text-primary mb-20 s30 font-medium leading-snug \">Gu\u00edas<\/h2>\n  \n  \n  \n      <div class=\"!mb-30 intro-text text-left\">\n      <p><p>La oficina de asistencia inform\u00e1tica <strong>para el profesorado<\/strong> ha elaborado gu\u00edas sobre c\u00f3mo solicitar o modificar un curso o c\u00f3mo utilizar el paquete de programas Office 365. Estas <strong>gu\u00edas<\/strong> se pueden consultar para facilitar la realizaci\u00f3n de estas operaciones.<\/p>\n<\/p>\n    <\/div>\n  \n      <div class=\"container buttons mt-20 mb-20 flex items-center md:items-start flex-col md:flex-row flex-wrap md:flex-nowrap justify-center\">\n              <a href=#   title=\"Consultar la gu\u00eda para la solicitud de un nuevo curso\"  class=\"button mx-10 my-10 mb-20 md:mb-10 mt-0 md:mb-4 --button-border  \">\n    <span class=\"button__label\">Consultar la gu\u00eda para la solicitud de un nuevo curso<\/span>\n  <\/a>\n              <a href=#   title=\"Consultar la gu\u00eda para modificar un nuevo curso\"  class=\"button mx-10 my-10 mb-20 md:mb-10 mt-0 md:mb-4 --button-border  \">\n    <span class=\"button__label\">Consultar la gu\u00eda para modificar un nuevo curso<\/span>\n  <\/a>\n              <a href=#   title=\"Consultar la gu\u00eda del usuario de Office 365\"  class=\"button mx-10 my-10 mb-20 md:mb-10 mt-0 md:mb-4 --button-border  \">\n    <span class=\"button__label\">Consultar la gu\u00eda del usuario de Office 365<\/span>\n  <\/a>\n          <\/div>\n  \n\n<\/div>\n    \n    \n    \n    \n  <\/div>\n\n  <\/section>\n\n\n<section class=\"block  paragraph-box full-width\" \n            >\n\n      <div class=\"paragraph-box__content text-center pt-40 md:pt-50 pb-40 md:pb-50\" id=\"\" style=\"background-color: #f2f3f5\">\n\n          <div class=\"container\" style=\"\">\n          <h2 class=\"intro-title font-500 text-primary mb-20 s30 font-medium leading-snug \">Accesso WI-FI<\/h2>\n  \n  \n  \n      <div class=\"!mb-30 intro-text text-left\">\n      <p><p>Para acceder a la <strong>red Wi-Fi de la Universidad<\/strong>, basta seguir unos sencillos pasos. Al acceder a la red identificada con el nombre <strong>APRA WI-FI<\/strong>, se abre una p\u00e1gina de autenticaci\u00f3n. Para utilizar el servicio, hay que aceptar la Pol\u00edtica de privacidad. Desde el momento en que se pulsa el bot\u00f3n \u00abCLIC Y NAVEGAR\u00bb, tendr\u00e1s acceso a la navegaci\u00f3n por Internet.<br \/>\nLos contenidos y servicios de Internet se <strong>filtran de acuerdo con las pol\u00edticas institucionales<\/strong> y por razones de <strong>seguridad de la informaci\u00f3n<\/strong>. Una vez establecida la conexi\u00f3n a la red APRA WI-FI, la p\u00e1gina de autenticaci\u00f3n se deber\u00eda abrir autom\u00e1ticamente.<br \/>\nEn algunos casos, con ciertos dispositivos puede aparecer una p\u00e1gina de error similar a la siguiente. Para solucionar el problema, conviene intentar abrir un sitio http y no https. Por ejemplo, <a href=\"http:\/\/www.ansa.it\" target=\"_blank\" rel=\"noopener\">http:\/\/www.ansa.it<\/a> o <a href=\"http:\/\/clients3.google.com\/\" target=\"_blank\" rel=\"noopener\">http:\/\/clients3.google.com\/<\/a>. De este modo, se abrir\u00e1 autom\u00e1ticamente la p\u00e1gina de bienvenida.<\/p>\n<\/p>\n    <\/div>\n  \n  \n\n<\/div>\n    \n    \n    \n    \n  <\/div>\n\n  <\/section>\n\n\n<section class=\"block  cta-banner full-width\" \n            >\n\n      <div class=\"cta-banner__content text-white content-left pt-60 md:pt-80 pb-60 md:pb-80\" id=\"\" style=\"background-color: #003da5\">\n    <div class=\"container px-20 md:px-0\">\n      <div>\n                            <h2 class=\"py-20 s50 font-500 text-primary text-center md:text-left\">Contactos<\/h2>\n                          <p class=\"pb-20 md:px-0\"><p>Para obtener m\u00e1s informaci\u00f3n sobre los servicios de asistencia inform\u00e1tica, se puede enviar un mensaje de correo electr\u00f3nico a la persona de contacto de la oficina:<br \/>\nPersona de contacto: Ing. Leonardo Cannata<\/p>\n<\/p>\n              <\/div>\n      <div>\n                        \n                  <div class=\"pb-20\">\n                      <p class=\"label_link s18 mr-10\">\n                              <span class=\"icon icon-envelope\">\n                  <span class=\"lnr lnr-envelope\"><\/span>\n                <\/span>\n                                            <span>\n                  Correo electr\u00f3nico:\n                <\/span>\n                            <a href=mailto: sistemiateneo@upra.org   title=\" sistemiateneo@upra.org\"  class=\"button hover-underline s18  --white \">\n    <span class=\"button__label\"> sistemiateneo@upra.org<\/span>\n  <\/a>\n            <\/p>\n                    <\/div>\n        \n              <\/div>\n    <\/div>\n\n  <\/div>\n\n  <\/section>\n","protected":false},"excerpt":{"rendered":"","protected":false},"author":3,"featured_media":0,"parent":1093,"menu_order":0,"comment_status":"closed","ping_status":"closed","template":"","meta":{"_acf_changed":false,"footnotes":""},"class_list":["post-1109","page","type-page","status-publish","hentry"],"acf":[],"_links":{"self":[{"href":"https:\/\/www.upra.org\/es\/wp-json\/wp\/v2\/pages\/1109","targetHints":{"allow":["GET"]}}],"collection":[{"href":"https:\/\/www.upra.org\/es\/wp-json\/wp\/v2\/pages"}],"about":[{"href":"https:\/\/www.upra.org\/es\/wp-json\/wp\/v2\/types\/page"}],"author":[{"embeddable":true,"href":"https:\/\/www.upra.org\/es\/wp-json\/wp\/v2\/users\/3"}],"replies":[{"embeddable":true,"href":"https:\/\/www.upra.org\/es\/wp-json\/wp\/v2\/comments?post=1109"}],"version-history":[{"count":31,"href":"https:\/\/www.upra.org\/es\/wp-json\/wp\/v2\/pages\/1109\/revisions"}],"predecessor-version":[{"id":8198,"href":"https:\/\/www.upra.org\/es\/wp-json\/wp\/v2\/pages\/1109\/revisions\/8198"}],"up":[{"embeddable":true,"href":"https:\/\/www.upra.org\/es\/wp-json\/wp\/v2\/pages\/1093"}],"wp:attachment":[{"href":"https:\/\/www.upra.org\/es\/wp-json\/wp\/v2\/media?parent=1109"}],"curies":[{"name":"wp","href":"https:\/\/api.w.org\/{rel}","templated":true}]}}