{"id":1113,"date":"2023-07-13T12:13:34","date_gmt":"2023-07-13T12:13:34","guid":{"rendered":"https:\/\/www.upra.org\/es\/?page_id=1113"},"modified":"2024-01-23T08:44:09","modified_gmt":"2024-01-23T08:44:09","slug":"cappellania","status":"publish","type":"page","link":"https:\/\/www.upra.org\/es\/ateneo\/servicios\/cappellania\/","title":{"rendered":"Capellan\u00eda"},"content":{"rendered":"<section class=\"block  cta-with-media full-width\" \n            >\n\n      <div class=\"cta-with-media__content  template-media-sx py-60 md:py-80\" id=\"\" style=\"\">\n\n    <div class=\"container\">\n      \n        <div class=\"flex flex-col gap-40 md:gap-50 lg:gap-100 md:flex-row\n        md:items-start\">\n\n          <div class=\"flex-1\">\n            <div class=\"media\" style=\"--bg-color-var: #FFFFFF\">\n              <div\n  class=\"image bg-cover  --is-webp \"\n   data-defer >\n  <figure>\n    <div class=\"image__wrapper\">\n              <picture>\n          \n          <source\n            srcset=\"\"\n            sizes=\"(min-width: 992px) 808px, (min-width: 768px) 680px, 100vw\"\n          \/>\n          <img decoding=\"async\" src=\"https:\/\/www.upra.org\/app\/uploads\/sites\/5\/2024\/01\/1-3-1.webp\" width=\"\" height=\"\" alt=\"1-3 (1)\">\n        <\/picture>\n          <\/div>\n      <\/figure>\n<\/div>\n\n                          <\/div>\n          <\/div>\n\n          <div class=\"flex-1\">\n                                  <p class=\"!mb-40\"><p>En el Ateneo Pontificio Regina Apostolorum hay un <strong>servicio de Capellan\u00eda<\/strong> donde se celebra la Santa Misa todos los d\u00edas laborables a las 12:30 horas y los s\u00e1bados a las 8:00 horas.<br \/>\nHay muchas m\u00e1s actividades y servicios a disposici\u00f3n de todos los alumnos y profesores que sientan la necesidad de una confrontaci\u00f3n espiritual:<\/p>\n<ul>\n<li>entrevistas personales;<\/li>\n<li>participaci\u00f3n en encuentros con el Santo Padre;<\/li>\n<li>retiros;<\/li>\n<li>apostolado;<\/li>\n<li>voluntariado;<\/li>\n<li>conferencias educativas sobre diversos temas;<\/li>\n<li>peregrinaciones y excursiones;<\/li>\n<li>confesiones.<\/li>\n<\/ul>\n<\/p>\n                                      <\/div>\n      <\/div>\n\n    <\/div>\n\n  <\/div>\n\n  <\/section>\n\n\n<section class=\"block  cta-banner full-width\" \n            >\n\n      <div class=\"cta-banner__content text-white content-left pt-60 md:pt-80 pb-60 md:pb-80\" id=\"\" style=\"background-color: #003da5\">\n    <div class=\"container px-20 md:px-0\">\n      <div>\n                            <h2 class=\"py-20 s50 font-500 text-primary text-center md:text-left\">Contactos<\/h2>\n                      <\/div>\n      <div>\n                          <a href=https:\/\/www.upra.org\/es\/ateneo\/contactos\/   title=\"M\u00e1s informaci\u00f3n\"  class=\"button --button-border mb-20 --white  \">\n    <span class=\"button__label\">M\u00e1s informaci\u00f3n<\/span>\n  <\/a>\n                \n        \n                  <div class=\"pt-20 simple_links\">\n                      <a href=https:\/\/www.upra.org\/es\/admision\/como-inscribirse\/   title=\"C\u00f3mo inscribirse\"  class=\"button mb-20 --underline  --white \">\n    <span class=\"button__label\">C\u00f3mo inscribirse<\/span>\n  <\/a>\n                      <a href=https:\/\/www.upra.org\/es\/ateneo\/servicios\/   title=\"Descubre todos los Servicios\"  class=\"button mb-20 --underline  --white \">\n    <span class=\"button__label\">Descubre todos los Servicios<\/span>\n  <\/a>\n                    <\/div>\n              <\/div>\n    <\/div>\n\n  <\/div>\n\n  <\/section>\n","protected":false},"excerpt":{"rendered":"","protected":false},"author":3,"featured_media":0,"parent":1093,"menu_order":0,"comment_status":"closed","ping_status":"closed","template":"","meta":{"_acf_changed":false,"footnotes":""},"class_list":["post-1113","page","type-page","status-publish","hentry"],"acf":[],"_links":{"self":[{"href":"https:\/\/www.upra.org\/es\/wp-json\/wp\/v2\/pages\/1113","targetHints":{"allow":["GET"]}}],"collection":[{"href":"https:\/\/www.upra.org\/es\/wp-json\/wp\/v2\/pages"}],"about":[{"href":"https:\/\/www.upra.org\/es\/wp-json\/wp\/v2\/types\/page"}],"author":[{"embeddable":true,"href":"https:\/\/www.upra.org\/es\/wp-json\/wp\/v2\/users\/3"}],"replies":[{"embeddable":true,"href":"https:\/\/www.upra.org\/es\/wp-json\/wp\/v2\/comments?post=1113"}],"version-history":[{"count":23,"href":"https:\/\/www.upra.org\/es\/wp-json\/wp\/v2\/pages\/1113\/revisions"}],"predecessor-version":[{"id":8099,"href":"https:\/\/www.upra.org\/es\/wp-json\/wp\/v2\/pages\/1113\/revisions\/8099"}],"up":[{"embeddable":true,"href":"https:\/\/www.upra.org\/es\/wp-json\/wp\/v2\/pages\/1093"}],"wp:attachment":[{"href":"https:\/\/www.upra.org\/es\/wp-json\/wp\/v2\/media?parent=1113"}],"curies":[{"name":"wp","href":"https:\/\/api.w.org\/{rel}","templated":true}]}}