{"id":1115,"date":"2023-07-13T12:14:00","date_gmt":"2023-07-13T12:14:00","guid":{"rendered":"https:\/\/www.upra.org\/es\/?page_id=1115"},"modified":"2024-01-12T11:13:09","modified_gmt":"2024-01-12T11:13:09","slug":"bar","status":"publish","type":"page","link":"https:\/\/www.upra.org\/es\/ateneo\/servicios\/bar\/","title":{"rendered":"Cafeter\u00eda\/Bar"},"content":{"rendered":"<section class=\"block  paragraph-box full-width\" \n            >\n\n      <div class=\"paragraph-box__content text-center pt-40 md:pt-50 pb-40 md:pb-50\" id=\"\" style=\"\">\n\n          <div class=\"container\" style=\"\">\n  \n  \n  \n      <div class=\"!mb-30 intro-text text-left\">\n      <p><p>El Ateneo Pontificio Regina Apostolorum dispone de varios puntos donde se ofrecen <strong>servicios de restauraci\u00f3n<\/strong> . Hay una cafeter\u00eda\/bar y m\u00e1quinas expendedoras con bebidas calientes y fr\u00edas, tentempi\u00e9s dulces y salados y bocadillos.<\/p>\n<p>La <strong>cafeter\u00eda<\/strong> se encuentra en la planta baja del edificio A y est\u00e1 abierta de lunes a viernes de 8:00 a 17:30 horas, y los s\u00e1bados de 8:00 a 15:00 horas. Todos los d\u00edas se ofrece un servicio de restauraci\u00f3n (el coste medio de una comida completa es de 7,70 euros) de 12:00 a 14:00 horas.<\/p>\n<p>Las <strong>m\u00e1quinas expendedoras<\/strong> est\u00e1n situadas en la Sala -1, sector C, y en la segunda planta (terraza) entre los pasillos \u00abA\u00bb y \u00abD\u00bb.<\/p>\n<p>Adem\u00e1s, quienes deseen comer una comida tra\u00edda de casa pueden hacerlo en la Sala 1, sector C, donde tambi\u00e9n hay dos <strong>microondas<\/strong> disponibles para calentar alimentos.<\/p>\n<\/p>\n    <\/div>\n  \n  \n\n<\/div>\n    \n    \n    \n    \n  <\/div>\n\n  <\/section>\n","protected":false},"excerpt":{"rendered":"","protected":false},"author":3,"featured_media":0,"parent":1093,"menu_order":0,"comment_status":"closed","ping_status":"closed","template":"","meta":{"_acf_changed":false,"footnotes":""},"class_list":["post-1115","page","type-page","status-publish","hentry"],"acf":[],"_links":{"self":[{"href":"https:\/\/www.upra.org\/es\/wp-json\/wp\/v2\/pages\/1115","targetHints":{"allow":["GET"]}}],"collection":[{"href":"https:\/\/www.upra.org\/es\/wp-json\/wp\/v2\/pages"}],"about":[{"href":"https:\/\/www.upra.org\/es\/wp-json\/wp\/v2\/types\/page"}],"author":[{"embeddable":true,"href":"https:\/\/www.upra.org\/es\/wp-json\/wp\/v2\/users\/3"}],"replies":[{"embeddable":true,"href":"https:\/\/www.upra.org\/es\/wp-json\/wp\/v2\/comments?post=1115"}],"version-history":[{"count":9,"href":"https:\/\/www.upra.org\/es\/wp-json\/wp\/v2\/pages\/1115\/revisions"}],"predecessor-version":[{"id":7691,"href":"https:\/\/www.upra.org\/es\/wp-json\/wp\/v2\/pages\/1115\/revisions\/7691"}],"up":[{"embeddable":true,"href":"https:\/\/www.upra.org\/es\/wp-json\/wp\/v2\/pages\/1093"}],"wp:attachment":[{"href":"https:\/\/www.upra.org\/es\/wp-json\/wp\/v2\/media?parent=1115"}],"curies":[{"name":"wp","href":"https:\/\/api.w.org\/{rel}","templated":true}]}}