{"id":1117,"date":"2023-07-13T12:14:30","date_gmt":"2023-07-13T12:14:30","guid":{"rendered":"https:\/\/www.upra.org\/es\/?page_id=1117"},"modified":"2025-07-17T14:55:48","modified_gmt":"2025-07-17T14:55:48","slug":"rectorado","status":"publish","type":"page","link":"https:\/\/www.upra.org\/es\/ateneo\/gobernanza\/rectorado\/","title":{"rendered":"Rectorado"},"content":{"rendered":"<section class=\"block  paragraph-box full-width\" \n            >\n\n      <div class=\"paragraph-box__content text-center pt-40 md:pt-50 pb-40 md:pb-50\" id=\"\" style=\"\">\n\n          <div class=\"container\" style=\"\">\n          <h2 class=\"intro-title font-500 text-primary mb-20 s30 font-medium leading-snug \">El saludo del rector<\/h2>\n  \n  \n  \n      <div class=\"!mb-30 intro-text text-left\">\n      <p><p>Estimados profesores, alumnos y colaboradores:<\/p>\n<p>Aprovecho la ocasi\u00f3n para saludaros y agradeceros todas las muestras de estima y afecto que he recibido de todos vosotros desde que se hizo p\u00fablica la noticia de mi nombramiento como rector de la Universidad para los pr\u00f3ximos tres a\u00f1os. Os agradezco especialmente vuestras oraciones. Esto pone de manifiesto que, ante todo, formamos parte de la comunidad de creyentes en Cristo que caminan juntos hacia la vida eterna.<\/p>\n<p>Aprovecho este mensaje para agradecer al P. Jes\u00fas Villagrasa los \u00faltimos seis a\u00f1os de servicio como rector del Ateneo. Dado que he sido vicerrector acad\u00e9mico durante este periodo, puedo dar fe de su compromiso, caracterizado por una gran abnegaci\u00f3n y una dedicaci\u00f3n competente y disciplinada. Gracias, P. Jes\u00fas, por habernos guiado durante estos seis a\u00f1os. Personalmente, le agradezco su apoyo. Es mi intenci\u00f3n continuar la estela del trabajo realizado durante su mandato e impulsar nuevos desarrollos de madurez cultural e institucional, justo cuando iniciamos los segundos veinticinco a\u00f1os de la fundaci\u00f3n.<\/p>\n<p>Acepto el compromiso que me han confiado mis superiores confiando en la luz y la fuerza que vienen de Dios, y ofrezco mi servicio a Mar\u00eda Madre de los Ap\u00f3stoles.<\/p>\n<p>Llevo muchos a\u00f1os formando parte de esta comunidad: primero como estudiante, luego como profesor y durante seis a\u00f1os como vicerrector acad\u00e9mico. As\u00ed, he conocido a los estudiantes, los profesores y el personal administrativo, y siempre ha habido un di\u00e1logo constructivo con todos. Espero sinceramente que en este trienio pueda seguir contando con su apoyo para el cumplimiento de la misi\u00f3n de nuestra instituci\u00f3n y para contribuir a la \u00abrevoluci\u00f3n cultural\u00bb a la que nos invita el Papa Francisco en la Constituci\u00f3n Apost\u00f3lica Veritatis Gaudium.<\/p>\n<p><b>Programaci\u00f3n estrat\u00e9gica<\/b><\/p>\n<p><span style=\"font-weight: 400\">En este contexto, aprovecho la ocasi\u00f3n para informaros de que e<\/span><span style=\"font-weight: 400\">n septiembre tendr\u00e1 lugar<\/span><span style=\"font-weight: 400\"> la planificaci\u00f3n estrat\u00e9gica para el quinquenio 2019-2024. Es un momento importante de concienciaci\u00f3n y organizaci\u00f3n de recursos y esfuerzos. Mi intenci\u00f3n es tratar de implicar a la comunidad en la fase de preparaci\u00f3n, de formas a\u00fan por definir y que se comunicar\u00e1n en las pr\u00f3ximas semanas.<\/span><\/p>\n<p><span style=\"font-weight: 400\">Conf\u00edo nuestra comunidad acad\u00e9mica a Mar\u00eda\u00a0<\/span><i><span style=\"font-weight: 400\">Regina Apostolorum<\/span><\/i><span style=\"font-weight: 400\"> y os deseo un verano tranquilo.<\/span><\/p>\n<p style=\"text-align: right\"><b>Jos\u00e9 E. Oyarz\u00fan, L.C.<\/b><\/p>\n<\/p>\n    <\/div>\n  \n  \n\n<\/div>\n    \n    \n    \n    \n  <\/div>\n\n  <\/section>\n\n\n<section class=\"block  paragraph-box full-width\" \n            >\n\n      <div class=\"paragraph-box__content text-center pt-40 md:pt-50 pb-40 md:pb-50\" id=\"\" style=\"background-color: #f2f3f5\">\n\n          <div class=\"container\" style=\"\">\n          <h2 class=\"intro-title font-500 text-primary mb-20 s30 font-medium leading-snug \">Liber Annualis<\/h2>\n  \n  \n  \n      <div class=\"!mb-30 intro-text text-left\">\n      <p><p>Consultar el archivo hist\u00f3rico del Liber Annualis del Ateneo Pontificio Regina Apostolorum.<\/p>\n<ul>\n<li>Liber Annualis 2020-2021<\/li>\n<li>Liber Annualis 2019-2020<\/li>\n<li><a href=\"https:\/\/www.upra.org\/app\/uploads\/2023\/11\/Liber-Annualis-21-22-finale-1-compresso.pdf\">Liber Annualis 2021-2022<\/a><\/li>\n<li><a href=\"https:\/\/www.upra.org\/app\/uploads\/2024\/07\/00-Liber-Annualis-22-23.pdf\" target=\"_blank\" rel=\"noopener\">Liber Annualis 2022-2023<\/a><\/li>\n<li><a href=\"https:\/\/www.upra.org\/app\/uploads\/2025\/07\/liber-annualis-2023-24-aggiornto-luglio-2025.pdf\">Liber Annualis 2023-2024<\/a><\/li>\n<\/ul>\n<\/p>\n    <\/div>\n  \n  \n\n<\/div>\n    \n    \n    \n    \n  <\/div>\n\n  <\/section>\n\n\n<section class=\"block  paragraph-box full-width\" \n            >\n\n      <div class=\"paragraph-box__content text-center pt-40 md:pt-50 pb-40 md:pb-50\" id=\"\" style=\"\">\n\n          <div class=\"container\" style=\"\">\n          <h2 class=\"intro-title font-500 text-primary mb-20 s30 font-medium leading-snug \">Relatio Annualis<\/h2>\n  \n  \n  \n      <div class=\"!mb-30 intro-text text-left\">\n      <p><p>Consultar el archivo hist\u00f3rico de la Relatio Annualis del Ateneo Pontificio Regina Apostolorum.<\/p>\n<ul>\n<li>Relatio Annualis &#8211; 2019<\/li>\n<li>Relatio Annualis &#8211; 2018<\/li>\n<li>Relatio Annualis &#8211; 2017<\/li>\n<li>Relatio Annualis &#8211; 2016<\/li>\n<li>Relatio Annualis &#8211; 2015<\/li>\n<li>Relatio Annualis &#8211; 2013<\/li>\n<\/ul>\n<\/p>\n    <\/div>\n  \n  \n\n<\/div>\n    \n    \n    \n    \n  <\/div>\n\n  <\/section>\n\n\n<section class=\"block  paragraph-box full-width\" \n            >\n\n      <div class=\"paragraph-box__content text-center pt-40 md:pt-50 pb-40 md:pb-50\" id=\"\" style=\"background-color: #f2f3f5\">\n\n          <div class=\"container\" style=\"\">\n          <h2 class=\"intro-title font-500 text-primary mb-20 s30 font-medium leading-snug \">Cartas y comunicaciones<\/h2>\n  \n  \n  \n      <div class=\"!mb-30 intro-text text-left\">\n      <p><p>Consultar el archivo hist\u00f3rico de cartas y comunicaciones del Ateneo Pontificio Regina Apostolorum.<\/p>\n<ul>\n<li>Carta circular n\u00ba 1 &#8211; A.A. 2017-2018<\/li>\n<li>Carta circular n\u00ba 4 &#8211; A.A. 2016-2017<\/li>\n<li>Carta circular n\u00ba 3 &#8211; A.A. 2016-2017<\/li>\n<li>Carta circular n\u00ba 2 &#8211; A.A. 2016-2017<\/li>\n<li>Carta del rector a la comunidad acad\u00e9mica y a los amigos del APRA &#8211; \u00abLa caridad y el a\u00f1o de la misericordia\u00bb<\/li>\n<li>Carta del rector a la comunidad acad\u00e9mica y a los amigos del APRA &#8211; \u00abLa caridad intelectual y las obras de misericordia\u00bb<\/li>\n<li>Carta a los profesores &#8211; 21 de julio de 2014<\/li>\n<\/ul>\n<\/p>\n    <\/div>\n  \n  \n\n<\/div>\n    \n    \n    \n    \n  <\/div>\n\n  <\/section>\n\n\n<section class=\"block  cta-banner full-width\" \n            >\n\n      <div class=\"cta-banner__content text-white content-left pt-60 md:pt-80 pb-60 md:pb-80\" id=\"\" style=\"background-color: #003da5\">\n    <div class=\"container px-20 md:px-0\">\n      <div>\n                            <h2 class=\"py-20 s50 font-500 text-primary text-center md:text-left\">Contactos<\/h2>\n                      <\/div>\n      <div>\n                          <a href=https:\/\/www.upra.org\/es\/ateneo\/contactos\/   title=\"M\u00e1s informaci\u00f3n\"  class=\"button --button-border mb-20 --white  \">\n    <span class=\"button__label\">M\u00e1s informaci\u00f3n<\/span>\n  <\/a>\n                \n        \n                  <div class=\"pt-20 simple_links\">\n                      <a href=https:\/\/www.upra.org\/es\/admision\/como-inscribirse\/   title=\"C\u00f3mo inscribirse\"  class=\"button mb-20 --underline  --white \">\n    <span class=\"button__label\">C\u00f3mo inscribirse<\/span>\n  <\/a>\n                      <a href=https:\/\/www.upra.org\/es\/ateneo\/gobernanza\/   title=\"Descubre todos los Departamentos\"  class=\"button mb-20 --underline  --white \">\n    <span class=\"button__label\">Descubre todos los Departamentos<\/span>\n  <\/a>\n                    <\/div>\n              <\/div>\n    <\/div>\n\n  <\/div>\n\n  <\/section>\n","protected":false},"excerpt":{"rendered":"","protected":false},"author":3,"featured_media":0,"parent":1023,"menu_order":0,"comment_status":"closed","ping_status":"closed","template":"","meta":{"_acf_changed":false,"footnotes":""},"class_list":["post-1117","page","type-page","status-publish","hentry"],"acf":[],"_links":{"self":[{"href":"https:\/\/www.upra.org\/es\/wp-json\/wp\/v2\/pages\/1117","targetHints":{"allow":["GET"]}}],"collection":[{"href":"https:\/\/www.upra.org\/es\/wp-json\/wp\/v2\/pages"}],"about":[{"href":"https:\/\/www.upra.org\/es\/wp-json\/wp\/v2\/types\/page"}],"author":[{"embeddable":true,"href":"https:\/\/www.upra.org\/es\/wp-json\/wp\/v2\/users\/3"}],"replies":[{"embeddable":true,"href":"https:\/\/www.upra.org\/es\/wp-json\/wp\/v2\/comments?post=1117"}],"version-history":[{"count":75,"href":"https:\/\/www.upra.org\/es\/wp-json\/wp\/v2\/pages\/1117\/revisions"}],"predecessor-version":[{"id":11531,"href":"https:\/\/www.upra.org\/es\/wp-json\/wp\/v2\/pages\/1117\/revisions\/11531"}],"up":[{"embeddable":true,"href":"https:\/\/www.upra.org\/es\/wp-json\/wp\/v2\/pages\/1023"}],"wp:attachment":[{"href":"https:\/\/www.upra.org\/es\/wp-json\/wp\/v2\/media?parent=1117"}],"curies":[{"name":"wp","href":"https:\/\/api.w.org\/{rel}","templated":true}]}}