{"id":1119,"date":"2023-07-13T12:14:45","date_gmt":"2023-07-13T12:14:45","guid":{"rendered":"https:\/\/www.upra.org\/es\/?page_id=1119"},"modified":"2026-02-02T11:27:22","modified_gmt":"2026-02-02T11:27:22","slug":"secretaria","status":"publish","type":"page","link":"https:\/\/www.upra.org\/es\/ateneo\/gobernanza\/secretaria\/","title":{"rendered":"Secretar\u00eda"},"content":{"rendered":"<section class=\"block  paragraph-box full-width\" \n            >\n\n      <div class=\"paragraph-box__content text-center pt-40 md:pt-50 pb-40 md:pb-50\" id=\"\" style=\"\">\n\n          <div class=\"container\" style=\"\">\n          <h2 class=\"intro-title font-500 text-primary mb-20 s30 font-medium leading-snug \">Secretar\u00eda General<\/h2>\n  \n  \n  \n      <div class=\"!mb-30 intro-text text-left\">\n      <p><p>Es el \u00f3rgano de <strong>gesti\u00f3n de todas las actividades administrativas<\/strong> relativas a la carrera universitaria de los estudiantes. Mantiene el sistema inform\u00e1tico, supervisa los procedimientos de admisi\u00f3n y se ocupa de las solicitudes de matr\u00edcula y de inscripci\u00f3n.<\/p>\n<p>La Secretar\u00eda General tambi\u00e9n registra los ex\u00e1menes realizados y anota los cr\u00e9ditos formativos obtenidos; actualiza la posici\u00f3n universitaria de los estudiantes; expide certificados, atestados y t\u00edtulos de estudio; y se ocupa del archivo de documentos.<\/p>\n<\/p>\n    <\/div>\n  \n  \n\n<\/div>\n    \n    \n    \n    \n  <\/div>\n\n  <\/section>\n\n\n<section class=\"block  paragraph-box full-width\" \n            >\n\n      <div class=\"paragraph-box__content text-center pt-40 md:pt-50 pb-40 md:pb-50\" id=\"\" style=\"\">\n\n          <div class=\"container\" style=\"\">\n          <h2 class=\"intro-title font-500 text-primary mb-20 s30 font-medium leading-snug \">El personal<\/h2>\n  \n  \n  \n      <div class=\"!mb-30 intro-text text-left\">\n      <p><p>En la oficina de la Secretar\u00eda General trabaja personal de la Universidad encargado de satisfacer todas las necesidades del alumnado y el profesorado.<\/p>\n<ul>\n<li><strong>Secretario General<\/strong>: P. Aar\u00f3n Robles, L.C.<\/li>\n<li><strong>Jefe de oficina<\/strong>: Dr. Rodrigo T\u00e9llez L\u00f3pez de Lara &#8211; rodrigo.tellez@upra.org<\/li>\n<li><strong>Contable Daniele Ridolfi<\/strong> &#8211; daniele.ridolfi@upra.org<\/li>\n<li><strong>Dra. Alejandra Navas &#8211;<\/strong> alejandra.nava@upra.org<\/li>\n<li><strong>Dra. Manuela Bianchi<\/strong> &#8211; mbianchi@upra.org<\/li>\n<li><strong>Dra. Marina Lorenzon<\/strong> &#8211; marina.lorenzon@upra.org<\/li>\n<\/ul>\n<h3><\/h3>\n<p><strong>Secretar\u00eda APRA<\/strong><\/p>\n<p>Primera planta, Sector B<\/p>\n<p>De lunes a jueves: 8:20 \u2013 13:00<\/p>\n<p>Viernes: 8:20 \u2013 14:00<\/p>\n<\/p>\n    <\/div>\n  \n  \n\n<\/div>\n    \n    \n    \n    \n  <\/div>\n\n  <\/section>\n\n\n<section class=\"block  cta-banner full-width\" \n            >\n\n      <div class=\"cta-banner__content text-white content-left pt-60 md:pt-80 pb-60 md:pb-80\" id=\"\" style=\"background-color: #003da5\">\n    <div class=\"container px-20 md:px-0\">\n      <div>\n                            <h2 class=\"py-20 s50 font-500 text-primary text-center md:text-left\">Contactos<\/h2>\n                      <\/div>\n      <div>\n                          <a href=https:\/\/www.upra.org\/es\/ateneo\/contactos\/   title=\"M\u00e1s informaci\u00f3n\"  class=\"button --button-border mb-20 --white  \">\n    <span class=\"button__label\">M\u00e1s informaci\u00f3n<\/span>\n  <\/a>\n                \n        \n                  <div class=\"pt-20 simple_links\">\n                      <a href=https:\/\/www.upra.org\/es\/admision\/como-inscribirse\/   title=\"C\u00f3mo inscribirse\"  class=\"button mb-20 --underline  --white \">\n    <span class=\"button__label\">C\u00f3mo inscribirse<\/span>\n  <\/a>\n                      <a href=https:\/\/www.upra.org\/es\/ateneo\/gobernanza\/   title=\"Descubre todos los Departamentos\"  class=\"button mb-20 --underline  --white \">\n    <span class=\"button__label\">Descubre todos los Departamentos<\/span>\n  <\/a>\n                    <\/div>\n              <\/div>\n    <\/div>\n\n  <\/div>\n\n  <\/section>\n","protected":false},"excerpt":{"rendered":"","protected":false},"author":3,"featured_media":0,"parent":1023,"menu_order":0,"comment_status":"closed","ping_status":"closed","template":"","meta":{"_acf_changed":false,"footnotes":""},"class_list":["post-1119","page","type-page","status-publish","hentry"],"acf":[],"_links":{"self":[{"href":"https:\/\/www.upra.org\/es\/wp-json\/wp\/v2\/pages\/1119","targetHints":{"allow":["GET"]}}],"collection":[{"href":"https:\/\/www.upra.org\/es\/wp-json\/wp\/v2\/pages"}],"about":[{"href":"https:\/\/www.upra.org\/es\/wp-json\/wp\/v2\/types\/page"}],"author":[{"embeddable":true,"href":"https:\/\/www.upra.org\/es\/wp-json\/wp\/v2\/users\/3"}],"replies":[{"embeddable":true,"href":"https:\/\/www.upra.org\/es\/wp-json\/wp\/v2\/comments?post=1119"}],"version-history":[{"count":23,"href":"https:\/\/www.upra.org\/es\/wp-json\/wp\/v2\/pages\/1119\/revisions"}],"predecessor-version":[{"id":11875,"href":"https:\/\/www.upra.org\/es\/wp-json\/wp\/v2\/pages\/1119\/revisions\/11875"}],"up":[{"embeddable":true,"href":"https:\/\/www.upra.org\/es\/wp-json\/wp\/v2\/pages\/1023"}],"wp:attachment":[{"href":"https:\/\/www.upra.org\/es\/wp-json\/wp\/v2\/media?parent=1119"}],"curies":[{"name":"wp","href":"https:\/\/api.w.org\/{rel}","templated":true}]}}