{"id":1121,"date":"2023-07-13T12:15:00","date_gmt":"2023-07-13T12:15:00","guid":{"rendered":"https:\/\/www.upra.org\/es\/?page_id=1121"},"modified":"2025-02-26T13:23:41","modified_gmt":"2025-02-26T13:23:41","slug":"departamento-recursos-humanos","status":"publish","type":"page","link":"https:\/\/www.upra.org\/es\/ateneo\/gobernanza\/departamento-recursos-humanos\/","title":{"rendered":"Departamento de Recursos Humanos"},"content":{"rendered":"<section class=\"block  paragraph-box full-width\" \n            >\n\n      <div class=\"paragraph-box__content text-center pt-40 md:pt-50 pb-40 md:pb-50\" id=\"\" style=\"\">\n\n          <div class=\"container\" style=\"\">\n  \n  \n  \n      <div class=\"!mb-30 intro-text text-left\">\n      <p><p>El <strong>Departamento de Recursos Humanos <\/strong>se cre\u00f3 en febrero de 2013 para responder a la necesidad de <strong>mejorar la gesti\u00f3n<\/strong> de los recursos humanos y <strong>garantizar la excelencia<\/strong> del rendimiento laboral y de los servicios ofrecidos en la Universidad.<\/p>\n<p>El trabajo realizado en el Departamento tiene por objeto <strong>garantizar<\/strong>, en t\u00e9rminos administrativos, la <strong>correcta gesti\u00f3n cotidiana<\/strong> del<strong> personal<\/strong> y, al mismo tiempo, el d<strong>esarrollo de los recursos human<\/strong>os en t\u00e9rminos de formaci\u00f3n y evaluaci\u00f3n. Estas dos \u00faltimas actividades se llevan a cabo mediante la organizaci\u00f3n de cursos de formaci\u00f3n (para la seguridad en el trabajo, obligatorios por ley, y para la mejora de las competencias profesionales y transversales) y la puesta en marcha, en 2014, del Proceso de Evaluaci\u00f3n del Desempe\u00f1o, en pleno funcionamiento desde el curso 2015-2016.<\/p>\n<p>Contactos: risorseumane@upra.org<\/p>\n<\/p>\n    <\/div>\n  \n  \n\n<\/div>\n    \n    \n    \n    \n  <\/div>\n\n  <\/section>\n\n\n<section class=\"block  cta-banner full-width\" \n            >\n\n      <div class=\"cta-banner__content text-white content-left pt-60 md:pt-80 pb-60 md:pb-80\" id=\"\" style=\"background-color: #003da5\">\n    <div class=\"container px-20 md:px-0\">\n      <div>\n                            <h2 class=\"py-20 s50 font-500 text-primary text-center md:text-left\">Contactos<\/h2>\n                      <\/div>\n      <div>\n                          <a href=https:\/\/www.upra.org\/es\/ateneo\/contactos\/   title=\"M\u00e1s informaci\u00f3n\"  class=\"button --button-border mb-20 --white  \">\n    <span class=\"button__label\">M\u00e1s informaci\u00f3n<\/span>\n  <\/a>\n                \n        \n                  <div class=\"pt-20 simple_links\">\n                      <a href=https:\/\/www.upra.org\/es\/admision\/como-inscribirse\/   title=\"C\u00f3mo inscribirse\"  class=\"button mb-20 --underline  --white \">\n    <span class=\"button__label\">C\u00f3mo inscribirse<\/span>\n  <\/a>\n                      <a href=https:\/\/www.upra.org\/es\/ateneo\/gobernanza\/   title=\"Descubre todos los Departamentos\"  class=\"button mb-20 --underline  --white \">\n    <span class=\"button__label\">Descubre todos los Departamentos<\/span>\n  <\/a>\n                    <\/div>\n              <\/div>\n    <\/div>\n\n  <\/div>\n\n  <\/section>\n","protected":false},"excerpt":{"rendered":"","protected":false},"author":3,"featured_media":0,"parent":1023,"menu_order":0,"comment_status":"closed","ping_status":"closed","template":"","meta":{"_acf_changed":false,"footnotes":""},"class_list":["post-1121","page","type-page","status-publish","hentry"],"acf":[],"_links":{"self":[{"href":"https:\/\/www.upra.org\/es\/wp-json\/wp\/v2\/pages\/1121","targetHints":{"allow":["GET"]}}],"collection":[{"href":"https:\/\/www.upra.org\/es\/wp-json\/wp\/v2\/pages"}],"about":[{"href":"https:\/\/www.upra.org\/es\/wp-json\/wp\/v2\/types\/page"}],"author":[{"embeddable":true,"href":"https:\/\/www.upra.org\/es\/wp-json\/wp\/v2\/users\/3"}],"replies":[{"embeddable":true,"href":"https:\/\/www.upra.org\/es\/wp-json\/wp\/v2\/comments?post=1121"}],"version-history":[{"count":20,"href":"https:\/\/www.upra.org\/es\/wp-json\/wp\/v2\/pages\/1121\/revisions"}],"predecessor-version":[{"id":11020,"href":"https:\/\/www.upra.org\/es\/wp-json\/wp\/v2\/pages\/1121\/revisions\/11020"}],"up":[{"embeddable":true,"href":"https:\/\/www.upra.org\/es\/wp-json\/wp\/v2\/pages\/1023"}],"wp:attachment":[{"href":"https:\/\/www.upra.org\/es\/wp-json\/wp\/v2\/media?parent=1121"}],"curies":[{"name":"wp","href":"https:\/\/api.w.org\/{rel}","templated":true}]}}