{"id":1123,"date":"2023-07-13T12:15:13","date_gmt":"2023-07-13T12:15:13","guid":{"rendered":"https:\/\/www.upra.org\/es\/?page_id=1123"},"modified":"2024-01-16T16:55:47","modified_gmt":"2024-01-16T16:55:47","slug":"oficina-calidad","status":"publish","type":"page","link":"https:\/\/www.upra.org\/es\/ateneo\/gobernanza\/oficina-calidad\/","title":{"rendered":"Oficina de calidad"},"content":{"rendered":"<section class=\"block  paragraph-box full-width\" \n            >\n\n      <div class=\"paragraph-box__content text-center pt-40 md:pt-50 pb-40 md:pb-50\" id=\"\" style=\"\">\n\n          <div class=\"container\" style=\"\">\n  \n  \n  \n      <div class=\"!mb-30 intro-text text-left\">\n      <p><p>La <strong>Oficina de calidad<\/strong> es el \u00f3rgano consultivo y propositivo que asiste al rector en la promoci\u00f3n de una cultura de la calidad en todos los sectores y departamentos del Ateneo Pontificio Regina Apostolorum. La oficina, bajo la direcci\u00f3n del docente extraordinario de Filosof\u00eda P. Alejandro P\u00e1ez L.C., tiene como objetivo gestionar las tareas relacionadas con los procesos de evaluaci\u00f3n interna con el fin de mejorar y promover una cultura de la calidad dentro del instituto.<\/p>\n<\/p>\n    <\/div>\n  \n  \n\n<\/div>\n    \n    \n    \n    \n  <\/div>\n\n  <\/section>\n\n\n<section class=\"block  paragraph-box full-width\" \n            >\n\n      <div class=\"paragraph-box__content text-center pt-40 md:pt-50 pb-40 md:pb-50\" id=\"\" style=\"background-color: #f2f3f5\">\n\n          <div class=\"container\" style=\"\">\n          <h2 class=\"intro-title font-500 text-primary mb-20 s30 font-medium leading-snug \">La comisi\u00f3n<\/h2>\n  \n  \n  \n      <div class=\"!mb-30 intro-text text-left\">\n      <p><p>Desde 2010, existe una comisi\u00f3n para la promoci\u00f3n de la calidad, presidida por el rector.<\/p>\n<ul>\n<li><strong>P. Jos\u00e9 Enrique Oyarz\u00fan, L.C.<\/strong> &#8211; Presidente de la comisi\u00f3n<\/li>\n<li><strong>P. Alejandro P\u00e1ez, L.C.<\/strong> &#8211; Secretario de la comisi\u00f3n y director de la Oficina de calidad<\/li>\n<li><strong>P. Jos\u00e9 Fern\u00e1ndez San Rom\u00e1n, L.C<\/strong>. &#8211; Representante de la Facultad de Teolog\u00eda<\/li>\n<li><strong>P. Fernando Pascual, L.C.<\/strong> &#8211; Representante de la Facultad de Filosof\u00eda<\/li>\n<li><strong>P. Francisco Ballesta, L.C.<\/strong> &#8211; Representante de la Facultad de Bio\u00e9tica<\/li>\n<li><strong>Prof. Giorgia Brambilla<\/strong> &#8211; Representante de los Institutos<\/li>\n<li><strong>P. Thomas Montanaro, L.C.<\/strong> &#8211; Libro de datos y miembro de la Oficina de calidad<\/li>\n<li><strong>P. Alberto Carrara, L.C.<\/strong> &#8211; Representante de los profesores<\/li>\n<li><strong>H. Luis Eduardo Alger, L.C.<\/strong> &#8211; Representantes de los estudiantes<\/li>\n<li><strong>Daniela Longo<\/strong> &#8211; Representante para la Administraci\u00f3n<\/li>\n<li><strong>Salvador Ortiz de Montellano<\/strong> &#8211; Miembro externo<\/li>\n<li><strong>\u00d3scar Sastr\u00e9 P\u00e9rez<\/strong> &#8211; Miembro externo<\/li>\n<\/ul>\n<\/p>\n    <\/div>\n  \n  \n\n<\/div>\n    \n    \n    \n    \n  <\/div>\n\n  <\/section>\n\n\n<section class=\"block  paragraph-box full-width\" \n            >\n\n      <div class=\"paragraph-box__content text-center pt-40 md:pt-50 pb-40 md:pb-50\" id=\"\" style=\"\">\n\n          <div class=\"container\" style=\"\">\n          <h2 class=\"intro-title font-500 text-primary mb-20 s30 font-medium leading-snug \">El sistema de autoevaluaci\u00f3n<\/h2>\n  \n  \n  \n      <div class=\"!mb-30 intro-text text-left\">\n      <p><p>La Oficina est\u00e1 trabajando para institucionalizar los <strong>procedimientos de evaluaci\u00f3n interna<\/strong> con vistas al pr\u00f3ximo ciclo de evaluaci\u00f3n y a la luz de la experiencia adquirida con los cuestionarios de evaluaci\u00f3n de los servicios.<\/p>\n<p>La autoevaluaci\u00f3n es un proceso que, seg\u00fan las prescripciones de la Congregaci\u00f3n para la Educaci\u00f3n Cat\u00f3lica (CEC), toda universidad eclesi\u00e1stica debe llevar a cabo peri\u00f3dicamente para <strong>verificar y mejorar la calidad de su instituci\u00f3n<\/strong>.<\/p>\n<p>La evaluaci\u00f3n y mejora de la calidad de las facultades eclesi\u00e1sticas son exigencias del Proceso de Bolonia, al que la Santa Sede se adhiri\u00f3 en 2003 y para el que cre\u00f3 la Agencia para la Promoci\u00f3n y Evaluaci\u00f3n de la Calidad (AVEPRO) en 2007.<\/p>\n<p>El prop\u00f3sito de la autoevaluaci\u00f3n es <strong>adquirir una cultura de la calidad<\/strong> entendida sobre todo como cumplimiento de los objetivos fijados en el documento magisterial pontificio Sapientia Christiana y en sus propios estatutos (Estatutos del APRA).<br \/>\nSiguiendo las indicaciones de la Congregaci\u00f3n para la Educaci\u00f3n Cat\u00f3lica (CEC) y de la AVEPRO, el APRA inici\u00f3 el proceso de autoevaluaci\u00f3n en 2010 con una fase preparatoria durante la cual, el 10 de mayo de 2010, se activaron la Comisi\u00f3n y la Oficina de calidad y los diez comit\u00e9s encargados de llevar a cabo la autoevaluaci\u00f3n.<\/p>\n<p>El <strong>proceso de autoevaluaci\u00f3n<\/strong> consta de los siguientes pasos:<\/p>\n<ul>\n<li><strong>Recogida de datos<\/strong>. Se lleva a cabo mediante la elaboraci\u00f3n de fichas por parte de los comit\u00e9s, la recogida de datos objetivos y estad\u00edsticos en tablas y la cumplimentaci\u00f3n de cuestionarios.<\/li>\n<li><strong>An\u00e1lisis de los datos recogidos<\/strong>. Cada comit\u00e9 elabora un informe en el que se\u00f1ala los puntos fuertes y d\u00e9biles de su \u00e1rea e identifica propuestas de mejora.<\/li>\n<li><strong>Redacci\u00f3n del Informe Final de Autoevaluaci\u00f3n (RAV)<\/strong>. Este documento, a cargo de la Comisi\u00f3n X, recoge y resume los informes y las propuestas de las comisiones.<\/li>\n<li><strong>RAV entregado a la AVEPRO<\/strong>.<\/li>\n<li>Los expertos externos, designados por la AVEPRO, visitan el APRA. Seg\u00fan el informe final, <strong>se analiza la realidad del APRA<\/strong> y se formulan indicaciones y recomendaciones de mejora.<\/li>\n<li><strong>Aplicaci\u00f3n de mejoras<\/strong>. Se programan las mejoras en el plan estrat\u00e9gico del APRA y se aplican progresivamente hasta el inicio de un nuevo ciclo de autoevaluaci\u00f3n.<\/li>\n<\/ul>\n<p>La secci\u00f3n de autoevaluaci\u00f3n y promoci\u00f3n de la calidad del sitio web del APRA y el bolet\u00edn de la Oficina de calidad dan a conocer los avances del proceso dentro y fuera de la comunidad acad\u00e9mica.<\/p>\n<\/p>\n    <\/div>\n  \n  \n\n<\/div>\n    \n    \n    \n    \n  <\/div>\n\n  <\/section>\n\n\n<section class=\"block  cta-banner full-width\" \n            >\n\n      <div class=\"cta-banner__content text-white content-left pt-60 md:pt-80 pb-60 md:pb-80\" id=\"\" style=\"background-color: #003da5\">\n    <div class=\"container px-20 md:px-0\">\n      <div>\n                            <h2 class=\"py-20 s50 font-500 text-primary text-center md:text-left\">Contactos<\/h2>\n                      <\/div>\n      <div>\n                          <a href=https:\/\/www.upra.org\/es\/ateneo\/contactos\/   title=\"M\u00e1s informaci\u00f3n\"  class=\"button --button-border mb-20 --white  \">\n    <span class=\"button__label\">M\u00e1s informaci\u00f3n<\/span>\n  <\/a>\n                \n        \n                  <div class=\"pt-20 simple_links\">\n                      <a href=https:\/\/www.upra.org\/es\/admision\/como-inscribirse\/   title=\"C\u00f3mo inscribirse\"  class=\"button mb-20 --underline  --white \">\n    <span class=\"button__label\">C\u00f3mo inscribirse<\/span>\n  <\/a>\n                      <a href=https:\/\/www.upra.org\/es\/facultades-institutos\/   title=\"Otros programas que pueden ser de inter\u00e9s\"  class=\"button mb-20 --underline  --white \">\n    <span class=\"button__label\">Otros programas que pueden ser de inter\u00e9s<\/span>\n  <\/a>\n                    <\/div>\n              <\/div>\n    <\/div>\n\n  <\/div>\n\n  <\/section>\n","protected":false},"excerpt":{"rendered":"","protected":false},"author":3,"featured_media":0,"parent":1023,"menu_order":0,"comment_status":"closed","ping_status":"closed","template":"","meta":{"_acf_changed":false,"footnotes":""},"class_list":["post-1123","page","type-page","status-publish","hentry"],"acf":[],"_links":{"self":[{"href":"https:\/\/www.upra.org\/es\/wp-json\/wp\/v2\/pages\/1123","targetHints":{"allow":["GET"]}}],"collection":[{"href":"https:\/\/www.upra.org\/es\/wp-json\/wp\/v2\/pages"}],"about":[{"href":"https:\/\/www.upra.org\/es\/wp-json\/wp\/v2\/types\/page"}],"author":[{"embeddable":true,"href":"https:\/\/www.upra.org\/es\/wp-json\/wp\/v2\/users\/3"}],"replies":[{"embeddable":true,"href":"https:\/\/www.upra.org\/es\/wp-json\/wp\/v2\/comments?post=1123"}],"version-history":[{"count":19,"href":"https:\/\/www.upra.org\/es\/wp-json\/wp\/v2\/pages\/1123\/revisions"}],"predecessor-version":[{"id":7993,"href":"https:\/\/www.upra.org\/es\/wp-json\/wp\/v2\/pages\/1123\/revisions\/7993"}],"up":[{"embeddable":true,"href":"https:\/\/www.upra.org\/es\/wp-json\/wp\/v2\/pages\/1023"}],"wp:attachment":[{"href":"https:\/\/www.upra.org\/es\/wp-json\/wp\/v2\/media?parent=1123"}],"curies":[{"name":"wp","href":"https:\/\/api.w.org\/{rel}","templated":true}]}}