{"id":1125,"date":"2023-07-13T12:15:33","date_gmt":"2023-07-13T12:15:33","guid":{"rendered":"https:\/\/www.upra.org\/es\/?page_id=1125"},"modified":"2025-03-27T17:03:53","modified_gmt":"2025-03-27T17:03:53","slug":"departamento-desarollo-institucional","status":"publish","type":"page","link":"https:\/\/www.upra.org\/es\/ateneo\/gobernanza\/departamento-desarollo-institucional\/","title":{"rendered":"Departamento de Desarrollo Institucional"},"content":{"rendered":"<section class=\"block  paragraph-box full-width\" \n            >\n\n      <div class=\"paragraph-box__content text-center pt-40 md:pt-50 pb-40 md:pb-50\" id=\"\" style=\"\">\n\n          <div class=\"container\" style=\"\">\n  \n  \n  \n      <div class=\"!mb-30 intro-text text-left\">\n      <p><p>El Departamento de Desarrollo Institucional cuenta con tres equipos especializados:<\/p>\n<ul>\n<li><strong>Comunicaci\u00f3n Institucional<\/strong><\/li>\n<li><strong>Oficina de Orientaci\u00f3n y Admisi\u00f3n de Estudiantes<\/strong><\/li>\n<li><strong>Recaudaci\u00f3n de fondos y antiguos alumnos<\/strong><\/li>\n<\/ul>\n<p>Las actividades de Desarrollo Institucional est\u00e1n orientadas a ampliar la visibilidad y las oportunidades de posicionamiento de la Universidad, potenciando la calidad de la ense\u00f1anza, las corrientes de pensamiento, la innovaci\u00f3n docente y la identidad de la Universidad. El Departamento de Desarrollo Institucional se encarga de establecer y mantener v\u00ednculos con entidades externas fomentando la colaboraci\u00f3n y el intercambio, y participa en la planificaci\u00f3n estrat\u00e9gica, la fijaci\u00f3n de objetivos y el desarrollo del Ateneo.<\/p>\n<p>Garantiza la b\u00fasqueda de nuevas oportunidades.<\/p>\n<\/p>\n    <\/div>\n  \n  \n\n<\/div>\n    \n    \n    \n    \n  <\/div>\n\n  <\/section>\n\n\n<section class=\"block  paragraph-box full-width\" \n            >\n\n      <div class=\"paragraph-box__content text-center pt-40 md:pt-50 pb-40 md:pb-50\" id=\"\" style=\"background-color: #f2f3f5\">\n\n          <div class=\"container\" style=\"\">\n          <h2 class=\"intro-title font-500 text-primary mb-20 s30 font-medium leading-snug \">Comunicaci\u00f3n institucional<\/h2>\n  \n  \n  \n      <div class=\"!mb-30 intro-text text-left\">\n      <p><p>La <strong>Oficina de Comunicaci\u00f3n Institucional<\/strong> gestiona la comunicaci\u00f3n externa de la instituci\u00f3n, garantizando la difusi\u00f3n de la <strong>misi\u00f3n<\/strong> y los <strong>valores de la Universidad<\/strong>. Contribuye a la organizaci\u00f3n de eventos para fomentar el <strong>di\u00e1logo<\/strong> y la colaboraci\u00f3n entre la comunidad universitaria y el p\u00fablico en general. Se encarga de promover externamente la <strong>imagen y la reputaci\u00f3n de la Universidad<\/strong> mediante la gesti\u00f3n de las redes sociales, la emisi\u00f3n de comunicados de prensa, la participaci\u00f3n en eventos y la <strong>gesti\u00f3n de las relaciones con los medios de comunicaci\u00f3n<\/strong>. Gestiona la creaci\u00f3n de boletines, materiales informativos, v\u00eddeos y contenidos web para presentar programas acad\u00e9micos, eventos institucionales, resultados de investigaci\u00f3n y actividades culturales. Promueve y apoya la <strong>comunicaci\u00f3n de la Universidad con las Instituciones y Obras de la red de los Legionarios y del Regnum Christi.<\/strong><\/p>\n<p>La Oficina est\u00e1 dirigida por Maria Selva Silvestri<br \/>\nCorreo electr\u00f3nico: <a href=\"mailto:comunicazione@upra.org\">comunicazione@upra.org<\/a> \/ <a href=\"mailto:mssilvestri@upra.org\">mssilvestri@upra.org<\/a><br \/>\nM\u00f3vil: +39 328 9871119<\/p>\n<\/p>\n    <\/div>\n  \n  \n\n<\/div>\n    \n    \n    \n    \n  <\/div>\n\n  <\/section>\n\n\n<section class=\"block  paragraph-box full-width\" \n            >\n\n      <div class=\"paragraph-box__content text-center pt-40 md:pt-50 pb-40 md:pb-50\" id=\"\" style=\"\">\n\n          <div class=\"container\" style=\"\">\n          <h2 class=\"intro-title font-500 text-primary mb-20 s30 font-medium leading-snug \">Recaudaci\u00f3n de fondos e Alumni<\/h2>\n  \n  \n  \n      <div class=\"!mb-30 intro-text text-left\">\n      <p><p><strong>La<\/strong> <strong>Oficina de Captaci\u00f3n de Fondos gestiona las relaciones filantr\u00f3picas,<\/strong> contribuyendo a la sostenibilidad econ\u00f3mica de la Universidad. El objetivo es posicionar a la Universidad en circuitos donde se potencie y apoye el impacto social de la misi\u00f3n. Las actividades estrat\u00e9gicas se dirigen a implicar a las partes interesadas institucionales y, en particular, a la filantrop\u00eda europea y mundial,<\/p>\n<p><strong>La Oficina de Antiguos Alumnos<\/strong> gestiona una Red Internacional de antiguos alumnos, tanto de grado como de itinerarios especializados, de nuestro Ateneo Pontificio, y pretende <strong>reforzar el v\u00ednculo entre el Instituto y los antiguos alumnos<\/strong>, convirti\u00e9ndolos en promotores de los valores del Ateneo en el mundo, a trav\u00e9s de la narraci\u00f3n de su experiencia. Con este objetivo, la Oficina propone numerosas actividades de implicaci\u00f3n, organizando servicios y eventos ad hoc y promoviendo un programa de formaci\u00f3n dedicado a los Antiguos Alumnos de la Universidad.<\/p>\n<p>La Oficina est\u00e1 dirigida por Roberto Serafini<br \/>\nCorreo electr\u00f3nico: <a href=\"mailto:fundraising@upra.org\">fundraising@upra.org<\/a> \/ <a href=\"mailto:alumni@upra.org\">alumni@upra.org<\/a> \/ <a href=\"mailto:rserafini@upra.org\">rserafini@upra.org<\/a><br \/>\nM\u00f3vil: + 39 388 3956456<\/p>\n<\/p>\n    <\/div>\n  \n  \n\n<\/div>\n    \n    \n    \n    \n  <\/div>\n\n  <\/section>\n\n\n<section class=\"block  paragraph-box full-width\" \n            >\n\n      <div class=\"paragraph-box__content text-center pt-40 md:pt-50 pb-40 md:pb-50\" id=\"\" style=\"background-color: #f2f3f5\">\n\n          <div class=\"container\" style=\"\">\n          <h2 class=\"intro-title font-500 text-primary mb-20 s30 font-medium leading-snug \">Oficina de Orientaci\u00f3n y Admisi\u00f3n de Estudiantes<\/h2>\n  \n  \n  \n      <div class=\"!mb-30 intro-text text-left\">\n      <p><p>La <strong>Oficina de Orientaci\u00f3n Estudiantil y Admisiones acompa\u00f1a a los solicitantes en su camino hasta el ingreso en Ateneo<\/strong>, ofreci\u00e9ndoles apoyo personalizado desde la primera manifestaci\u00f3n de inter\u00e9s hasta la matriculaci\u00f3n. El equipo proporciona informaci\u00f3n sobre cursos de grado y postgrado, procedimientos de admisi\u00f3n y oportunidades de apoyo al estudio.<\/p>\n<p>La Oficina es un punto de <strong>referencia <\/strong>estrat\u00e9gico <strong>para todas las actividades dirigidas a la captaci\u00f3n de nuevos estudiantes<\/strong>, trabajando en estrecha colaboraci\u00f3n con las oficinas de Comunicaci\u00f3n, Recaudaci\u00f3n de Fondos y Antiguos Alumnos, y Cursos Online. A trav\u00e9s de la relaci\u00f3n directa con estudiantes, congregaciones, autoridades laicas y religiosas y socios institucionales, el equipo contribuye a potenciar la identidad y el proyecto educativo del Ateneo, promoviendo la calidad de la oferta acad\u00e9mica y el prestigio del profesorado.<\/p>\n<p><strong>Equipo<\/strong><br \/>\nDra. Alejandra Navas<br \/>\nDra. Irene Tognella<br \/>\nDr. Renato Zeuli<br \/>\nDr. Carlo Fattori<\/p>\n<p><strong>Responsable<\/strong><br \/>\nDr. Mauro Bombardieri<br \/>\n\ud83d\udce7 mbombardieri@upra.org<br \/>\n\ud83d\udcf1 +39 338 152288<\/p>\n<p>&nbsp;<\/p>\n<\/p>\n    <\/div>\n  \n  \n\n<\/div>\n    \n    \n    \n    \n  <\/div>\n\n  <\/section>\n\n\n<section class=\"block  cta-banner full-width\" \n            >\n\n      <div class=\"cta-banner__content text-white content-left pt-60 md:pt-80 pb-60 md:pb-80\" id=\"\" style=\"background-color: #003da5\">\n    <div class=\"container px-20 md:px-0\">\n      <div>\n                            <h2 class=\"py-20 s50 font-500 text-primary text-center md:text-left\">Contactos<\/h2>\n                      <\/div>\n      <div>\n                          <a href=https:\/\/www.upra.org\/es\/ateneo\/contactos\/   title=\"M\u00e1s informaci\u00f3n\"  class=\"button --button-border mb-20 --white  \">\n    <span class=\"button__label\">M\u00e1s informaci\u00f3n<\/span>\n  <\/a>\n                \n        \n                  <div class=\"pt-20 simple_links\">\n                      <a href=https:\/\/www.upra.org\/es\/admision\/como-inscribirse\/   title=\"C\u00f3mo inscribirse\"  class=\"button mb-20 --underline  --white \">\n    <span class=\"button__label\">C\u00f3mo inscribirse<\/span>\n  <\/a>\n                      <a href=https:\/\/www.upra.org\/es\/ateneo\/gobernanza\/   title=\"Descubre todos los Departamentos\"  class=\"button mb-20 --underline  --white \">\n    <span class=\"button__label\">Descubre todos los Departamentos<\/span>\n  <\/a>\n                    <\/div>\n              <\/div>\n    <\/div>\n\n  <\/div>\n\n  <\/section>\n","protected":false},"excerpt":{"rendered":"","protected":false},"author":3,"featured_media":0,"parent":1023,"menu_order":0,"comment_status":"closed","ping_status":"closed","template":"","meta":{"_acf_changed":false,"footnotes":""},"class_list":["post-1125","page","type-page","status-publish","hentry"],"acf":[],"_links":{"self":[{"href":"https:\/\/www.upra.org\/es\/wp-json\/wp\/v2\/pages\/1125","targetHints":{"allow":["GET"]}}],"collection":[{"href":"https:\/\/www.upra.org\/es\/wp-json\/wp\/v2\/pages"}],"about":[{"href":"https:\/\/www.upra.org\/es\/wp-json\/wp\/v2\/types\/page"}],"author":[{"embeddable":true,"href":"https:\/\/www.upra.org\/es\/wp-json\/wp\/v2\/users\/3"}],"replies":[{"embeddable":true,"href":"https:\/\/www.upra.org\/es\/wp-json\/wp\/v2\/comments?post=1125"}],"version-history":[{"count":63,"href":"https:\/\/www.upra.org\/es\/wp-json\/wp\/v2\/pages\/1125\/revisions"}],"predecessor-version":[{"id":11207,"href":"https:\/\/www.upra.org\/es\/wp-json\/wp\/v2\/pages\/1125\/revisions\/11207"}],"up":[{"embeddable":true,"href":"https:\/\/www.upra.org\/es\/wp-json\/wp\/v2\/pages\/1023"}],"wp:attachment":[{"href":"https:\/\/www.upra.org\/es\/wp-json\/wp\/v2\/media?parent=1125"}],"curies":[{"name":"wp","href":"https:\/\/api.w.org\/{rel}","templated":true}]}}