{"id":11270,"date":"2025-04-09T14:47:36","date_gmt":"2025-04-09T14:47:36","guid":{"rendered":"https:\/\/www.upra.org\/es\/?page_id=11270"},"modified":"2025-05-02T10:25:24","modified_gmt":"2025-05-02T10:25:24","slug":"equipo-apra-en-el-jubileo-del-deporte","status":"publish","type":"page","link":"https:\/\/www.upra.org\/es\/comunicacion\/news\/equipo-apra-en-el-jubileo-del-deporte\/","title":{"rendered":"Equipo Apra en el Jubileo del Deporte"},"content":{"rendered":"<div id=\"custom-spacing-custom-spacer-block_f170fce1e9b89c5c08d9b9f0d3699240\"><\/div>\n\n\n<style>\n#custom-spacing-custom-spacer-block_f170fce1e9b89c5c08d9b9f0d3699240 {\n  height: 30px;\n}\n<\/style>\n\n\n<section class=\"block  cta-with-media full-width\" \n            >\n\n      <div class=\"cta-with-media__content  template-media-sx py-60 md:py-80\" id=\"\" style=\"background-color: #f2f3f5\">\n\n    <div class=\"container\">\n      \n        <div class=\"flex flex-col gap-40 md:gap-50 lg:gap-100 md:flex-row\n        md:items-start\">\n\n          <div class=\"flex-1\">\n            <div class=\"media\" style=\"--bg-color-var: #f2f3f5\">\n              <div\n  class=\"image bg-cover  \"\n   data-defer >\n  <figure>\n    <div class=\"image__wrapper\">\n              <picture>\n          \n          <source\n            srcset=\"\"\n            sizes=\"(min-width: 992px) 808px, (min-width: 768px) 680px, 100vw\"\n          \/>\n          <img decoding=\"async\" src=\"\" width=\"\" height=\"\" alt=\"image\">\n        <\/picture>\n          <\/div>\n      <\/figure>\n<\/div>\n\n                          <\/div>\n          <\/div>\n\n          <div class=\"flex-1\">\n                                      <h2 class=\"font-500 text-primary mb-20 s50\">Team APRA presente<\/h2>\n                                <p class=\"!mb-40\"><p>Con motivo del <strong><a href=\"https:\/\/www.iubilaeum2025.va\/es\/pellegrinaggio\/calendario-giubileo\/GrandiEventi\/Giubileo-dello-Sport.html\" target=\"_blank\" rel=\"noopener\">Jubileo del Deporte<\/a><\/strong> y en l\u00ednea con la Tercera Misi\u00f3n de nuestra Universidad, los <strong>EQUIPOS APRA<\/strong> tendr\u00e1n el placer de compartir sus actividades solidarias de <a href=\"https:\/\/www.upra.org\/es\/comunicazione\/eventi\/run4good-2025\/\"><em>Run4Good 2025<\/em><\/a> y la nueva edici\u00f3n del <strong>Tour2France 2025.<\/strong><\/p>\n<p>Este Evento comparte los valores del<strong> DEPORTE SOLIDARIO<\/strong> indicados tambi\u00e9n en la entrevista <em>\u00ab<a href=\"https:\/\/www.gazzetta.it\/Altri-Mondi\/02-01-2021\/papa-francesco-gazzetta-ecco-valori-sport-che-amo-3902143769920.shtml\" target=\"_blank\" rel=\"noopener\">He aqu\u00ed los valores del deporte que amo<\/a>\u00bb del Papa Francisco a la Gazzetta dello Sport<\/em>.<\/p>\n<p>La<strong> Tercera Misi\u00f3n del APRA<\/strong> quiere demostrar que nuestra dedicaci\u00f3n a la educaci\u00f3n no se limita al estudio en las aulas, sino que se extiende a la pr\u00e1ctica diaria de la solidaridad, comprometi\u00e9ndonos activamente con los m\u00e1s necesitados. El camino de la solidaridad es un acto intelectual y un servicio concreto que quiere dar esperanza &#8211; el tema del Jubileo 2025 &#8211; a la comunidad humana y a los m\u00e1s necesitados.<\/p>\n<\/p>\n                                          <a href=https:\/\/www.upra.org\/ateneo\/ateneo-valori-e-principi-della-terza-missione-apra\/  target=_blank  title=\"Mensaje del Rector en italiano\"   rel=\"noopener noreferrer\" class=\"button --button-border  \">\n    <span class=\"button__label\">Mensaje del Rector en italiano<\/span>\n      <span class=\"button__icon icon icon-arrow-right\">\n      <span class=\"lnr lnr-arrow-right\"><\/span>\n\n    <\/span>\n  <\/a>\n                  <\/div>\n      <\/div>\n\n    <\/div>\n\n  <\/div>\n\n  <\/section>\n\n\n<section class=\"block  navigation-with-slider-cards full-width\" \n            >\n\n      <div class=\"navigation-with-slider-cards__content relative slider  pt-60 md:pt-80\" id=\"\" style=\"\">\n    <div class=\"container flex flex-row justify-between items-end gap-0 md:gap-45\">\n              <div class=\"basis-3\/3  md:basis-2\/3 pl-0 pr-0\">\n                                  <h2 class=\"s40 font-500 text-primary\">   News ed Eventi<\/h2>\n                            <\/div>\n                    <div class=\"basis-0\/3 md:basis-1\/3\">\n          <div class=\"navigation relative z-20 text-right pb-4\"> \n            <div class=\"swiper-button-prev inline-block\"><i class=\"fa-solid fa-angle-left text-primary\"><\/i><\/div>\n            <div class=\"swiper-button-next inline-block\"><i class=\"fa-solid fa-angle-right text-primary\"><\/i><\/div>\n          <\/div>\n        <\/div>\n          <\/div>\n          <div class=\"container\">\n        <div\n          class=\"slider slider-disabled \"\n          data-slider-config='{\n            \"slidesPerView\": 1.15,\n            \"spaceBetween\": 10,\n            \"navigation\": {\n              \"nextEl\": \".block.navigation-with-slider-cards .swiper-button-next\",\n              \"prevEl\": \".block.navigation-with-slider-cards .swiper-button-prev\"\n            },\n            \"autoplay\": false,\n            \"loop\": false,\n            \"breakpoints\": {\n              \"768\": {\n                \"slidesPerView\": 2,\n                \"spaceBetween\": 16\n              },\n              \"992\": {\n                \"slidesPerView\": 2,\n                \"spaceBetween\": 16\n              }\n            }\n          }'\n          >\n          <div class=\"swiper-wrapper z-10 relative mt-40\">\n                                        <div class=\"swiper-slide pl-0 pr-0\">\n                <article class=\"card-slide --slider slider  \" style=\"\">\n\n\n\n  <div class=\"card-slide__inner h-full flex flex-col justify-between \">\n    \n    <div class=\"card-slide__content h-full data-def basis-3\/3 noImage\">\n      <div class=\"pt-50 pr-20 pb-40 pl-20 md:pr-30 md:pl-30 h-full flex flex-col justify-between\">\n\n        \n        <div class=\"!mb-0\">\n                      <h3 class=\"card-slide__title text-primary s30 font-500 pb-16\">Run4Good 2025<\/h3>\n                                <div class=\"card-slide__text font-normal font-400\"><p><img decoding=\"async\" class=\"aligncenter wp-image-24389 size-large\" src=\"https:\/\/www.upra.org\/app\/uploads\/2025\/03\/Team-Aprab-1024x736.jpg\" alt=\"\" width=\"1024\" height=\"736\" \/><\/p>\n<p>El equipo Run4Good est\u00e1 formado por diez estudiantes de distintas facultades del APRA que, juntos, se entrenaron duro para afrontar el reto del marat\u00f3n RunRome con el objetivo de recaudar fondos para ofrecer becas a estudiantes con dificultades econ\u00f3micas que demuestren excelencia acad\u00e9mica.<\/p>\n<p><em>\u00abLa idea de Run4Good naci\u00f3 del deseo de combinar nuestro compromiso como estudiantes y nuestra pasi\u00f3n por correr con nuestro deseo de marcar la diferencia en nuestra comunidad universitaria\u00bb, explica el H. Sebastian Jasiorkowski L.C. \u00abLas becas APRA son un apoyo vital para muchos estudiantes y nosotros, con esta iniciativa, esperamos ayudar a que sean a\u00fan m\u00e1s accesibles.\u00bb<\/em><\/p>\n<\/div>\n          \n                            <\/div>\n\n                  <div class=\"mt-10 font-500 s16 slider\">\n            <a href=https:\/\/www.upra.org\/es\/comunicazione\/eventi\/run4good-2025\/  target=_blank  title=\"M\u00e1s informaci\u00f3n\"   rel=\"noopener noreferrer\" class=\"button s16  \">\n    <span class=\"button__label\">M\u00e1s informaci\u00f3n<\/span>\n      <span class=\"button__icon icon-arrow\">\n      <svg xmlns=\"http:\/\/www.w3.org\/2000\/svg\" width=\"35\" height=\"12.828\" viewBox=\"0 0 35 12.828\">\n  <g id=\"Icon_feather-arrow-right\" data-name=\"Icon feather-arrow-right\" transform=\"translate(16.5 -6.086)\">\n    <path id=\"Tracciato_346\" data-name=\"Tracciato 346\" d=\"M7.5,18h33\" transform=\"translate(-23 -5.5)\" fill=\"none\" stroke=\"#171717\" stroke-linecap=\"round\" stroke-linejoin=\"round\" stroke-width=\"2\"\/>\n    <path id=\"Tracciato_347\" data-name=\"Tracciato 347\" d=\"M18,7.5l5,5-5,5\" transform=\"translate(-5.5 0)\" fill=\"none\" stroke=\"#171717\" stroke-linecap=\"round\" stroke-linejoin=\"round\" stroke-width=\"2\"\/>\n  <\/g>\n<\/svg>\n\n    <\/span>\n  <\/a>\n          <\/div>\n              <\/div>\n    <\/div>\n\n    \n  <\/div>\n<\/article>\n              <\/div>\n                                        <div class=\"swiper-slide pl-0 pr-0\">\n                <article class=\"card-slide --slider slider  \" style=\"\">\n\n\n\n  <div class=\"card-slide__inner h-full flex flex-col justify-between \">\n    \n    <div class=\"card-slide__content h-full data-def basis-3\/3 noImage\">\n      <div class=\"pt-50 pr-20 pb-40 pl-20 md:pr-30 md:pl-30 h-full flex flex-col justify-between\">\n\n        \n        <div class=\"!mb-0\">\n                      <h3 class=\"card-slide__title text-primary s30 font-500 pb-16\">Tour2France 2025<\/h3>\n                                <div class=\"card-slide__text font-normal font-400\"><p><img decoding=\"async\" class=\"aligncenter wp-image-24322 size-full\" src=\"https:\/\/www.upra.org\/app\/uploads\/2025\/03\/Tour2France-2022-e1742545893315.jpg\" alt=\"\" width=\"676\" height=\"557\" \/><\/p>\n<p>Con salida de la plaza de San Pedro, vuelve este a\u00f1o nuestro Tour2France, la prueba ciclista dedicada a apoyar a los estudiantes que desean continuar sus estudios en nuestro Ateneo Pontificio pero que tienen dificultades econ\u00f3micas para proseguirlos.<\/p>\n<p>El recorrido tendr\u00e1 como destino final la Cath\u00e9drale Notre-Dame-du-Puy y nuestro Antiguo Alumno, el Padre LC, guiar\u00e1 al equipo APRA a trav\u00e9s de la Cath\u00e9drale Notre-Dame-du-Puy. LC, liderar\u00e1 al Equipo APRA en una edici\u00f3n del Tour que recorrer\u00e1 m\u00e1s de 1.000 km, combinando caridad, deporte y espiritualidad.<\/p>\n<\/div>\n          \n                            <\/div>\n\n                  <div class=\"mt-10 font-500 s16 slider\">\n            <a href=https:\/\/www.upra.org\/es\/comunicazione\/eventi\/tour2france-2024\/  target=_blank  title=\"Tour 2 France 2024\"   rel=\"noopener noreferrer\" class=\"button s16  \">\n    <span class=\"button__label\">Tour 2 France 2024<\/span>\n      <span class=\"button__icon icon-arrow\">\n      <svg xmlns=\"http:\/\/www.w3.org\/2000\/svg\" width=\"35\" height=\"12.828\" viewBox=\"0 0 35 12.828\">\n  <g id=\"Icon_feather-arrow-right\" data-name=\"Icon feather-arrow-right\" transform=\"translate(16.5 -6.086)\">\n    <path id=\"Tracciato_346\" data-name=\"Tracciato 346\" d=\"M7.5,18h33\" transform=\"translate(-23 -5.5)\" fill=\"none\" stroke=\"#171717\" stroke-linecap=\"round\" stroke-linejoin=\"round\" stroke-width=\"2\"\/>\n    <path id=\"Tracciato_347\" data-name=\"Tracciato 347\" d=\"M18,7.5l5,5-5,5\" transform=\"translate(-5.5 0)\" fill=\"none\" stroke=\"#171717\" stroke-linecap=\"round\" stroke-linejoin=\"round\" stroke-width=\"2\"\/>\n  <\/g>\n<\/svg>\n\n    <\/span>\n  <\/a>\n          <\/div>\n              <\/div>\n    <\/div>\n\n    \n  <\/div>\n<\/article>\n              <\/div>\n                      <\/div>\n\n        <\/div>\n\n      <\/div>\n    \n    \n\n  <\/div>\n\n  <\/section>\n\n\n<section class=\"block  navigation-with-slider-cards full-width\" \n            >\n\n      <div class=\"navigation-with-slider-cards__content relative slider pb-60 md:pb-80 pt-60 md:pt-80\" id=\"\" style=\"background-color: #f2f3f5\">\n    <div class=\"container flex flex-row justify-between items-end gap-0 md:gap-45\">\n                    <div class=\"basis-0\/3 md:basis-1\/3\">\n          <div class=\"navigation relative z-20 text-right pb-4\"> \n            <div class=\"swiper-button-prev inline-block\"><i class=\"fa-solid fa-angle-left text-primary\"><\/i><\/div>\n            <div class=\"swiper-button-next inline-block\"><i class=\"fa-solid fa-angle-right text-primary\"><\/i><\/div>\n          <\/div>\n        <\/div>\n          <\/div>\n    \n    \n\n  <\/div>\n\n  <\/section>\n\n\n<div class=\"container\">\n<p><\/p>\n<\/div>","protected":false},"excerpt":{"rendered":"","protected":false},"author":14,"featured_media":0,"parent":924,"menu_order":0,"comment_status":"closed","ping_status":"closed","template":"","meta":{"_acf_changed":false,"footnotes":""},"class_list":["post-11270","page","type-page","status-publish","hentry"],"acf":[],"_links":{"self":[{"href":"https:\/\/www.upra.org\/es\/wp-json\/wp\/v2\/pages\/11270","targetHints":{"allow":["GET"]}}],"collection":[{"href":"https:\/\/www.upra.org\/es\/wp-json\/wp\/v2\/pages"}],"about":[{"href":"https:\/\/www.upra.org\/es\/wp-json\/wp\/v2\/types\/page"}],"author":[{"embeddable":true,"href":"https:\/\/www.upra.org\/es\/wp-json\/wp\/v2\/users\/14"}],"replies":[{"embeddable":true,"href":"https:\/\/www.upra.org\/es\/wp-json\/wp\/v2\/comments?post=11270"}],"version-history":[{"count":3,"href":"https:\/\/www.upra.org\/es\/wp-json\/wp\/v2\/pages\/11270\/revisions"}],"predecessor-version":[{"id":11320,"href":"https:\/\/www.upra.org\/es\/wp-json\/wp\/v2\/pages\/11270\/revisions\/11320"}],"up":[{"embeddable":true,"href":"https:\/\/www.upra.org\/es\/wp-json\/wp\/v2\/pages\/924"}],"wp:attachment":[{"href":"https:\/\/www.upra.org\/es\/wp-json\/wp\/v2\/media?parent=11270"}],"curies":[{"name":"wp","href":"https:\/\/api.w.org\/{rel}","templated":true}]}}