{"id":1132,"date":"2023-07-13T12:18:12","date_gmt":"2023-07-13T12:18:12","guid":{"rendered":"https:\/\/www.upra.org\/es\/?page_id=1132"},"modified":"2025-06-24T12:53:25","modified_gmt":"2025-06-24T12:53:25","slug":"instituto-superior-ciencias-religiosas","status":"publish","type":"page","link":"https:\/\/www.upra.org\/es\/facultades-institutos\/instituto-superior-ciencias-religiosas\/","title":{"rendered":"Instituto Superior de Ciencias Religiosas"},"content":{"rendered":"<section class=\"block  cta-with-media full-width\" \n            >\n\n      <div class=\"cta-with-media__content  template-media-sx py-60 md:py-80\" id=\"\" style=\"\">\n\n    <div class=\"container\">\n      \n        <div class=\"flex flex-col gap-40 md:gap-50 lg:gap-100 md:flex-row\n        md:items-start\">\n\n          <div class=\"flex-1\">\n            <div class=\"media\" style=\"--bg-color-var: #FFFFFF\">\n              <div\n  class=\"image bg-cover  --is-png \"\n   data-defer >\n  <figure>\n    <div class=\"image__wrapper\">\n              <picture>\n          \n          <source\n            srcset=\"\"\n            sizes=\"(min-width: 992px) 808px, (min-width: 768px) 680px, 100vw\"\n          \/>\n          <img decoding=\"async\" src=\"https:\/\/www.upra.org\/app\/uploads\/sites\/5\/2023\/09\/Raggruppa-89.png\" width=\"\" height=\"\" alt=\"Raggruppa 89\">\n        <\/picture>\n          <\/div>\n      <\/figure>\n<\/div>\n\n                          <\/div>\n          <\/div>\n\n          <div class=\"flex-1\">\n                                  <p class=\"!mb-40\"><div class=\"flex max-w-full flex-col flex-grow\">\n<div class=\"min-h-8 text-message relative flex w-full flex-col items-end gap-2 whitespace-normal break-words text-start [.text-message+&amp;]:mt-5\" dir=\"auto\" data-message-author-role=\"assistant\" data-message-id=\"dc0dea7e-b2da-47b5-8f16-b4fd0068cb14\" data-message-model-slug=\"gpt-4o-mini\">\n<div class=\"flex w-full flex-col gap-1 empty:hidden first:pt-[3px]\">\n<div class=\"markdown prose w-full break-words dark:prose-invert light\">\n<p class=\"\" data-start=\"0\" data-end=\"384\">El Instituto Superior de Ciencias Religiosas (ISSR) de la Universidad Pontificia Regina Apostolorum ofrece un camino acad\u00e9mico destinado a proporcionar una formaci\u00f3n integral y sistem\u00e1tica de la doctrina cat\u00f3lica, preparando tanto a laicos como a religiosos para asumir responsabilidades eclesiales y para la proclamaci\u00f3n de la fe en los diversos \u00e1mbitos de la sociedad contempor\u00e1nea.<\/p>\n<p class=\"\" data-start=\"386\" data-end=\"606\">El Instituto se distingue por su fuerte sentido pastoral y sensibilidad cultural, formando profesionales cristianos capaces de integrarse activamente en las din\u00e1micas culturales y operativas de la sociedad contempor\u00e1nea.<\/p>\n<p class=\"\" data-start=\"608\" data-end=\"841\">Adem\u00e1s, el ISSR est\u00e1 comprometido con la formaci\u00f3n permanente de la vida consagrada femenina, ofreciendo cursos anuales, semestrales y de verano, respondiendo as\u00ed a las necesidades de actualizaci\u00f3n y profundizaci\u00f3n de las religiosas.<\/p>\n<\/div>\n<\/div>\n<\/div>\n<\/div>\n<div class=\"flex justify-start\"><\/div>\n<\/p>\n                                      <\/div>\n      <\/div>\n\n    <\/div>\n\n  <\/div>\n\n  <\/section>\n\n\n<section class=\"block  cta-with-media full-width\" \n            >\n\n      <div class=\"cta-with-media__content  template-media-sx py-60 md:py-80\" id=\"\" style=\"\">\n\n    <div class=\"container\">\n      \n        <div class=\"flex flex-col gap-40 md:gap-50 lg:gap-100 md:flex-row\n        md:items-center\">\n\n          <div class=\"flex-1\">\n            <div class=\"media\" style=\"--bg-color-var: #FFFFFF\">\n              <div\n  class=\"image bg-cover  --is-png \"\n   data-defer >\n  <figure>\n    <div class=\"image__wrapper\">\n              <picture>\n          \n          <source\n            srcset=\"\"\n            sizes=\"(min-width: 992px) 808px, (min-width: 768px) 680px, 100vw\"\n          \/>\n          <img decoding=\"async\" src=\"https:\/\/www.upra.org\/app\/uploads\/sites\/5\/2023\/09\/Tavola-disegno-4@2x.png\" width=\"\" height=\"\" alt=\"Tavola disegno 4@2x\">\n        <\/picture>\n          <\/div>\n      <\/figure>\n<\/div>\n\n                          <\/div>\n          <\/div>\n\n          <div class=\"flex-1\">\n                                      <h2 class=\"font-500 text-primary mb-20 s40\">Los cursos del Instituto Superior de Ciencias Religiosas<\/h2>\n                                <p class=\"!mb-40\"><div class=\"flex-1 overflow-hidden\">\n<p>&nbsp;<\/p>\n<div class=\"react-scroll-to-bottom--css-uddzu-79elbk h-full\">\n<div class=\"react-scroll-to-bottom--css-uddzu-1n7m0yu\">\n<div class=\"flex flex-col text-sm pb-9\">\n<div class=\"w-full text-token-text-primary\" dir=\"auto\" data-testid=\"conversation-turn-47\" data-scroll-anchor=\"true\">\n<div class=\"py-2 px-3 text-base md:px-4 m-auto md:px-5 lg:px-1 xl:px-5\">\n<div class=\"mx-auto flex flex-1 gap-3 text-base juice:gap-4 juice:md:gap-6 md:max-w-3xl lg:max-w-[40rem] xl:max-w-[48rem]\">\n<div class=\"relative flex w-full min-w-0 flex-col agent-turn\">\n<div class=\"flex-col gap-1 md:gap-3\">\n<div class=\"flex flex-grow flex-col max-w-full\">\n<div class=\"min-h-[20px] text-message flex flex-col items-start whitespace-pre-wrap break-words [.text-message+&amp;]:mt-5 juice:w-full juice:items-end overflow-x-auto gap-3\" dir=\"auto\" data-message-author-role=\"assistant\" data-message-id=\"54452bbc-68e4-4cb3-a036-7b353da95a88\">\n<div class=\"markdown prose w-full break-words dark:prose-invert light\">\n<p>El Instituto Superior de Ciencias Religiosas est\u00e1 dirigido a estudiantes interesados en el estudio y la profundizaci\u00f3n de las ciencias religiosas a nivel universitario, combinando un sentido pastoral y una sensibilidad cultural.<\/p>\n<\/div>\n<p>El documento del Plan de Estudios puede estar sujeto a cambios:<\/p>\n<\/div>\n<\/div>\n<\/div>\n<\/div>\n<\/div>\n<\/div>\n<\/div>\n<\/div>\n<\/div>\n<\/div>\n<\/div>\n<\/p>\n                                          <a href=https:\/\/www.upra.org\/app\/uploads\/sites\/5\/2025\/06\/Ordo-Accademico-2025_2026-ISSR.pdf  target=_blank  title=\"Descarga el Plan de Estudio 2025-2026\"   rel=\"noopener noreferrer\" class=\"button --button-border  \">\n    <span class=\"button__label\">Descarga el Plan de Estudio 2025-2026<\/span>\n      <span class=\"button__icon icon icon-arrow-right\">\n      <span class=\"lnr lnr-arrow-right\"><\/span>\n\n    <\/span>\n  <\/a>\n                  <\/div>\n      <\/div>\n\n    <\/div>\n\n  <\/div>\n\n  <\/section>\n\n\n<section class=\"block  paragraph-box full-width\" \n            >\n\n      <div class=\"paragraph-box__content text-center  \" id=\"\" style=\"background-color: #f2f3f5\">\n\n          <div class=\"container\" style=\"\">\n          <h2 class=\"intro-title font-500 text-primary mb-20 s40 \">Cursos de Grado<\/h2>\n  \n  \n  \n  \n  \n\n<\/div>\n    \n    \n    \n    \n  <\/div>\n\n  <\/section>\n\n\n<section class=\"block  course-infoboxes full-width\" \n            >\n\n      <div class=\"course-infoboxes__content py-20 md:py-60 theme-dark\" id=\"\">\n    <div class=\"container px-20 md:px-0 align-center\">\n      \n              <div class=\"flex flex-col md:flex-none md:grid md:grid-cols-3  gap-16 text-center\">\n                                                          \n            <div class=\"col-span-1 py-40 px-30 bg-gray\">\n                              <h3 class=\"s30 text-primary font-500 mb-20\">Bachillerato en Ciencias Religiosas<\/h3>\n                                                          <a href=https:\/\/www.upra.org\/es\/corsi\/programma\/bachillerato-en-ciencias-religiosas\/  target=_blank  title=\"Ir al programa\"   rel=\"noopener noreferrer\" class=\"button mb-20 font-500  --dark \">\n    <span class=\"button__label\">Ir al programa<\/span>\n      <span class=\"button__icon icon-arrow\">\n      <svg xmlns=\"http:\/\/www.w3.org\/2000\/svg\" width=\"35\" height=\"12.828\" viewBox=\"0 0 35 12.828\">\n  <g id=\"Icon_feather-arrow-right\" data-name=\"Icon feather-arrow-right\" transform=\"translate(16.5 -6.086)\">\n    <path id=\"Tracciato_346\" data-name=\"Tracciato 346\" d=\"M7.5,18h33\" transform=\"translate(-23 -5.5)\" fill=\"none\" stroke=\"#171717\" stroke-linecap=\"round\" stroke-linejoin=\"round\" stroke-width=\"2\"\/>\n    <path id=\"Tracciato_347\" data-name=\"Tracciato 347\" d=\"M18,7.5l5,5-5,5\" transform=\"translate(-5.5 0)\" fill=\"none\" stroke=\"#171717\" stroke-linecap=\"round\" stroke-linejoin=\"round\" stroke-width=\"2\"\/>\n  <\/g>\n<\/svg>\n\n    <\/span>\n  <\/a>\n                                                      <\/div>\n                                                \n            <div class=\"col-span-1 py-40 px-30 bg-gray\">\n                              <h3 class=\"s30 text-primary font-500 mb-20\">Licenciatura en Ciencias Religiosas con especializaci\u00f3n en pastoral de la formaci\u00f3n<\/h3>\n                                                          <a href=https:\/\/www.upra.org\/es\/corsi\/programma\/licenciatura-en-ciencias-religiosas-con-especializacion-en-pastoral-de-la-formacion\/  target=_blank  title=\"Ir al programa\"   rel=\"noopener noreferrer\" class=\"button mb-20 font-500  --dark \">\n    <span class=\"button__label\">Ir al programa<\/span>\n      <span class=\"button__icon icon-arrow\">\n      <svg xmlns=\"http:\/\/www.w3.org\/2000\/svg\" width=\"35\" height=\"12.828\" viewBox=\"0 0 35 12.828\">\n  <g id=\"Icon_feather-arrow-right\" data-name=\"Icon feather-arrow-right\" transform=\"translate(16.5 -6.086)\">\n    <path id=\"Tracciato_346\" data-name=\"Tracciato 346\" d=\"M7.5,18h33\" transform=\"translate(-23 -5.5)\" fill=\"none\" stroke=\"#171717\" stroke-linecap=\"round\" stroke-linejoin=\"round\" stroke-width=\"2\"\/>\n    <path id=\"Tracciato_347\" data-name=\"Tracciato 347\" d=\"M18,7.5l5,5-5,5\" transform=\"translate(-5.5 0)\" fill=\"none\" stroke=\"#171717\" stroke-linecap=\"round\" stroke-linejoin=\"round\" stroke-width=\"2\"\/>\n  <\/g>\n<\/svg>\n\n    <\/span>\n  <\/a>\n                                                      <\/div>\n                                                \n            <div class=\"col-span-1 py-40 px-30 bg-gray\">\n                              <h3 class=\"s30 text-primary font-500 mb-20\">Licenciatura en Ciencias Religiosas con especializaci\u00f3n en Pedagog\u00eda Did\u00e1ctica<\/h3>\n                                                          <a href=https:\/\/www.upra.org\/es\/corsi\/materia\/strategie-didattiche-e-creativita\/  target=_blank  title=\"Ir al programa\"   rel=\"noopener noreferrer\" class=\"button mb-20 font-500  --dark \">\n    <span class=\"button__label\">Ir al programa<\/span>\n      <span class=\"button__icon icon-arrow\">\n      <svg xmlns=\"http:\/\/www.w3.org\/2000\/svg\" width=\"35\" height=\"12.828\" viewBox=\"0 0 35 12.828\">\n  <g id=\"Icon_feather-arrow-right\" data-name=\"Icon feather-arrow-right\" transform=\"translate(16.5 -6.086)\">\n    <path id=\"Tracciato_346\" data-name=\"Tracciato 346\" d=\"M7.5,18h33\" transform=\"translate(-23 -5.5)\" fill=\"none\" stroke=\"#171717\" stroke-linecap=\"round\" stroke-linejoin=\"round\" stroke-width=\"2\"\/>\n    <path id=\"Tracciato_347\" data-name=\"Tracciato 347\" d=\"M18,7.5l5,5-5,5\" transform=\"translate(-5.5 0)\" fill=\"none\" stroke=\"#171717\" stroke-linecap=\"round\" stroke-linejoin=\"round\" stroke-width=\"2\"\/>\n  <\/g>\n<\/svg>\n\n    <\/span>\n  <\/a>\n                                                      <\/div>\n                  <\/div>\n      \n    <\/div>\n  <\/div>\n\n  <\/section>\n\n\n<section class=\"block  cta-banner full-width\" \n            >\n\n      <div class=\"cta-banner__content  simple pt-60 md:pt-80 pb-60 md:pb-80\" id=\"\" style=\"\">\n    <div class=\"container px-20 md:px-0\">\n      <div>\n                      <\/div>\n      <div>\n                          <a href=https:\/\/www.upra.org\/es\/todo-los-cursos\/?key=&amp;level=&amp;department=Instituto+Superior+de+Ciencias+Religiosas  target=_blank  title=\"Descubre todos los cursos\"   rel=\"noopener noreferrer\" class=\"button --button-border mb-20  \">\n    <span class=\"button__label\">Descubre todos los cursos<\/span>\n  <\/a>\n                \n        \n              <\/div>\n    <\/div>\n\n  <\/div>\n\n  <\/section>\n\n\n\n\n\n\n<section class=\"block  navigation-with-button full-width\" \n            >\n\n      <div class=\"navigation-with-button__content cta-with-media pt-20 md:pt-0 md:pb-0 pb-0\" id=\"\" style=\"background-color: #bc8500\">\n                    <div class=\"container overflow-hidden\" style=\"\">\n        <div\n          class=\"slider slider-disabled\"\n          data-slider-config='{\n            \"slidesPerView\": 1,\n            \"spaceBetween\": 0,\n            \"navigation\": {\n              \"nextEl\": \".block.navigation-with-button .swiper-button-next\",\n              \"prevEl\": \".block.navigation-with-button .swiper-button-prev\"\n            },\n            \"autoplay\": false,\n            \"loop\": false,\n            \"breakpoints\": {\n              \"768\": {\n                \"slidesPerView\": 1,\n                \"spaceBetween\": 16\n              },\n              \"992\": {\n                \"slidesPerView\": 1,\n                \"spaceBetween\": 16\n              }\n            }\n          }'\n          >\n          <div class=\"swiper-wrapper z-10 relative mt-0 mb-0 md:mb-20 noSlider\">\n                                        <div class=\"swiper-slide !h-auto\">\n                <article class=\"card-slide --cta-with-media cta-with-media white fullwidth cta-with-media\" style=\"\">\n\n\n\n  <div class=\"card-slide__inner h-full flex flex-col justify-between md:flex-col-reverse\">\n    \n    <div class=\"card-slide__content h-full data-def basis-2\/3 self-center\">\n      <div class=\"pt-50 pr-20 pb-40 pl-20 md:pr-30 md:pl-30 h-full flex flex-col justify-between\">\n\n        \n        <div class=\"!mb-0\">\n                      <h3 class=\"card-slide__title text-primary s30 font-500 pb-16\">Docentes de la Facultad<\/h3>\n                                <div class=\"card-slide__text font-normal font-400\"><p>Todos los profesores del Ateneo Pontificio Regina Apostolorum tienen una experiencia internacional que les ha preparado para la misi\u00f3n de formar ap\u00f3stoles, l\u00edderes cristianos, cl\u00e9rigos y laicos, al servicio de la Iglesia.<\/p>\n<\/div>\n          \n                            <\/div>\n\n                  <div class=\"mt-10 font-500 s16 slider\">\n            <a href=https:\/\/www.upra.org\/es\/ateneo\/profesorado\/?departments=Istituto+Superiore+di+Scienze+Religiose&amp;subject=&amp;key=   title=\"El profesorado\"  class=\"button mt-20 --button-border font-400 bold s16 --white  --white \">\n    <span class=\"button__label\">El profesorado<\/span>\n      <span class=\"button__icon icon icon-arrow-right\">\n      <span class=\"lnr lnr-arrow-right\"><\/span>\n\n    <\/span>\n  <\/a>\n          <\/div>\n              <\/div>\n    <\/div>\n\n          <div class=\"card-slide__visual relative\">\n        <div>\n          <div\n  class=\"image   --is-png \"\n   data-defer >\n  <figure>\n    <div class=\"image__wrapper\">\n              <picture>\n          \n          <source\n            srcset=\"\"\n            sizes=\"(min-width: 992px) 740px, (min-width: 768px) 680px, 100vw\"\n          \/>\n          <img decoding=\"async\" src=\"https:\/\/www.upra.org\/app\/uploads\/sites\/5\/2023\/09\/Docenti.png\" width=\"\" height=\"\" alt=\"Docenti\">\n        <\/picture>\n          <\/div>\n      <\/figure>\n<\/div>\n        <\/div>\n      <\/div>\n    \n  <\/div>\n<\/article>\n              <\/div>\n                      <\/div>\n        <\/div>\n      <\/div>\n      <\/div>\n\n  <\/section>\n\n\n\n<section class=\"block  cta-banner full-width\" \n            >\n\n      <div class=\"cta-banner__content text-white two-column pt-60 md:pt-80 pb-60 md:pb-80\" id=\"\" style=\"background-color: #003da5\">\n    <div class=\"container px-20 md:px-0\">\n      <div>\n                            <h2 class=\"py-20 s50 font-500 text-primary text-center md:text-left\">Contactos<\/h2>\n                      <\/div>\n      <div>\n                          <a href=https:\/\/www.upra.org\/es\/ateneo\/contactos\/   title=\"Descubrir\"  class=\"button --button-border mb-20 bg-white  \">\n    <span class=\"button__label\">Descubrir<\/span>\n  <\/a>\n                          <a href=https:\/\/upra.zohobookings.eu\/#\/ateneopontificioreginaapostolorum   title=\"RESERVE TU VIDEOLLAMADA\"  class=\"button --button-border mb-20 bg-white  \">\n    <span class=\"button__label\">RESERVE TU VIDEOLLAMADA<\/span>\n  <\/a>\n        \n        \n                  <div class=\"pt-20 simple_links\">\n                      <a href=https:\/\/www.upra.org\/es\/admision\/como-inscribirse\/   title=\"C\u00f3mo inscribirte\"  class=\"button mb-20 --underline  --white \">\n    <span class=\"button__label\">C\u00f3mo inscribirte<\/span>\n  <\/a>\n                      <a href=https:\/\/www.upra.org\/es\/facultades-institutos\/   title=\"Otros programas que pueden interesarte\"  class=\"button mb-20 --underline  --white \">\n    <span class=\"button__label\">Otros programas que pueden interesarte<\/span>\n  <\/a>\n                    <\/div>\n              <\/div>\n    <\/div>\n\n  <\/div>\n\n  <\/section>\n","protected":false},"excerpt":{"rendered":"","protected":false},"author":3,"featured_media":0,"parent":720,"menu_order":0,"comment_status":"closed","ping_status":"closed","template":"","meta":{"_acf_changed":false,"footnotes":""},"class_list":["post-1132","page","type-page","status-publish","hentry"],"acf":[],"_links":{"self":[{"href":"https:\/\/www.upra.org\/es\/wp-json\/wp\/v2\/pages\/1132","targetHints":{"allow":["GET"]}}],"collection":[{"href":"https:\/\/www.upra.org\/es\/wp-json\/wp\/v2\/pages"}],"about":[{"href":"https:\/\/www.upra.org\/es\/wp-json\/wp\/v2\/types\/page"}],"author":[{"embeddable":true,"href":"https:\/\/www.upra.org\/es\/wp-json\/wp\/v2\/users\/3"}],"replies":[{"embeddable":true,"href":"https:\/\/www.upra.org\/es\/wp-json\/wp\/v2\/comments?post=1132"}],"version-history":[{"count":67,"href":"https:\/\/www.upra.org\/es\/wp-json\/wp\/v2\/pages\/1132\/revisions"}],"predecessor-version":[{"id":11502,"href":"https:\/\/www.upra.org\/es\/wp-json\/wp\/v2\/pages\/1132\/revisions\/11502"}],"up":[{"embeddable":true,"href":"https:\/\/www.upra.org\/es\/wp-json\/wp\/v2\/pages\/720"}],"wp:attachment":[{"href":"https:\/\/www.upra.org\/es\/wp-json\/wp\/v2\/media?parent=1132"}],"curies":[{"name":"wp","href":"https:\/\/api.w.org\/{rel}","templated":true}]}}