{"id":1137,"date":"2023-07-13T12:19:30","date_gmt":"2023-07-13T12:19:30","guid":{"rendered":"https:\/\/www.upra.org\/es\/?page_id=1137"},"modified":"2025-08-06T09:10:42","modified_gmt":"2025-08-06T09:10:42","slug":"instituto-estudios-superiores-mujer","status":"publish","type":"page","link":"https:\/\/www.upra.org\/es\/facultades-institutos\/institutos\/instituto-estudios-superiores-mujer\/","title":{"rendered":"Instituto de Estudios Superiores sobre la Mujer"},"content":{"rendered":"<section class=\"block  cta-with-media full-width\" \n            >\n\n      <div class=\"cta-with-media__content  template-media-sx py-60 md:py-80\" id=\"\" style=\"\">\n\n    <div class=\"container\">\n      \n        <div class=\"flex flex-col gap-40 md:gap-50 lg:gap-100 md:flex-row\n        md:items-start\">\n\n          <div class=\"flex-1\">\n            <div class=\"media\" style=\"--bg-color-var: #FFFFFF\">\n              <div\n  class=\"image bg-cover  --is-webp \"\n   data-defer >\n  <figure>\n    <div class=\"image__wrapper\">\n              <picture>\n          \n          <source\n            srcset=\"\"\n            sizes=\"(min-width: 992px) 808px, (min-width: 768px) 680px, 100vw\"\n          \/>\n          <img decoding=\"async\" src=\"https:\/\/www.upra.org\/app\/uploads\/sites\/5\/2024\/01\/0000_ISSD-1.webp\" width=\"\" height=\"\" alt=\"0000_ISSD\">\n        <\/picture>\n          <\/div>\n      <\/figure>\n<\/div>\n\n                          <\/div>\n          <\/div>\n\n          <div class=\"flex-1\">\n                                  <p class=\"!mb-40\"><p>El <strong>Instituto de Estudios Superiores sobre la Mujer<\/strong> es uno de los primeros centros de estudios sistem\u00e1ticos y multidisciplinares sobre la mujer en su identidad y campos de acci\u00f3n, que fomenta la colaboraci\u00f3n entre hombres y mujeres en todos los \u00e1mbitos: en la investigaci\u00f3n, en la Iglesia, en el mundo laboral y en el econ\u00f3mico. En la reflexi\u00f3n y el estudio subyace la premisa de que el hombre y la mujer solo pueden comprenderse plenamente en su relaci\u00f3n de reciprocidad.<\/p>\n<p>Dentro del Instituto, es posible estudiar a fondo el papel de la <strong>mujer en \u00e1mbitos relacionados con la identidad de g\u00e9nero y la psicolog\u00eda<\/strong>, as\u00ed como en \u00e1reas relacionadas con la econom\u00eda y el mercado laboral.<\/p>\n<\/p>\n                                          <a href=https:\/\/www.upra.org\/es\/todo-los-cursos\/?key=&amp;level=&amp;department=Instituto+de+Estudios+Superiores+sobre+la+Mujer   target=_blank  title=\"Descubrir todos los cursos \"   rel=\"noopener noreferrer\" class=\"button --button-border  \">\n    <span class=\"button__label\">Descubrir todos los cursos <\/span>\n      <span class=\"button__icon icon icon-arrow-right\">\n      <span class=\"lnr lnr-arrow-right\"><\/span>\n\n    <\/span>\n  <\/a>\n                  <\/div>\n      <\/div>\n\n    <\/div>\n\n  <\/div>\n\n  <\/section>\n\n\n<section class=\"block  paragraph-box full-width\" \n            >\n\n      <div class=\"paragraph-box__content text-center pt-40 md:pt-50 pb-40 md:pb-50\" id=\"\" style=\"background-color: #f2f3f5\">\n\n          <div class=\"container\" style=\"\">\n          <h2 class=\"intro-title font-500 text-primary mb-20 s40 \">Los cursos de formaci\u00f3n del Instituto de Estudios Superiores sobre la Mujer<\/h2>\n  \n  \n  \n      <div class=\"!mb-30 intro-text text-left\">\n      <p><p>La oferta educativa del Instituto abarca una serie de<strong> cursos avanzados y diplomas de especializaci\u00f3n<\/strong> sobre temas relacionados con las \u00e1reas de inter\u00e9s del Instituto, como estudios antropol\u00f3gicos y culturales y estudios en profundidad relacionados con el trabajo y la innovaci\u00f3n organizativa.<\/p>\n<p>&nbsp;<\/p>\n<p>El documento del Plan de Estudios puede estar sujeto a cambios:<\/p>\n<\/p>\n    <\/div>\n  \n      <div class=\"container buttons mt-20 mb-20 flex items-center md:items-start flex-col md:flex-row flex-wrap md:flex-nowrap justify-center\">\n              <a href=https:\/\/www.upra.org\/app\/uploads\/sites\/5\/2025\/06\/Ordo-Accademico-2025_2026-ISSD.pdf  target=_blank  title=\"Descarga el Plan de Estudio 2025-2026\"   rel=\"noopener noreferrer\" class=\"button mx-10 my-10 mb-20 md:mb-10 mt-0 md:mb-4 --button-border  \">\n    <span class=\"button__label\">Descarga el Plan de Estudio 2025-2026<\/span>\n  <\/a>\n          <\/div>\n  \n\n<\/div>\n    \n    \n    \n    \n  <\/div>\n\n  <\/section>\n\n\n<section class=\"block  navigation-with-slider-cards full-width\" \n            >\n\n      <div class=\"navigation-with-slider-cards__content relative slider pb-60 md:pb-80 pt-60 md:pt-80\" id=\"\" style=\"\">\n    <div class=\"container flex flex-row justify-between items-end gap-0 md:gap-45\">\n              <div class=\"basis-3\/3  md:basis-2\/3 pl-0 pr-0\">\n                                  <h2 class=\"s40 font-500 text-primary\">Grupos de investigaci\u00f3n<\/h2>\n                            <\/div>\n                    <div class=\"basis-0\/3 md:basis-1\/3\">\n          <div class=\"navigation relative z-20 text-right pb-4\"> \n            <div class=\"swiper-button-prev inline-block\"><i class=\"fa-solid fa-angle-left text-primary\"><\/i><\/div>\n            <div class=\"swiper-button-next inline-block\"><i class=\"fa-solid fa-angle-right text-primary\"><\/i><\/div>\n          <\/div>\n        <\/div>\n          <\/div>\n          <div class=\"container\">\n        <div\n          class=\"slider slider-disabled pb-40\"\n          data-slider-config='{\n            \"slidesPerView\": 1.15,\n            \"spaceBetween\": 10,\n            \"navigation\": {\n              \"nextEl\": \".block.navigation-with-slider-cards .swiper-button-next\",\n              \"prevEl\": \".block.navigation-with-slider-cards .swiper-button-prev\"\n            },\n            \"autoplay\": false,\n            \"loop\": false,\n            \"breakpoints\": {\n              \"768\": {\n                \"slidesPerView\": 3,\n                \"spaceBetween\": 16\n              },\n              \"992\": {\n                \"slidesPerView\": 3,\n                \"spaceBetween\": 16\n              }\n            }\n          }'\n          >\n          <div class=\"swiper-wrapper z-10 relative mt-40\">\n                                        <div class=\"swiper-slide pl-0 pr-0\">\n                <article class=\"card-slide --slider slider  \" style=\"background-color: #f2f3f5\">\n\n\n\n  <div class=\"card-slide__inner h-full flex flex-col justify-between \">\n    \n    <div class=\"card-slide__content h-full data-def basis-3\/3 noImage\">\n      <div class=\"pt-50 pr-20 pb-40 pl-20 md:pr-30 md:pl-30 h-full flex flex-col justify-between\">\n\n        \n        <div class=\"!mb-0\">\n                      <h3 class=\"card-slide__title text-primary s30 font-500 pb-16\">Ser Hombre, Ser Mujer<\/h3>\n                                <div class=\"card-slide__text font-normal font-400\"><p>El Grupo de Investigaci\u00f3n, establecido en 2013, est\u00e1 formado por expertos de diversas disciplinas (Teolog\u00eda, Filosof\u00eda, Bio\u00e9tica, Psicolog\u00eda, Neurociencia, Derecho y Sociolog\u00eda). Tiene como objetivo estudiar el significado del ser humano y del ser mujer, a partir de la exploraci\u00f3n de la unidad de las dimensiones corporal y espiritual.<\/p>\n<p>Hasta la fecha, la investigaci\u00f3n realizada ha p&#8230;<\/div>\n          \n                            <\/div>\n\n                  <div><\/div>\n              <\/div>\n    <\/div>\n\n    \n  <\/div>\n<\/article>\n              <\/div>\n                                        <div class=\"swiper-slide pl-0 pr-0\">\n                <article class=\"card-slide --slider slider  \" style=\"background-color: #f2f3f5\">\n\n\n\n  <div class=\"card-slide__inner h-full flex flex-col justify-between \">\n    \n    <div class=\"card-slide__content h-full data-def basis-3\/3 noImage\">\n      <div class=\"pt-50 pr-20 pb-40 pl-20 md:pr-30 md:pl-30 h-full flex flex-col justify-between\">\n\n        \n        <div class=\"!mb-0\">\n                      <h3 class=\"card-slide__title text-primary s30 font-500 pb-16\">Value@Work. La Persona en el Centro<\/h3>\n                                <div class=\"card-slide__text font-normal font-400\"><p>El Grupo de Investigaci\u00f3n, establecido en 2015, es un proyecto para compartir y reorganizar los valores en el mundo laboral, promovido por el Instituto en colaboraci\u00f3n con el Instituto Fidelis de \u00c9tica Social y Econ\u00f3mica. Est\u00e1 compuesto por un equipo interdisciplinario de acad\u00e9micos, representantes de instituciones, empresas y asociaciones del sector.<\/p>\n<p>El 25 de noviembre de 2016, en&#8230;<\/div>\n          \n                            <\/div>\n\n                  <div><\/div>\n              <\/div>\n    <\/div>\n\n    \n  <\/div>\n<\/article>\n              <\/div>\n                                        <div class=\"swiper-slide pl-0 pr-0\">\n                <article class=\"card-slide --slider slider  \" style=\"background-color: #f2f3f5\">\n\n\n\n  <div class=\"card-slide__inner h-full flex flex-col justify-between \">\n    \n    <div class=\"card-slide__content h-full data-def basis-3\/3 noImage\">\n      <div class=\"pt-50 pr-20 pb-40 pl-20 md:pr-30 md:pl-30 h-full flex flex-col justify-between\">\n\n        \n        <div class=\"!mb-0\">\n                      <h3 class=\"card-slide__title text-primary s30 font-500 pb-16\">Women Enhancing Work Change 2021<\/h3>\n                                <div class=\"card-slide__text font-normal font-400\"><p>El proyecto de investigaci\u00f3n internacional tiene como objetivo explorar la pandemia como una oportunidad para intentar reducir de manera concreta y radical la brecha de g\u00e9nero. Con una perspectiva interdisciplinaria y proactiva, involucra a investigadores de cuatro pa\u00edses diferentes (Italia, Espa\u00f1a, M\u00e9xico y Chile) y a expertos en diversas \u00e1reas.<\/p>\n<p>Cada grupo de investigaci\u00f3n lleva a&#8230;<\/div>\n          \n                            <\/div>\n\n                  <div><\/div>\n              <\/div>\n    <\/div>\n\n    \n  <\/div>\n<\/article>\n              <\/div>\n                      <\/div>\n\n        <\/div>\n\n      <\/div>\n    \n          <div class=\"container intro_text text-center\">\n        <a href=https:\/\/www.upra.org\/facolta-e-istituti\/istituti\/istituto-di-studi-superiori-sulla-donna\/  target=_blank  title=\"Para obtener m\u00e1s informaci\u00f3n sobre los grupos de investigaci\u00f3n, visita la p\u00e1gina web italiana.\"   rel=\"noopener noreferrer\" class=\"button --button-border mt-10 mb-40    \">\n    <span class=\"button__label\">Para obtener m\u00e1s informaci\u00f3n sobre los grupos de investigaci\u00f3n, visita la p\u00e1gina web italiana.<\/span>\n      <span class=\"button__icon icon icon-arrow-right\">\n      <span class=\"lnr lnr-arrow-right\"><\/span>\n\n    <\/span>\n  <\/a>\n      <\/div>\n    \n\n  <\/div>\n\n  <\/section>\n\n\n\n\n\n\n<section class=\"block  cta-with-media full-width\" \n            >\n\n      <div class=\"cta-with-media__content  template-media-sx py-60 md:py-80\" id=\"\" style=\"background-color: #f2f3f5\">\n\n    <div class=\"container\">\n      \n        <div class=\"flex flex-col gap-40 md:gap-50 lg:gap-100 md:flex-row\n        md:items-start\">\n\n          <div class=\"flex-1\">\n            <div class=\"media\" style=\"--bg-color-var: #f2f3f5\">\n              <div\n  class=\"image bg-cover  --is-webp \"\n   data-defer >\n  <figure>\n    <div class=\"image__wrapper\">\n              <picture>\n          \n          <source\n            srcset=\"\"\n            sizes=\"(min-width: 992px) 808px, (min-width: 768px) 680px, 100vw\"\n          \/>\n          <img decoding=\"async\" src=\"https:\/\/www.upra.org\/app\/uploads\/sites\/5\/2024\/01\/0001_C81_3115-1.webp\" width=\"\" height=\"\" alt=\"0001_C81_3115 (1)\">\n        <\/picture>\n          <\/div>\n      <\/figure>\n<\/div>\n\n                          <\/div>\n          <\/div>\n\n          <div class=\"flex-1\">\n                                      <h2 class=\"font-500 text-primary mb-20 s40\">Cursos del Instituto de Estudios Superiores sobre la Mujer<\/h2>\n                                <p class=\"!mb-40\"><p>La formaci\u00f3n ofrecida por el Instituto de Estudios Superiores sobre la Mujer incluye <strong>cursos de perfeccionamiento<\/strong> y <strong>diplomas de especializaci\u00f3n<\/strong> relacionados con nuestras \u00e1reas de inter\u00e9s desde una perspectiva interdisciplinaria, estimulante e innovadora.<\/p>\n<\/p>\n                                          <a href=https:\/\/www.upra.org\/es\/todo-los-cursos\/?key=&amp;level=&amp;department=Instituto+de+Estudios+Superiores+sobre+la+Mujer  target=_blank  title=\"Descubrir todos los cursos \"   rel=\"noopener noreferrer\" class=\"button --button-border  \">\n    <span class=\"button__label\">Descubrir todos los cursos <\/span>\n      <span class=\"button__icon icon icon-arrow-right\">\n      <span class=\"lnr lnr-arrow-right\"><\/span>\n\n    <\/span>\n  <\/a>\n                  <\/div>\n      <\/div>\n\n    <\/div>\n\n  <\/div>\n\n  <\/section>\n\n\n<section class=\"block  navigation-with-button full-width\" \n            >\n\n      <div class=\"navigation-with-button__content cta-with-media pt-20 md:pt-0 md:pb-0 pb-0\" id=\"\" style=\"background-color: #89a6d1\">\n                    <div class=\"container overflow-hidden\" style=\"\">\n        <div\n          class=\"slider slider-disabled\"\n          data-slider-config='{\n            \"slidesPerView\": 1,\n            \"spaceBetween\": 0,\n            \"navigation\": {\n              \"nextEl\": \".block.navigation-with-button .swiper-button-next\",\n              \"prevEl\": \".block.navigation-with-button .swiper-button-prev\"\n            },\n            \"autoplay\": false,\n            \"loop\": false,\n            \"breakpoints\": {\n              \"768\": {\n                \"slidesPerView\": 1,\n                \"spaceBetween\": 16\n              },\n              \"992\": {\n                \"slidesPerView\": 1,\n                \"spaceBetween\": 16\n              }\n            }\n          }'\n          >\n          <div class=\"swiper-wrapper z-10 relative mt-0 mb-0 md:mb-20 noSlider\">\n                                        <div class=\"swiper-slide !h-auto\">\n                <article class=\"card-slide --cta-with-media cta-with-media white fullwidth cta-with-media\" style=\"\">\n\n\n\n  <div class=\"card-slide__inner h-full flex flex-col justify-between md:flex-col-reverse\">\n    \n    <div class=\"card-slide__content h-full data-def basis-2\/3 self-center\">\n      <div class=\"pt-50 pr-20 pb-40 pl-20 md:pr-30 md:pl-30 h-full flex flex-col justify-between\">\n\n        \n        <div class=\"!mb-0\">\n                      <h3 class=\"card-slide__title text-primary s30 font-500 pb-16\">Docentes del Instituto<\/h3>\n                                <div class=\"card-slide__text font-normal font-400\"><p>Todos los profesores del Ateneo Pontificio Regina Apostolorum tienen una experiencia internacional que les ha preparado para la misi\u00f3n de formar ap\u00f3stoles, l\u00edderes cristianos, cl\u00e9rigos y laicos, al servicio de la Iglesia.<\/p>\n<\/div>\n          \n                            <\/div>\n\n                  <div class=\"mt-10 font-500 s16 slider\">\n            <a href=https:\/\/www.upra.org\/es\/ateneo\/profesorado\/?departments=Istituto+di+studi+superiori+sulla+donna&amp;subject=&amp;key=   title=\"El profesorado\"  class=\"button mt-20 --button-border font-400 bold s16 --white  --white \">\n    <span class=\"button__label\">El profesorado<\/span>\n      <span class=\"button__icon icon icon-arrow-right\">\n      <span class=\"lnr lnr-arrow-right\"><\/span>\n\n    <\/span>\n  <\/a>\n          <\/div>\n              <\/div>\n    <\/div>\n\n          <div class=\"card-slide__visual relative\">\n        <div>\n          <div\n  class=\"image   --is-png \"\n   data-defer >\n  <figure>\n    <div class=\"image__wrapper\">\n              <picture>\n          \n          <source\n            srcset=\"\"\n            sizes=\"(min-width: 992px) 740px, (min-width: 768px) 680px, 100vw\"\n          \/>\n          <img decoding=\"async\" src=\"https:\/\/www.upra.org\/app\/uploads\/sites\/5\/2023\/09\/Docenti.png\" width=\"\" height=\"\" alt=\"Docenti\">\n        <\/picture>\n          <\/div>\n      <\/figure>\n<\/div>\n        <\/div>\n      <\/div>\n    \n  <\/div>\n<\/article>\n              <\/div>\n                      <\/div>\n        <\/div>\n      <\/div>\n      <\/div>\n\n  <\/section>\n\n\n\n<section class=\"block  cta-banner full-width\" \n            >\n\n      <div class=\"cta-banner__content text-white two-column pt-60 md:pt-80 pb-60 md:pb-80\" id=\"\" style=\"background-color: #003da5\">\n    <div class=\"container px-20 md:px-0\">\n      <div>\n                            <h2 class=\"py-20 s50 font-500 text-primary text-center md:text-left\">Contactos<\/h2>\n                      <\/div>\n      <div>\n                          <a href=https:\/\/www.upra.org\/es\/ateneo\/contactos\/   title=\"Descubrir\"  class=\"button --button-border mb-20 bg-white  \">\n    <span class=\"button__label\">Descubrir<\/span>\n  <\/a>\n                          <a href=https:\/\/upra.zohobookings.eu\/#\/ateneopontificioreginaapostolorum   title=\"RESERVE TU VIDEOLLAMADA\"  class=\"button --button-border mb-20 bg-white  \">\n    <span class=\"button__label\">RESERVE TU VIDEOLLAMADA<\/span>\n  <\/a>\n        \n        \n                  <div class=\"pt-20 simple_links\">\n                      <a href=https:\/\/www.upra.org\/es\/admision\/como-inscribirse\/   title=\"C\u00f3mo inscribirte\"  class=\"button mb-20 --underline  --white \">\n    <span class=\"button__label\">C\u00f3mo inscribirte<\/span>\n  <\/a>\n                      <a href=https:\/\/www.upra.org\/es\/facultades-institutos\/   title=\"Otros programas que pueden interesarte\"  class=\"button mb-20 --underline  --white \">\n    <span class=\"button__label\">Otros programas que pueden interesarte<\/span>\n  <\/a>\n                    <\/div>\n              <\/div>\n    <\/div>\n\n  <\/div>\n\n  <\/section>\n","protected":false},"excerpt":{"rendered":"","protected":false},"author":3,"featured_media":0,"parent":755,"menu_order":0,"comment_status":"closed","ping_status":"closed","template":"","meta":{"_acf_changed":false,"footnotes":""},"class_list":["post-1137","page","type-page","status-publish","hentry"],"acf":[],"_links":{"self":[{"href":"https:\/\/www.upra.org\/es\/wp-json\/wp\/v2\/pages\/1137","targetHints":{"allow":["GET"]}}],"collection":[{"href":"https:\/\/www.upra.org\/es\/wp-json\/wp\/v2\/pages"}],"about":[{"href":"https:\/\/www.upra.org\/es\/wp-json\/wp\/v2\/types\/page"}],"author":[{"embeddable":true,"href":"https:\/\/www.upra.org\/es\/wp-json\/wp\/v2\/users\/3"}],"replies":[{"embeddable":true,"href":"https:\/\/www.upra.org\/es\/wp-json\/wp\/v2\/comments?post=1137"}],"version-history":[{"count":67,"href":"https:\/\/www.upra.org\/es\/wp-json\/wp\/v2\/pages\/1137\/revisions"}],"predecessor-version":[{"id":11566,"href":"https:\/\/www.upra.org\/es\/wp-json\/wp\/v2\/pages\/1137\/revisions\/11566"}],"up":[{"embeddable":true,"href":"https:\/\/www.upra.org\/es\/wp-json\/wp\/v2\/pages\/755"}],"wp:attachment":[{"href":"https:\/\/www.upra.org\/es\/wp-json\/wp\/v2\/media?parent=1137"}],"curies":[{"name":"wp","href":"https:\/\/api.w.org\/{rel}","templated":true}]}}