{"id":1141,"date":"2023-07-13T12:20:10","date_gmt":"2023-07-13T12:20:10","guid":{"rendered":"https:\/\/www.upra.org\/es\/?page_id=1141"},"modified":"2025-06-24T13:11:52","modified_gmt":"2025-06-24T13:11:52","slug":"instituto-ciencia-fe","status":"publish","type":"page","link":"https:\/\/www.upra.org\/es\/facultades-institutos\/institutos\/instituto-ciencia-fe\/","title":{"rendered":"Instituto Ciencia y Fe"},"content":{"rendered":"<section class=\"block  cta-with-media full-width\" \n            >\n\n      <div class=\"cta-with-media__content  template-media-sx py-60 md:py-80\" id=\"\" style=\"\">\n\n    <div class=\"container\">\n      \n        <div class=\"flex flex-col gap-40 md:gap-50 lg:gap-100 md:flex-row\n        md:items-start\">\n\n          <div class=\"flex-1\">\n            <div class=\"media\" style=\"--bg-color-var: #FFFFFF\">\n              <div\n  class=\"image bg-cover  --is-png \"\n   data-defer >\n  <figure>\n    <div class=\"image__wrapper\">\n              <picture>\n          \n          <source\n            srcset=\"\"\n            sizes=\"(min-width: 992px) 808px, (min-width: 768px) 680px, 100vw\"\n          \/>\n          <img decoding=\"async\" src=\"https:\/\/www.upra.org\/app\/uploads\/sites\/5\/2023\/09\/Istituto-Scienza-e-Fede.png\" width=\"\" height=\"\" alt=\"Istituto Scienza e Fede\">\n        <\/picture>\n          <\/div>\n      <\/figure>\n<\/div>\n\n                          <\/div>\n          <\/div>\n\n          <div class=\"flex-1\">\n                                  <p class=\"!mb-40\"><p>El Instituto Ciencia y Fe es una instituci\u00f3n que <strong>promueve el estudio, la investigaci\u00f3n y la ense\u00f1anza de los temas relacionados con la relaci\u00f3n entre ciencia y fe<\/strong> para proporcionar nuevas respuestas a las cuestiones \u00e9ticas y antropol\u00f3gicas actuales en busca de la verdad com\u00fan.<\/p>\n<p>El Instituto ofrece una formaci\u00f3n avanzada para profesionales que desean <strong>mejorar sus habilidades te\u00f3rico-culturales sobre la relaci\u00f3n entre ciencia y fe<\/strong> a trav\u00e9s de actividades de investigaci\u00f3n y ense\u00f1anza, dirigidas a investigadores, acad\u00e9micos y al p\u00fablico en general que comparte el deseo de profundizar en cuestiones relacionadas con<strong> el di\u00e1logo interdisciplinario entre la ciencia, la filosof\u00eda y la teolog\u00eda.<\/strong><\/p>\n<\/p>\n                                          <a href=https:\/\/www.upra.org\/es\/todo-los-cursos\/?department=Instituto+Ciencia+y+Fe   title=\"Descubrir todos los cursos \"  class=\"button --button-border  \">\n    <span class=\"button__label\">Descubrir todos los cursos <\/span>\n      <span class=\"button__icon icon icon-arrow-right\">\n      <span class=\"lnr lnr-arrow-right\"><\/span>\n\n    <\/span>\n  <\/a>\n                  <\/div>\n      <\/div>\n\n    <\/div>\n\n  <\/div>\n\n  <\/section>\n\n\n<section class=\"block  paragraph-box full-width\" \n            >\n\n      <div class=\"paragraph-box__content text-center pt-40 md:pt-50 pb-40 md:pb-50\" id=\"\" style=\"background-color: #f2f3f5\">\n\n          <div class=\"container\" style=\"\">\n          <h2 class=\"intro-title font-500 text-primary mb-20 s40 \">Caminos Formativos y Proyectos de Investigaci\u00f3n<\/h2>\n  \n  \n  \n      <div class=\"!mb-30 intro-text text-left\">\n      <p><p>El Instituto Ciencia y Fe ofrece una serie de programas de <strong>formaci\u00f3n avanzada<\/strong> sobre temas que implican el di\u00e1logo entre la ciencia y la fe. Ofrece diplomas de alta formaci\u00f3n, diplomas de especializaci\u00f3n, maestr\u00edas y conferencias. La oferta del Instituto tambi\u00e9n incluye proyectos especiales de estudio e investigaci\u00f3n como:<\/p>\n<ul>\n<li>Grupo de investigaci\u00f3n Symbiosis, coordinado por Pietro Ramellini.<\/li>\n<li><a href=\"http:\/\/www.geoastrolabmeteo.eu\/Current_Vantage_Pro.htm\" target=\"_blank\" rel=\"noopener\">GeoAstroLab<\/a>, coordinado por Gianluca Casagrande, en colaboraci\u00f3n con el GREAL de la UER.<\/li>\n<li><a href=\"https:\/\/www.srmedia.info\/\" target=\"_blank\" rel=\"noopener\">SRM<\/a> &#8211; Ciencia y Religi\u00f3n en Medios de Comunicaci\u00f3n, dirigido por Paolo Centofanti.<\/li>\n<li><a href=\"https:\/\/neurobioetica.blogspot.com\/\" target=\"_blank\" rel=\"noopener\">Neurobio\u00e9tica<\/a>, coordinado por Alberto Carrara, Rafael Pascual, Alberto Garc\u00eda, en colaboraci\u00f3n con la C\u00e1tedra UNESCO en Bio\u00e9tica y Derechos Humanos.<\/li>\n<li>Othonia &#8211; Grupo de investigaci\u00f3n sobre la S\u00e1bana Santa de Tur\u00edn, coordinado por el P. Rafael Pascual LC.<\/li>\n<\/ul>\n<\/p>\n    <\/div>\n  \n  \n\n<\/div>\n    \n    \n    \n    \n  <\/div>\n\n  <\/section>\n\n\n<section class=\"block  news-binder full-width\" \n            >\n\n      <div class=\"news-binder__content pt-50 md:pt-80 pb-50\" id=\"\" style=\"background-color: #f2f3f5\">\n    <div class=\"container flex flex-row justify-between gap-10\">\n      <div class=\"basis-2\/3 pl-0\">\n                            <h2 class=\"s40 font-500 text-primary\">Noticias del Instituto <\/h2>\n              <\/div>\n      <div class=\"hidden md:block basis-1\/3\">\n                <a href=https:\/\/www.upra.org\/es\/comunicacion\/news\/   title=\" Leer las noticias \"  class=\"button --button-border  \">\n    <span class=\"button__label\"> Leer las noticias <\/span>\n      <span class=\"button__icon icon icon-arrow-right\">\n      <span class=\"lnr lnr-arrow-right\"><\/span>\n\n    <\/span>\n  <\/a>\n              <\/div>\n                          <div class=\"navigation relative z-20 text-center basis-1\/3 pl-0 pr-0 md:opacity-0\">\n        <div class=\"swiper-button-prev inline-block\"><i class=\"fa-solid fa-angle-left text-primary\"><\/i><\/div>\n        <div class=\"swiper-button-next inline-block\"><i class=\"fa-solid fa-angle-right text-primary\"><\/i><\/div>\n      <\/div>\n    <\/div>\n          <div class=\"container overflow-hidden pl-20 md:pl-0\">\n        <div\n          class=\"slider slider-disabled\"\n          data-slider-config='{\n            \"slidesPerView\": 1,\n            \"spaceBetween\": 0,\n            \"navigation\": {\n              \"nextEl\": \".block.news-binder .swiper-button-next\",\n              \"prevEl\": \".block.news-binder .swiper-button-prev\"\n            },\n            \"autoplay\": false,\n            \"loop\": false,\n            \"breakpoints\": {\n              \"768\": {\n                \"slidesPerView\": 2,\n                \"spaceBetween\": 16\n              },\n              \"992\": {\n                \"slidesPerView\": 2,\n                \"spaceBetween\": 16\n              }\n            }\n          }'\n          >\n          <div class=\"swiper-wrapper z-10 relative mt-40 mb-40\">\n                                        <div class=\"swiper-slide\">\n                <article class=\"card --category h-full category \">\n      <a href=\"https:\/\/www.upra.org\/es\/comunicazione\/news\/nuevo-director-del-instituto-ciencia-y-fe\/\" target=\"_self\" title=\"Nuevo Director del Instituto Ciencia y Fe\"><\/a>\n    <div class=\"card__inner flex flex-row h-full\">\n    <div class=\"card__visual relative basis-1\/3\">\n              <div>\n          <div\n  class=\"image bg-cover  --is-jpg \"\n   data-defer >\n  <figure>\n    <div class=\"image__wrapper\">\n              <picture>\n          \n          <source\n            srcset=\"\"\n            sizes=\"(min-width: 992px) 740px, (min-width: 768px) 680px, 100vw\"\n          \/>\n          <img decoding=\"async\" src=\"https:\/\/www.upra.org\/app\/uploads\/sites\/5\/2024\/07\/ayeung-scaled.jpg\" width=\"\" height=\"\" alt=\"ayeung\">\n        <\/picture>\n          <\/div>\n      <\/figure>\n<\/div>\n        <\/div>\n          <\/div>\n    <div class=\"card__content basis-2\/3 data-def\">\n      <div class=\"pl-14 md:pl-20 pr-20 pt-5 md:pt-10\">\n        <div class=\"date pb-5\">\n  <p class=\"date s14 text-primary\">\n        01 julio 2024\n      <\/p>\n<\/div>\n                  <h3 class=\"card__title font-medium font-500\">Nuevo Director del Instituto Ciencia y Fe<\/h3>\n                        \n                  <div class=\"mt-10\">\n            <a href=https:\/\/www.upra.org\/es\/comunicazione\/news\/nuevo-director-del-instituto-ciencia-y-fe\/   title=\"Leer todo\"  class=\"button   \">\n    <span class=\"button__label\">Leer todo<\/span>\n      <span class=\"button__icon icon-arrow\">\n      <svg xmlns=\"http:\/\/www.w3.org\/2000\/svg\" width=\"35\" height=\"12.828\" viewBox=\"0 0 35 12.828\">\n  <g id=\"Icon_feather-arrow-right\" data-name=\"Icon feather-arrow-right\" transform=\"translate(16.5 -6.086)\">\n    <path id=\"Tracciato_346\" data-name=\"Tracciato 346\" d=\"M7.5,18h33\" transform=\"translate(-23 -5.5)\" fill=\"none\" stroke=\"#171717\" stroke-linecap=\"round\" stroke-linejoin=\"round\" stroke-width=\"2\"\/>\n    <path id=\"Tracciato_347\" data-name=\"Tracciato 347\" d=\"M18,7.5l5,5-5,5\" transform=\"translate(-5.5 0)\" fill=\"none\" stroke=\"#171717\" stroke-linecap=\"round\" stroke-linejoin=\"round\" stroke-width=\"2\"\/>\n  <\/g>\n<\/svg>\n\n    <\/span>\n  <\/a>\n          <\/div>\n              <\/div>\n\n    <\/div>\n  <\/div>\n<\/article>\n              <\/div>\n                                        <div class=\"swiper-slide\">\n                <article class=\"card --category h-full category \">\n      <a href=\"https:\/\/www.upra.org\/es\/comunicazione\/news\/abierta-la-inscripcion-para-el-diplomado-en-ciencia-y-fe-2\/\" target=\"_self\" title=\"Abierta la inscripci\u00f3n para el Diplomado en Ciencia y Fe\"><\/a>\n    <div class=\"card__inner flex flex-row h-full\">\n    <div class=\"card__visual relative basis-1\/3\">\n              <div>\n          <div\n  class=\"image bg-cover  --is-jpg \"\n   data-defer >\n  <figure>\n    <div class=\"image__wrapper\">\n              <picture>\n          \n          <source\n            srcset=\"\"\n            sizes=\"(min-width: 992px) 740px, (min-width: 768px) 680px, 100vw\"\n          \/>\n          <img decoding=\"async\" src=\"https:\/\/www.upra.org\/app\/uploads\/sites\/5\/2023\/10\/solnubes22-scaled-1.jpg\" width=\"\" height=\"\" alt=\"solnubes22-scaled\">\n        <\/picture>\n          <\/div>\n      <\/figure>\n<\/div>\n        <\/div>\n          <\/div>\n    <div class=\"card__content basis-2\/3 data-def\">\n      <div class=\"pl-14 md:pl-20 pr-20 pt-5 md:pt-10\">\n        <div class=\"date pb-5\">\n  <p class=\"date s14 text-primary\">\n        06 junio 2024\n      <\/p>\n<\/div>\n                  <h3 class=\"card__title font-medium font-500\">Abierta la inscripci\u00f3n para el Diplomado en Ciencia y Fe<\/h3>\n                        \n                  <div class=\"mt-10\">\n            <a href=https:\/\/www.upra.org\/es\/comunicazione\/news\/abierta-la-inscripcion-para-el-diplomado-en-ciencia-y-fe-2\/   title=\"Leer todo\"  class=\"button   \">\n    <span class=\"button__label\">Leer todo<\/span>\n      <span class=\"button__icon icon-arrow\">\n      <svg xmlns=\"http:\/\/www.w3.org\/2000\/svg\" width=\"35\" height=\"12.828\" viewBox=\"0 0 35 12.828\">\n  <g id=\"Icon_feather-arrow-right\" data-name=\"Icon feather-arrow-right\" transform=\"translate(16.5 -6.086)\">\n    <path id=\"Tracciato_346\" data-name=\"Tracciato 346\" d=\"M7.5,18h33\" transform=\"translate(-23 -5.5)\" fill=\"none\" stroke=\"#171717\" stroke-linecap=\"round\" stroke-linejoin=\"round\" stroke-width=\"2\"\/>\n    <path id=\"Tracciato_347\" data-name=\"Tracciato 347\" d=\"M18,7.5l5,5-5,5\" transform=\"translate(-5.5 0)\" fill=\"none\" stroke=\"#171717\" stroke-linecap=\"round\" stroke-linejoin=\"round\" stroke-width=\"2\"\/>\n  <\/g>\n<\/svg>\n\n    <\/span>\n  <\/a>\n          <\/div>\n              <\/div>\n\n    <\/div>\n  <\/div>\n<\/article>\n              <\/div>\n                      <\/div>\n\n          <div class=\"block md:hidden text-center\">\n            <a href=https:\/\/www.upra.org\/es\/comunicacion\/news\/   title=\" Leer las noticias \"  class=\"button --button-border  \">\n    <span class=\"button__label\"> Leer las noticias <\/span>\n      <span class=\"button__icon icon icon-arrow-right\">\n      <span class=\"lnr lnr-arrow-right\"><\/span>\n\n    <\/span>\n  <\/a>\n          <\/div>\n\n        <\/div>\n\n      <\/div>\n      <\/div>\n\n  <\/section>\n\n\n<section class=\"block  events-binder full-width\" \n            >\n\n      <div class=\"events-binder__content pt-80 pb-0 md:pb-50\" id=\"\" style=\"\">\n    <div class=\"container flex flex-row justify-between gap-10 pl-20 pr-20 md:pl-0 md:pr-0\">\n      <div>\n                            <h2 class=\"s40 font-500 text-primary\">Eventos del Instituto <\/h2>\n              <\/div>\n      <div>\n        <a href=https:\/\/www.upra.org\/es\/comunicacion\/news\/?key=&amp;from=&amp;departments=Instituto+Ciencia+y+Fe   title=\"\"  class=\"button --button-border  \">\n    <span class=\"button__label\"><\/span>\n      <span class=\"button__icon icon icon-arrow-right\">\n      <span class=\"lnr lnr-arrow-right\"><\/span>\n\n    <\/span>\n  <\/a>\n\n        <div class=\"navigation relative z-20 text-right pb-4\">\n          <div class=\"swiper-button-prev inline-block\"><i class=\"fa-solid fa-angle-left text-primary\"><\/i><\/div>\n          <div class=\"swiper-button-next inline-block\"><i class=\"fa-solid fa-angle-right text-primary\"><\/i><\/div>\n        <\/div>\n\n      <\/div>\n    <\/div>\n    \n      <div class=\"container overflow-hidden pl-20 pr-20 md:pl-0 md:pr-0\">\n        <div\n          class=\"slider slider-disabled\"\n          data-slider-config='{\n            \"slidesPerView\": 1.1,\n            \"spaceBetween\": 10,\n            \"navigation\": {\n              \"nextEl\": \".block.events-binder .swiper-button-next\",\n              \"prevEl\": \".block.events-binder .swiper-button-prev\"\n            },\n            \"autoplay\": false,\n            \"loop\": false,\n            \"breakpoints\": {\n              \"768\": {\n                \"slidesPerView\": 3,\n                \"spaceBetween\": 16\n              },\n              \"992\": {\n                \"slidesPerView\": 3,\n                \"spaceBetween\": 16\n              }\n            }\n          }'\n        >\n          <div class=\"swiper-wrapper z-10 relative mt-40 mb-40\">\n                                        <div class=\"swiper-slide !h-auto event-item\">\n                <article class=\"card --category h-full category events bigfirst\">\n      <a href=\"https:\/\/www.upra.org\/es\/comunicazione\/eventi\/jornada-de-estudio-sulle-spalle-dei-giganti-en-la-inauguracion-de-la-nueva-exposicion-permanente-de-la-sabana-santa\/\" target=\"_self\" title=\"Jornada de estudio &quot;Sulle spalle dei Giganti&quot; en la inauguraci\u00f3n de la nueva exposici\u00f3n \u2026\"><\/a>\n    <div class=\"card__inner flex flex-row h-full\">\n    <div class=\"card__visual relative basis-1\/3\">\n              <div>\n          <div\n  class=\"image bg-cover  --is-jpg \"\n   data-defer >\n  <figure>\n    <div class=\"image__wrapper\">\n              <picture>\n          \n          <source\n            srcset=\"\"\n            sizes=\"(min-width: 992px) 740px, (min-width: 768px) 680px, 100vw\"\n          \/>\n          <img decoding=\"async\" src=\"https:\/\/www.upra.org\/app\/uploads\/sites\/5\/2024\/11\/GSSindone_SITO-300x67-1.jpg\" width=\"\" height=\"\" alt=\"GSSindone_SITO-300x67\">\n        <\/picture>\n          <\/div>\n      <\/figure>\n<\/div>\n        <\/div>\n          <\/div>\n    <div class=\"card__content basis-2\/3 data-def\">\n      <div class=\"pl-14 md:pl-20 pr-20 pt-5 md:pt-10\">\n        <div class=\"date pb-5\">\n  <p class=\"date s14 text-primary\">\n    <i class=\"fa-regular fa-calendar text-primary\"><\/i>    11 diciembre 2024\n      <\/p>\n<\/div>\n                  <h3 class=\"card__title font-medium font-500\">Jornada de estudio \u00abSulle spalle dei Giganti\u00bb en la inauguraci\u00f3n de la nueva exposici\u00f3n \u2026<\/h3>\n                        \n                  <div class=\"mt-10\">\n            <a href=https:\/\/www.upra.org\/es\/comunicazione\/eventi\/jornada-de-estudio-sulle-spalle-dei-giganti-en-la-inauguracion-de-la-nueva-exposicion-permanente-de-la-sabana-santa\/   title=\"Leer m\u00e1s\"  class=\"button   \">\n    <span class=\"button__label\">Leer m\u00e1s<\/span>\n      <span class=\"button__icon icon-arrow\">\n      <svg xmlns=\"http:\/\/www.w3.org\/2000\/svg\" width=\"35\" height=\"12.828\" viewBox=\"0 0 35 12.828\">\n  <g id=\"Icon_feather-arrow-right\" data-name=\"Icon feather-arrow-right\" transform=\"translate(16.5 -6.086)\">\n    <path id=\"Tracciato_346\" data-name=\"Tracciato 346\" d=\"M7.5,18h33\" transform=\"translate(-23 -5.5)\" fill=\"none\" stroke=\"#171717\" stroke-linecap=\"round\" stroke-linejoin=\"round\" stroke-width=\"2\"\/>\n    <path id=\"Tracciato_347\" data-name=\"Tracciato 347\" d=\"M18,7.5l5,5-5,5\" transform=\"translate(-5.5 0)\" fill=\"none\" stroke=\"#171717\" stroke-linecap=\"round\" stroke-linejoin=\"round\" stroke-width=\"2\"\/>\n  <\/g>\n<\/svg>\n\n    <\/span>\n  <\/a>\n          <\/div>\n              <\/div>\n\n    <\/div>\n  <\/div>\n<\/article>\n              <\/div>\n                      <\/div>\n\n              <div class=\"block md:hidden text-center\">\n          <a href=https:\/\/www.upra.org\/es\/comunicacion\/news\/?key=&amp;from=&amp;departments=Instituto+Ciencia+y+Fe   title=\"\"  class=\"button --button-border mt-[-40px] mb-[40px]  \">\n    <span class=\"button__label\"><\/span>\n      <span class=\"button__icon icon icon-arrow-right\">\n      <span class=\"lnr lnr-arrow-right\"><\/span>\n\n    <\/span>\n  <\/a>\n        <\/div>\n                <\/div>\n      <\/div>\n\n\n      <\/div>\n\n  <\/section>\n\n\n<section class=\"block  cta-with-media full-width\" \n            >\n\n      <div class=\"cta-with-media__content  template-media-sx py-60 md:py-80\" id=\"\" style=\"\">\n\n    <div class=\"container\">\n      \n        <div class=\"flex flex-col gap-40 md:gap-50 lg:gap-100 md:flex-row\n        md:items-start\">\n\n          <div class=\"flex-1\">\n            <div class=\"media\" style=\"--bg-color-var: #FFFFFF\">\n              <div\n  class=\"image bg-cover  --is-webp \"\n   data-defer >\n  <figure>\n    <div class=\"image__wrapper\">\n              <picture>\n          \n          <source\n            srcset=\"\"\n            sizes=\"(min-width: 992px) 808px, (min-width: 768px) 680px, 100vw\"\n          \/>\n          <img decoding=\"async\" src=\"https:\/\/www.upra.org\/app\/uploads\/sites\/5\/2024\/01\/1-4-1.webp\" width=\"\" height=\"\" alt=\"1-4-1\">\n        <\/picture>\n          <\/div>\n      <\/figure>\n<\/div>\n\n                          <\/div>\n          <\/div>\n\n          <div class=\"flex-1\">\n                                      <h2 class=\"font-500 text-primary mb-20 s40\">Cursos del Instituto Ciencia y Fe<\/h2>\n                                <p class=\"!mb-40\"><p>El Instituto Ciencia y Fe ofrece una amplia gama de <strong>cursos superiores, diplomas, conferencias y grupos de investigaci\u00f3n<\/strong> sobre todos los temas que relacionan ciencia y fe.<\/p>\n<p>El documento del Plan de Estudios puede estar sujeto a cambios:<\/p>\n<\/p>\n                                          <a href=https:\/\/www.upra.org\/app\/uploads\/sites\/5\/2025\/06\/Ordo-Accademico-2025_2026-ISF.pdf  target=_blank  title=\"Descarga el Plan de Estudio 2025-2026\"   rel=\"noopener noreferrer\" class=\"button --button-border  \">\n    <span class=\"button__label\">Descarga el Plan de Estudio 2025-2026<\/span>\n      <span class=\"button__icon icon icon-arrow-right\">\n      <span class=\"lnr lnr-arrow-right\"><\/span>\n\n    <\/span>\n  <\/a>\n                  <\/div>\n      <\/div>\n\n    <\/div>\n\n  <\/div>\n\n  <\/section>\n\n\n<section class=\"block  navigation-with-button full-width\" \n            >\n\n      <div class=\"navigation-with-button__content cta-with-media pt-20 md:pt-0 md:pb-0 pb-0\" id=\"\" style=\"background-color: #89a6d1\">\n                    <div class=\"container overflow-hidden\" style=\"\">\n        <div\n          class=\"slider slider-disabled\"\n          data-slider-config='{\n            \"slidesPerView\": 1,\n            \"spaceBetween\": 0,\n            \"navigation\": {\n              \"nextEl\": \".block.navigation-with-button .swiper-button-next\",\n              \"prevEl\": \".block.navigation-with-button .swiper-button-prev\"\n            },\n            \"autoplay\": false,\n            \"loop\": false,\n            \"breakpoints\": {\n              \"768\": {\n                \"slidesPerView\": 1,\n                \"spaceBetween\": 16\n              },\n              \"992\": {\n                \"slidesPerView\": 1,\n                \"spaceBetween\": 16\n              }\n            }\n          }'\n          >\n          <div class=\"swiper-wrapper z-10 relative mt-0 mb-0 md:mb-20 noSlider\">\n                                        <div class=\"swiper-slide !h-auto\">\n                <article class=\"card-slide --cta-with-media cta-with-media white fullwidth cta-with-media\" style=\"\">\n\n\n\n  <div class=\"card-slide__inner h-full flex flex-col justify-between md:flex-col-reverse\">\n    \n    <div class=\"card-slide__content h-full data-def basis-2\/3 self-center\">\n      <div class=\"pt-50 pr-20 pb-40 pl-20 md:pr-30 md:pl-30 h-full flex flex-col justify-between\">\n\n        \n        <div class=\"!mb-0\">\n                      <h3 class=\"card-slide__title text-primary s30 font-500 pb-16\">Docentes del Instituto<\/h3>\n                                <div class=\"card-slide__text font-normal font-400\"><p>Todos los profesores del Ateneo Pontificio Regina Apostolorum tienen una experiencia internacional que les ha preparado para la misi\u00f3n de formar ap\u00f3stoles, l\u00edderes cristianos, cl\u00e9rigos y laicos, al servicio de la Iglesia.<\/p>\n<\/div>\n          \n                            <\/div>\n\n                  <div class=\"mt-10 font-500 s16 slider\">\n            <a href=https:\/\/www.upra.org\/es\/ateneo\/profesorado\/?departments=Istituto+Scienza+e+Fede&amp;subject=&amp;key=   title=\" El profesorado\"  class=\"button mt-20 --button-border font-400 bold s16 --white  --white \">\n    <span class=\"button__label\"> El profesorado<\/span>\n      <span class=\"button__icon icon icon-arrow-right\">\n      <span class=\"lnr lnr-arrow-right\"><\/span>\n\n    <\/span>\n  <\/a>\n          <\/div>\n              <\/div>\n    <\/div>\n\n          <div class=\"card-slide__visual relative\">\n        <div>\n          <div\n  class=\"image   --is-png \"\n   data-defer >\n  <figure>\n    <div class=\"image__wrapper\">\n              <picture>\n          \n          <source\n            srcset=\"\"\n            sizes=\"(min-width: 992px) 740px, (min-width: 768px) 680px, 100vw\"\n          \/>\n          <img decoding=\"async\" src=\"https:\/\/www.upra.org\/app\/uploads\/sites\/5\/2023\/09\/Docenti.png\" width=\"\" height=\"\" alt=\"Docenti\">\n        <\/picture>\n          <\/div>\n      <\/figure>\n<\/div>\n        <\/div>\n      <\/div>\n    \n  <\/div>\n<\/article>\n              <\/div>\n                      <\/div>\n        <\/div>\n      <\/div>\n      <\/div>\n\n  <\/section>\n\n\n\n<section class=\"block  cta-banner full-width\" \n            >\n\n      <div class=\"cta-banner__content text-white two-column pt-60 md:pt-80 pb-60 md:pb-80\" id=\"\" style=\"background-color: #003da5\">\n    <div class=\"container px-20 md:px-0\">\n      <div>\n                            <h2 class=\"py-20 s50 font-500 text-primary text-center md:text-left\">Contactos<\/h2>\n                      <\/div>\n      <div>\n                          <a href=https:\/\/www.upra.org\/es\/ateneo\/contactos\/   title=\"Descubrir\"  class=\"button --button-border mb-20 bg-white  \">\n    <span class=\"button__label\">Descubrir<\/span>\n  <\/a>\n                          <a href=https:\/\/upra.zohobookings.eu\/#\/ateneopontificioreginaapostolorum   title=\"RESERVE TU VIDEOLLAMADA\"  class=\"button --button-border mb-20 bg-white  \">\n    <span class=\"button__label\">RESERVE TU VIDEOLLAMADA<\/span>\n  <\/a>\n        \n        \n                  <div class=\"pt-20 simple_links\">\n                      <a href=https:\/\/www.upra.org\/es\/admision\/como-inscribirse\/   title=\"C\u00f3mo inscribirte\"  class=\"button mb-20 --underline  --white \">\n    <span class=\"button__label\">C\u00f3mo inscribirte<\/span>\n  <\/a>\n                      <a href=https:\/\/www.upra.org\/es\/facultades-institutos\/   title=\"Otros programas que pueden interesarte\"  class=\"button mb-20 --underline  --white \">\n    <span class=\"button__label\">Otros programas que pueden interesarte<\/span>\n  <\/a>\n                    <\/div>\n              <\/div>\n    <\/div>\n\n  <\/div>\n\n  <\/section>\n","protected":false},"excerpt":{"rendered":"","protected":false},"author":3,"featured_media":0,"parent":755,"menu_order":0,"comment_status":"closed","ping_status":"closed","template":"","meta":{"_acf_changed":false,"footnotes":""},"class_list":["post-1141","page","type-page","status-publish","hentry"],"acf":[],"_links":{"self":[{"href":"https:\/\/www.upra.org\/es\/wp-json\/wp\/v2\/pages\/1141","targetHints":{"allow":["GET"]}}],"collection":[{"href":"https:\/\/www.upra.org\/es\/wp-json\/wp\/v2\/pages"}],"about":[{"href":"https:\/\/www.upra.org\/es\/wp-json\/wp\/v2\/types\/page"}],"author":[{"embeddable":true,"href":"https:\/\/www.upra.org\/es\/wp-json\/wp\/v2\/users\/3"}],"replies":[{"embeddable":true,"href":"https:\/\/www.upra.org\/es\/wp-json\/wp\/v2\/comments?post=1141"}],"version-history":[{"count":48,"href":"https:\/\/www.upra.org\/es\/wp-json\/wp\/v2\/pages\/1141\/revisions"}],"predecessor-version":[{"id":11505,"href":"https:\/\/www.upra.org\/es\/wp-json\/wp\/v2\/pages\/1141\/revisions\/11505"}],"up":[{"embeddable":true,"href":"https:\/\/www.upra.org\/es\/wp-json\/wp\/v2\/pages\/755"}],"wp:attachment":[{"href":"https:\/\/www.upra.org\/es\/wp-json\/wp\/v2\/media?parent=1141"}],"curies":[{"name":"wp","href":"https:\/\/api.w.org\/{rel}","templated":true}]}}