{"id":11578,"date":"2025-09-03T09:34:22","date_gmt":"2025-09-03T09:34:22","guid":{"rendered":"https:\/\/www.upra.org\/es\/?page_id=11578"},"modified":"2026-03-17T12:12:50","modified_gmt":"2026-03-17T12:12:50","slug":"dottorato","status":"publish","type":"page","link":"https:\/\/www.upra.org\/es\/cursos\/cursos-de-grado\/dottorato\/","title":{"rendered":"Doctorado"},"content":{"rendered":"<section class=\"block  navigation-with-slider-cards full-width\" \n            >\n\n      <div class=\"navigation-with-slider-cards__content relative navigation-cards pb-60 md:pb-80 pt-60 md:pt-80\" id=\"\" style=\"\">\n    <div class=\"container flex flex-row justify-between items-end gap-0 md:gap-45\">\n              <div class=\"basis-3\/3  w-full pl-0 pr-0 text-center\">\n                                  <p class=\"s18 leading-7 text-secondary mt-20 text-left\"><p>En el Ateneo Pontificio Regina Apostolorum tienes la posibilidad de elegir, dentro de las tres facultades e institutos, los itinerarios formativos de doctorado para obtener el t\u00edtulo acad\u00e9mico m\u00e1s alto en el \u00e1mbito universitario.<\/p>\n<\/p>\n                                <\/div>\n                <\/div>\n          <div class=\"container\">\n        <div\n          class=\"slider slider-disabled pb-40\"\n          data-slider-config='{\n            \"slidesPerView\": 1,\n            \"spaceBetween\": 0,\n            \"navigation\": {\n              \"nextEl\": \".block.navigation-with-slider-cards .swiper-button-next\",\n              \"prevEl\": \".block.navigation-with-slider-cards .swiper-button-prev\"\n            },\n            \"autoplay\": false,\n            \"loop\": false,\n            \"breakpoints\": {\n              \"768\": {\n                \"slidesPerView\": 3,\n                \"spaceBetween\": 16\n              },\n              \"992\": {\n                \"slidesPerView\": 3,\n                \"spaceBetween\": 16\n              }\n            }\n          }'\n          >\n          <div class=\"swiper-wrapper z-10 relative mt-40\">\n                                        <div class=\"swiper-slide pl-0 pr-0\">\n                <article class=\"card-slide --navigation-cards navigation-cards  \" style=\"background-color: #f2f3f5\">\n\n\n\n  <div class=\"card-slide__inner h-full flex flex-col justify-between \">\n    \n    <div class=\"card-slide__content h-full data-def basis-3\/3 noImage\">\n      <div class=\"pt-50 pr-20 pb-40 pl-20 md:pr-30 md:pl-30 h-full flex flex-col justify-between\">\n\n        \n        <div class=\"!mb-0\">\n                      <h3 class=\"card-slide__title text-primary s30 font-500 pb-16\">Doctorado en Teolog\u00eda<\/h3>\n                                <div class=\"card-slide__text font-normal font-400\"><p>El Doctorado en Teolog\u00eda prepara para la docencia y la investigaci\u00f3n al m\u00e1s alto nivel acad\u00e9mico.<\/p>\n<\/div>\n          \n                            <\/div>\n\n                  <div class=\"mt-10 font-500 s16 slider\">\n            <a href=https:\/\/www.upra.org\/es\/corsi\/programma\/doctorado-en-teologia\/  target=_blank  title=\"Descubre el Doctorado en Teolog\u00eda \"   rel=\"noopener noreferrer\" class=\"button s16  \">\n    <span class=\"button__label\">Descubre el Doctorado en Teolog\u00eda <\/span>\n      <span class=\"button__icon icon-arrow\">\n      <svg xmlns=\"http:\/\/www.w3.org\/2000\/svg\" width=\"35\" height=\"12.828\" viewBox=\"0 0 35 12.828\">\n  <g id=\"Icon_feather-arrow-right\" data-name=\"Icon feather-arrow-right\" transform=\"translate(16.5 -6.086)\">\n    <path id=\"Tracciato_346\" data-name=\"Tracciato 346\" d=\"M7.5,18h33\" transform=\"translate(-23 -5.5)\" fill=\"none\" stroke=\"#171717\" stroke-linecap=\"round\" stroke-linejoin=\"round\" stroke-width=\"2\"\/>\n    <path id=\"Tracciato_347\" data-name=\"Tracciato 347\" d=\"M18,7.5l5,5-5,5\" transform=\"translate(-5.5 0)\" fill=\"none\" stroke=\"#171717\" stroke-linecap=\"round\" stroke-linejoin=\"round\" stroke-width=\"2\"\/>\n  <\/g>\n<\/svg>\n\n    <\/span>\n  <\/a>\n          <\/div>\n              <\/div>\n    <\/div>\n\n    \n  <\/div>\n<\/article>\n              <\/div>\n                                        <div class=\"swiper-slide pl-0 pr-0\">\n                <article class=\"card-slide --navigation-cards navigation-cards  \" style=\"background-color: #f2f3f5\">\n\n\n\n  <div class=\"card-slide__inner h-full flex flex-col justify-between \">\n    \n    <div class=\"card-slide__content h-full data-def basis-3\/3 noImage\">\n      <div class=\"pt-50 pr-20 pb-40 pl-20 md:pr-30 md:pl-30 h-full flex flex-col justify-between\">\n\n        \n        <div class=\"!mb-0\">\n                      <h3 class=\"card-slide__title text-primary s30 font-500 pb-16\">Doctorado en Filosof\u00eda<\/h3>\n                                <div class=\"card-slide__text font-normal font-400\"><p>Permite desempe\u00f1ar funciones altamente especializadas en la formaci\u00f3n filos\u00f3fica.<\/p>\n<\/div>\n          \n                            <\/div>\n\n                  <div class=\"mt-10 font-500 s16 slider\">\n            <a href=https:\/\/www.upra.org\/es\/corsi\/programma\/doctorado-en-filosofia\/  target=_blank  title=\"Descubre el Doctorado en Filosof\u00eda\"   rel=\"noopener noreferrer\" class=\"button s16  \">\n    <span class=\"button__label\">Descubre el Doctorado en Filosof\u00eda<\/span>\n      <span class=\"button__icon icon-arrow\">\n      <svg xmlns=\"http:\/\/www.w3.org\/2000\/svg\" width=\"35\" height=\"12.828\" viewBox=\"0 0 35 12.828\">\n  <g id=\"Icon_feather-arrow-right\" data-name=\"Icon feather-arrow-right\" transform=\"translate(16.5 -6.086)\">\n    <path id=\"Tracciato_346\" data-name=\"Tracciato 346\" d=\"M7.5,18h33\" transform=\"translate(-23 -5.5)\" fill=\"none\" stroke=\"#171717\" stroke-linecap=\"round\" stroke-linejoin=\"round\" stroke-width=\"2\"\/>\n    <path id=\"Tracciato_347\" data-name=\"Tracciato 347\" d=\"M18,7.5l5,5-5,5\" transform=\"translate(-5.5 0)\" fill=\"none\" stroke=\"#171717\" stroke-linecap=\"round\" stroke-linejoin=\"round\" stroke-width=\"2\"\/>\n  <\/g>\n<\/svg>\n\n    <\/span>\n  <\/a>\n          <\/div>\n              <\/div>\n    <\/div>\n\n    \n  <\/div>\n<\/article>\n              <\/div>\n                                        <div class=\"swiper-slide pl-0 pr-0\">\n                <article class=\"card-slide --navigation-cards navigation-cards  \" style=\"background-color: #f2f3f5\">\n\n\n\n  <div class=\"card-slide__inner h-full flex flex-col justify-between \">\n    \n    <div class=\"card-slide__content h-full data-def basis-3\/3 noImage\">\n      <div class=\"pt-50 pr-20 pb-40 pl-20 md:pr-30 md:pl-30 h-full flex flex-col justify-between\">\n\n        \n        <div class=\"!mb-0\">\n                      <h3 class=\"card-slide__title text-primary s30 font-500 pb-16\">Doctorado en Bio\u00e9tica<\/h3>\n                                <div class=\"card-slide__text font-normal font-400\"><p>Invita a realizar una investigaci\u00f3n exhaustiva sobre los temas fundamentales de la bio\u00e9tica y gu\u00eda al doctorando para que aporte su propia contr&#8230;<\/div>\n          \n                            <\/div>\n\n                  <div class=\"mt-10 font-500 s16 slider\">\n            <a href=https:\/\/www.upra.org\/es\/corsi\/programma\/doctorado-en-bioetica\/  target=_blank  title=\"Descubre el Doctorado en Bio\u00e9tica\"   rel=\"noopener noreferrer\" class=\"button s16  \">\n    <span class=\"button__label\">Descubre el Doctorado en Bio\u00e9tica<\/span>\n      <span class=\"button__icon icon-arrow\">\n      <svg xmlns=\"http:\/\/www.w3.org\/2000\/svg\" width=\"35\" height=\"12.828\" viewBox=\"0 0 35 12.828\">\n  <g id=\"Icon_feather-arrow-right\" data-name=\"Icon feather-arrow-right\" transform=\"translate(16.5 -6.086)\">\n    <path id=\"Tracciato_346\" data-name=\"Tracciato 346\" d=\"M7.5,18h33\" transform=\"translate(-23 -5.5)\" fill=\"none\" stroke=\"#171717\" stroke-linecap=\"round\" stroke-linejoin=\"round\" stroke-width=\"2\"\/>\n    <path id=\"Tracciato_347\" data-name=\"Tracciato 347\" d=\"M18,7.5l5,5-5,5\" transform=\"translate(-5.5 0)\" fill=\"none\" stroke=\"#171717\" stroke-linecap=\"round\" stroke-linejoin=\"round\" stroke-width=\"2\"\/>\n  <\/g>\n<\/svg>\n\n    <\/span>\n  <\/a>\n          <\/div>\n              <\/div>\n    <\/div>\n\n    \n  <\/div>\n<\/article>\n              <\/div>\n                      <\/div>\n\n        <\/div>\n\n      <\/div>\n    \n          <div class=\"container intro_text text-center\">\n        <a href=https:\/\/analytics.zoho.eu\/open-view\/61346000024206141\/a06447ff2a0653f2fde0b4448960d4c0cd177d8ce8a0998f15e718c08128be5b  target=_blank  title=\"Proyectos de investigaci\u00f3n en curso\"   rel=\"noopener noreferrer\" class=\"button --button-border mt-10 mb-40    \">\n    <span class=\"button__label\">Proyectos de investigaci\u00f3n en curso<\/span>\n      <span class=\"button__icon icon icon-arrow-right\">\n      <span class=\"lnr lnr-arrow-right\"><\/span>\n\n    <\/span>\n  <\/a>\n      <\/div>\n    \n\n  <\/div>\n\n  <\/section>\n\n\n<section class=\"block  navigation-with-slider-cards full-width\" \n            >\n\n      <div class=\"navigation-with-slider-cards__content relative navigation-cards pb-60 md:pb-80 pt-60 md:pt-80\" id=\"\" style=\"background-color: #f2f3f5\">\n    <div class=\"container flex flex-row justify-between items-end gap-0 md:gap-45\">\n              <div class=\"basis-3\/3  w-full pl-0 pr-0 text-center\">\n                                  <h2 class=\"s40 font-500 text-primary\">Facultades e Institutos<\/h2>\n                                  <p class=\"s18 leading-7 text-secondary mt-20 text-left\"><p>Todos los cursos est\u00e1n integrados en la ense\u00f1anza destinada a formar ap\u00f3stoles, l\u00edderes cristianos, cl\u00e9rigos y laicos al servicio de la Iglesia en la actualidad. En ello est\u00e1n comprometidas las direcciones did\u00e1cticas de las facultades e institutos presentes en la Universidad Pontificia Regina Apostolorum.<\/p>\n<\/p>\n                                <\/div>\n                <\/div>\n          <div class=\"container\">\n        <div\n          class=\"slider slider-disabled \"\n          data-slider-config='{\n            \"slidesPerView\": 1,\n            \"spaceBetween\": 0,\n            \"navigation\": {\n              \"nextEl\": \".block.navigation-with-slider-cards .swiper-button-next\",\n              \"prevEl\": \".block.navigation-with-slider-cards .swiper-button-prev\"\n            },\n            \"autoplay\": false,\n            \"loop\": false,\n            \"breakpoints\": {\n              \"768\": {\n                \"slidesPerView\": 3,\n                \"spaceBetween\": 16\n              },\n              \"992\": {\n                \"slidesPerView\": 3,\n                \"spaceBetween\": 16\n              }\n            }\n          }'\n          >\n          <div class=\"swiper-wrapper z-10 relative mt-40\">\n                                        <div class=\"swiper-slide pl-0 pr-0\">\n                <article class=\"card-slide --navigation-cards navigation-cards  \" style=\"background-color: #ffffff\">\n\n\n\n  <div class=\"card-slide__inner h-full flex flex-col justify-between \">\n    \n    <div class=\"card-slide__content h-full data-def basis-3\/3 noImage\">\n      <div class=\"pt-50 pr-20 pb-40 pl-20 md:pr-30 md:pl-30 h-full flex flex-col justify-between\">\n\n        \n        <div class=\"!mb-0\">\n                      <h3 class=\"card-slide__title text-primary s30 font-500 pb-16\">Teolog\u00eda<\/h3>\n                                <div class=\"card-slide__text font-normal font-400\"><p>Profundizar en la doctrina cat\u00f3lica para el mundo contempor\u00e1neo.<\/p>\n<\/div>\n          \n                            <\/div>\n\n                  <div class=\"mt-10 font-500 s16 slider\">\n            <a href=https:\/\/www.upra.org\/es\/facultades-institutos\/teologia\/  target=_blank  title=\"Descubre la Facultad\"   rel=\"noopener noreferrer\" class=\"button s16  \">\n    <span class=\"button__label\">Descubre la Facultad<\/span>\n      <span class=\"button__icon icon-arrow\">\n      <svg xmlns=\"http:\/\/www.w3.org\/2000\/svg\" width=\"35\" height=\"12.828\" viewBox=\"0 0 35 12.828\">\n  <g id=\"Icon_feather-arrow-right\" data-name=\"Icon feather-arrow-right\" transform=\"translate(16.5 -6.086)\">\n    <path id=\"Tracciato_346\" data-name=\"Tracciato 346\" d=\"M7.5,18h33\" transform=\"translate(-23 -5.5)\" fill=\"none\" stroke=\"#171717\" stroke-linecap=\"round\" stroke-linejoin=\"round\" stroke-width=\"2\"\/>\n    <path id=\"Tracciato_347\" data-name=\"Tracciato 347\" d=\"M18,7.5l5,5-5,5\" transform=\"translate(-5.5 0)\" fill=\"none\" stroke=\"#171717\" stroke-linecap=\"round\" stroke-linejoin=\"round\" stroke-width=\"2\"\/>\n  <\/g>\n<\/svg>\n\n    <\/span>\n  <\/a>\n          <\/div>\n              <\/div>\n    <\/div>\n\n    \n  <\/div>\n<\/article>\n              <\/div>\n                                        <div class=\"swiper-slide pl-0 pr-0\">\n                <article class=\"card-slide --navigation-cards navigation-cards  \" style=\"background-color: #ffffff\">\n\n\n\n  <div class=\"card-slide__inner h-full flex flex-col justify-between \">\n    \n    <div class=\"card-slide__content h-full data-def basis-3\/3 noImage\">\n      <div class=\"pt-50 pr-20 pb-40 pl-20 md:pr-30 md:pl-30 h-full flex flex-col justify-between\">\n\n        \n        <div class=\"!mb-0\">\n                      <h3 class=\"card-slide__title text-primary s30 font-500 pb-16\">Filosof\u00eda<\/h3>\n                                <div class=\"card-slide__text font-normal font-400\"><p>Formar una visi\u00f3n s\u00f3lida del mundo, del hombre y de Dios.<\/p>\n<\/div>\n          \n                            <\/div>\n\n                  <div class=\"mt-10 font-500 s16 slider\">\n            <a href=https:\/\/www.upra.org\/es\/facultades-institutos\/filosofia\/  target=_blank  title=\"Descubre la Facultad\"   rel=\"noopener noreferrer\" class=\"button s16  \">\n    <span class=\"button__label\">Descubre la Facultad<\/span>\n      <span class=\"button__icon icon-arrow\">\n      <svg xmlns=\"http:\/\/www.w3.org\/2000\/svg\" width=\"35\" height=\"12.828\" viewBox=\"0 0 35 12.828\">\n  <g id=\"Icon_feather-arrow-right\" data-name=\"Icon feather-arrow-right\" transform=\"translate(16.5 -6.086)\">\n    <path id=\"Tracciato_346\" data-name=\"Tracciato 346\" d=\"M7.5,18h33\" transform=\"translate(-23 -5.5)\" fill=\"none\" stroke=\"#171717\" stroke-linecap=\"round\" stroke-linejoin=\"round\" stroke-width=\"2\"\/>\n    <path id=\"Tracciato_347\" data-name=\"Tracciato 347\" d=\"M18,7.5l5,5-5,5\" transform=\"translate(-5.5 0)\" fill=\"none\" stroke=\"#171717\" stroke-linecap=\"round\" stroke-linejoin=\"round\" stroke-width=\"2\"\/>\n  <\/g>\n<\/svg>\n\n    <\/span>\n  <\/a>\n          <\/div>\n              <\/div>\n    <\/div>\n\n    \n  <\/div>\n<\/article>\n              <\/div>\n                                        <div class=\"swiper-slide pl-0 pr-0\">\n                <article class=\"card-slide --navigation-cards navigation-cards  \" style=\"background-color: #ffffff\">\n\n\n\n  <div class=\"card-slide__inner h-full flex flex-col justify-between \">\n    \n    <div class=\"card-slide__content h-full data-def basis-3\/3 noImage\">\n      <div class=\"pt-50 pr-20 pb-40 pl-20 md:pr-30 md:pl-30 h-full flex flex-col justify-between\">\n\n        \n        <div class=\"!mb-0\">\n                      <h3 class=\"card-slide__title text-primary s30 font-500 pb-16\">Bio\u00e9tica<\/h3>\n                                <div class=\"card-slide__text font-normal font-400\"><p>Consolidar y potenciar la \u00abcultura de la vida\u00bb.<\/p>\n<\/div>\n          \n                            <\/div>\n\n                  <div class=\"mt-10 font-500 s16 slider\">\n            <a href=https:\/\/www.upra.org\/es\/facultades-institutos\/bioetica\/  target=_blank  title=\"Descubre la Facultad\"   rel=\"noopener noreferrer\" class=\"button s16  \">\n    <span class=\"button__label\">Descubre la Facultad<\/span>\n      <span class=\"button__icon icon-arrow\">\n      <svg xmlns=\"http:\/\/www.w3.org\/2000\/svg\" width=\"35\" height=\"12.828\" viewBox=\"0 0 35 12.828\">\n  <g id=\"Icon_feather-arrow-right\" data-name=\"Icon feather-arrow-right\" transform=\"translate(16.5 -6.086)\">\n    <path id=\"Tracciato_346\" data-name=\"Tracciato 346\" d=\"M7.5,18h33\" transform=\"translate(-23 -5.5)\" fill=\"none\" stroke=\"#171717\" stroke-linecap=\"round\" stroke-linejoin=\"round\" stroke-width=\"2\"\/>\n    <path id=\"Tracciato_347\" data-name=\"Tracciato 347\" d=\"M18,7.5l5,5-5,5\" transform=\"translate(-5.5 0)\" fill=\"none\" stroke=\"#171717\" stroke-linecap=\"round\" stroke-linejoin=\"round\" stroke-width=\"2\"\/>\n  <\/g>\n<\/svg>\n\n    <\/span>\n  <\/a>\n          <\/div>\n              <\/div>\n    <\/div>\n\n    \n  <\/div>\n<\/article>\n              <\/div>\n                                        <div class=\"swiper-slide pl-0 pr-0\">\n                <article class=\"card-slide --navigation-cards navigation-cards  \" style=\"background-color: #ffffff\">\n\n\n\n  <div class=\"card-slide__inner h-full flex flex-col justify-between \">\n    \n    <div class=\"card-slide__content h-full data-def basis-3\/3 noImage\">\n      <div class=\"pt-50 pr-20 pb-40 pl-20 md:pr-30 md:pl-30 h-full flex flex-col justify-between\">\n\n        \n        <div class=\"!mb-0\">\n                      <h3 class=\"card-slide__title text-primary s30 font-500 pb-16\">Instituto Superior de Ciencias Religiosas<\/h3>\n                                <div class=\"card-slide__text font-normal font-400\"><p>Profundizar en el conocimiento de las Ciencias Religiosas.<\/p>\n<\/div>\n          \n                            <\/div>\n\n                  <div class=\"mt-10 font-500 s16 slider\">\n            <a href=https:\/\/www.upra.org\/es\/facultades-institutos\/instituto-superior-ciencias-religiosas\/  target=_blank  title=\"Descubre el Instituto\"   rel=\"noopener noreferrer\" class=\"button s16  \">\n    <span class=\"button__label\">Descubre el Instituto<\/span>\n      <span class=\"button__icon icon-arrow\">\n      <svg xmlns=\"http:\/\/www.w3.org\/2000\/svg\" width=\"35\" height=\"12.828\" viewBox=\"0 0 35 12.828\">\n  <g id=\"Icon_feather-arrow-right\" data-name=\"Icon feather-arrow-right\" transform=\"translate(16.5 -6.086)\">\n    <path id=\"Tracciato_346\" data-name=\"Tracciato 346\" d=\"M7.5,18h33\" transform=\"translate(-23 -5.5)\" fill=\"none\" stroke=\"#171717\" stroke-linecap=\"round\" stroke-linejoin=\"round\" stroke-width=\"2\"\/>\n    <path id=\"Tracciato_347\" data-name=\"Tracciato 347\" d=\"M18,7.5l5,5-5,5\" transform=\"translate(-5.5 0)\" fill=\"none\" stroke=\"#171717\" stroke-linecap=\"round\" stroke-linejoin=\"round\" stroke-width=\"2\"\/>\n  <\/g>\n<\/svg>\n\n    <\/span>\n  <\/a>\n          <\/div>\n              <\/div>\n    <\/div>\n\n    \n  <\/div>\n<\/article>\n              <\/div>\n                                        <div class=\"swiper-slide pl-0 pr-0\">\n                <article class=\"card-slide --navigation-cards navigation-cards  \" style=\"background-color: #ffffff\">\n\n\n\n  <div class=\"card-slide__inner h-full flex flex-col justify-between \">\n    \n    <div class=\"card-slide__content h-full data-def basis-3\/3 noImage\">\n      <div class=\"pt-50 pr-20 pb-40 pl-20 md:pr-30 md:pl-30 h-full flex flex-col justify-between\">\n\n        \n        <div class=\"!mb-0\">\n                      <h3 class=\"card-slide__title text-primary s30 font-500 pb-16\">Institutos<\/h3>\n                                <div class=\"card-slide__text font-normal font-400\"><p>Favorecer la difusi\u00f3n de la cultura evang\u00e9lica a trav\u00e9s de institutos especializados en diferentes itinerarios formativos.<\/p>\n<\/div>\n          \n                            <\/div>\n\n                  <div class=\"mt-10 font-500 s16 slider\">\n            <a href=https:\/\/www.upra.org\/es\/facultades-institutos\/institutos\/  target=_blank  title=\"Descubre los Institutos\"   rel=\"noopener noreferrer\" class=\"button s16  \">\n    <span class=\"button__label\">Descubre los Institutos<\/span>\n      <span class=\"button__icon icon-arrow\">\n      <svg xmlns=\"http:\/\/www.w3.org\/2000\/svg\" width=\"35\" height=\"12.828\" viewBox=\"0 0 35 12.828\">\n  <g id=\"Icon_feather-arrow-right\" data-name=\"Icon feather-arrow-right\" transform=\"translate(16.5 -6.086)\">\n    <path id=\"Tracciato_346\" data-name=\"Tracciato 346\" d=\"M7.5,18h33\" transform=\"translate(-23 -5.5)\" fill=\"none\" stroke=\"#171717\" stroke-linecap=\"round\" stroke-linejoin=\"round\" stroke-width=\"2\"\/>\n    <path id=\"Tracciato_347\" data-name=\"Tracciato 347\" d=\"M18,7.5l5,5-5,5\" transform=\"translate(-5.5 0)\" fill=\"none\" stroke=\"#171717\" stroke-linecap=\"round\" stroke-linejoin=\"round\" stroke-width=\"2\"\/>\n  <\/g>\n<\/svg>\n\n    <\/span>\n  <\/a>\n          <\/div>\n              <\/div>\n    <\/div>\n\n    \n  <\/div>\n<\/article>\n              <\/div>\n                      <\/div>\n\n        <\/div>\n\n      <\/div>\n    \n    \n\n  <\/div>\n\n  <\/section>\n","protected":false},"excerpt":{"rendered":"","protected":false},"author":9,"featured_media":0,"parent":746,"menu_order":0,"comment_status":"closed","ping_status":"closed","template":"","meta":{"_acf_changed":false,"footnotes":""},"class_list":["post-11578","page","type-page","status-publish","hentry"],"acf":[],"_links":{"self":[{"href":"https:\/\/www.upra.org\/es\/wp-json\/wp\/v2\/pages\/11578","targetHints":{"allow":["GET"]}}],"collection":[{"href":"https:\/\/www.upra.org\/es\/wp-json\/wp\/v2\/pages"}],"about":[{"href":"https:\/\/www.upra.org\/es\/wp-json\/wp\/v2\/types\/page"}],"author":[{"embeddable":true,"href":"https:\/\/www.upra.org\/es\/wp-json\/wp\/v2\/users\/9"}],"replies":[{"embeddable":true,"href":"https:\/\/www.upra.org\/es\/wp-json\/wp\/v2\/comments?post=11578"}],"version-history":[{"count":3,"href":"https:\/\/www.upra.org\/es\/wp-json\/wp\/v2\/pages\/11578\/revisions"}],"predecessor-version":[{"id":11919,"href":"https:\/\/www.upra.org\/es\/wp-json\/wp\/v2\/pages\/11578\/revisions\/11919"}],"up":[{"embeddable":true,"href":"https:\/\/www.upra.org\/es\/wp-json\/wp\/v2\/pages\/746"}],"wp:attachment":[{"href":"https:\/\/www.upra.org\/es\/wp-json\/wp\/v2\/media?parent=11578"}],"curies":[{"name":"wp","href":"https:\/\/api.w.org\/{rel}","templated":true}]}}