{"id":1167,"date":"2023-07-13T12:38:35","date_gmt":"2023-07-13T12:38:35","guid":{"rendered":"https:\/\/www.upra.org\/es\/?page_id=1167"},"modified":"2024-09-25T13:51:07","modified_gmt":"2024-09-25T13:51:07","slug":"como-inscribirse","status":"publish","type":"page","link":"https:\/\/www.upra.org\/es\/inscripcion\/como-inscribirse\/","title":{"rendered":"C\u00f3mo inscribirse"},"content":{"rendered":"<section class=\"block  cta-with-media full-width\" \n            >\n\n      <div class=\"cta-with-media__content  template-media-sx py-60 md:py-80\" id=\"\" style=\"\">\n\n    <div class=\"container\">\n      \n        <div class=\"flex flex-col gap-40 md:gap-50 lg:gap-100 md:flex-row\n        md:items-center\">\n\n          <div class=\"flex-1\">\n            <div class=\"media\" style=\"--bg-color-var: #FFFFFF\">\n              <div\n  class=\"image bg-cover  --is-webp \"\n   data-defer >\n  <figure>\n    <div class=\"image__wrapper\">\n              <picture>\n          \n          <source\n            srcset=\"\"\n            sizes=\"(min-width: 992px) 808px, (min-width: 768px) 680px, 100vw\"\n          \/>\n          <img decoding=\"async\" src=\"https:\/\/www.upra.org\/app\/uploads\/sites\/5\/2024\/03\/1-1.webp\" width=\"\" height=\"\" alt=\"1-1\">\n        <\/picture>\n          <\/div>\n      <\/figure>\n<\/div>\n\n                          <\/div>\n          <\/div>\n\n          <div class=\"flex-1\">\n                                  <p class=\"!mb-40\"><p><strong>El proceso de inscripci\u00f3n<\/strong> es \u00fanico, tanto si se trata de la admisi\u00f3n a un programa de grado (Bachillerato, Licenciatura, Doctorado) como a otros programas de formaci\u00f3n (Diplomas o Cursos).<br \/>\nPara matricularse, cada futuro estudiante debe seguir estos <strong>tres pasos<\/strong>:<\/p>\n<ul>\n<li>rellenar un formulario de contacto inicial;<\/li>\n<li>rellenar un formulario de admisi\u00f3n;<\/li>\n<li>pagar la inscripci\u00f3n.<\/li>\n<\/ul>\n<\/p>\n                                      <\/div>\n      <\/div>\n\n    <\/div>\n\n  <\/div>\n\n  <\/section>\n\n\n<section class=\"block  navigation-with-slider-cards full-width\" \n            >\n\n      <div class=\"navigation-with-slider-cards__content relative navigation-cards pb-60 md:pb-80 pt-60 md:pt-80\" id=\"\" style=\"\">\n    <div class=\"container flex flex-row justify-between items-end gap-0 md:gap-45\">\n                <\/div>\n          <div class=\"container\">\n        <div\n          class=\"slider slider-disabled \"\n          data-slider-config='{\n            \"slidesPerView\": 1,\n            \"spaceBetween\": 0,\n            \"navigation\": {\n              \"nextEl\": \".block.navigation-with-slider-cards .swiper-button-next\",\n              \"prevEl\": \".block.navigation-with-slider-cards .swiper-button-prev\"\n            },\n            \"autoplay\": false,\n            \"loop\": false,\n            \"breakpoints\": {\n              \"768\": {\n                \"slidesPerView\": 3,\n                \"spaceBetween\": 16\n              },\n              \"992\": {\n                \"slidesPerView\": 3,\n                \"spaceBetween\": 16\n              }\n            }\n          }'\n          >\n          <div class=\"swiper-wrapper z-10 relative mt-40\">\n                                        <div class=\"swiper-slide pl-0 pr-0\">\n                <article class=\"card-slide --navigation-cards navigation-cards  \" style=\"background-color: #f2f3f5\">\n\n\n\n  <div class=\"card-slide__inner h-full flex flex-col justify-between \">\n    \n    <div class=\"card-slide__content h-full data-def basis-3\/3 noImage\">\n      <div class=\"pt-50 pr-20 pb-40 pl-20 md:pr-30 md:pl-30 h-full flex flex-col justify-between\">\n\n                  <div class=\"char\">\n            <div>\n              1\n            <\/div>\n          <\/div>\n        \n        <div class=\"!mb-0\">\n                      <h3 class=\"card-slide__title text-primary s30 font-500 pb-16\"> Formulario de contacto<\/h3>\n                                <div class=\"card-slide__text font-normal font-400\"><p>Al rellenar el formulario, se recibir\u00e1 por <strong>correo electr\u00f3nico el enlace al formulario de admisi\u00f3n<\/strong> y todas las instrucciones para realizar la solicitud.<\/p>\n<\/div>\n          \n                            <\/div>\n\n                  <div class=\"mt-10 font-500 s16 slider\">\n            <a href=https:\/\/form.upra.org\/servizionline\/form\/Primomoduloammissione2022\/formperma\/DWsJy6PdxbjU1iw5Uv7SAJz9vLWfNfcGGX09J08Zqno  target=_blank  title=\"Ir al formulario de contacto\"   rel=\"noopener noreferrer\" class=\"button s16  \">\n    <span class=\"button__label\">Ir al formulario de contacto<\/span>\n      <span class=\"button__icon icon-arrow\">\n      <svg xmlns=\"http:\/\/www.w3.org\/2000\/svg\" width=\"35\" height=\"12.828\" viewBox=\"0 0 35 12.828\">\n  <g id=\"Icon_feather-arrow-right\" data-name=\"Icon feather-arrow-right\" transform=\"translate(16.5 -6.086)\">\n    <path id=\"Tracciato_346\" data-name=\"Tracciato 346\" d=\"M7.5,18h33\" transform=\"translate(-23 -5.5)\" fill=\"none\" stroke=\"#171717\" stroke-linecap=\"round\" stroke-linejoin=\"round\" stroke-width=\"2\"\/>\n    <path id=\"Tracciato_347\" data-name=\"Tracciato 347\" d=\"M18,7.5l5,5-5,5\" transform=\"translate(-5.5 0)\" fill=\"none\" stroke=\"#171717\" stroke-linecap=\"round\" stroke-linejoin=\"round\" stroke-width=\"2\"\/>\n  <\/g>\n<\/svg>\n\n    <\/span>\n  <\/a>\n          <\/div>\n              <\/div>\n    <\/div>\n\n    \n  <\/div>\n<\/article>\n              <\/div>\n                                        <div class=\"swiper-slide pl-0 pr-0\">\n                <article class=\"card-slide --navigation-cards navigation-cards  \" style=\"background-color: #f2f3f5\">\n\n\n\n  <div class=\"card-slide__inner h-full flex flex-col justify-between \">\n    \n    <div class=\"card-slide__content h-full data-def basis-3\/3 noImage\">\n      <div class=\"pt-50 pr-20 pb-40 pl-20 md:pr-30 md:pl-30 h-full flex flex-col justify-between\">\n\n                  <div class=\"char\">\n            <div>\n              2\n            <\/div>\n          <\/div>\n        \n        <div class=\"!mb-0\">\n                      <h3 class=\"card-slide__title text-primary s30 font-500 pb-16\">Formulario de admisi\u00f3n<\/h3>\n                                <div class=\"card-slide__text font-normal font-400\"><p>Una vez recibido el formulario, hay que <strong>preparar todos los documentos necesarios<\/strong> para la inscripci\u00f3n, lo que permitir\u00e1 cumplimentar el segundo formulario de admisi\u00f3n y cargar los documentos en formato digital.<\/p>\n<\/div>\n          \n                            <\/div>\n\n                  <div class=\"mt-10 font-500 s16 slider\">\n            <a href=https:\/\/giovannimalgaroli.notion.site\/Ammissioni-a-a-22-23-c0742f75fea545f6add4d67690a7ae9b   title=\"Ver la documentaci\u00f3n\"  class=\"button s16  \">\n    <span class=\"button__label\">Ver la documentaci\u00f3n<\/span>\n      <span class=\"button__icon icon-arrow\">\n      <svg xmlns=\"http:\/\/www.w3.org\/2000\/svg\" width=\"35\" height=\"12.828\" viewBox=\"0 0 35 12.828\">\n  <g id=\"Icon_feather-arrow-right\" data-name=\"Icon feather-arrow-right\" transform=\"translate(16.5 -6.086)\">\n    <path id=\"Tracciato_346\" data-name=\"Tracciato 346\" d=\"M7.5,18h33\" transform=\"translate(-23 -5.5)\" fill=\"none\" stroke=\"#171717\" stroke-linecap=\"round\" stroke-linejoin=\"round\" stroke-width=\"2\"\/>\n    <path id=\"Tracciato_347\" data-name=\"Tracciato 347\" d=\"M18,7.5l5,5-5,5\" transform=\"translate(-5.5 0)\" fill=\"none\" stroke=\"#171717\" stroke-linecap=\"round\" stroke-linejoin=\"round\" stroke-width=\"2\"\/>\n  <\/g>\n<\/svg>\n\n    <\/span>\n  <\/a>\n          <\/div>\n              <\/div>\n    <\/div>\n\n    \n  <\/div>\n<\/article>\n              <\/div>\n                                        <div class=\"swiper-slide pl-0 pr-0\">\n                <article class=\"card-slide --navigation-cards navigation-cards  \" style=\"background-color: #f2f3f5\">\n\n\n\n  <div class=\"card-slide__inner h-full flex flex-col justify-between \">\n    \n    <div class=\"card-slide__content h-full data-def basis-3\/3 noImage\">\n      <div class=\"pt-50 pr-20 pb-40 pl-20 md:pr-30 md:pl-30 h-full flex flex-col justify-between\">\n\n                  <div class=\"char\">\n            <div>\n              3\n            <\/div>\n          <\/div>\n        \n        <div class=\"!mb-0\">\n                      <h3 class=\"card-slide__title text-primary s30 font-500 pb-16\">Pago<\/h3>\n                                <div class=\"card-slide__text font-normal font-400\"><p>Una vez enviados los dos formularios, se controlar\u00e1 tu solicitud y los documentos compartidos para confirmar la admisi\u00f3n. Se enviar\u00e1 un correo electr\u00f3nico con el resultado de la admisi\u00f3n y el procedimiento para <strong>completar la inscripci\u00f3n con el pago.<\/strong><\/p>\n<\/div>\n          \n                            <\/div>\n\n                  <div class=\"mt-10 font-500 s16 slider\">\n            <a href=https:\/\/www.upra.org\/es\/inscripcion\/tasas-academicas\/   title=\"M\u00e1s informaci\u00f3n\"  class=\"button s16  \">\n    <span class=\"button__label\">M\u00e1s informaci\u00f3n<\/span>\n      <span class=\"button__icon icon-arrow\">\n      <svg xmlns=\"http:\/\/www.w3.org\/2000\/svg\" width=\"35\" height=\"12.828\" viewBox=\"0 0 35 12.828\">\n  <g id=\"Icon_feather-arrow-right\" data-name=\"Icon feather-arrow-right\" transform=\"translate(16.5 -6.086)\">\n    <path id=\"Tracciato_346\" data-name=\"Tracciato 346\" d=\"M7.5,18h33\" transform=\"translate(-23 -5.5)\" fill=\"none\" stroke=\"#171717\" stroke-linecap=\"round\" stroke-linejoin=\"round\" stroke-width=\"2\"\/>\n    <path id=\"Tracciato_347\" data-name=\"Tracciato 347\" d=\"M18,7.5l5,5-5,5\" transform=\"translate(-5.5 0)\" fill=\"none\" stroke=\"#171717\" stroke-linecap=\"round\" stroke-linejoin=\"round\" stroke-width=\"2\"\/>\n  <\/g>\n<\/svg>\n\n    <\/span>\n  <\/a>\n          <\/div>\n              <\/div>\n    <\/div>\n\n    \n  <\/div>\n<\/article>\n              <\/div>\n                      <\/div>\n\n        <\/div>\n\n      <\/div>\n    \n    \n\n  <\/div>\n\n  <\/section>\n\n\n<section class=\"block  standard-accordion full-width\" \n            >\n\n      <div class=\"standard-accordion__content accordions pt-40 md:pt-80 pb-40 md:pb-80  \" id=\"\" style=\"\">\n    <div class=\"container \">\n                                          <div class=\"accordion\" >\n  <button class=\"button s30\">Matr\u00edcula simult\u00e1nea en varios cursos\n    <span class=\"button__icon icon-plus \">\n      <i class=\"fa-regular fa-plus\"><\/i>\n    <\/span>\n  <\/button>\n  <div class=\"panel\">\n    <div class=\"text\">\n      <p><strong>La matriculaci\u00f3n simult\u00e1nea<\/strong> en varios cursos de formaci\u00f3n, tanto de diferentes instituciones como dentro de la misma universidad, est\u00e1 permitida seg\u00fan las condiciones compartidas en nuestro Reglamento General:<\/p>\n<ul>\n<li>el decano o el director deben autorizar la doble inscripci\u00f3n. Para ello, el futuro estudiante debe notificar a la Autoridad Acad\u00e9mica durante el proceso de admisi\u00f3n\/matriculaci\u00f3n que ya se ha inscrito en otro curso. En caso de ausencia de notificaci\u00f3n, la doble inscripci\u00f3n y los ex\u00e1menes correspondientes realizados podr\u00e1n ser declarados nulos, sin derecho a reembolso.<\/li>\n<li>Se comprobar\u00e1 que no existen otras normas o leyes que, de acuerdo con los respectivos sistemas educativos de las dos instituciones, proh\u00edban dicha doble matriculaci\u00f3n.<\/li>\n<\/ul>\n<p>Una vez comprobados estos puntos, ser\u00e1 posible inscribirse siguiendo el procedimiento habitual de admisi\u00f3n, empezando por el primer formulario de contacto.<\/p>\n\n    <\/div>\n          <a href=https:\/\/form.upra.org\/servizionline\/form\/Primomoduloammissione2022\/formperma\/DWsJy6PdxbjU1iw5Uv7SAJz9vLWfNfcGGX09J08Zqno  target=_blank  title=\"Rellenar el formulario de contacto\"   rel=\"noopener noreferrer\" class=\"button --button-border mt-20  \">\n    <span class=\"button__label\">Rellenar el formulario de contacto<\/span>\n      <span class=\"button__icon icon icon-arrow-right\">\n      <span class=\"lnr lnr-arrow-right\"><\/span>\n\n    <\/span>\n  <\/a>\n      <\/div>\n<\/div>\n                      <div class=\"accordion\" >\n  <button class=\"button s30\">Inscripci\u00f3n para el a\u00f1o siguiente\n    <span class=\"button__icon icon-plus \">\n      <i class=\"fa-regular fa-plus\"><\/i>\n    <\/span>\n  <\/button>\n  <div class=\"panel\">\n    <div class=\"text\">\n      <p>La inscripci\u00f3n en el curso siguiente significa la continuaci\u00f3n en el mismo ciclo\/programa de estudios que cursa actualmente el estudiante. La inscripci\u00f3n se realiza directamente tras el pago de la <strong>cuota de inscripci\u00f3n anual.<\/strong><\/p>\n\n    <\/div>\n      <\/div>\n<\/div>\n                      <div class=\"accordion\" >\n  <button class=\"button s30\">Reanudaci\u00f3n de la carrera despu\u00e9s de una pausa\n    <span class=\"button__icon icon-plus \">\n      <i class=\"fa-regular fa-plus\"><\/i>\n    <\/span>\n  <\/button>\n  <div class=\"panel\">\n    <div class=\"text\">\n      <p>Para los estudiantes que tengan intenci\u00f3n de reanudar sus estudios tras un periodo de pausa, ya sea voluntaria o de facto, existe la posibilidad de solicitar la <strong>reanudaci\u00f3n de la carrera<\/strong>. Para ello, se deber\u00e1 remitir por correo electr\u00f3nico toda la documentaci\u00f3n requerida a las oficinas implicadas en el procedimiento.<\/p>\n\n    <\/div>\n      <\/div>\n<\/div>\n                      <div class=\"accordion\" >\n  <button class=\"button s30\">Inscripci\u00f3n en cursos para oyentes\/invitados\n    <span class=\"button__icon icon-plus \">\n      <i class=\"fa-regular fa-plus\"><\/i>\n    <\/span>\n  <\/button>\n  <div class=\"panel\">\n    <div class=\"text\">\n      <p>Para la inscripci\u00f3n en cursos en <strong>modalidad oyente\/invitado<\/strong>, estas inscripciones se refieren a cursos\/asignaturas individuales y permiten un m\u00e1ximo de tres cursos por semestre. Recordamos que, con la modalidad de <strong>invitado<\/strong>, se obtienen certificados ECTS, mientras que con la de <strong>oyente<\/strong> solo se recibe un certificado de asistencia.<br \/>\nPara inscribirse, es necesario:<\/p>\n<ul>\n<li>Rellenar el formulario en l\u00ednea<\/li>\n<li>Cargar la documentaci\u00f3n requerida (previamente digitalizada)<\/li>\n<li>Enviar<\/li>\n<\/ul>\n<p>Una vez verificados los documentos, se informar\u00e1 al candidato por correo electr\u00f3nico del resultado y del procedimiento para completar la inscripci\u00f3n.<\/p>\n\n    <\/div>\n          <a href=https:\/\/form.upra.org\/servizionline\/form\/Primomoduloammissione2022\/formperma\/DWsJy6PdxbjU1iw5Uv7SAJz9vLWfNfcGGX09J08Zqno  target=_blank  title=\"Rellenar el formulario\"   rel=\"noopener noreferrer\" class=\"button --button-border mt-20  \">\n    <span class=\"button__label\">Rellenar el formulario<\/span>\n      <span class=\"button__icon icon icon-arrow-right\">\n      <span class=\"lnr lnr-arrow-right\"><\/span>\n\n    <\/span>\n  <\/a>\n      <\/div>\n<\/div>\n                      <\/div>\n  <\/div>\n\n  <\/section>\n\n\n<section class=\"block  paragraph-box full-width\" \n            >\n\n      <div class=\"paragraph-box__content text-center pt-40 md:pt-50 pb-40 md:pb-50\" id=\"\" style=\"background-color: #f2f3f5\">\n\n          <div class=\"container\" style=\"\">\n          <h2 class=\"intro-title font-500 text-primary mb-20 s30 font-medium leading-snug \">Para los estudiantes de otras Facultades Pontificias Romanas:<\/h2>\n  \n  \n  \n      <div class=\"!mb-30 intro-text text-left\">\n      <p><p>Las Instituciones Educativas Pontificias Romanas han firmado un acuerdo para<strong> fomentar la movilidad<\/strong> estudiantil dentro del sistema universitario eclesi\u00e1stico romano.<br \/>\nTodos los estudiantes ordinarios de Bachillerato, Licenciatura o Doctorado, con las limitaciones indicadas por cada una de las instituciones interesadas, matriculados en una de las instituciones miembros de CRUIPRO, tendran la oportunidad de asistir a un curso de hasta un m\u00e1ximo de 6 ECTS cada semestre en una de las otras instituciones miembros firmantes del presente Acuerdo, sin coste adicional alguno y seg\u00fan las condiciones que se indican a continuaci\u00f3n.<\/p>\n<\/p>\n    <\/div>\n  \n  \n\n<\/div>\n    \n    \n    \n    \n  <\/div>\n\n  <\/section>\n\n\n<section class=\"block  paragraph-box full-width\" \n            >\n\n      <div class=\"paragraph-box__content text-center pt-40 md:pt-50 pb-40 md:pb-50\" id=\"\" style=\"background-color: #ffffff\">\n\n          <div class=\"container\" style=\"\">\n          <h2 class=\"intro-title font-500 text-primary mb-20 s30 font-medium leading-snug \">Apoyo al estudio<\/h2>\n  \n  \n  \n      <div class=\"!mb-30 intro-text text-left\">\n      <p><p>Las becas de estudio son instrumentos al servicio de la misi\u00f3n del Ateneo Pontificio Regina Apostolorum y se asignan siempre con vistas a favorecer el desarrollo cultural evang\u00e9lico de nuestros estudiantes.<\/p>\n<\/p>\n    <\/div>\n  \n      <div class=\"container buttons mt-20 mb-20 flex items-center md:items-start flex-col md:flex-row flex-wrap md:flex-nowrap justify-center\">\n              <a href=https:\/\/www.upra.org\/es\/inscripcion\/apoyo-al-estudio\/   title=\"Descubrir c\u00f3mo\"  class=\"button mx-10 my-10 mb-20 md:mb-10 mt-4 font-500  \">\n    <span class=\"button__label\">Descubrir c\u00f3mo<\/span>\n      <span class=\"button__icon icon-arrow\">\n      <svg xmlns=\"http:\/\/www.w3.org\/2000\/svg\" width=\"35\" height=\"12.828\" viewBox=\"0 0 35 12.828\">\n  <g id=\"Icon_feather-arrow-right\" data-name=\"Icon feather-arrow-right\" transform=\"translate(16.5 -6.086)\">\n    <path id=\"Tracciato_346\" data-name=\"Tracciato 346\" d=\"M7.5,18h33\" transform=\"translate(-23 -5.5)\" fill=\"none\" stroke=\"#171717\" stroke-linecap=\"round\" stroke-linejoin=\"round\" stroke-width=\"2\"\/>\n    <path id=\"Tracciato_347\" data-name=\"Tracciato 347\" d=\"M18,7.5l5,5-5,5\" transform=\"translate(-5.5 0)\" fill=\"none\" stroke=\"#171717\" stroke-linecap=\"round\" stroke-linejoin=\"round\" stroke-width=\"2\"\/>\n  <\/g>\n<\/svg>\n\n    <\/span>\n  <\/a>\n          <\/div>\n  \n\n<\/div>\n    \n    \n    \n    \n  <\/div>\n\n  <\/section>\n","protected":false},"excerpt":{"rendered":"","protected":false},"author":3,"featured_media":0,"parent":765,"menu_order":0,"comment_status":"closed","ping_status":"closed","template":"","meta":{"_acf_changed":false,"footnotes":""},"class_list":["post-1167","page","type-page","status-publish","hentry"],"acf":[],"_links":{"self":[{"href":"https:\/\/www.upra.org\/es\/wp-json\/wp\/v2\/pages\/1167","targetHints":{"allow":["GET"]}}],"collection":[{"href":"https:\/\/www.upra.org\/es\/wp-json\/wp\/v2\/pages"}],"about":[{"href":"https:\/\/www.upra.org\/es\/wp-json\/wp\/v2\/types\/page"}],"author":[{"embeddable":true,"href":"https:\/\/www.upra.org\/es\/wp-json\/wp\/v2\/users\/3"}],"replies":[{"embeddable":true,"href":"https:\/\/www.upra.org\/es\/wp-json\/wp\/v2\/comments?post=1167"}],"version-history":[{"count":79,"href":"https:\/\/www.upra.org\/es\/wp-json\/wp\/v2\/pages\/1167\/revisions"}],"predecessor-version":[{"id":8698,"href":"https:\/\/www.upra.org\/es\/wp-json\/wp\/v2\/pages\/1167\/revisions\/8698"}],"up":[{"embeddable":true,"href":"https:\/\/www.upra.org\/es\/wp-json\/wp\/v2\/pages\/765"}],"wp:attachment":[{"href":"https:\/\/www.upra.org\/es\/wp-json\/wp\/v2\/media?parent=1167"}],"curies":[{"name":"wp","href":"https:\/\/api.w.org\/{rel}","templated":true}]}}