{"id":11675,"date":"2025-10-30T11:18:12","date_gmt":"2025-10-30T11:18:12","guid":{"rendered":"https:\/\/www.upra.org\/es\/?page_id=11675"},"modified":"2025-11-04T13:16:13","modified_gmt":"2025-11-04T13:16:13","slug":"gabriel-von-wendt","status":"publish","type":"page","link":"https:\/\/www.upra.org\/es\/gabriel-von-wendt\/","title":{"rendered":"Gabriel von Wendt"},"content":{"rendered":"<section class=\"block  cta-with-media full-width\" \n            >\n\n      <div class=\"cta-with-media__content  template-media-sx py-60 md:py-80\" id=\"\" style=\"\">\n\n    <div class=\"container\">\n      \n        <div class=\"flex flex-col gap-40 md:gap-50 lg:gap-100 md:flex-row\n        md:items-start\">\n\n          <div class=\"flex-1\">\n            <div class=\"media\" style=\"--bg-color-var: #FFFFFF\">\n              <div\n  class=\"image bg-cover  --is-jpg \"\n   data-defer >\n  <figure>\n    <div class=\"image__wrapper\">\n              <picture>\n          \n          <source\n            srcset=\"\"\n            sizes=\"(min-width: 992px) 808px, (min-width: 768px) 680px, 100vw\"\n          \/>\n          <img decoding=\"async\" src=\"https:\/\/www.upra.org\/app\/uploads\/sites\/5\/2025\/11\/GWendt-scaled.jpg\" width=\"\" height=\"\" alt=\"GWendt\">\n        <\/picture>\n          <\/div>\n      <\/figure>\n<\/div>\n\n                          <\/div>\n          <\/div>\n\n          <div class=\"flex-1\">\n                                  <p class=\"!mb-40\"><p>Gabriel von Wendt, L.C. es un <b>profesor universitario con experiencia<\/b> en la elaboraci\u00f3n y difusi\u00f3n de ideas filos\u00f3ficas para diversos \u00e1mbitos de la sociedad a trav\u00e9s de cursos, programas y formaci\u00f3n.<\/p>\n<p>En su obra, se centra especialmente en el <b>fen\u00f3meno de los cambios culturales<\/b>, el <b>desarrollo existencial de la persona humana<\/b> y la obra de <b>Romano Guardini<\/b>.<\/p>\n<p>Trabaja como <b>profesor encargado de Antropolog\u00eda Filos\u00f3fica y Filosof\u00eda de la Cultura<\/b> en el Ateneo Pontificio <i>Regina Apostolorum<\/i> en Roma.<\/p>\n<p>Es <b>cofundador y codirector<\/b> de la l\u00ednea de investigaci\u00f3n \u00abDi\u00e1logo y Evangelizaci\u00f3n en la Cultura Posmoderna\u00bb, que busca <b>formar y acompa\u00f1ar a las personas a entablar conversaciones dif\u00edciles<\/b> en contextos polarizados con el fin de desarrollar <b>modelos de impacto cultural<\/b> desde una perspectiva cat\u00f3lica fundamentada y abierta. A esto corresponde la publicaci\u00f3n <i>Catholic Worldview<\/i> (2023).<\/p>\n<p>Para su tesis doctoral en filosof\u00eda, investig\u00f3 <b>modelos de desarrollo humano basados en la teor\u00eda de la oposici\u00f3n polar de Romano Guardini<\/b>. A esto corresponde la publicaci\u00f3n <i>Melodie des Werdens<\/i> (2024), que fue premiada por la G\u00f6rres-Gesellschaft y la Fundaci\u00f3n Alfred-Petzelt (Alemania) en la categor\u00eda de ciencias pedag\u00f3gicas.<\/p>\n<\/p>\n                                      <\/div>\n      <\/div>\n\n    <\/div>\n\n  <\/div>\n\n  <\/section>\n","protected":false},"excerpt":{"rendered":"","protected":false},"author":9,"featured_media":0,"parent":0,"menu_order":0,"comment_status":"closed","ping_status":"closed","template":"","meta":{"_acf_changed":false,"footnotes":""},"class_list":["post-11675","page","type-page","status-publish","hentry"],"acf":[],"_links":{"self":[{"href":"https:\/\/www.upra.org\/es\/wp-json\/wp\/v2\/pages\/11675","targetHints":{"allow":["GET"]}}],"collection":[{"href":"https:\/\/www.upra.org\/es\/wp-json\/wp\/v2\/pages"}],"about":[{"href":"https:\/\/www.upra.org\/es\/wp-json\/wp\/v2\/types\/page"}],"author":[{"embeddable":true,"href":"https:\/\/www.upra.org\/es\/wp-json\/wp\/v2\/users\/9"}],"replies":[{"embeddable":true,"href":"https:\/\/www.upra.org\/es\/wp-json\/wp\/v2\/comments?post=11675"}],"version-history":[{"count":3,"href":"https:\/\/www.upra.org\/es\/wp-json\/wp\/v2\/pages\/11675\/revisions"}],"predecessor-version":[{"id":11727,"href":"https:\/\/www.upra.org\/es\/wp-json\/wp\/v2\/pages\/11675\/revisions\/11727"}],"wp:attachment":[{"href":"https:\/\/www.upra.org\/es\/wp-json\/wp\/v2\/media?parent=11675"}],"curies":[{"name":"wp","href":"https:\/\/api.w.org\/{rel}","templated":true}]}}