{"id":11677,"date":"2025-10-30T11:20:17","date_gmt":"2025-10-30T11:20:17","guid":{"rendered":"https:\/\/www.upra.org\/es\/?page_id=11677"},"modified":"2025-11-04T13:15:42","modified_gmt":"2025-11-04T13:15:42","slug":"sameer-advani","status":"publish","type":"page","link":"https:\/\/www.upra.org\/es\/sameer-advani\/","title":{"rendered":"Sameer Advani"},"content":{"rendered":"<section class=\"block  cta-with-media full-width\" \n            >\n\n      <div class=\"cta-with-media__content  template-media-sx py-60 md:py-80\" id=\"\" style=\"\">\n\n    <div class=\"container\">\n      \n        <div class=\"flex flex-col gap-40 md:gap-50 lg:gap-100 md:flex-row\n        md:items-start\">\n\n          <div class=\"flex-1\">\n            <div class=\"media\" style=\"--bg-color-var: #FFFFFF\">\n              <div\n  class=\"image bg-cover  --is-jpg \"\n   data-defer >\n  <figure>\n    <div class=\"image__wrapper\">\n              <picture>\n          \n          <source\n            srcset=\"\"\n            sizes=\"(min-width: 992px) 808px, (min-width: 768px) 680px, 100vw\"\n          \/>\n          <img decoding=\"async\" src=\"https:\/\/www.upra.org\/app\/uploads\/sites\/5\/2025\/11\/sadvani-2-scaled.jpg\" width=\"\" height=\"\" alt=\"sadvani (2)\">\n        <\/picture>\n          <\/div>\n      <\/figure>\n<\/div>\n\n                          <\/div>\n          <\/div>\n\n          <div class=\"flex-1\">\n                                  <p class=\"!mb-40\"><p>Sameer Advani, LC es <b>Profesor Agregado de Teolog\u00eda Dogm\u00e1tica<\/b>, codirector de la l\u00ednea de investigaci\u00f3n \u00abDi\u00e1logo y Evangelizaci\u00f3n en la Cultura Postmoderna\u00bb, e <b>investigador<\/b> de la C\u00e1tedra UNESCO de Bio\u00e9tica y Derechos Humanos del Ateneo Pontificio <i>Regina Apostolorum<\/i> de Roma. Obtuvo su doctorado en Sagrada Teolog\u00eda con una tesis sobre los fundamentos teol\u00f3gicos de la pluralidad religiosa, por la cual recibi\u00f3 una <b>prestigiosa beca<\/b> de la Fundaci\u00f3n Vaticana Joseph Ratzinger \u2013 Benedicto XVI y un <b>reconocido premio<\/b> otorgado por la <i>Catholic Media Association<\/i> de los Estados Unidos.<\/p>\n<p>Sus <b>intereses de investigaci\u00f3n<\/b> incluyen la teolog\u00eda de J. Ratzinger, la eclesiolog\u00eda, el di\u00e1logo interreligioso e intercultural, y la evangelizaci\u00f3n en el contexto del mundo posmoderno.<\/p>\n<p>Adem\u00e1s de numerosas conferencias y art\u00edculos, es <b>autor o editor<\/b> de las siguientes obras:<\/p>\n<ul>\n<li><i>Ratzinger on Religious Pluralism<\/i> (Emmaus Academic, 2024);<\/li>\n<li><i>Multicultural and Religious Perspectives on Protecting the Environment, the Biosphere, and Biodiversity<\/i> (Routledge, 2025);<\/li>\n<li><i>Un Semplice e Umile Lavatore nella Vigna del Signore. A venti anni della elezione al soglio pontificio di Joseph Ratzinger-Benedetto XVI<\/i> (EDUSC 2025);<\/li>\n<li><i>Fratelli Tutti in Conversation: Voices from World Religions<\/i> (Routledge, 2026);<\/li>\n<li><i>Joseph Ratzinger e il Concilio Vaticano II<\/i> (Cantagalli, 2026).<\/li>\n<\/ul>\n<ul>\n<li><em>Multicultural and Religious Perspectives on Protecting the Environment, the Biosphere, and Biodiversity<\/em> (Routledge, 2025);<\/li>\n<li><em>Un Semplice e Umile Lavatore nella Vigna del Signore. A venti anni della elezione al soglio pontificio di Joseph Ratzinger-Benedetto XVI<\/em> (EDUSC 2025);<\/li>\n<li><em>Fratelli Tutti in Conversation: Voices from World Religions<\/em> (Routledge, 2026);<\/li>\n<li><em>Joseph Ratzinger e il Concilio Vaticano II<\/em> (Cantagalli, 2026).<\/li>\n<\/ul>\n<\/p>\n                                      <\/div>\n      <\/div>\n\n    <\/div>\n\n  <\/div>\n\n  <\/section>\n","protected":false},"excerpt":{"rendered":"","protected":false},"author":9,"featured_media":0,"parent":0,"menu_order":0,"comment_status":"closed","ping_status":"closed","template":"","meta":{"_acf_changed":false,"footnotes":""},"class_list":["post-11677","page","type-page","status-publish","hentry"],"acf":[],"_links":{"self":[{"href":"https:\/\/www.upra.org\/es\/wp-json\/wp\/v2\/pages\/11677","targetHints":{"allow":["GET"]}}],"collection":[{"href":"https:\/\/www.upra.org\/es\/wp-json\/wp\/v2\/pages"}],"about":[{"href":"https:\/\/www.upra.org\/es\/wp-json\/wp\/v2\/types\/page"}],"author":[{"embeddable":true,"href":"https:\/\/www.upra.org\/es\/wp-json\/wp\/v2\/users\/9"}],"replies":[{"embeddable":true,"href":"https:\/\/www.upra.org\/es\/wp-json\/wp\/v2\/comments?post=11677"}],"version-history":[{"count":3,"href":"https:\/\/www.upra.org\/es\/wp-json\/wp\/v2\/pages\/11677\/revisions"}],"predecessor-version":[{"id":11726,"href":"https:\/\/www.upra.org\/es\/wp-json\/wp\/v2\/pages\/11677\/revisions\/11726"}],"wp:attachment":[{"href":"https:\/\/www.upra.org\/es\/wp-json\/wp\/v2\/media?parent=11677"}],"curies":[{"name":"wp","href":"https:\/\/api.w.org\/{rel}","templated":true}]}}