{"id":11679,"date":"2025-10-30T11:22:50","date_gmt":"2025-10-30T11:22:50","guid":{"rendered":"https:\/\/www.upra.org\/es\/?page_id=11679"},"modified":"2025-11-04T13:15:10","modified_gmt":"2025-11-04T13:15:10","slug":"marta-rodriguez-diaz","status":"publish","type":"page","link":"https:\/\/www.upra.org\/es\/marta-rodriguez-diaz\/","title":{"rendered":"Marta Rodriguez Diaz"},"content":{"rendered":"<section class=\"block  cta-with-media full-width\" \n            >\n\n      <div class=\"cta-with-media__content  template-media-sx py-60 md:py-80\" id=\"\" style=\"\">\n\n    <div class=\"container\">\n      \n        <div class=\"flex flex-col gap-40 md:gap-50 lg:gap-100 md:flex-row\n        md:items-start\">\n\n          <div class=\"flex-1\">\n            <div class=\"media\" style=\"--bg-color-var: #FFFFFF\">\n              <div\n  class=\"image bg-cover  --is-jpg \"\n   data-defer >\n  <figure>\n    <div class=\"image__wrapper\">\n              <picture>\n          \n          <source\n            srcset=\"\"\n            sizes=\"(min-width: 992px) 808px, (min-width: 768px) 680px, 100vw\"\n          \/>\n          <img decoding=\"async\" src=\"https:\/\/www.upra.org\/app\/uploads\/sites\/5\/2025\/11\/DSC07256-scaled-1.jpg\" width=\"\" height=\"\" alt=\"DSC07256-scaled\">\n        <\/picture>\n          <\/div>\n      <\/figure>\n<\/div>\n\n                          <\/div>\n          <\/div>\n\n          <div class=\"flex-1\">\n                                  <p class=\"!mb-40\"><p>Consagrada a Dios en el Regnum Christi, es <b>profesora estable de la facultad de filosof\u00eda<\/b> del Ateneo Pontificio <i>Regina Apostolorum<\/i>. Su doctorado en la Pontificia Universidad Gregoriana, sobre el tema <b>\u00ablas ra\u00edces filos\u00f3ficas de la cuesti\u00f3n del <i>gender<\/i> (g\u00e9nero)\u00bb<\/b>, obtuvo el <b>Premio Bellarmino<\/b> a la mejor disertaci\u00f3n del a\u00f1o 2022 y el <b>Premio de Lubac<\/b>, del Estado franc\u00e9s, a la mejor disertaci\u00f3n en lengua no francesa de las universidades pontificias.<\/p>\n<p>Sus <b>intereses<\/b> incluyen la antropolog\u00eda de la diferencia sexual, la cuesti\u00f3n del g\u00e9nero, y el di\u00e1logo en la posmodernidad. Es <b>directora acad\u00e9mica<\/b> del curso \u00abSexo, g\u00e9nero y educaci\u00f3n\u00bb, de la Universidad Francisco de Vitoria en Madrid en colaboraci\u00f3n con el Ateneo <i>Regina Apostolorum<\/i>, y <b>codirectora<\/b> de la L\u00ednea de Investigaci\u00f3n \u00abDi\u00e1logo y evangelizaci\u00f3n en la cultura posmoderna\u00bb.<\/p>\n<p>Es <b>autora del libro<\/b> \u00ab<i>G\u00e9nero, sexo y educaci\u00f3n: juntar las piezas<\/i>\u00ab, publicado con la Editorial Encuentro (Espa\u00f1a).<\/p>\n<\/p>\n                                      <\/div>\n      <\/div>\n\n    <\/div>\n\n  <\/div>\n\n  <\/section>\n","protected":false},"excerpt":{"rendered":"","protected":false},"author":9,"featured_media":0,"parent":0,"menu_order":0,"comment_status":"closed","ping_status":"closed","template":"","meta":{"_acf_changed":false,"footnotes":""},"class_list":["post-11679","page","type-page","status-publish","hentry"],"acf":[],"_links":{"self":[{"href":"https:\/\/www.upra.org\/es\/wp-json\/wp\/v2\/pages\/11679","targetHints":{"allow":["GET"]}}],"collection":[{"href":"https:\/\/www.upra.org\/es\/wp-json\/wp\/v2\/pages"}],"about":[{"href":"https:\/\/www.upra.org\/es\/wp-json\/wp\/v2\/types\/page"}],"author":[{"embeddable":true,"href":"https:\/\/www.upra.org\/es\/wp-json\/wp\/v2\/users\/9"}],"replies":[{"embeddable":true,"href":"https:\/\/www.upra.org\/es\/wp-json\/wp\/v2\/comments?post=11679"}],"version-history":[{"count":3,"href":"https:\/\/www.upra.org\/es\/wp-json\/wp\/v2\/pages\/11679\/revisions"}],"predecessor-version":[{"id":11725,"href":"https:\/\/www.upra.org\/es\/wp-json\/wp\/v2\/pages\/11679\/revisions\/11725"}],"wp:attachment":[{"href":"https:\/\/www.upra.org\/es\/wp-json\/wp\/v2\/media?parent=11679"}],"curies":[{"name":"wp","href":"https:\/\/api.w.org\/{rel}","templated":true}]}}