{"id":1169,"date":"2023-07-13T12:38:48","date_gmt":"2023-07-13T12:38:48","guid":{"rendered":"https:\/\/www.upra.org\/es\/?page_id=1169"},"modified":"2024-03-18T16:44:09","modified_gmt":"2024-03-18T16:44:09","slug":"como-obtener-visado","status":"publish","type":"page","link":"https:\/\/www.upra.org\/es\/inscripcion\/como-obtener-visado\/","title":{"rendered":"C\u00f3mo obtener un visado"},"content":{"rendered":"<section class=\"block  paragraph-box full-width\" \n            >\n\n      <div class=\"paragraph-box__content text-center pt-40 md:pt-50 pb-40 md:pb-50\" id=\"\" style=\"\">\n\n          <div class=\"container\" style=\"\">\n  \n  \n  \n      <div class=\"!mb-30 intro-text text-left\">\n      <p><p>Los nuevos estudiantes que necesiten un \u00abvisado de entrada y estancia por estudios\u00bb en Italia pueden obtener un <strong>certificado de preinscripci\u00f3n<\/strong> en la Secretar\u00eda General, necesario para solicitar dicho visado.<\/p>\n<p>Existen <strong>dos procedimientos<\/strong> diferentes para los estudiantes religiosos y los laicos.<\/p>\n<\/p>\n    <\/div>\n  \n  \n\n<\/div>\n    \n    \n    \n    \n  <\/div>\n\n  <\/section>\n\n\n<section class=\"block  cta-with-media full-width\" \n            >\n\n      <div class=\"cta-with-media__content  template-media-sx py-60 md:py-80\" id=\"\" style=\"\">\n\n    <div class=\"container\">\n      \n        <div class=\"flex flex-col gap-40 md:gap-50 lg:gap-100 md:flex-row\n        md:items-center\">\n\n          <div class=\"flex-1\">\n            <div class=\"media\" style=\"--bg-color-var: #FFFFFF\">\n              <div\n  class=\"image bg-cover  --is-webp \"\n   data-defer >\n  <figure>\n    <div class=\"image__wrapper\">\n              <picture>\n          \n          <source\n            srcset=\"\"\n            sizes=\"(min-width: 992px) 808px, (min-width: 768px) 680px, 100vw\"\n          \/>\n          <img decoding=\"async\" src=\"https:\/\/www.upra.org\/app\/uploads\/sites\/5\/2024\/01\/0011_Come-ottenere-il-visto-1.webp\" width=\"\" height=\"\" alt=\"0011_Come-ottenere-il-visto (1)\">\n        <\/picture>\n          <\/div>\n      <\/figure>\n<\/div>\n\n                          <\/div>\n          <\/div>\n\n          <div class=\"flex-1\">\n                                      <h2 class=\"font-500 text-primary mb-20 s50\">Certificado de preinscripci\u00f3n<\/h2>\n                                <p class=\"!mb-40\"><p>El certificado de preinscripci\u00f3n es un documento que exigen los consulados italianos para solicitar el visado. Debe ser autenticado por el Dicasterio para la Cultura y la Educaci\u00f3n y la Secretar\u00eda de Estado vaticana.<br \/>\nPara obtener este certificado, el candidato deber\u00e1<strong> iniciar el procedimiento de admisi\u00f3n.<\/strong><\/p>\n<\/p>\n                                      <\/div>\n      <\/div>\n\n    <\/div>\n\n  <\/div>\n\n  <\/section>\n\n\n<section class=\"block  paragraph-box full-width\" \n            >\n\n      <div class=\"paragraph-box__content text-center pt-40 md:pt-50 pb-40 md:pb-50\" id=\"\" style=\"background-color: #f2f3f5\">\n\n          <div class=\"container\" style=\"\">\n          <h2 class=\"intro-title font-500 text-primary mb-20 s30 font-medium leading-snug \">\u00bfC\u00f3mo solicitar el certificado?<\/h2>\n  \n  \n  \n      <div class=\"!mb-30 intro-text text-left\">\n      <p><p>El procedimiento de preinscripci\u00f3n consta de los siguientes pasos.<\/p>\n<p><strong>Solicitud de admisi\u00f3n<\/strong><\/p>\n<ul>\n<li><strong>Cumplimentaci\u00f3n del formulario<\/strong> de contacto: el candidato recibir\u00e1 por correo electr\u00f3nico el enlace al formulario de admisi\u00f3n. Habr\u00e1 que preparar la documentaci\u00f3n necesaria para la admisi\u00f3n.<\/li>\n<li><strong>Env\u00edo del formulario<\/strong> de admisi\u00f3n tras cargar los documentos requeridos en formato digital.<\/li>\n<li>El decano de la Facultad o el director del Instituto, si ha evaluado positivamente los documentos recibidos, pedir\u00e1 a la Secretar\u00eda General que <strong>redacte el certificado de preinscripci\u00f3n,<\/strong> que deber\u00e1 ser autenticado, como ya se ha indicado, por el Dicasterio para la Cultura y la Educaci\u00f3n y la Secretar\u00eda de Estado vaticana.<\/li>\n<\/ul>\n<p><strong>Autenticaci\u00f3n del certificado en la Santa Sede<\/strong><\/p>\n<ul>\n<li>La autenticaci\u00f3n del certificado en la Santa Sede y su posterior env\u00edo corren a cargo del interesado o del delegado presente en Italia, o bien se pueden predisponer para que se encargue de ello el Ateneo.<\/li>\n<li>Gastos a cargo del Ateneo: el candidato deber\u00e1 facilitar la direcci\u00f3n exacta de env\u00edo y abonar las tasas estipuladas para estos servicios (20 euros por la autenticaci\u00f3n | 40 euros por el env\u00edo por mensajer\u00eda asegurado)<\/li>\n<\/ul>\n<p><em>Los pagos pueden efectuarse desde el extranjero mediante transferencia bancaria a las siguientes coordenadas. En el motivo del pago debe especificarse: \u00abAutenticaci\u00f3n o env\u00edo internacional del certificado de preinscripci\u00f3n (insertar nombre y apellidos del candidato)\u00bb.<\/em><\/p>\n<p>Una vez en Italia, el candidato deber\u00e1:<\/p>\n<ul>\n<li>Adjuntar la copia del visado expedido por la Embajada de Italia.<\/li>\n<li>Esperar a recibir la carta oficial de admisi\u00f3n por correo electr\u00f3nico.<\/li>\n<li>Realizar el pago de la inscripci\u00f3n (las instrucciones figuran en la carta de admisi\u00f3n).<\/li>\n<\/ul>\n<\/p>\n    <\/div>\n  \n  \n\n<\/div>\n    \n    \n    \n    \n  <\/div>\n\n  <\/section>\n\n\n<section class=\"block  standard-accordion full-width\" \n            >\n\n      <div class=\"standard-accordion__content accordions pt-40 md:pt-80 pb-40 md:pb-80  \" id=\"\" style=\"\">\n    <div class=\"container \">\n                                          <div class=\"accordion\" >\n  <button class=\"button s30\">Visado para estudiantes religiosos\n    <span class=\"button__icon icon-plus \">\n      <i class=\"fa-regular fa-plus\"><\/i>\n    <\/span>\n  <\/button>\n  <div class=\"panel\">\n    <div class=\"text\">\n      <p>Para solicitar un visado de estudiante religioso, debe seguirse el procedimiento que se detalla a continuaci\u00f3n:<\/p>\n<ul>\n<li>Presentar una fotocopia de un documento de identidad vigente (preferiblemente el pasaporte).<\/li>\n<li>Indicar el lugar de residencia en Roma durante los estudios (indicado en el formulario de admisi\u00f3n).<\/li>\n<li>Facilitar la carta de presentaci\u00f3n del Superior Religioso o del Ordinario de la di\u00f3cesis a la que se pertenezca (la firma del Ordinario debe ser autenticada por el Nuncio Apost\u00f3lico).<\/li>\n<li>Presentar la declaraci\u00f3n responsable o \u00abasunci\u00f3n de responsabilidad\u00bb del instituto o particular que garantice el pago de los gastos de manutenci\u00f3n, alojamiento y eventuales gastos m\u00e9dicos durante el per\u00edodo de estancia en Italia, o la certificaci\u00f3n de la beca obtenida que incluya los gastos de manutenci\u00f3n y alojamiento, o un documento que acredite la posibilidad de mantenerse personalmente para los gastos de estudio y manutenci\u00f3n. La declaraci\u00f3n de \u00abasunci\u00f3n de responsabilidad\u00bb debe indicar:<br \/>\n&#8211; si es expedida por un religioso o una religiosa, la autenticaci\u00f3n de la Congregaci\u00f3n para la Vida Consagrada y las Sociedades de Vida Apost\u00f3lica;<br \/>\n&#8211; si lo expide un sacerdote, un particular o una entidad, el permiso del Ordinario de la di\u00f3cesis italiana de origen (con la firma autenticada por el Nuncio Apost\u00f3lico) &#8211; En caso de declaraci\u00f3n de automantenimiento, el documento debe llevar el permiso del Ordinario de origen (con la firma autenticada por el Nuncio Apost\u00f3lico)<\/li>\n<li>Presentar una fotocopia del t\u00edtulo de estudio (incluidas las calificaciones) obtenido anteriormente<\/li>\n<li>Presentar la declaraci\u00f3n sustitutiva de la certificaci\u00f3n de cualificaci\u00f3n (<a href=\"https:\/\/acninternational.org\/es\/solicitar-ayuda\/escuela\/\" target=\"_blank\" rel=\"noopener\">modelo<\/a>)<\/li>\n<li>Solo para la admisi\u00f3n al ciclo de doctorado, presentar un ejemplar de la Tesis de Licenciatura.<\/li>\n<li>Aportar certificado de conocimiento del nivel de lengua italiana (B1). Aquellos que no dispongan de este certificado tendr\u00e1n que realizar un examen o presentar el certificado antes del fin del primer semestre acad\u00e9mico.<\/li>\n<\/ul>\n\n    <\/div>\n      <\/div>\n<\/div>\n                      <div class=\"accordion\" >\n  <button class=\"button s30\">Visado para estudiantes laicos\n    <span class=\"button__icon icon-plus \">\n      <i class=\"fa-regular fa-plus\"><\/i>\n    <\/span>\n  <\/button>\n  <div class=\"panel\">\n    <div class=\"text\">\n      <p>Para solicitar un <strong>visado de estudiante laico<\/strong>, se debe seguir este procedimiento:<\/p>\n<ul>\n<li>Presentar una fotocopia de un documento de identidad vigente (preferiblemente el pasaporte).<\/li>\n<li>Indicar el lugar de residencia en Roma durante los estudios (indicado en el formulario de admisi\u00f3n).<\/li>\n<li>Facilitar la carta de presentaci\u00f3n del Ordinario de la di\u00f3cesis a la que se pertenezca (la firma del Ordinario debe ser autenticada por el Nuncio Apost\u00f3lico).<\/li>\n<li>Presentar fotocopias de los t\u00edtulos de estudio (incluidas las calificaciones) obtenidos anteriormente<\/li>\n<li>Presentar la declaraci\u00f3n sustitutiva de la certificaci\u00f3n de cualificaci\u00f3n (modelo)<\/li>\n<li>Solo para la admisi\u00f3n al ciclo de doctorado, presentar un ejemplar de la Tesis de Licenciatura.<\/li>\n<li>Presentar el certificado de conocimiento del nivel de lengua italiana (B1). Aquellos que no dispongan de este certificado tendr\u00e1n que realizar un examen o presentar el certificado antes del fin del primer semestre<\/li>\n<li>Presentar la declaraci\u00f3n responsable o \u00abasunci\u00f3n de responsabilidad\u00bb del instituto o particular que garantice el pago de los gastos de manutenci\u00f3n, alojamiento y eventuales gastos m\u00e9dicos durante el per\u00edodo de estancia en Italia, o la certificaci\u00f3n de la beca obtenida que incluya los gastos de manutenci\u00f3n y alojamiento, o un documento que acredite la posibilidad de mantenerse personalmente para los gastos de estudio y manutenci\u00f3n.<br \/>\n&#8211; La declaraci\u00f3n de \u00abasunci\u00f3n de responsabilidad\u00bb, si es emitida por un sacerdote, un particular o una entidad, debe llevar el permiso del Ordinario de la Di\u00f3cesis italiana a la que se pertenezca (con la firma autenticada por el Nuncio Apost\u00f3lico).<br \/>\n&#8211; En el caso de una declaraci\u00f3n de automantenimiento, el documento debe llevar el permiso del Ordinario de la di\u00f3cesis a la que se pertenezca (con la firma autenticada por el Nuncio Apost\u00f3lico).<\/li>\n<\/ul>\n<p>La carta de presentaci\u00f3n de la autoridad religiosa y la declaraci\u00f3n de responsabilidad o \u00abasunci\u00f3n de responsabilidad\u00bb o de automantenimiento se deber\u00e1n facilitar en original (a petici\u00f3n de la Santa Sede). Puede llevarlos un delegado presente en Italia a la ventanilla de la Secretar\u00eda General o bien se pueden enviar a la direcci\u00f3n:<\/p>\n<p>Ateneo Pontificio Regina Apostolorum<br \/>\nSecretar\u00eda General<br \/>\nVia degli Aldobrandeschi, 190<br \/>\n000163 &#8211; Roma (RM)<br \/>\nITALIA<\/p>\n\n    <\/div>\n      <\/div>\n<\/div>\n                      <\/div>\n  <\/div>\n\n  <\/section>\n\n\n<section class=\"block  cta-banner full-width\" \n            >\n\n      <div class=\"cta-banner__content text-white content-left pt-60 md:pt-80 pb-60 md:pb-80\" id=\"\" style=\"background-color: #003da5\">\n    <div class=\"container px-20 md:px-0\">\n      <div>\n                            <h2 class=\"py-20 s50 font-500 text-primary text-center md:text-left\">Contactos<\/h2>\n                          <p class=\"pb-20 md:px-0\"><p><br data-mce-bogus=\"1\"><\/p>\n<\/p>\n              <\/div>\n      <div>\n                        \n                  <div class=\"pb-20\">\n                      <p class=\"label_link s18 mr-10\">\n                              <span class=\"icon icon-envelope\">\n                  <span class=\"lnr lnr-envelope\"><\/span>\n                <\/span>\n                                            <span>\n                  Correo electr\u00f3nico:\n                <\/span>\n                            <a href=mailto:info.teologia@upra.org   title=\"info.teologia@upra.org\"  class=\"button hover-underline s18  --white \">\n    <span class=\"button__label\">info.teologia@upra.org<\/span>\n  <\/a>\n            <\/p>\n                      <p class=\"label_link s18 mr-10\">\n                              <span class=\"icon icon-phone\">\n                  <span class=\"lnr lnr-phone\"><\/span>\n                <\/span>\n                                            <span>\n                  Tel\u00e9fono:\n                <\/span>\n                            <a href=tel: +39 06 91689867   title=\"+39 06 91689867\"  class=\"button hover-underline s18  --white \">\n    <span class=\"button__label\">+39 06 91689867<\/span>\n  <\/a>\n            <\/p>\n                      <p class=\"label_link s18 mr-10\">\n                              <span class=\"icon icon-phone-handset\">\n                  <span class=\"lnr lnr-phone-handset\"><\/span>\n                <\/span>\n                                            <span>\n                  M\u00f3vil:\n                <\/span>\n                            <a href=tel: +39 346 2856633   title=\"+39 346 2856633\"  class=\"button hover-underline s18  --white \">\n    <span class=\"button__label\">+39 346 2856633<\/span>\n  <\/a>\n            <\/p>\n                    <\/div>\n        \n                  <div class=\"pt-20 simple_links\">\n                      <a href=https:\/\/www.upra.org\/es\/admision\/como-inscribirse\/   title=\"C\u00f3mo inscribirse\"  class=\"button mb-20 --underline  --white \">\n    <span class=\"button__label\">C\u00f3mo inscribirse<\/span>\n  <\/a>\n                    <\/div>\n              <\/div>\n    <\/div>\n\n  <\/div>\n\n  <\/section>\n","protected":false},"excerpt":{"rendered":"","protected":false},"author":3,"featured_media":0,"parent":765,"menu_order":0,"comment_status":"closed","ping_status":"closed","template":"","meta":{"_acf_changed":false,"footnotes":""},"class_list":["post-1169","page","type-page","status-publish","hentry"],"acf":[],"_links":{"self":[{"href":"https:\/\/www.upra.org\/es\/wp-json\/wp\/v2\/pages\/1169","targetHints":{"allow":["GET"]}}],"collection":[{"href":"https:\/\/www.upra.org\/es\/wp-json\/wp\/v2\/pages"}],"about":[{"href":"https:\/\/www.upra.org\/es\/wp-json\/wp\/v2\/types\/page"}],"author":[{"embeddable":true,"href":"https:\/\/www.upra.org\/es\/wp-json\/wp\/v2\/users\/3"}],"replies":[{"embeddable":true,"href":"https:\/\/www.upra.org\/es\/wp-json\/wp\/v2\/comments?post=1169"}],"version-history":[{"count":40,"href":"https:\/\/www.upra.org\/es\/wp-json\/wp\/v2\/pages\/1169\/revisions"}],"predecessor-version":[{"id":8597,"href":"https:\/\/www.upra.org\/es\/wp-json\/wp\/v2\/pages\/1169\/revisions\/8597"}],"up":[{"embeddable":true,"href":"https:\/\/www.upra.org\/es\/wp-json\/wp\/v2\/pages\/765"}],"wp:attachment":[{"href":"https:\/\/www.upra.org\/es\/wp-json\/wp\/v2\/media?parent=1169"}],"curies":[{"name":"wp","href":"https:\/\/api.w.org\/{rel}","templated":true}]}}