{"id":1171,"date":"2023-07-13T12:39:15","date_gmt":"2023-07-13T12:39:15","guid":{"rendered":"https:\/\/www.upra.org\/es\/?page_id=1171"},"modified":"2025-05-18T13:54:52","modified_gmt":"2025-05-18T13:54:52","slug":"donde-alojarse","status":"publish","type":"page","link":"https:\/\/www.upra.org\/es\/inscripcion\/donde-alojarse\/","title":{"rendered":"C\u00f3mo obtener la visa"},"content":{"rendered":"<section class=\"block  paragraph-box full-width\" \n            >\n\n      <div class=\"paragraph-box__content text-center pt-40 md:pt-50 pb-40 md:pb-50\" id=\"\" style=\"\">\n\n          <div class=\"container\" style=\"\">\n          <h2 class=\"intro-title font-500 text-primary mb-20 s40 \">C\u00f3mo obtener el visado Tipos de visado y procedimiento<\/h2>\n  \n  \n  \n      <div class=\"!mb-30 intro-text text-left\">\n      <p><p style=\"text-align: center\">Los estudiantes internacionales que desean estudiar en Italia pueden solicitar dos tipos diferentes de visado, seg\u00fan su estatus: <strong>visado por motivos de estudio<\/strong> o <strong>visado por motivos religiosos<\/strong>. Los procedimientos de solicitud son diferentes y la Universidad solo puede ofrecer apoyo para la obtenci\u00f3n del <strong>visado por motivos de estudio<\/strong>. Los estudiantes que vengan a Italia con un visado por motivos religiosos, en cambio, deber\u00e1n dirigirse a su propia congregaci\u00f3n o instituto para solicitar el visado de entrada. A continuaci\u00f3n, se ofrece m\u00e1s informaci\u00f3n sobre los procedimientos a seguir en uno u otro caso.<\/p>\n<\/p>\n    <\/div>\n  \n  \n\n<\/div>\n    \n    \n    \n    \n  <\/div>\n\n  <\/section>\n\n\n<section class=\"block  course-infoboxes full-width\" \n            >\n\n      <div class=\"course-infoboxes__content py-20 md:py-60 theme-dark\" id=\"\">\n    <div class=\"container px-20 md:px-0 align-center\">\n      \n              <div class=\"flex flex-col md:flex-none md:grid md:grid-cols-2  gap-16 text-center\">\n                                \n            <div class=\"col-span-1 py-50 px-60 bg-gray\">\n                              <h3 class=\"s30 text-primary font-500 mb-20\">Visado por motivos religiosos<\/h3>\n                                            <p><p>El visado por <strong>motivos religiosos<\/strong> est\u00e1 destinado a los estudiantes <strong>pertenecientes a congregaciones o institutos religiosos<\/strong>, que viajan a Italia por motivos relacionados con la <strong>formaci\u00f3n espiritual, acad\u00e9mica o comunitaria<\/strong>.<\/p>\n<p>Para la solicitud es necesario presentar una <strong>carta oficial del Superior Mayor<\/strong> y la acreditaci\u00f3n de acogida en una <strong>comunidad religiosa en Italia<\/strong>.<\/p>\n<p>Haz clic en el bot\u00f3n de abajo y encontrar\u00e1s el archivo con las indicaciones y los pasos a seguir.<\/p>\n<\/p>\n                                            <a href=#  target=_blank  title=\"Descarga las indicaciones\"   rel=\"noopener noreferrer\" class=\"button mb-20 font-500  --dark \">\n    <span class=\"button__label\">Descarga las indicaciones<\/span>\n      <span class=\"button__icon icon-arrow\">\n      <svg xmlns=\"http:\/\/www.w3.org\/2000\/svg\" width=\"35\" height=\"12.828\" viewBox=\"0 0 35 12.828\">\n  <g id=\"Icon_feather-arrow-right\" data-name=\"Icon feather-arrow-right\" transform=\"translate(16.5 -6.086)\">\n    <path id=\"Tracciato_346\" data-name=\"Tracciato 346\" d=\"M7.5,18h33\" transform=\"translate(-23 -5.5)\" fill=\"none\" stroke=\"#171717\" stroke-linecap=\"round\" stroke-linejoin=\"round\" stroke-width=\"2\"\/>\n    <path id=\"Tracciato_347\" data-name=\"Tracciato 347\" d=\"M18,7.5l5,5-5,5\" transform=\"translate(-5.5 0)\" fill=\"none\" stroke=\"#171717\" stroke-linecap=\"round\" stroke-linejoin=\"round\" stroke-width=\"2\"\/>\n  <\/g>\n<\/svg>\n\n    <\/span>\n  <\/a>\n                                                      <\/div>\n                      \n            <div class=\"col-span-1 py-50 px-60 bg-gray\">\n                              <h3 class=\"s30 text-primary font-500 mb-20\">Visado de estudio<\/h3>\n                                            <p><p>El visado por <strong>motivos de estudio<\/strong> est\u00e1 destinado a los estudiantes que desean cursar estudios universitarios en Italia y que <strong>permite la permanencia en el territorio italiano durante toda la duraci\u00f3n de los estudios<\/strong>.<\/p>\n<p>Para obtenerlo, es necesario presentar en el Consulado italiano de su pa\u00eds varios documentos, entre ellos <strong>el certificado de preinscripci\u00f3n expedido por la Universidad<\/strong>.<\/p>\n<p>A continuaci\u00f3n, encontrar\u00e1 las indicaciones sobre los pasos a seguir y las instrucciones para solicitar el Certificado de Preinscripci\u00f3n.<\/p>\n<\/p>\n                                                                    <\/div>\n                  <\/div>\n      \n    <\/div>\n  <\/div>\n\n  <\/section>\n\n\n<section class=\"block  paragraph-box full-width\" \n            >\n\n      <div class=\"paragraph-box__content text-center pt-40 md:pt-50 pb-40 md:pb-50\" id=\"\" style=\"\">\n\n          <div class=\"container\" style=\"\">\n          <h2 class=\"intro-title font-500 text-primary mb-20 s40 \">Solicitar el visado por motivos de estudio<\/h2>\n  \n  \n  \n      <div class=\"!mb-30 intro-text text-left\">\n      <p><p style=\"text-align: center\">Para obtener el <strong>visado por motivos de estudio (tipo D)<\/strong> es necesario presentar la solicitud en el <strong>Consulado italiano<\/strong> de su pa\u00eds.<\/p>\n<p style=\"text-align: center\">Cada Consulado puede solicitar una documentaci\u00f3n espec\u00edfica: le invitamos a consultar la <strong>p\u00e1gina web del Ministerio de Asuntos Exteriores italiano<\/strong> (<a href=\"https:\/\/vistoperitalia.esteri.it\/home.aspx\" target=\"_blank\" rel=\"noopener\">vistoperitalia.esteri.it<\/a>) o la p\u00e1gina web del Consulado competente para conocer los requisitos actualizados.<\/p>\n<p style=\"text-align: center\">Entre los documentos indispensables, deber\u00e1 presentar tambi\u00e9n el <strong>Certificado de Preinscripci\u00f3n<\/strong> expedido por la Universidad, que certifica su admisi\u00f3n e inscripci\u00f3n en un programa acad\u00e9mico.<\/p>\n<\/p>\n    <\/div>\n  \n  \n\n<\/div>\n    \n    \n    \n    \n  <\/div>\n\n  <\/section>\n\n\n<section class=\"block  navigation-with-slider-cards full-width\" \n            >\n\n      <div class=\"navigation-with-slider-cards__content relative navigation-cards pb-60 md:pb-80 pt-60 md:pt-80\" id=\"\" style=\"\">\n    <div class=\"container flex flex-row justify-between items-end gap-0 md:gap-45\">\n              <div class=\"basis-3\/3  w-full pl-0 pr-0 text-center\">\n                                  <h2 class=\"s30 font-500 text-primary\">Procedimiento para obtener el Certificado de Preinscripci\u00f3n<\/h2>\n                                  <p class=\"s18 leading-7 text-secondary mt-20 text-left\"><p style=\"text-align: center\">A continuaci\u00f3n, se indican los <strong>pasos operativos<\/strong> a seguir para obtener el certificado, necesario para la solicitud del visado:<\/p>\n<\/p>\n                                <\/div>\n                <\/div>\n          <div class=\"container\">\n        <div\n          class=\"slider slider-disabled \"\n          data-slider-config='{\n            \"slidesPerView\": 1,\n            \"spaceBetween\": 0,\n            \"navigation\": {\n              \"nextEl\": \".block.navigation-with-slider-cards .swiper-button-next\",\n              \"prevEl\": \".block.navigation-with-slider-cards .swiper-button-prev\"\n            },\n            \"autoplay\": false,\n            \"loop\": false,\n            \"breakpoints\": {\n              \"768\": {\n                \"slidesPerView\": 3,\n                \"spaceBetween\": 16\n              },\n              \"992\": {\n                \"slidesPerView\": 3,\n                \"spaceBetween\": 16\n              }\n            }\n          }'\n          >\n          <div class=\"swiper-wrapper z-10 relative mt-40\">\n                                        <div class=\"swiper-slide pl-0 pr-0\">\n                <article class=\"card-slide --navigation-cards navigation-cards  \" style=\"\">\n\n\n\n  <div class=\"card-slide__inner h-full flex flex-col justify-between \">\n    \n    <div class=\"card-slide__content h-full data-def basis-3\/3 noImage\">\n      <div class=\"pt-50 pr-20 pb-40 pl-20 md:pr-30 md:pl-30 h-full flex flex-col justify-between\">\n\n                  <div class=\"char\">\n            <div>\n              1\n            <\/div>\n          <\/div>\n        \n        <div class=\"!mb-0\">\n                      <h3 class=\"card-slide__title text-primary s30 font-500 pb-16\">Solicitud de Admisi\u00f3n<\/h3>\n                                <div class=\"card-slide__text font-normal font-400\"><p>El primer paso es enviar la <strong>solicitud de admisi\u00f3n online<\/strong> a trav\u00e9s del formulario proporcionado por la Secretar\u00eda.<\/p>\n<p>Tras la evaluaci\u00f3n positiva por parte del <strong>Decano de la Facultad<\/strong> o del<strong> Director del Instituto<\/strong>, se solicitar\u00e1 a la <strong>Secretar\u00eda General<\/strong> que redacte el <strong>certificado de preinscripci\u00f3n.<\/strong><\/p>\n<\/div>\n          \n                            <\/div>\n\n                  <div><\/div>\n              <\/div>\n    <\/div>\n\n    \n  <\/div>\n<\/article>\n              <\/div>\n                                        <div class=\"swiper-slide pl-0 pr-0\">\n                <article class=\"card-slide --navigation-cards navigation-cards  \" style=\"\">\n\n\n\n  <div class=\"card-slide__inner h-full flex flex-col justify-between \">\n    \n    <div class=\"card-slide__content h-full data-def basis-3\/3 noImage\">\n      <div class=\"pt-50 pr-20 pb-40 pl-20 md:pr-30 md:pl-30 h-full flex flex-col justify-between\">\n\n                  <div class=\"char\">\n            <div>\n              2\n            <\/div>\n          <\/div>\n        \n        <div class=\"!mb-0\">\n                      <h3 class=\"card-slide__title text-primary s30 font-500 pb-16\">Autenticaci\u00f3n del certificado<\/h3>\n                                <div class=\"card-slide__text font-normal font-400\"><p>Para que tenga validez legal a efectos del visado, el certificado debe ser autenticado ante: el <strong>Dicasterio para la Cultura y la Educaci\u00f3n y la Secretar\u00eda de Estado de la Santa Sede.<\/strong><\/p>\n<\/div>\n          \n                            <\/div>\n\n                  <div><\/div>\n              <\/div>\n    <\/div>\n\n    \n  <\/div>\n<\/article>\n              <\/div>\n                                        <div class=\"swiper-slide pl-0 pr-0\">\n                <article class=\"card-slide --navigation-cards navigation-cards  \" style=\"\">\n\n\n\n  <div class=\"card-slide__inner h-full flex flex-col justify-between \">\n    \n    <div class=\"card-slide__content h-full data-def basis-3\/3 noImage\">\n      <div class=\"pt-50 pr-20 pb-40 pl-20 md:pr-30 md:pl-30 h-full flex flex-col justify-between\">\n\n                  <div class=\"char\">\n            <div>\n              3\n            <\/div>\n          <\/div>\n        \n        <div class=\"!mb-0\">\n                      <h3 class=\"card-slide__title text-primary s30 font-500 pb-16\">Env\u00edo<\/h3>\n                                <div class=\"card-slide__text font-normal font-400\"><p>La autenticaci\u00f3n y el env\u00edo pueden gestionarse de dos maneras:<\/p>\n<ul>\n<li>directamente por un <strong>estudiante o un delegado presente en Italia<\/strong><\/li>\n<li>a petici\u00f3n, <strong>por la Universidad<\/strong>, que se encargar\u00e1 mediante mensajer\u00eda asegurada (v\u00e9ase la tabla de costes de servicio m\u00e1s abajo)<\/li>\n<\/ul>\n<\/div>\n          \n                            <\/div>\n\n                  <div><\/div>\n              <\/div>\n    <\/div>\n\n    \n  <\/div>\n<\/article>\n              <\/div>\n                      <\/div>\n\n        <\/div>\n\n      <\/div>\n    \n    \n\n  <\/div>\n\n  <\/section>\n\n\n<section class=\"block  paragraph-box full-width\" \n            >\n\n      <div class=\"paragraph-box__content text-center pt-40 md:pt-50 pb-40 md:pb-50\" id=\"\" style=\"\">\n\n          <div class=\"container\" style=\"\">\n          <h2 class=\"intro-title font-500 text-primary mb-20 s30 font-medium leading-snug \">Costos y detalles del servicio<\/h2>\n  \n  \n  \n      <div class=\"!mb-30 intro-text text-left\">\n      <p><p><strong>Costes y detalles del servicio<\/strong><\/p>\n<table>\n<thead>\n<tr>\n<td><strong>Servicio<\/strong><\/td>\n<td><strong>Coste<\/strong><\/td>\n<\/tr>\n<\/thead>\n<tbody>\n<tr>\n<td>Autenticaci\u00f3n del certificado<\/td>\n<td>\u20ac20<\/td>\n<\/tr>\n<tr>\n<td>Env\u00edo mediante mensajer\u00eda asegurada<\/td>\n<td>\u20ac40<\/td>\n<\/tr>\n<tr>\n<td><strong>Total completo<\/strong><\/td>\n<td><strong>\u20ac60<\/strong> (sin incluir comisiones bancarias)<\/td>\n<\/tr>\n<\/tbody>\n<\/table>\n<p><strong>Modalidades de pago<\/strong><\/p>\n<p>El pago puede efectuarse mediante transferencia bancaria.<\/p>\n<p>En el concepto, especifique:<\/p>\n<p>\u201cAutenticaci\u00f3n y\/o env\u00edo cert. preinscripci\u00f3n \u2013 <em>Nombre Apellido<\/em>\u201d<\/p>\n<\/p>\n    <\/div>\n  \n  \n\n<\/div>\n    \n    \n    \n    \n  <\/div>\n\n  <\/section>\n\n\n<section class=\"block  standard-accordion full-width\" \n            >\n\n      <div class=\"standard-accordion__content accordions pt-40 md:pt-80 pb-40 md:pb-80  \" id=\"\" style=\"\">\n    <div class=\"container faq\">\n                      <h2 class=\"s30 text-center text-primary font-500 pb-20 md:pb-40\">Documentos a adjuntar a la solicitud de admisi\u00f3n<\/h2>\n                    <div class=\"text intro pb-30 md:pb-40\"><p>Para poder obtener el <strong>Certificado de Preinscripci\u00f3n<\/strong> necesario para la solicitud del visado, es indispensable adjuntar a la solicitud online una serie de documentos. La documentaci\u00f3n es en gran parte similar para estudiantes <strong>religiosos<\/strong> y <strong>laicos<\/strong>, pero presenta algunas diferencias, sobre todo en lo que respecta a las cartas de presentaci\u00f3n y las declaraciones de responsabilidad.<\/p>\n<p>Algunos documentos deben presentarse en <strong>formato digital<\/strong>, otros <strong>en original en papel<\/strong> en la ventanilla de la <strong>Secretar\u00eda General<\/strong> o deben ser <strong>enviados a la direcci\u00f3n<\/strong>:<\/p>\n<p>Ateneo Pontificio Regina Apostolorum<\/p>\n<p>Segreteria Generale<\/p>\n<p>Via degli Aldobrandeschi, 190 000163 \u2013 Roma (RM)<\/p>\n<p>ITALIA<\/p>\n<h3>A continuaci\u00f3n, se presenta la lista detallada, dividida por perfil.<\/h3>\n<\/div>\n                                    <div class=\"accordion\" >\n  <button class=\"button s30\">Estudiantes religiosos \u2013 Documentos a presentar\n    <span class=\"button__icon icon-plus \">\n      <i class=\"fa-regular fa-plus\"><\/i>\n    <\/span>\n  <\/button>\n  <div class=\"panel\">\n    <div class=\"text\">\n      <p><strong>Para cargar online (formato digital):<\/strong><\/p>\n<ul>\n<li>Fotocopia de un documento de identidad v\u00e1lido (preferiblemente pasaporte)<\/li>\n<li>Indicaci\u00f3n del domicilio en Roma durante los estudios (indicado en el formulario de admisi\u00f3n)<\/li>\n<li>Fotocopia del t\u00edtulo de estudio obtenido, incluyendo las calificaciones<\/li>\n<li>Declaraci\u00f3n sustitutiva de la certificaci\u00f3n del t\u00edtulo de estudio (modelo disponible en la Universidad)<\/li>\n<li>Copia de la tesis de Licenciatura (solo para quienes se matriculan en el Doctorado)<\/li>\n<li>Certificado de conocimiento de la lengua italiana de nivel B1. (Alternativamente: compromiso de realizar el examen o presentar el certificado dentro del primer semestre)<\/li>\n<\/ul>\n<p><strong>Para entregar en original (en papel):<\/strong><\/p>\n<ul>\n<li>Carta de presentaci\u00f3n del Superior Religioso o del Ordinario de la Di\u00f3cesis de pertenencia. La firma del Ordinario debe ser autenticada por el Nuncio Apost\u00f3lico.<\/li>\n<li>Declaraci\u00f3n de responsabilidad (\u201ctoma a cargo\u201d) o documento de auto-mantenimiento.\n<ul>\n<li>Si la expide un religioso o religiosa: debe ser autenticada por la <strong>Congregaci\u00f3n para la Vida Consagrada y las Sociedades de Vida Apost\u00f3lica<\/strong>.<\/li>\n<li>Si la expide un sacerdote, un particular o una entidad: debe llevar el <strong><em>nihil obstat<\/em> del Ordinario de la Di\u00f3cesis italiana<\/strong>, con firma autenticada por el <strong>Nuncio Apost\u00f3lico<\/strong>.<\/li>\n<li>En caso de auto-mantenimiento: el documento debe llevar el <strong><em>nihil obstat<\/em> del Ordinario de origen<\/strong>, con firma autenticada por el <strong>Nuncio Apost\u00f3lico.<\/strong><\/li>\n<\/ul>\n<\/li>\n<\/ul>\n\n    <\/div>\n      <\/div>\n<\/div>\n                      <div class=\"accordion\" >\n  <button class=\"button s30\">Estudiantes laicos \u2013 Documentos a presentar\n    <span class=\"button__icon icon-plus \">\n      <i class=\"fa-regular fa-plus\"><\/i>\n    <\/span>\n  <\/button>\n  <div class=\"panel\">\n    <div class=\"text\">\n      <p><strong>Para cargar online (formato digital):<\/strong><\/p>\n<ul>\n<li>Fotocopia de un documento de identidad v\u00e1lido (preferiblemente pasaporte)<\/li>\n<li>Indicaci\u00f3n del domicilio en Roma durante los estudios (indicado en el formulario de admisi\u00f3n)<\/li>\n<li>Fotocopia del t\u00edtulo de estudio obtenido, incluyendo las calificaciones<\/li>\n<li>Declaraci\u00f3n sustitutiva de la certificaci\u00f3n del t\u00edtulo de estudio (modelo disponible en la Universidad)<\/li>\n<li>Copia de la tesis de Licenciatura (solo para quienes se matriculan en el Doctorado)<\/li>\n<li>Certificado de conocimiento de la lengua italiana de nivel B1. (Alternativamente: compromiso de realizar el examen o presentar el certificado dentro del primer semestre)<\/li>\n<\/ul>\n<p><strong>Para entregar en original (en papel):<\/strong><\/p>\n<ul>\n<li>Carta de presentaci\u00f3n del Ordinario de la Di\u00f3cesis de pertenencia. La firma del Ordinario debe ser autenticada por el Nuncio Apost\u00f3lico.<\/li>\n<li>Declaraci\u00f3n de responsabilidad (\u201ctoma a cargo\u201d) o documento de auto-mantenimiento.<\/li>\n<\/ul>\n\n    <\/div>\n      <\/div>\n<\/div>\n                      <\/div>\n  <\/div>\n\n  <\/section>\n\n\n<section class=\"block  cta-banner full-width\" \n            >\n\n      <div class=\"cta-banner__content text-white content-left pt-60 md:pt-80 pb-60 md:pb-80\" id=\"\" style=\"\">\n    <div class=\"container px-20 md:px-0\">\n      <div>\n                            <h2 class=\"py-20 s50 font-500 text-primary text-center md:text-left\">Contactos<\/h2>\n                      <\/div>\n      <div>\n                        \n        \n              <\/div>\n    <\/div>\n\n  <\/div>\n\n  <\/section>\n\n\n<section class=\"block  cta-with-media full-width\" \n            >\n\n      <div class=\"cta-with-media__content  template-media-sx py-60 md:py-80\" id=\"\" style=\"\">\n\n    <div class=\"container\">\n      \n        <div class=\"flex flex-col gap-40 md:gap-50 lg:gap-100 md:flex-row\n        md:items-center\">\n\n          <div class=\"flex-1\">\n            <div class=\"media\" style=\"--bg-color-var: #FFFFFF\">\n              <div\n  class=\"image bg-cover  --is-webp \"\n   data-defer >\n  <figure>\n    <div class=\"image__wrapper\">\n              <picture>\n          \n          <source\n            srcset=\"\"\n            sizes=\"(min-width: 992px) 808px, (min-width: 768px) 680px, 100vw\"\n          \/>\n          <img decoding=\"async\" src=\"https:\/\/www.upra.org\/app\/uploads\/sites\/5\/2025\/05\/visto.webp\" width=\"\" height=\"\" alt=\"visto\">\n        <\/picture>\n          <\/div>\n      <\/figure>\n<\/div>\n\n                          <\/div>\n          <\/div>\n\n          <div class=\"flex-1\">\n                                      <h2 class=\"font-500 text-primary mb-20 s50\">Estudiar en Italia<\/h2>\n                                <p class=\"!mb-40\"><p data-start=\"52\" data-end=\"243\">Los estudiantes internacionales que deseen estudiar en Italia pueden solicitar dos tipos diferentes de visa, seg\u00fan su condici\u00f3n: <strong>visa por motivos de estudio o visa por motivos religiosos.<\/strong><\/p>\n<p data-start=\"245\" data-end=\"423\">Los<strong data-start=\"245\" data-end=\"423\"> procedimientos de solicitud son diferentes, <\/strong>y la Universidad solo puede ofrecer apoyo para la obtenci\u00f3n de la visa por motivos de estudio, destinada a estudiantes laicos.<\/p>\n<p data-start=\"425\" data-end=\"557\">Los estudiantes religiosos, en cambio, deber\u00e1n dirigirse a su propia congregaci\u00f3n o instituto para solicitar la visa de entrada.<\/p>\n<\/p>\n                                      <\/div>\n      <\/div>\n\n    <\/div>\n\n  <\/div>\n\n  <\/section>\n","protected":false},"excerpt":{"rendered":"","protected":false},"author":3,"featured_media":0,"parent":765,"menu_order":0,"comment_status":"closed","ping_status":"closed","template":"","meta":{"_acf_changed":false,"footnotes":""},"class_list":["post-1171","page","type-page","status-publish","hentry"],"acf":[],"_links":{"self":[{"href":"https:\/\/www.upra.org\/es\/wp-json\/wp\/v2\/pages\/1171","targetHints":{"allow":["GET"]}}],"collection":[{"href":"https:\/\/www.upra.org\/es\/wp-json\/wp\/v2\/pages"}],"about":[{"href":"https:\/\/www.upra.org\/es\/wp-json\/wp\/v2\/types\/page"}],"author":[{"embeddable":true,"href":"https:\/\/www.upra.org\/es\/wp-json\/wp\/v2\/users\/3"}],"replies":[{"embeddable":true,"href":"https:\/\/www.upra.org\/es\/wp-json\/wp\/v2\/comments?post=1171"}],"version-history":[{"count":27,"href":"https:\/\/www.upra.org\/es\/wp-json\/wp\/v2\/pages\/1171\/revisions"}],"predecessor-version":[{"id":11399,"href":"https:\/\/www.upra.org\/es\/wp-json\/wp\/v2\/pages\/1171\/revisions\/11399"}],"up":[{"embeddable":true,"href":"https:\/\/www.upra.org\/es\/wp-json\/wp\/v2\/pages\/765"}],"wp:attachment":[{"href":"https:\/\/www.upra.org\/es\/wp-json\/wp\/v2\/media?parent=1171"}],"curies":[{"name":"wp","href":"https:\/\/api.w.org\/{rel}","templated":true}]}}