{"id":1175,"date":"2023-07-13T12:39:38","date_gmt":"2023-07-13T12:39:38","guid":{"rendered":"https:\/\/www.upra.org\/es\/?page_id=1175"},"modified":"2025-10-28T10:18:45","modified_gmt":"2025-10-28T10:18:45","slug":"tasas-academicas","status":"publish","type":"page","link":"https:\/\/www.upra.org\/es\/inscripcion\/tasas-academicas\/","title":{"rendered":"Tasas acad\u00e9micas"},"content":{"rendered":"<section class=\"block  paragraph-box full-width\" \n            >\n\n      <div class=\"paragraph-box__content text-center pt-40 md:pt-50 pb-40 md:pb-50\" id=\"\" style=\"\">\n\n          <div class=\"container\" style=\"\">\n  \n  \n  \n      <div class=\"!mb-30 intro-text text-left\">\n      <p><p>Consulta la tabla en la que se enumeran las tasas acad\u00e9micas seg\u00fan el recorrido y la Facultad correspondiente. Ingresa en el Ateneo Pontificio Regina Apostolorum.<\/p>\n<\/p>\n    <\/div>\n  \n  \n\n<\/div>\n    \n    \n    \n    \n  <\/div>\n\n  <\/section>\n\n\n<section class=\"block  navigation-tab full-width\" \n            >\n\n      <div class=\"navigation-tab__content text-center\" id=\"\">\n\n    <div class=\"container\">\n              <div class=\"grid grid-cols-1 md:grid-cols-4 gap-16\">\n                                    <a class=\"tab s16 \" href=\"https:\/\/www.upra.org\/es\/facultades-institutos\/teologia\/\" target=\"_self\">\n                <span><p>Facultad de <strong>Teolog\u00eda<\/strong><\/p>\n<\/span>\n              <\/a>\n                                                <a class=\"tab s16 \" href=\"https:\/\/www.upra.org\/es\/facultades-institutos\/filosofia\/\" target=\"_self\">\n                <span><p>Facultad de <strong>Filosof\u00eda<\/strong><\/p>\n<\/span>\n              <\/a>\n                                                <a class=\"tab s16 \" href=\"https:\/\/www.upra.org\/es\/facultades-institutos\/bioetica\/\" target=\"_self\">\n                <span><p>Facultad de <strong>Bio\u00e9tica<\/strong><\/p>\n<\/span>\n              <\/a>\n                                                <a class=\"tab s16 \" href=\"https:\/\/www.upra.org\/es\/facultades-institutos\/instituto-superior-ciencias-religiosas\/\" target=\"_self\">\n                <span><p>Instituto Superior de <strong>Ciencias Religiosas<\/strong><\/p>\n<\/span>\n              <\/a>\n                                                <a class=\"tab s16 \" href=\"https:\/\/www.upra.org\/es\/facultades-institutos\/institutos\/instituto-estudios-avanzados-mujer\/\" target=\"_self\">\n                <span><p>Instituto Estudios Avanzados sobre la <strong>Mujer<\/strong><\/p>\n<\/span>\n              <\/a>\n                                                <a class=\"tab s16 \" href=\"https:\/\/www.upra.org\/es\/facultades-institutos\/institutos\/instituto-ciencia-fe\/\" target=\"_self\">\n                <span><p>Instituto <strong>Ciencia y Fe<\/strong><\/p>\n<\/span>\n              <\/a>\n                                                <a class=\"tab s16 \" href=\"https:\/\/www.upra.org\/es\/facultades-institutos\/institutos\/instituto-sacerdos\/\" target=\"_self\">\n                <span><p>Instituto <strong>Sacerdos<\/strong><\/p>\n<\/span>\n              <\/a>\n                              <\/div>\n          <\/div>\n\n          <a href=\"#\" class=\"nt-more-button block s14 my-30 md:hidden\">\n        Mostra di pi\u00f9 +      <\/a>\n    \n  <\/div>\n\n  <\/section>\n\n\n<section class=\"block  paragraph-box full-width\" \n            >\n\n      <div class=\"paragraph-box__content text-center pt-40 md:pt-50 pb-40 md:pb-50\" id=\"\" style=\"\">\n\n          <div class=\"container\" style=\"\">\n          <h2 class=\"intro-title font-500 text-primary mb-20 s30 font-medium leading-snug text-left\">Pagos<\/h2>\n  \n  \n  \n      <div class=\"!mb-30 intro-text text-left\">\n      <p><p>Los pagos pueden realizarse de las siguientes formas:<\/p>\n<ul>\n<li><strong>Tarjeta de d\u00e9bito, tarjeta de cr\u00e9dito, efectivo y cheque<\/strong> en la ventanilla de la Secretar\u00eda, reservando una cita haciendo <a href=\"https:\/\/outlook.office.com\/book\/SportelloEconomato@lcred.org\/?ismsaljsauthenabled=true\" target=\"_blank\" rel=\"noopener\">clic aqu\u00ed<\/a> (se puede reservar una cita los lunes y jueves de 11:00 a 12:45).<\/li>\n<li><a href=\"https:\/\/www.upra.org\/ateneo\/organizzazione\/economato\/?dta=coordinatebancarie\"><strong>Transferencia bancaria.<\/strong><\/a><\/li>\n<li><strong>En l\u00ednea<\/strong> con tarjeta de cr\u00e9dito.<\/li>\n<\/ul>\n<p>En caso de pago mediante<strong> transferencia bancaria<\/strong>, es<strong> obligatorio indicar en el concepto todos los datos relativos al estudiante<\/strong>: nombre, apellidos, n\u00famero de matr\u00edcula, programa de estudios y motivo del pago (matr\u00edcula, cuota, adenda, etc.).<\/p>\n<p>En caso de que falten datos o estos est\u00e9n incompletos, no se garantiza la tramitaci\u00f3n efectiva y correcta del expediente.<\/p>\n<\/p>\n    <\/div>\n  \n  \n\n<\/div>\n    \n    \n    \n    \n  <\/div>\n\n  <\/section>\n","protected":false},"excerpt":{"rendered":"","protected":false},"author":3,"featured_media":0,"parent":765,"menu_order":0,"comment_status":"closed","ping_status":"closed","template":"","meta":{"_acf_changed":false,"footnotes":""},"class_list":["post-1175","page","type-page","status-publish","hentry"],"acf":[],"_links":{"self":[{"href":"https:\/\/www.upra.org\/es\/wp-json\/wp\/v2\/pages\/1175","targetHints":{"allow":["GET"]}}],"collection":[{"href":"https:\/\/www.upra.org\/es\/wp-json\/wp\/v2\/pages"}],"about":[{"href":"https:\/\/www.upra.org\/es\/wp-json\/wp\/v2\/types\/page"}],"author":[{"embeddable":true,"href":"https:\/\/www.upra.org\/es\/wp-json\/wp\/v2\/users\/3"}],"replies":[{"embeddable":true,"href":"https:\/\/www.upra.org\/es\/wp-json\/wp\/v2\/comments?post=1175"}],"version-history":[{"count":25,"href":"https:\/\/www.upra.org\/es\/wp-json\/wp\/v2\/pages\/1175\/revisions"}],"predecessor-version":[{"id":11672,"href":"https:\/\/www.upra.org\/es\/wp-json\/wp\/v2\/pages\/1175\/revisions\/11672"}],"up":[{"embeddable":true,"href":"https:\/\/www.upra.org\/es\/wp-json\/wp\/v2\/pages\/765"}],"wp:attachment":[{"href":"https:\/\/www.upra.org\/es\/wp-json\/wp\/v2\/media?parent=1175"}],"curies":[{"name":"wp","href":"https:\/\/api.w.org\/{rel}","templated":true}]}}