{"id":11750,"date":"2025-11-14T14:33:29","date_gmt":"2025-11-14T14:33:29","guid":{"rendered":"https:\/\/www.upra.org\/es\/?page_id=11750"},"modified":"2025-11-14T14:37:12","modified_gmt":"2025-11-14T14:37:12","slug":"lee-articulos-en-linea-2024","status":"publish","type":"page","link":"https:\/\/www.upra.org\/es\/investigacion\/publicaciones\/revista-apra\/lee-articulos-en-linea-2024\/","title":{"rendered":"Lee art\u00edculos en l\u00ednea 2024"},"content":{"rendered":"<div class=\"container text-center\">\n  <h2 class=\"s50 font-500 text-primary\">Lee art\u00edculos en l\u00ednea 2024<\/h2>\n<\/div>\n  <div class=\"container overflow-hidden pl-20 md:pl-0 d-flex\">\n  <div class=\"swiper-wrapper z-10 relative mt-40 mb-40 columns_paragraph flex flex-wrap\">\n          <div class=\"pb-40 md:basis-2\/4 basis-full\">\n        <article class=\"card --Magazine Article h-full Magazine Article \">\n                      <a href=\"https:\/\/www.upra.org\/es\/ricerca\/pubblicazioni\/riviste-apra\/nuevas-colecciones-para-la-biblioteca-pio-xii\/\" target=\"_self\"><\/a>\n                    <div class=\"card__inner flex flex-row search-inner-card\">\n            <div class=\"card__visual relative basis-1\/3\">\n                              <div>\n                  <div\n  class=\"image bg-cover  --is-png \"\n   data-defer >\n  <figure>\n    <div class=\"image__wrapper\">\n              <picture>\n          \n          <source\n            srcset=\"\"\n            sizes=\"(min-width: 992px) 740px, (min-width: 768px) 680px, 100vw\"\n          \/>\n          <img decoding=\"async\" src=\"https:\/\/www.upra.org\/app\/uploads\/sites\/5\/2023\/09\/default.png\" width=\"\" height=\"\" alt=\"default\">\n        <\/picture>\n          <\/div>\n      <\/figure>\n<\/div>\n                <\/div>\n                          <\/div>\n            <div class=\"card__content basis-2\/3 data-def\">\n              <div class=\"pl-14 md:pl-20 pr-20 pt-5 md:pt-10\">\n                <div class=\"date pb-5\">\n  <p class=\"date s14 text-primary\">\n        \n      <\/p>\n<\/div>\n                                  <h3 class=\"card__title font-medium font-500\">Nuevas colecciones para la Biblioteca PIO XII<\/h3>\n                                                \n                                  <div class=\"mt-10\">\n                    <a href=https:\/\/www.upra.org\/es\/ricerca\/pubblicazioni\/riviste-apra\/nuevas-colecciones-para-la-biblioteca-pio-xii\/   title=\"Lee todo\"  class=\"button   \">\n    <span class=\"button__label\">Lee todo<\/span>\n      <span class=\"button__icon icon-arrow\">\n      <svg xmlns=\"http:\/\/www.w3.org\/2000\/svg\" width=\"35\" height=\"12.828\" viewBox=\"0 0 35 12.828\">\n  <g id=\"Icon_feather-arrow-right\" data-name=\"Icon feather-arrow-right\" transform=\"translate(16.5 -6.086)\">\n    <path id=\"Tracciato_346\" data-name=\"Tracciato 346\" d=\"M7.5,18h33\" transform=\"translate(-23 -5.5)\" fill=\"none\" stroke=\"#171717\" stroke-linecap=\"round\" stroke-linejoin=\"round\" stroke-width=\"2\"\/>\n    <path id=\"Tracciato_347\" data-name=\"Tracciato 347\" d=\"M18,7.5l5,5-5,5\" transform=\"translate(-5.5 0)\" fill=\"none\" stroke=\"#171717\" stroke-linecap=\"round\" stroke-linejoin=\"round\" stroke-width=\"2\"\/>\n  <\/g>\n<\/svg>\n\n    <\/span>\n  <\/a>\n                  <\/div>\n                              <\/div>\n\n            <\/div>\n          <\/div>\n        <\/article>\n\n      <\/div>\n          <div class=\"pb-40 md:basis-2\/4 basis-full\">\n        <article class=\"card --Magazine Article h-full Magazine Article \">\n                      <a href=\"https:\/\/www.upra.org\/es\/ricerca\/pubblicazioni\/riviste-apra\/la-exposicion-de-la-sabana-santa\/\" target=\"_self\"><\/a>\n                    <div class=\"card__inner flex flex-row search-inner-card\">\n            <div class=\"card__visual relative basis-1\/3\">\n                              <div>\n                  <div\n  class=\"image bg-cover  --is-jpg \"\n   data-defer >\n  <figure>\n    <div class=\"image__wrapper\">\n              <picture>\n          \n          <source\n            srcset=\"\"\n            sizes=\"(min-width: 992px) 740px, (min-width: 768px) 680px, 100vw\"\n          \/>\n          <img decoding=\"async\" src=\"https:\/\/www.upra.org\/app\/uploads\/sites\/5\/2024\/10\/La-mostra-della-Sacra-Sindone.jpg\" width=\"\" height=\"\" alt=\"La mostra della Sacra Sindone\">\n        <\/picture>\n          <\/div>\n      <\/figure>\n<\/div>\n                <\/div>\n                          <\/div>\n            <div class=\"card__content basis-2\/3 data-def\">\n              <div class=\"pl-14 md:pl-20 pr-20 pt-5 md:pt-10\">\n                <div class=\"date pb-5\">\n  <p class=\"date s14 text-primary\">\n        \n      <\/p>\n<\/div>\n                                  <h3 class=\"card__title font-medium font-500\">La exposici\u00f3n de la S\u00e1bana Santa<\/h3>\n                                                \n                                  <div class=\"mt-10\">\n                    <a href=https:\/\/www.upra.org\/es\/ricerca\/pubblicazioni\/riviste-apra\/la-exposicion-de-la-sabana-santa\/   title=\"Lee todo\"  class=\"button   \">\n    <span class=\"button__label\">Lee todo<\/span>\n      <span class=\"button__icon icon-arrow\">\n      <svg xmlns=\"http:\/\/www.w3.org\/2000\/svg\" width=\"35\" height=\"12.828\" viewBox=\"0 0 35 12.828\">\n  <g id=\"Icon_feather-arrow-right\" data-name=\"Icon feather-arrow-right\" transform=\"translate(16.5 -6.086)\">\n    <path id=\"Tracciato_346\" data-name=\"Tracciato 346\" d=\"M7.5,18h33\" transform=\"translate(-23 -5.5)\" fill=\"none\" stroke=\"#171717\" stroke-linecap=\"round\" stroke-linejoin=\"round\" stroke-width=\"2\"\/>\n    <path id=\"Tracciato_347\" data-name=\"Tracciato 347\" d=\"M18,7.5l5,5-5,5\" transform=\"translate(-5.5 0)\" fill=\"none\" stroke=\"#171717\" stroke-linecap=\"round\" stroke-linejoin=\"round\" stroke-width=\"2\"\/>\n  <\/g>\n<\/svg>\n\n    <\/span>\n  <\/a>\n                  <\/div>\n                              <\/div>\n\n            <\/div>\n          <\/div>\n        <\/article>\n\n      <\/div>\n          <div class=\"pb-40 md:basis-2\/4 basis-full\">\n        <article class=\"card --Magazine Article h-full Magazine Article \">\n                      <a href=\"https:\/\/www.upra.org\/es\/ricerca\/pubblicazioni\/riviste-apra\/innovacion-y-compromiso-en-el-camino-hacia-un-nuevo-ano-academico\/\" target=\"_self\"><\/a>\n                    <div class=\"card__inner flex flex-row search-inner-card\">\n            <div class=\"card__visual relative basis-1\/3\">\n                              <div>\n                  <div\n  class=\"image bg-cover  --is-jpg \"\n   data-defer >\n  <figure>\n    <div class=\"image__wrapper\">\n              <picture>\n          \n          <source\n            srcset=\"\"\n            sizes=\"(min-width: 992px) 740px, (min-width: 768px) 680px, 100vw\"\n          \/>\n          <img decoding=\"async\" src=\"https:\/\/www.upra.org\/app\/uploads\/sites\/5\/2024\/10\/Editoriale-innovazione-e-impegno-FOTO.jpg\" width=\"\" height=\"\" alt=\"Editoriale innovazione e impegno FOTO\">\n        <\/picture>\n          <\/div>\n      <\/figure>\n<\/div>\n                <\/div>\n                          <\/div>\n            <div class=\"card__content basis-2\/3 data-def\">\n              <div class=\"pl-14 md:pl-20 pr-20 pt-5 md:pt-10\">\n                <div class=\"date pb-5\">\n  <p class=\"date s14 text-primary\">\n        \n      <\/p>\n<\/div>\n                                  <h3 class=\"card__title font-medium font-500\">Innovaci\u00f3n y compromiso en el camino hacia un nuevo a\u00f1o \u2026<\/h3>\n                                                \n                                  <div class=\"mt-10\">\n                    <a href=https:\/\/www.upra.org\/es\/ricerca\/pubblicazioni\/riviste-apra\/innovacion-y-compromiso-en-el-camino-hacia-un-nuevo-ano-academico\/   title=\"Lee todo\"  class=\"button   \">\n    <span class=\"button__label\">Lee todo<\/span>\n      <span class=\"button__icon icon-arrow\">\n      <svg xmlns=\"http:\/\/www.w3.org\/2000\/svg\" width=\"35\" height=\"12.828\" viewBox=\"0 0 35 12.828\">\n  <g id=\"Icon_feather-arrow-right\" data-name=\"Icon feather-arrow-right\" transform=\"translate(16.5 -6.086)\">\n    <path id=\"Tracciato_346\" data-name=\"Tracciato 346\" d=\"M7.5,18h33\" transform=\"translate(-23 -5.5)\" fill=\"none\" stroke=\"#171717\" stroke-linecap=\"round\" stroke-linejoin=\"round\" stroke-width=\"2\"\/>\n    <path id=\"Tracciato_347\" data-name=\"Tracciato 347\" d=\"M18,7.5l5,5-5,5\" transform=\"translate(-5.5 0)\" fill=\"none\" stroke=\"#171717\" stroke-linecap=\"round\" stroke-linejoin=\"round\" stroke-width=\"2\"\/>\n  <\/g>\n<\/svg>\n\n    <\/span>\n  <\/a>\n                  <\/div>\n                              <\/div>\n\n            <\/div>\n          <\/div>\n        <\/article>\n\n      <\/div>\n          <div class=\"pb-40 md:basis-2\/4 basis-full\">\n        <article class=\"card --Magazine Article h-full Magazine Article \">\n                      <a href=\"https:\/\/www.upra.org\/es\/ricerca\/pubblicazioni\/riviste-apra\/innovacion-didactica-los-primeros-cursos-mooc\/\" target=\"_self\"><\/a>\n                    <div class=\"card__inner flex flex-row search-inner-card\">\n            <div class=\"card__visual relative basis-1\/3\">\n                              <div>\n                  <div\n  class=\"image bg-cover  --is-jpg \"\n   data-defer >\n  <figure>\n    <div class=\"image__wrapper\">\n              <picture>\n          \n          <source\n            srcset=\"\"\n            sizes=\"(min-width: 992px) 740px, (min-width: 768px) 680px, 100vw\"\n          \/>\n          <img decoding=\"async\" src=\"https:\/\/www.upra.org\/app\/uploads\/sites\/5\/2024\/10\/Innovazione-didattica_-i-primi-corsi-MOOC-scaled.jpg\" width=\"\" height=\"\" alt=\"Innovazione didattica_ i primi corsi MOOC\">\n        <\/picture>\n          <\/div>\n      <\/figure>\n<\/div>\n                <\/div>\n                          <\/div>\n            <div class=\"card__content basis-2\/3 data-def\">\n              <div class=\"pl-14 md:pl-20 pr-20 pt-5 md:pt-10\">\n                <div class=\"date pb-5\">\n  <p class=\"date s14 text-primary\">\n        \n      <\/p>\n<\/div>\n                                  <h3 class=\"card__title font-medium font-500\">Innovaci\u00f3n did\u00e1ctica, Los primeros cursos MOOC<\/h3>\n                                                \n                                  <div class=\"mt-10\">\n                    <a href=https:\/\/www.upra.org\/es\/ricerca\/pubblicazioni\/riviste-apra\/innovacion-didactica-los-primeros-cursos-mooc\/   title=\"Lee todo\"  class=\"button   \">\n    <span class=\"button__label\">Lee todo<\/span>\n      <span class=\"button__icon icon-arrow\">\n      <svg xmlns=\"http:\/\/www.w3.org\/2000\/svg\" width=\"35\" height=\"12.828\" viewBox=\"0 0 35 12.828\">\n  <g id=\"Icon_feather-arrow-right\" data-name=\"Icon feather-arrow-right\" transform=\"translate(16.5 -6.086)\">\n    <path id=\"Tracciato_346\" data-name=\"Tracciato 346\" d=\"M7.5,18h33\" transform=\"translate(-23 -5.5)\" fill=\"none\" stroke=\"#171717\" stroke-linecap=\"round\" stroke-linejoin=\"round\" stroke-width=\"2\"\/>\n    <path id=\"Tracciato_347\" data-name=\"Tracciato 347\" d=\"M18,7.5l5,5-5,5\" transform=\"translate(-5.5 0)\" fill=\"none\" stroke=\"#171717\" stroke-linecap=\"round\" stroke-linejoin=\"round\" stroke-width=\"2\"\/>\n  <\/g>\n<\/svg>\n\n    <\/span>\n  <\/a>\n                  <\/div>\n                              <\/div>\n\n            <\/div>\n          <\/div>\n        <\/article>\n\n      <\/div>\n          <div class=\"pb-40 md:basis-2\/4 basis-full\">\n        <article class=\"card --Magazine Article h-full Magazine Article \">\n                      <a href=\"https:\/\/www.upra.org\/es\/ricerca\/pubblicazioni\/riviste-apra\/debate-global-sobre-tecnologia-etica-y-ecologia\/\" target=\"_self\"><\/a>\n                    <div class=\"card__inner flex flex-row search-inner-card\">\n            <div class=\"card__visual relative basis-1\/3\">\n                              <div>\n                  <div\n  class=\"image bg-cover  --is-jpeg \"\n   data-defer >\n  <figure>\n    <div class=\"image__wrapper\">\n              <picture>\n          \n          <source\n            srcset=\"\"\n            sizes=\"(min-width: 992px) 740px, (min-width: 768px) 680px, 100vw\"\n          \/>\n          <img decoding=\"async\" src=\"https:\/\/www.upra.org\/app\/uploads\/sites\/5\/2024\/10\/Dibattito-globale-su-Tecnologia-etica-ed-ecologia-FOTO-1.jpeg\" width=\"\" height=\"\" alt=\"Dibattito globale su Tecnologia, etica ed ecologia FOTO 1\">\n        <\/picture>\n          <\/div>\n      <\/figure>\n<\/div>\n                <\/div>\n                          <\/div>\n            <div class=\"card__content basis-2\/3 data-def\">\n              <div class=\"pl-14 md:pl-20 pr-20 pt-5 md:pt-10\">\n                <div class=\"date pb-5\">\n  <p class=\"date s14 text-primary\">\n        \n      <\/p>\n<\/div>\n                                  <h3 class=\"card__title font-medium font-500\">Debate Global sobre Tecnolog\u00eda, \u00c9tica y Ecolog\u00eda<\/h3>\n                                                \n                                  <div class=\"mt-10\">\n                    <a href=https:\/\/www.upra.org\/es\/ricerca\/pubblicazioni\/riviste-apra\/debate-global-sobre-tecnologia-etica-y-ecologia\/   title=\"Lee todo\"  class=\"button   \">\n    <span class=\"button__label\">Lee todo<\/span>\n      <span class=\"button__icon icon-arrow\">\n      <svg xmlns=\"http:\/\/www.w3.org\/2000\/svg\" width=\"35\" height=\"12.828\" viewBox=\"0 0 35 12.828\">\n  <g id=\"Icon_feather-arrow-right\" data-name=\"Icon feather-arrow-right\" transform=\"translate(16.5 -6.086)\">\n    <path id=\"Tracciato_346\" data-name=\"Tracciato 346\" d=\"M7.5,18h33\" transform=\"translate(-23 -5.5)\" fill=\"none\" stroke=\"#171717\" stroke-linecap=\"round\" stroke-linejoin=\"round\" stroke-width=\"2\"\/>\n    <path id=\"Tracciato_347\" data-name=\"Tracciato 347\" d=\"M18,7.5l5,5-5,5\" transform=\"translate(-5.5 0)\" fill=\"none\" stroke=\"#171717\" stroke-linecap=\"round\" stroke-linejoin=\"round\" stroke-width=\"2\"\/>\n  <\/g>\n<\/svg>\n\n    <\/span>\n  <\/a>\n                  <\/div>\n                              <\/div>\n\n            <\/div>\n          <\/div>\n        <\/article>\n\n      <\/div>\n          <div class=\"pb-40 md:basis-2\/4 basis-full\">\n        <article class=\"card --Magazine Article h-full Magazine Article \">\n                      <a href=\"https:\/\/www.upra.org\/es\/ricerca\/pubblicazioni\/riviste-apra\/bioetica-y-educacion-etica-al-centro-del-debate\/\" target=\"_self\"><\/a>\n                    <div class=\"card__inner flex flex-row search-inner-card\">\n            <div class=\"card__visual relative basis-1\/3\">\n                              <div>\n                  <div\n  class=\"image bg-cover  --is-jpg \"\n   data-defer >\n  <figure>\n    <div class=\"image__wrapper\">\n              <picture>\n          \n          <source\n            srcset=\"\"\n            sizes=\"(min-width: 992px) 740px, (min-width: 768px) 680px, 100vw\"\n          \/>\n          <img decoding=\"async\" src=\"https:\/\/www.upra.org\/app\/uploads\/sites\/5\/2024\/10\/Bioetica-ed-educazione-all_etica.jpg\" width=\"\" height=\"\" alt=\"Bioetica ed educazione all_etica\">\n        <\/picture>\n          <\/div>\n      <\/figure>\n<\/div>\n                <\/div>\n                          <\/div>\n            <div class=\"card__content basis-2\/3 data-def\">\n              <div class=\"pl-14 md:pl-20 pr-20 pt-5 md:pt-10\">\n                <div class=\"date pb-5\">\n  <p class=\"date s14 text-primary\">\n        \n      <\/p>\n<\/div>\n                                  <h3 class=\"card__title font-medium font-500\">Bio\u00e9tica y Educaci\u00f3n \u00c9tica al centro del debate<\/h3>\n                                                \n                                  <div class=\"mt-10\">\n                    <a href=https:\/\/www.upra.org\/es\/ricerca\/pubblicazioni\/riviste-apra\/bioetica-y-educacion-etica-al-centro-del-debate\/   title=\"Lee todo\"  class=\"button   \">\n    <span class=\"button__label\">Lee todo<\/span>\n      <span class=\"button__icon icon-arrow\">\n      <svg xmlns=\"http:\/\/www.w3.org\/2000\/svg\" width=\"35\" height=\"12.828\" viewBox=\"0 0 35 12.828\">\n  <g id=\"Icon_feather-arrow-right\" data-name=\"Icon feather-arrow-right\" transform=\"translate(16.5 -6.086)\">\n    <path id=\"Tracciato_346\" data-name=\"Tracciato 346\" d=\"M7.5,18h33\" transform=\"translate(-23 -5.5)\" fill=\"none\" stroke=\"#171717\" stroke-linecap=\"round\" stroke-linejoin=\"round\" stroke-width=\"2\"\/>\n    <path id=\"Tracciato_347\" data-name=\"Tracciato 347\" d=\"M18,7.5l5,5-5,5\" transform=\"translate(-5.5 0)\" fill=\"none\" stroke=\"#171717\" stroke-linecap=\"round\" stroke-linejoin=\"round\" stroke-width=\"2\"\/>\n  <\/g>\n<\/svg>\n\n    <\/span>\n  <\/a>\n                  <\/div>\n                              <\/div>\n\n            <\/div>\n          <\/div>\n        <\/article>\n\n      <\/div>\n          <div class=\"pb-40 md:basis-2\/4 basis-full\">\n        <article class=\"card --Magazine Article h-full Magazine Article \">\n                      <a href=\"https:\/\/www.upra.org\/es\/ricerca\/pubblicazioni\/riviste-apra\/aniversario-del-grupo-de-investigacion-en-neurobioetica\/\" target=\"_self\"><\/a>\n                    <div class=\"card__inner flex flex-row search-inner-card\">\n            <div class=\"card__visual relative basis-1\/3\">\n                              <div>\n                  <div\n  class=\"image bg-cover  --is-png \"\n   data-defer >\n  <figure>\n    <div class=\"image__wrapper\">\n              <picture>\n          \n          <source\n            srcset=\"\"\n            sizes=\"(min-width: 992px) 740px, (min-width: 768px) 680px, 100vw\"\n          \/>\n          <img decoding=\"async\" src=\"https:\/\/www.upra.org\/app\/uploads\/sites\/5\/2023\/09\/default.png\" width=\"\" height=\"\" alt=\"default\">\n        <\/picture>\n          <\/div>\n      <\/figure>\n<\/div>\n                <\/div>\n                          <\/div>\n            <div class=\"card__content basis-2\/3 data-def\">\n              <div class=\"pl-14 md:pl-20 pr-20 pt-5 md:pt-10\">\n                <div class=\"date pb-5\">\n  <p class=\"date s14 text-primary\">\n        \n      <\/p>\n<\/div>\n                                  <h3 class=\"card__title font-medium font-500\">Aniversario del Grupo de Investigaci\u00f3n en Neurobio\u00e9tica<\/h3>\n                                                \n                                  <div class=\"mt-10\">\n                    <a href=https:\/\/www.upra.org\/es\/ricerca\/pubblicazioni\/riviste-apra\/aniversario-del-grupo-de-investigacion-en-neurobioetica\/   title=\"Lee todo\"  class=\"button   \">\n    <span class=\"button__label\">Lee todo<\/span>\n      <span class=\"button__icon icon-arrow\">\n      <svg xmlns=\"http:\/\/www.w3.org\/2000\/svg\" width=\"35\" height=\"12.828\" viewBox=\"0 0 35 12.828\">\n  <g id=\"Icon_feather-arrow-right\" data-name=\"Icon feather-arrow-right\" transform=\"translate(16.5 -6.086)\">\n    <path id=\"Tracciato_346\" data-name=\"Tracciato 346\" d=\"M7.5,18h33\" transform=\"translate(-23 -5.5)\" fill=\"none\" stroke=\"#171717\" stroke-linecap=\"round\" stroke-linejoin=\"round\" stroke-width=\"2\"\/>\n    <path id=\"Tracciato_347\" data-name=\"Tracciato 347\" d=\"M18,7.5l5,5-5,5\" transform=\"translate(-5.5 0)\" fill=\"none\" stroke=\"#171717\" stroke-linecap=\"round\" stroke-linejoin=\"round\" stroke-width=\"2\"\/>\n  <\/g>\n<\/svg>\n\n    <\/span>\n  <\/a>\n                  <\/div>\n                              <\/div>\n\n            <\/div>\n          <\/div>\n        <\/article>\n\n      <\/div>\n      <\/div>\n<\/div>\n\n","protected":false},"excerpt":{"rendered":"","protected":false},"author":9,"featured_media":0,"parent":786,"menu_order":0,"comment_status":"closed","ping_status":"closed","template":"","meta":{"_acf_changed":false,"footnotes":""},"class_list":["post-11750","page","type-page","status-publish","hentry"],"acf":[],"_links":{"self":[{"href":"https:\/\/www.upra.org\/es\/wp-json\/wp\/v2\/pages\/11750","targetHints":{"allow":["GET"]}}],"collection":[{"href":"https:\/\/www.upra.org\/es\/wp-json\/wp\/v2\/pages"}],"about":[{"href":"https:\/\/www.upra.org\/es\/wp-json\/wp\/v2\/types\/page"}],"author":[{"embeddable":true,"href":"https:\/\/www.upra.org\/es\/wp-json\/wp\/v2\/users\/9"}],"replies":[{"embeddable":true,"href":"https:\/\/www.upra.org\/es\/wp-json\/wp\/v2\/comments?post=11750"}],"version-history":[{"count":1,"href":"https:\/\/www.upra.org\/es\/wp-json\/wp\/v2\/pages\/11750\/revisions"}],"predecessor-version":[{"id":11752,"href":"https:\/\/www.upra.org\/es\/wp-json\/wp\/v2\/pages\/11750\/revisions\/11752"}],"up":[{"embeddable":true,"href":"https:\/\/www.upra.org\/es\/wp-json\/wp\/v2\/pages\/786"}],"wp:attachment":[{"href":"https:\/\/www.upra.org\/es\/wp-json\/wp\/v2\/media?parent=11750"}],"curies":[{"name":"wp","href":"https:\/\/api.w.org\/{rel}","templated":true}]}}