{"id":1177,"date":"2023-07-13T12:39:54","date_gmt":"2023-07-13T12:39:54","guid":{"rendered":"https:\/\/www.upra.org\/es\/?page_id=1177"},"modified":"2024-01-24T08:46:07","modified_gmt":"2024-01-24T08:46:07","slug":"reconocimiento-titulos","status":"publish","type":"page","link":"https:\/\/www.upra.org\/es\/inscripcion\/reconocimiento-titulos\/","title":{"rendered":"Reconocimiento de t\u00edtulos"},"content":{"rendered":"<section class=\"block  paragraph-box full-width\" \n            >\n\n      <div class=\"paragraph-box__content text-center pt-40 md:pt-50 \" id=\"\" style=\"\">\n\n          <div class=\"container\" style=\"\">\n  \n  \n  \n      <div class=\"!mb-30 intro-text text-left\">\n      <p><p>Toda la informaci\u00f3n para los estudiantes que tienen la intenci\u00f3n de seguir nuestros cursos de estudio y se preguntan si los t\u00edtulos obtenidos en el Ateneo Pontificio Regina Apostolorum tambi\u00e9n son reconocidos oficialmente.<\/p>\n<\/p>\n    <\/div>\n  \n  \n\n<\/div>\n    \n    \n    \n    \n  <\/div>\n\n  <\/section>\n\n\n<section class=\"block  paragraph-box full-width\" \n            >\n\n      <div class=\"paragraph-box__content text-center pt-40 md:pt-50 \" id=\"\" style=\"\">\n\n          <div class=\"container\" style=\"\">\n          <h2 class=\"intro-title font-500 text-primary mb-20 s40 \">T\u00edtulos obtenidos en el Ateneo Pontificio Regina Apostolorum<\/h2>\n  \n  \n  \n      <div class=\"!mb-30 intro-text text-left\">\n      <p><p>Los t\u00edtulos acad\u00e9micos obtenidos en el Ateneo Pontificio Regina Apostolorum pueden ser reconocidos oficialmente siguiendo las instrucciones del organismo educativo ministerial competente, despu\u00e9s de haber obtenido todos los documentos necesarios.<\/p>\n<\/p>\n    <\/div>\n  \n  \n\n<\/div>\n    \n    \n    \n    \n  <\/div>\n\n  <\/section>\n\n\n<section class=\"block  cta-with-media full-width\" \n            >\n\n      <div class=\"cta-with-media__content  template-media-sx py-60 md:py-80\" id=\"\" style=\"\">\n\n    <div class=\"container\">\n      \n        <div class=\"flex flex-col gap-40 md:gap-50 lg:gap-100 md:flex-row\n        md:items-center\">\n\n          <div class=\"flex-1\">\n            <div class=\"media\" style=\"--bg-color-var: #FFFFFF\">\n              <div\n  class=\"image bg-cover  --is-webp \"\n   data-defer >\n  <figure>\n    <div class=\"image__wrapper\">\n              <picture>\n          \n          <source\n            srcset=\"\"\n            sizes=\"(min-width: 992px) 808px, (min-width: 768px) 680px, 100vw\"\n          \/>\n          <img decoding=\"async\" src=\"https:\/\/www.upra.org\/app\/uploads\/sites\/5\/2024\/01\/0011_Come-ottenere-il-visto-2.webp\" width=\"\" height=\"\" alt=\"0011_Come-ottenere-il-visto (2)\">\n        <\/picture>\n          <\/div>\n      <\/figure>\n<\/div>\n\n                          <\/div>\n          <\/div>\n\n          <div class=\"flex-1\">\n                                  <p class=\"!mb-40\"><p>El Ateneo Pontificio Regina Apostolorum es una instituci\u00f3n de ense\u00f1anza superior erigida can\u00f3nicamente y aprobada por la Sede Apost\u00f3lica con derecho a conferir <b>grados acad\u00e9micos<\/b> por autoridad de la <b>Santa Sede<\/b>. A ra\u00edz de los decretos de la Congregaci\u00f3n para la Educaci\u00f3n Cat\u00f3lica (actual Dicasterio para la Cultura y la Educaci\u00f3n), se crearon en el seno de la Universidad las facultades de <b>Teolog\u00eda<\/b>, <b>Filosof\u00eda <\/b> y <b>Bio\u00e9tica<\/b>, con derecho a conferir los grados acad\u00e9micos de <b>Bachillerato<\/b>, <b>Licenciatura <\/b>y <b>Doctorado<\/b>. Conectado a la Facultad de Teolog\u00eda, se erigi\u00f3 can\u00f3nicamente el <b>Instituto Superior de Ciencias Religiosas<\/b>, donde tienen lugar los correspondientes ciclos de <b>Bachillerato <\/b>y <b>Licenciatura<\/b>.<\/p>\n<\/p>\n                                      <\/div>\n      <\/div>\n\n    <\/div>\n\n  <\/div>\n\n  <\/section>\n\n\n<section class=\"block  paragraph-box full-width\" \n            >\n\n      <div class=\"paragraph-box__content text-center pt-40 md:pt-50 pb-40 md:pb-50\" id=\"\" style=\"\">\n\n          <div class=\"container\" style=\"\">\n  \n  \n  \n      <div class=\"!mb-30 intro-text text-left\">\n      <p><p>Los grados acad\u00e9micos conferidos por el Ateneo Pontificio Regina Apostolorum siguen las normas did\u00e1cticas establecidas y reconocidas por el sistema educativo pontificio. La Santa Sede se ha adherido a los tratados europeos relativos al <b>Espacio Europeo de Educaci\u00f3n Superior<\/b> y al <b>Proceso de Bolonia<\/b> (2003). Tambi\u00e9n ha llegado a acuerdos especiales sobre el reconocimiento de estudios con algunos Estados europeos y no europeos, directamente o a trav\u00e9s de las conferencias episcopales locales. Gracias a estos acuerdos, los t\u00edtulos pontificios se reconocen en toda Europa seg\u00fan el\u00a0<a href=\"http:\/\/www.miur.it\/0002Univer\/0052Cooper\/0069Titoli\/0356Docume\/2257Conven_cf2.htm\" target=\"_blank\" rel=\"noopener\">Convenio de Lisboa<\/a> (11 de abril de 1997), ratificado por el Estado italiano con la Ley n.\u00ba\u00a0148 (11 de julio de 2002).<\/p>\n<p>Para solicitar el reconocimiento oficial de t\u00edtulos en una instituci\u00f3n educativa que no figure entre las aprobadas por la Santa Sede, la mayor\u00eda de los Estados exigen la <b>autenticaci\u00f3n<\/b> previa de los documentos, es decir, la estampaci\u00f3n de sellos que atestig\u00fcen su autenticidad por parte del Dicasterio para la Cultura y la Educaci\u00f3n y la Secretar\u00eda de Estado vaticana. Este paso es necesario porque la Santa Sede no se ha adherido al Convenio de La Haya. Por lo tanto, no es posible colocar apostillas de La Haya en los documentos de la Universidad.<\/p>\n<\/p>\n    <\/div>\n  \n  \n\n<\/div>\n    \n    \n    \n    \n  <\/div>\n\n  <\/section>\n\n\n<section class=\"block  standard-accordion full-width\" \n            >\n\n      <div class=\"standard-accordion__content accordions pt-40 md:pt-80 pb-40 md:pb-80  \" id=\"\" style=\"background-color: #f2f3f5\">\n    <div class=\"container \">\n                                          <div class=\"accordion\" >\n  <button class=\"button s30\">Sellado de documentos en la Santa Sede\n    <span class=\"button__icon icon-plus \">\n      <i class=\"fa-regular fa-plus\"><\/i>\n    <\/span>\n  <\/button>\n  <div class=\"panel\">\n    <div class=\"text\">\n      <p><span style=\"font-weight: 400;\">El procedimiento que debe seguirse para solicitar la autenticaci\u00f3n de documentos en la Santa Sede:<\/span><\/p>\n<ul>\n<li style=\"font-weight: 400;\" aria-level=\"1\"><span style=\"font-weight: 400;\">Solicitar a la Secretar\u00eda General los documentos que se desea autenticar (m\u00e1s informaci\u00f3n en la p\u00e1gina\u00a0<\/span><span style=\"font-weight: 400;\">Solicitud de certificados y diplomas<\/span><span style=\"font-weight: 400;\">).<\/span><\/li>\n<li style=\"font-weight: 400;\" aria-level=\"1\"><span style=\"font-weight: 400;\">Solicitud de autenticaci\u00f3n de documentos en:<\/span><\/li>\n<\/ul>\n<ol>\n<li style=\"font-weight: 400;\" aria-level=\"1\"><span style=\"font-weight: 400;\">El\u00a0<\/span><a href=\"http:\/\/www.vatican.va\/roman_curia\/congregations\/ccatheduc\/index_it.htm\" target=\"_blank\" rel=\"noopener\"><span style=\"font-weight: 400;\">Dicasterio para la Cultura y la Educaci\u00f3n <\/span><\/a><span style=\"font-weight: 400;\">: P.zza Pio XII n. 3 &#8211; tel. 06.69.884.167 &#8211; fax 06.69.884.172. Para el reconocimiento del t\u00edtulo, si fuese necesario, hay que autenticar al menos (como se ha mencionado, esto var\u00eda de un estado a otro) y llevar:<\/span>\n<ul>\n<li style=\"font-weight: 400;\" aria-level=\"2\"><span style=\"font-weight: 400;\">el original del Diploma en pergamino y una fotocopia;<\/span><\/li>\n<li style=\"font-weight: 400;\" aria-level=\"2\"><span style=\"font-weight: 400;\">el certificado de Cualificaci\u00f3n (que contiene los ex\u00e1menes realizados).<\/span><\/li>\n<\/ul>\n<\/li>\n<li><span style=\"font-weight: 400;\">La\u00a0<\/span><a href=\"http:\/\/www.vatican.va\/roman_curia\/secretariat_state\/index_it.htm\" target=\"_blank\" rel=\"noopener\"><span style=\"font-weight: 400;\">Secretar\u00eda de Estado del Vaticano<\/span><\/a><span style=\"font-weight: 400;\"> [mantener el enlace] &#8211; (Palacio Apost\u00f3lico Vaticano). Ciudad del Vaticano &#8211; tel. 06.6988.3438 &#8211; fax 06.6988.5088, presentando el diploma y el certificado de los ex\u00e1menes originales para autentificar las firmas.<\/span><\/li>\n<\/ol>\n<p><span style=\"font-weight: 400;\">Los documentos que pueden ser\u00a0<\/span><i><span style=\"font-weight: 400;\">autenticados<\/span><\/i><span style=\"font-weight: 400;\">\u00a0en la Santa Sede son \u00fanicamente los relacionados con la obtenci\u00f3n de los grados acad\u00e9micos de Bachillerato, Licenciatura y Doctorado.<\/span><\/p>\n<p><span style=\"font-weight: 400;\">La Universidad ofrece un servicio de autenticaci\u00f3n para sus estudiantes previa solicitud.<\/span><\/p>\n\n    <\/div>\n      <\/div>\n<\/div>\n                      <div class=\"accordion\" >\n  <button class=\"button s30\">T\u00edtulos pontificios en Italia\n    <span class=\"button__icon icon-plus \">\n      <i class=\"fa-regular fa-plus\"><\/i>\n    <\/span>\n  <\/button>\n  <div class=\"panel\">\n    <div class=\"text\">\n      <p>Seg\u00fan el\u00a0<a href=\"https:\/\/www.gazzettaufficiale.it\/atto\/serie_generale\/caricaDettaglioAtto\/originario?atto.dataPubblicazioneGazzetta=2019-07-10&#038;atto.codiceRedazionale=19G00069&#038;elenco30giorni=true\" target=\"_blank\" rel=\"noopener\">Decreto del Presidente de la Rep\u00fablica n.\u00ba 63 del 27 de mayo de 2019<\/a>\u00a0(<a href=\"https:\/\/www.gazzettaufficiale.it\/eli\/gu\/2019\/07\/10\/160\/sg\/pdf\" target=\"_blank\" rel=\"noopener\">GU.pdf<\/a>), a d\u00eda de hoy, el Estado italiano garantiza el reconocimiento oficial de los grados acad\u00e9micos pontificios de\u00a0<b>Bachillerato<\/b>\u00a0y\u00a0<b>Licenciatura<\/b>, respectivamente como\u00a0<b>Laurea<\/b>\u00a0y\u00a0<b>Laurea magistrale<\/b>, en las siguientes disciplinas:\u00a0<b>Teolog\u00eda<\/b>,\u00a0<b>Sagrada Escritura<\/b>,<b>Derecho Can\u00f3nico<\/b>, <b>Liturgia<\/b>,\u00a0<b>Espiritualidad<\/b>,<b>Misionolog\u00eda<\/b>\u00a0y\u00a0<b>Ciencias Religiosas<\/b>.<\/p>\n<p>El citado decreto actualiza <a href=\"https:\/\/www.gazzettaufficiale.it\/eli\/id\/1985\/04\/10\/085U0121\/sg\" target=\"_blank\" rel=\"noopener\">el art\u00edculo 10.2 de la Ley n.\u00ba\u00a0121 del 25 de marzo de 1985<\/a>\u00a0y el\u00a0<a href=\"https:\/\/www.gazzettaufficiale.it\/eli\/id\/1994\/03\/16\/094G0204\/sg\" target=\"_blank\" rel=\"noopener\">Decreto del Presidente de la Rep\u00fablica n.\u00ba 175 del 2 de febrero de 1994<\/a>.<\/p>\n<p>Para proceder al reconocimiento oficial en Italia, el interesado debe solicitar previamente a la Secretar\u00eda General los siguientes certificados:<\/p>\n<ul>\n<li>Diploma y Certificado de Obtenci\u00f3n del T\u00edtulo con declaraci\u00f3n de los 13 a\u00f1os de docencia y 180 ECTS* para el reconocimiento del\u00a0<b>Bachillerato\u00a0<\/b>como \u00abLaurea\u00bb.<\/li>\n<li>Diploma y Certificado de Obtenci\u00f3n del T\u00edtulo con declaraci\u00f3n de los 20 a\u00f1os de docencia y 120 ECTS* para el reconocimiento de la\u00a0<b>Licenciatura\u00a0<\/b>como \u00abLaurea Magistrale\u00bb.<\/li>\n<\/ul>\n<p>* Para quienes hayan obtenido su titulaci\u00f3n acad\u00e9mica antes de la entrada en vigor del Sistema Europeo de Transferencia y Acumulaci\u00f3n de Cr\u00e9ditos (ECTS) en la Universidad, previa solicitud se podr\u00e1 obtener, como anexo al certificado, una declaraci\u00f3n de equivalencia en la que conste que el plan de estudios de cinco a\u00f1os ha cumplido los 180 cr\u00e9ditos exigidos para el Bachillerato y la especializaci\u00f3n posterior de dos a\u00f1os (\u00abLicenza\u00bb) ha cumplido los 120 cr\u00e9ditos de la \u00abLicenza\u00bb.<\/p>\n<p>Para la legalizaci\u00f3n en el Estado italiano, ser\u00e1 necesario seguir las instrucciones indicadas en esta p\u00e1gina:<\/p>\n<p><a href=\"https:\/\/ambsantasedevaticano.esteri.it\/ambasciata_santasedevaticano\/it\/informazioni_e_servizi\/servizi_consolari\/legalizzazione-documenti.html\" target=\"_blank\" rel=\"noopener\">https:\/\/ambsantasedevaticano.esteri.it\/ambasciata_santasedevaticano\/it\/informazioni_e_servizi\/servizi_consolari\/legalizzazione-documenti.html<\/a><\/p>\n<p>A continuaci\u00f3n se detalla el proceso de legalizaci\u00f3n en el Estado italiano que conocemos actualmente:<\/p>\n<ul>\n<li>V\u00e9ase el sitio web de CIMEA:\u00a0<a href=\"http:\/\/www.cimea.it\/it\/servizi\/procedure-di-riconoscimento-dei-titoli\/procedure-di-riconoscimento-dei-titoli-overview.aspx\" target=\"_blank\" rel=\"noopener\"> http:\/\/www.cimea.it\/it\/servizi\/procedure-di-riconoscimento-dei-titoli\/procedure-di-riconoscimento-dei-titoli-overview.aspx<\/a><\/li>\n<\/ul>\n<ul>\n<li>Reservar el servicio de legalizaci\u00f3n en\u00a0<a href=\"https:\/\/prenotami.esteri.it\/\" target=\"_blank\" rel=\"noopener\"> https:\/\/prenotami.esteri.it<\/a>\u00a0en nombre del titular.\n<ul>\n<li>Reserva por delegaci\u00f3n:\n<ul>\n<li>Si tiene intenci\u00f3n de delegar en una tercera persona, se deber\u00e1 solicitar la cita siempre a nombre del titular.<\/li>\n<li>El apoderado deber\u00e1 presentar el original del poder en papel normal y una fotocopia del documento de identidad de la parte mandante.<\/li>\n<li>Si el apoderado representa a varias personas, deber\u00e1 solicitar una cita para cada mandante. El servicio se presta por orden de llegada a la Embajada.<\/li>\n<\/ul>\n<\/li>\n<\/ul>\n<\/li>\n<li>Simult\u00e1neamente a la legalizaci\u00f3n del t\u00edtulo, si as\u00ed lo solicitan otras administraciones p\u00fablicas italianas, se podr\u00e1 expedir la correspondiente\u00a0<i>Declaraci\u00f3n de valor<\/i>. En este caso, ser\u00e1 necesario presentar, adem\u00e1s del t\u00edtulo original, el certificado del\u00a0<i>Diploma Supplement<\/i>, tambi\u00e9n ya legalizado por los dos organismos vaticanos (Santa Sede).<\/li>\n<li>El d\u00eda de la cita, el interesado deber\u00e1 presentarse con un documento de identidad y su t\u00edtulo original. La <a href=\"https:\/\/ambsantasedevaticano.esteri.it\/ambasciata_santasedevaticano\/it\/\" target=\"_blank\" rel=\"noopener\">Embajada de Italia en la Santa Sede<\/a> se encuentra en Viale delle Belle Arti. Roma &#8211; tel. 06.3264881<\/li>\n<li>Para conocer los costes y la forma de pago de los servicios de legalizaci\u00f3n y declaraci\u00f3n de valor, consultar la p\u00e1gina:\u00a0<a href=\"https:\/\/ambsantasedevaticano.esteri.it\/ambasciata_santasedevaticano\/it\/informazioni_e_servizi\/servizi_consolari\/legalizzazione-documenti.html\" target=\"_blank\" rel=\"noopener\"> https:\/\/ambsantasedevaticano.esteri.it\/ambasciata_santasedevaticano\/it\/informazioni_e_servizi\/servizi_consolari\/legalizzazione-documenti.html<\/a><\/li>\n<\/ul>\n<p>Por \u00faltimo, se deber\u00e1 presentar una solicitud en papel normal, junto con todos los documentos y autenticaciones indicados anteriormente, en el <a href=\"http:\/\/www.istruzione.it\/\" target=\"_blank\" rel=\"noopener\">Ministero dell\u2019Istruzione, dell\u2019Universit\u00e0 e della Ricerca<\/a>\u00a0&#8211; Ufficio Equipollenze &#8211; Via Michele Carcani, 61. Roma &#8211; Tel. 06 9772.6090.<\/p>\n<p>El Diploma di Magisterio en Ciencias Religiosas (t\u00edtulo de cuatro a\u00f1os) no figura entre los t\u00edtulos reconocidos por el Estado italiano. Sin embargo, es v\u00e1lido para ejercer actividades docentes seg\u00fan el\u00a0<a href=\"https:\/\/www.gazzettaufficiale.it\/atto\/serie_generale\/caricaDettaglioAtto\/originario?atto.dataPubblicazioneGazzetta=2012-10-16&#038;atto.codiceRedazionale=012G0197\" target=\"_blank\" rel=\"noopener\">decreto del Presidente de la Rep\u00fablica del 20 de agosto de 2012 (n.\u00ba\u00a0175)<\/a>.<\/p>\n\n    <\/div>\n      <\/div>\n<\/div>\n                      <div class=\"accordion\" >\n  <button class=\"button s30\">T\u00edtulos pontificios en el extranjero\n    <span class=\"button__icon icon-plus \">\n      <i class=\"fa-regular fa-plus\"><\/i>\n    <\/span>\n  <\/button>\n  <div class=\"panel\">\n    <div class=\"text\">\n      <p>Despu\u00e9s de obtener la autenticaci\u00f3n en la\u00a0<b>Secretar\u00eda de Estado del Vaticano<\/b>, es necesario dirigirse a la <b>Embajada de su pa\u00eds en la Santa Sede<\/b>\u00a0o a la\u00a0<b>Nunciatura Apost\u00f3lica de dicho pa\u00eds,<\/b>\u00a0para obtener las autenticaciones correspondientes. Por \u00faltimo, deber\u00e1 seguir las instrucciones del organismo ministerial de educaci\u00f3n al que desee solicitar el reconocimiento de su titulaci\u00f3n.<\/p>\n\n    <\/div>\n      <\/div>\n<\/div>\n                      <div class=\"accordion\" >\n  <button class=\"button s30\">Responsable del proceso de reconocimiento de t\u00edtulos eclesi\u00e1sticos\n    <span class=\"button__icon icon-plus \">\n      <i class=\"fa-regular fa-plus\"><\/i>\n    <\/span>\n  <\/button>\n  <div class=\"panel\">\n    <div class=\"text\">\n      <p>La persona responsable de iniciar y continuar el proceso de reconocimiento oficial de los t\u00edtulos es la persona que ha obtenido el t\u00edtulo. Por lo tanto, el interesado debe proceder de acuerdo con las normas dictadas por el organismo en el que desee reconocer su t\u00edtulo (por ejemplo, para Italia este organismo es el Ministero dell\u2019Universit\u00e0 e della Ricerca; para M\u00e9xico es la\u00a0<i>Secretar\u00eda de Educaci\u00f3n P\u00fablica<\/i>.<\/p>\n<p>En este proceso, el Ateneo se limita a expedir certificados y diplomas en pergamino relativos a las carreras que ofrece. En esta p\u00e1gina encontrar\u00e1 informaci\u00f3n sobre los certificados y diplomas concedidos: Solicitud de certificados y diplomas.<\/p>\n\n    <\/div>\n      <\/div>\n<\/div>\n                      <\/div>\n  <\/div>\n\n  <\/section>\n\n\n<section class=\"block  paragraph-box full-width\" \n            >\n\n      <div class=\"paragraph-box__content text-center pt-40 md:pt-50 pb-40 md:pb-50\" id=\"\" style=\"\">\n\n          <div class=\"container\" style=\"\">\n  \n  \n  \n      <div class=\"!mb-30 intro-text text-left\">\n      <p><p>ADVERTENCIA: esta p\u00e1gina es de car\u00e1cter puramente informal y pretende ofrecer informaci\u00f3n \u00fatil sobre el reconocimiento oficial de los t\u00edtulos pontificios. Dado que esta informaci\u00f3n var\u00eda sin que se avise previamente a las distintas universidades, y difiere en funci\u00f3n del sistema educativo de destino de la solicitud de reconocimiento de estudios, el Ateneo Pontificio Regina Apostolorum no asume ninguna responsabilidad en cuanto a la exactitud o actualizaci\u00f3n real de la informaci\u00f3n aqu\u00ed contenida.<\/p>\n<\/p>\n    <\/div>\n  \n  \n\n<\/div>\n    \n    \n    \n    \n  <\/div>\n\n  <\/section>\n","protected":false},"excerpt":{"rendered":"","protected":false},"author":3,"featured_media":0,"parent":765,"menu_order":0,"comment_status":"closed","ping_status":"closed","template":"","meta":{"_acf_changed":false,"footnotes":""},"class_list":["post-1177","page","type-page","status-publish","hentry"],"acf":[],"_links":{"self":[{"href":"https:\/\/www.upra.org\/es\/wp-json\/wp\/v2\/pages\/1177","targetHints":{"allow":["GET"]}}],"collection":[{"href":"https:\/\/www.upra.org\/es\/wp-json\/wp\/v2\/pages"}],"about":[{"href":"https:\/\/www.upra.org\/es\/wp-json\/wp\/v2\/types\/page"}],"author":[{"embeddable":true,"href":"https:\/\/www.upra.org\/es\/wp-json\/wp\/v2\/users\/3"}],"replies":[{"embeddable":true,"href":"https:\/\/www.upra.org\/es\/wp-json\/wp\/v2\/comments?post=1177"}],"version-history":[{"count":32,"href":"https:\/\/www.upra.org\/es\/wp-json\/wp\/v2\/pages\/1177\/revisions"}],"predecessor-version":[{"id":8241,"href":"https:\/\/www.upra.org\/es\/wp-json\/wp\/v2\/pages\/1177\/revisions\/8241"}],"up":[{"embeddable":true,"href":"https:\/\/www.upra.org\/es\/wp-json\/wp\/v2\/pages\/765"}],"wp:attachment":[{"href":"https:\/\/www.upra.org\/es\/wp-json\/wp\/v2\/media?parent=1177"}],"curies":[{"name":"wp","href":"https:\/\/api.w.org\/{rel}","templated":true}]}}