{"id":1192,"date":"2023-07-13T12:44:12","date_gmt":"2023-07-13T12:44:12","guid":{"rendered":"https:\/\/www.upra.org\/es\/?page_id=1192"},"modified":"2024-01-23T11:53:28","modified_gmt":"2024-01-23T11:53:28","slug":"docentes","status":"publish","type":"page","link":"https:\/\/www.upra.org\/es\/comunidad-apra\/docentes\/","title":{"rendered":"Para nuestros docentes"},"content":{"rendered":"<section class=\"block  navigation-with-button full-width\" \n            >\n\n      <div class=\"navigation-with-button__content cta-with-media pt-20 md:pt-0 md:pb-0 pb-0\" id=\"\" style=\"\">\n                    <div class=\"container overflow-hidden\" style=\"\">\n        <div\n          class=\"slider slider-disabled\"\n          data-slider-config='{\n            \"slidesPerView\": 1,\n            \"spaceBetween\": 0,\n            \"navigation\": {\n              \"nextEl\": \".block.navigation-with-button .swiper-button-next\",\n              \"prevEl\": \".block.navigation-with-button .swiper-button-prev\"\n            },\n            \"autoplay\": false,\n            \"loop\": false,\n            \"breakpoints\": {\n              \"768\": {\n                \"slidesPerView\": 1,\n                \"spaceBetween\": 16\n              },\n              \"992\": {\n                \"slidesPerView\": 1,\n                \"spaceBetween\": 16\n              }\n            }\n          }'\n          >\n          <div class=\"swiper-wrapper z-10 relative mt-0 mb-0 md:mb-20 noSlider\">\n                                        <div class=\"swiper-slide !h-auto\">\n                <article class=\"card-slide --cta-with-media cta-with-media primary fullwidth cta-with-media\" style=\"\">\n\n\n\n  <div class=\"card-slide__inner h-full flex flex-col justify-between md:flex-col-reverse\">\n    \n    <div class=\"card-slide__content h-full data-def basis-2\/3 self-center\">\n      <div class=\"pt-50 pr-20 pb-40 pl-20 md:pr-30 md:pl-30 h-full flex flex-col justify-between\">\n\n        \n        <div class=\"!mb-0\">\n                                <div class=\"card-slide__text font-normal font-400\"><p>Para todos los profesionales que forman parte del profesorado del Ateneo Pontificio Regina Apostolorum, hemos creado este espacio en el que podr\u00e1n encontrar toda la informaci\u00f3n necesaria para realizar el mejor seguimiento de sus alumnos. En esta secci\u00f3n puede consultar todas las herramientas que necesita para llevar a cabo su trabajo.<\/p>\n<\/div>\n          \n                            <\/div>\n\n                  <div><\/div>\n              <\/div>\n    <\/div>\n\n          <div class=\"card-slide__visual relative\">\n        <div>\n          <div\n  class=\"image   --is-png \"\n   data-defer >\n  <figure>\n    <div class=\"image__wrapper\">\n              <picture>\n          \n          <source\n            srcset=\"\"\n            sizes=\"(min-width: 992px) 740px, (min-width: 768px) 680px, 100vw\"\n          \/>\n          <img decoding=\"async\" src=\"https:\/\/www.upra.org\/app\/uploads\/sites\/5\/2023\/09\/Docenti.png\" width=\"\" height=\"\" alt=\"Docenti\">\n        <\/picture>\n          <\/div>\n      <\/figure>\n<\/div>\n        <\/div>\n      <\/div>\n    \n  <\/div>\n<\/article>\n              <\/div>\n                      <\/div>\n        <\/div>\n      <\/div>\n      <\/div>\n\n  <\/section>\n\n\n\n<section class=\"block  cta-banner full-width\" \n            >\n\n      <div class=\"cta-banner__content  content-center pt-60 md:pt-80 pb-60 md:pb-80\" id=\"\" style=\"background-color: #f2f3f5\">\n    <div class=\"container px-20 md:px-0\">\n      <div>\n                            <h2 class=\"py-20 s50 font-500 text-primary text-center md:text-left\">\u00c1rea reservada<\/h2>\n                          <p class=\"pb-20 md:px-0\"><p style=\"text-align: left;\">Para acceder a la zona exclusiva para los docentes, debe indicar su n\u00famero de matr\u00edcula y contrase\u00f1a. Una vez haya entrado en su cuenta personal, tendr\u00e1 acceso a:<\/p>\n<ul>\n<li style=\"font-weight: 400; text-align: left;\" aria-level=\"1\">Lista de cursos impartidos<\/li>\n<li style=\"font-weight: 400; text-align: left;\" aria-level=\"1\">Horario semanal<\/li>\n<li style=\"font-weight: 400; text-align: left;\" aria-level=\"1\"><span style=\"font-weight: 400;\">Sistema de introducci\u00f3n de notas e impresi\u00f3n de actas<\/span><\/li>\n<li style=\"font-weight: 400; text-align: left;\" aria-level=\"1\"><span style=\"font-weight: 400;\">Visualizaci\u00f3n del cuestionario de evaluaci\u00f3n del docente<\/span><\/li>\n<\/ul>\n<\/p>\n              <\/div>\n      <div>\n                          <a href=https:\/\/ssb-prod.apra.lcred.net\/ATENEO\/twbkwbis.P_GenMenu?name=homepage   title=\"Ir al \u00e1rea reservada\"  class=\"button --button-border mb-20  \">\n    <span class=\"button__label\">Ir al \u00e1rea reservada<\/span>\n      <span class=\"button__icon icon icon-arrow-right\">\n      <span class=\"lnr lnr-arrow-right\"><\/span>\n\n    <\/span>\n  <\/a>\n                \n        \n              <\/div>\n    <\/div>\n\n  <\/div>\n\n  <\/section>\n\n\n<section class=\"block  standard-accordion full-width\" \n            >\n\n      <div class=\"standard-accordion__content accordions pt-40 md:pt-80 pb-40 md:pb-80  \" id=\"\" style=\"\">\n    <div class=\"container faq\">\n                      <h2 class=\"s40 text-center text-primary font-500 pb-20 md:pb-40\">FAQ para docentes<\/h2>\n                    <div class=\"text intro pb-30 md:pb-40\"><p>ADVERTENCIA: algunos contenidos adicionales podr\u00edan estar en italiano.<\/p>\n<\/div>\n                                    <div class=\"accordion\" >\n  <button class=\"button s30\">\u00bfC\u00f3mo puedo imprimir la lista de alumnos matriculados en un curso?\n    <span class=\"button__icon icon-plus \">\n      <i class=\"fa-regular fa-plus\"><\/i>\n    <\/span>\n  <\/button>\n  <div class=\"panel\">\n    <div class=\"text\">\n      <p>Para descargar e imprimir la lista de alumnos matriculados en un curso, existe una gu\u00eda disponible en este enlace<\/p>\n\n    <\/div>\n          <a href=https:\/\/app.tango.us\/app\/workflow\/Scaricare-stampare-la-lista-degli-studenti-iscritti-ad-un-corso-2cdd72482011410f8877eeba104fa3ab  target=_blank  title=\"M\u00e1s informaci\u00f3n\"   rel=\"noopener noreferrer\" class=\"button --button-border mt-20  \">\n    <span class=\"button__label\">M\u00e1s informaci\u00f3n<\/span>\n      <span class=\"button__icon icon icon-arrow-right\">\n      <span class=\"lnr lnr-arrow-right\"><\/span>\n\n    <\/span>\n  <\/a>\n      <\/div>\n<\/div>\n                      <div class=\"accordion\" >\n  <button class=\"button s30\">\u00bfC\u00f3mo se introducen las notas en el sistema del \u00e1rea reservada?\n    <span class=\"button__icon icon-plus \">\n      <i class=\"fa-regular fa-plus\"><\/i>\n    <\/span>\n  <\/button>\n  <div class=\"panel\">\n    <div class=\"text\">\n      <p>A partir de la primera convocatoria de ex\u00e1menes del curso 2022-2023, se ha revisado el procedimiento de gesti\u00f3n de los registros de calificaciones y asistencia. En los siguientes pasos se exponen claramente los cambios introducidos en aras de la simplificaci\u00f3n y automatizaci\u00f3n del proceso:<\/p>\n<ul>\n<li>Las secretar\u00edas de las facultades entregar\u00e1n al docente los registros de asistencia y calificaci\u00f3n de los ex\u00e1menes.<\/li>\n<li>Durante el examen, el docente firmar\u00e1 el registro de asistencia y marcar\u00e1 las notas en el libro de calificaciones.<\/li>\n<li>Tras el examen, el docente acudir\u00e1 a la secretar\u00eda acad\u00e9mica (situada en la primera planta, sector B) y entregar\u00e1 \u00fanicamente el registro de asistencia.<\/li>\n<li>El docente introducir\u00e1 las notas en el \u00e1rea reservada en un plazo m\u00e1ximo de 5 d\u00edas para los ex\u00e1menes orales y de 15 d\u00edas para los escritos.<\/li>\n<li>No es necesario entregar el acta de calificaciones, ser\u00e1 responsabilidad del docente guardarla al menos durante un mes para posibles peticiones de revisi\u00f3n por parte de los alumnos.<\/li>\n<li>Los ex\u00e1menes escritos deben ser entregados por el docente en la secretar\u00eda acad\u00e9mica.<\/li>\n<li>Los ex\u00e1menes finales (trabajo de fin de ciclo y examen final) que requieren una \u00abmedia\u00bb de varias notas ser\u00e1n evaluados y registrados como de costumbre por las secretar\u00edas de las facultades y la secretar\u00eda general.<\/li>\n<\/ul>\n<p>Para cargar las calificaciones, se puede seguir esta gu\u00eda.<\/p>\n\n    <\/div>\n          <a href=https:\/\/giovannimalgaroli.notion.site\/Inserimento-dei-voti-nel-sistema-Area-Riservata-Banner-c8e2758338724ae99d3270e996495645  target=_blank  title=\"M\u00e1s informaci\u00f3n\"   rel=\"noopener noreferrer\" class=\"button --button-border mt-20  \">\n    <span class=\"button__label\">M\u00e1s informaci\u00f3n<\/span>\n      <span class=\"button__icon icon icon-arrow-right\">\n      <span class=\"lnr lnr-arrow-right\"><\/span>\n\n    <\/span>\n  <\/a>\n      <\/div>\n<\/div>\n                      <div class=\"accordion\" >\n  <button class=\"button s30\">\u00bfEs posible ver la ficha de evaluaci\u00f3n del docente?\n    <span class=\"button__icon icon-plus \">\n      <i class=\"fa-regular fa-plus\"><\/i>\n    <\/span>\n  <\/button>\n  <div class=\"panel\">\n    <div class=\"text\">\n      <p>En el \u00e1rea reservada, hay una secci\u00f3n donde se puede ver la ficha de evaluaci\u00f3n del docente. Para acceder a ella, se puede seguir esta gu\u00eda<\/p>\n\n    <\/div>\n          <a href=https:\/\/giovannimalgaroli.notion.site\/Guida-per-la-consultazione-della-Valutazione-dell-Attivit-Didattica-0b10cab3202748929a0db45e54e5c162  target=_blank  title=\"M\u00e1s informaci\u00f3n\"   rel=\"noopener noreferrer\" class=\"button --button-border mt-20  \">\n    <span class=\"button__label\">M\u00e1s informaci\u00f3n<\/span>\n      <span class=\"button__icon icon icon-arrow-right\">\n      <span class=\"lnr lnr-arrow-right\"><\/span>\n\n    <\/span>\n  <\/a>\n      <\/div>\n<\/div>\n                      <div class=\"accordion\" >\n  <button class=\"button s30\">\u00bfHay cursos a distancia?\n    <span class=\"button__icon icon-plus \">\n      <i class=\"fa-regular fa-plus\"><\/i>\n    <\/span>\n  <\/button>\n  <div class=\"panel\">\n    <div class=\"text\">\n      <p>Para el a.\u00a0a. 2022\/2023, la Congregaci\u00f3n para la Educaci\u00f3n Cat\u00f3lica no renov\u00f3 los permisos extraordinarios ofrecidos en los dos a\u00f1os anteriores debido a la situaci\u00f3n social y sanitaria provocada por la pandemia. Por tanto, todos los programas que ofrezcan una titulaci\u00f3n acad\u00e9mica se ofrecer\u00e1n en la modalidad presencial siguiendo las directivas legislativas que vayan surgiendo con el tiempo. Esta modalidad se combinar\u00e1 en algunos casos con la ense\u00f1anza a distancia parcial de acuerdo con las normas establecidas por la Instrucci\u00f3n para la aplicaci\u00f3n de la modalidad de ense\u00f1anza a distancia en las universidades\/facultades eclesi\u00e1sticas. Por este motivo, las Autoridades de las Facultades e Institutos de la Universidad valorar\u00e1n en qu\u00e9 casos mantener activa la posibilidad de grabar las clases tambi\u00e9n durante el curso 2022-2023. Cuando se mantenga el servicio, las clases se grabar\u00e1n a trav\u00e9s de la plataforma Teams seg\u00fan los fines y modalidades que se indican a continuaci\u00f3n.<\/p>\n\n    <\/div>\n      <\/div>\n<\/div>\n                      <div class=\"accordion\" >\n  <button class=\"button s30\">\u00bfEst\u00e1n obligados los docentes a estar presentes en la universidad tambi\u00e9n para las clases a distancia?\n    <span class=\"button__icon icon-plus \">\n      <i class=\"fa-regular fa-plus\"><\/i>\n    <\/span>\n  <\/button>\n  <div class=\"panel\">\n    <div class=\"text\">\n      <ul>\n<li style=\"font-weight: 400;\" aria-level=\"1\">Los docentes est\u00e1n obligados a impartir las clases y transmitirlas desde las instalaciones de la Universidad (v\u00e9ase el Reglamento DAD, art. 2).<\/li>\n<li style=\"font-weight: 400;\" aria-level=\"1\">En funci\u00f3n de las actividades acad\u00e9micas concretas, la organizaci\u00f3n did\u00e1ctica podr\u00e1 establecer otras formas de transmisi\u00f3n que ser\u00e1n establecidas y comunicadas por las autoridades acad\u00e9micas competentes (v\u00e9ase el Reglamento DAD, art. 1).<\/li>\n<\/ul>\n\n    <\/div>\n      <\/div>\n<\/div>\n                      <div class=\"accordion\" >\n  <button class=\"button s30\">\u00bfQu\u00e9 normas deben seguirse al grabar clases para la ense\u00f1anza a distancia?\n    <span class=\"button__icon icon-plus \">\n      <i class=\"fa-regular fa-plus\"><\/i>\n    <\/span>\n  <\/button>\n  <div class=\"panel\">\n    <div class=\"text\">\n      <p>Las clases se graban para la ense\u00f1anza a distancia seg\u00fan las condiciones establecidas por la Congregaci\u00f3n para la Educaci\u00f3n Cat\u00f3lica en las \u00abNormas para la aplicaci\u00f3n de la Cost. Ap. Veritatis gaudium\u00bb.<br \/>\nPor lo tanto, el tratamiento de datos correspondiente se lleva a cabo de conformidad con el art. 6, apdo.\u00a01, letras b) y e) del Reglamento (UE) 2016\/679 (el denominado GDPR), de conformidad con los principios descritos en la nota informativa seg\u00fan el art\u00edculo 13 GDPR facilitada en el momento de la inscripci\u00f3n o firma del contrato de ense\u00f1anza o aceptaci\u00f3n del encargo conferido.<\/p>\n<p>Si un alumno no desea aparecer en la grabaci\u00f3n de una clase (en audio o v\u00eddeo), bastar\u00e1 con que mantenga la webcam o el micr\u00f3fono apagados en su terminal, garantizando en cualquier caso que el docente pueda comprobar la presencia real del alumno y su participaci\u00f3n en la clase.<\/p>\n<p>Durante el transcurso de la clase, el docente podr\u00e1 apagar moment\u00e1neamente la webcam, si ello afecta significativamente a la posibilidad de compartir y proyectar el material did\u00e1ctico o a la calidad de la conexi\u00f3n, o en caso de necesidades personales contingentes. Del mismo modo, el docente puede silenciar temporalmente el micr\u00f3fono en caso de necesidades personales.<\/p>\n<p>La grabaci\u00f3n de la clase se podr\u00e1 suspender y reanudar posteriormente, \u00fanicamente por necesidades t\u00e9cnicas o a petici\u00f3n del docente.<\/p>\n<p>La grabaci\u00f3n de la clase debe detenerse, y reiniciarse posteriormente, en caso de pausas\/interrupciones de la clase acordadas con el docente (por ejemplo, durante las pausas entre dos unidades).<\/p>\n\n    <\/div>\n      <\/div>\n<\/div>\n                      <div class=\"accordion\" >\n  <button class=\"button s30\">\u00bfC\u00f3mo se graban las clases?\n    <span class=\"button__icon icon-plus \">\n      <i class=\"fa-regular fa-plus\"><\/i>\n    <\/span>\n  <\/button>\n  <div class=\"panel\">\n    <div class=\"text\">\n      <p>Cuando as\u00ed lo soliciten las autoridades, los docentes iniciar\u00e1n la grabaci\u00f3n de las clases, que estar\u00e1n a disposici\u00f3n de los propios profesores y de los alumnos de cada curso (Team) seg\u00fan las posibilidades que ofrezca la plataforma.[1]<\/p>\n<p>Si el docente no puede, por razones t\u00e9cnicas o de otro tipo, iniciar la grabaci\u00f3n, puede hacerlo un alumno. En caso de que el profesor comience la clase sin iniciar la grabaci\u00f3n, un alumno, tras informar de la circunstancia al profesor, podr\u00e1 hacerlo.<\/p>\n<p>Las clases ser\u00e1n accesibles para el Team, podr\u00e1n verse en l\u00ednea o descargarse, seg\u00fan el tipo de grabaci\u00f3n.[1]<\/p>\n<p>Las grabaciones deben permanecer a disposici\u00f3n de los estudiantes durante el tiempo adecuado para cumplir la finalidad de la ense\u00f1anza a distancia, es decir, durante todo el a\u00f1o acad\u00e9mico en cuesti\u00f3n.[2] Al final del a\u00f1o acad\u00e9mico (septiembre-octubre), se deber\u00e1n borrar. La eliminaci\u00f3n es responsabilidad del docente que, en caso de necesidad, puede solicitar ayuda a <a href=\"mailto:servizionline@upra.org\">servizionline@upra.org<\/a> para llevar a cabo esta operaci\u00f3n.<\/p>\n<p>Es responsabilidad de cada miembro del Team o curso impedir la difusi\u00f3n de la grabaci\u00f3n seg\u00fan las condiciones descritas anteriormente, de acuerdo con la ley.<\/p>\n<p>[1] Las pol\u00edticas de las plataformas inform\u00e1ticas var\u00edan y, seg\u00fan las condiciones de sus servicios, evolucionan constantemente. En lo que respecta a la plataforma Microsoft Teams, los criterios de grabaci\u00f3n y las pol\u00edticas correspondientes se pueden leer aqu\u00ed: Grabar una reuni\u00f3n en Teams (microsoft.com)<\/p>\n<p>[2] Si se comprueba que todos los alumnos de un curso han realizado y aprobado el examen correspondiente, las grabaciones podr\u00e1n borrarse incluso antes de que finalice el a\u00f1o acad\u00e9mico.<\/p>\n\n    <\/div>\n      <\/div>\n<\/div>\n                      <div class=\"accordion\" >\n  <button class=\"button s30\">\u00bfPuedo difundir el contenido de las clases grabadas en mis canales personales?\n    <span class=\"button__icon icon-plus \">\n      <i class=\"fa-regular fa-plus\"><\/i>\n    <\/span>\n  <\/button>\n  <div class=\"panel\">\n    <div class=\"text\">\n      <p>Las grabaciones de las clases del curso se utilizar\u00e1n exclusivamente con fines did\u00e1cticos.<\/p>\n<p>Queda terminantemente prohibido que docentes y alumnos difundan, divulguen o comuniquen a terceros grabaciones, aunque sean parciales, o fotogramas de ellas.<\/p>\n<p>La difusi\u00f3n solo est\u00e1 permitida con el consentimiento previo de todas las personas filmadas y la autorizaci\u00f3n expresa de la Universidad.<\/p>\n\n    <\/div>\n      <\/div>\n<\/div>\n                      <div class=\"accordion\" >\n  <button class=\"button s30\">\u00bfCu\u00e1les son las plataformas digitales obligatorias que deben utilizar quienes ense\u00f1an en el Ateneo Pontificio Regina Apostolorum?\n    <span class=\"button__icon icon-plus \">\n      <i class=\"fa-regular fa-plus\"><\/i>\n    <\/span>\n  <\/button>\n  <div class=\"panel\">\n    <div class=\"text\">\n      <p>Todos los docentes que imparten clases en nuestra Universidad deben tener acceso a estas plataformas:\u00a0<\/p>\n<ul>\n<li>\u00c1rea reservada (v\u00e9ase p\u00e1gina: <a href=\"https:\/\/www.upra.org\/docenti\/area-riservata-informazioni\/\">https:\/\/www.upra.org\/docenti\/area-riservata-informazioni\/<\/a>)\u00a0 <\/li>\n<li>Microsoft 365 (antes, Office 365): <a href=\"https:\/\/www.office.com\/\" target=\"_blank\" rel=\"noopener\">https:\/\/www.office.com\/<\/a><\/li>\n<li>Materiales en l\u00ednea (Moodle): <a href=\"https:\/\/corsiupra.org\/\" target=\"_blank\" rel=\"noopener\">https:\/\/corsiupra.org\/\u00a0 <\/a><\/li>\n<li>Turnitin<\/li>\n<\/ul>\n\n    <\/div>\n      <\/div>\n<\/div>\n                      <div class=\"accordion\" >\n  <button class=\"button s30\">\u00bfC\u00f3mo se accede al \u00e1rea reservada?\n    <span class=\"button__icon icon-plus \">\n      <i class=\"fa-regular fa-plus\"><\/i>\n    <\/span>\n  <\/button>\n  <div class=\"panel\">\n    <div class=\"text\">\n      <p><span style=\"font-weight: 400;\">Para acceder al \u00e1rea reservada, es necesario disponer de un n\u00famero de matr\u00edcula y un PIN. En el \u00e1rea reservada encontrar\u00e1 informaci\u00f3n acad\u00e9mica oficial sobre sus cursos y el sistema de registro de las calificaciones de los ex\u00e1menes. M\u00e1s informaci\u00f3n en la p\u00e1gina:\u00a0<\/span><\/p>\n\n    <\/div>\n          <a href=https:\/\/www.upra.org\/docenti\/area-riservata-informazioni\/   title=\"M\u00e1s informaci\u00f3n\"  class=\"button --button-border mt-20  \">\n    <span class=\"button__label\">M\u00e1s informaci\u00f3n<\/span>\n      <span class=\"button__icon icon icon-arrow-right\">\n      <span class=\"lnr lnr-arrow-right\"><\/span>\n\n    <\/span>\n  <\/a>\n      <\/div>\n<\/div>\n                      <div class=\"accordion\" >\n  <button class=\"button s30\">\u00bfCu\u00e1l es el sistema operativo recomendado?\n    <span class=\"button__icon icon-plus \">\n      <i class=\"fa-regular fa-plus\"><\/i>\n    <\/span>\n  <\/button>\n  <div class=\"panel\">\n    <div class=\"text\">\n      <p>La Universidad pone a disposici\u00f3n del profesor un usuario de correo electr\u00f3nico al que se asocia una suscripci\u00f3n a Microsoft 365. Una vez formalizado el contrato, el docente recibe un correo electr\u00f3nico con la informaci\u00f3n necesaria. Haga clic aqu\u00ed para consultar la gu\u00eda de acceso y obtener m\u00e1s informaci\u00f3n.<\/p>\n\n    <\/div>\n      <\/div>\n<\/div>\n                      <div class=\"accordion\" >\n  <button class=\"button s30\">\u00bfExiste una plataforma de referencia para consultar los materiales en l\u00ednea?\n    <span class=\"button__icon icon-plus \">\n      <i class=\"fa-regular fa-plus\"><\/i>\n    <\/span>\n  <\/button>\n  <div class=\"panel\">\n    <div class=\"text\">\n      <p>Materiales en l\u00ednea es la plataforma LMS (Learning Management System) Moodle a disposici\u00f3n del profesor. A esta plataforma se accede con las mismas credenciales del usuario de Microsoft 365. Aqu\u00ed encontrar\u00e1 informaci\u00f3n y varias gu\u00edas \u00fatiles.<\/p>\n\n    <\/div>\n          <a href=https:\/\/worried-peanut-5c2.notion.site\/Materiali-online-Moodle-f080893a45064f76aeca24b5c818b09f  target=_blank  title=\"M\u00e1s informaci\u00f3n\"   rel=\"noopener noreferrer\" class=\"button --button-border mt-20  \">\n    <span class=\"button__label\">M\u00e1s informaci\u00f3n<\/span>\n      <span class=\"button__icon icon icon-arrow-right\">\n      <span class=\"lnr lnr-arrow-right\"><\/span>\n\n    <\/span>\n  <\/a>\n      <\/div>\n<\/div>\n                      <div class=\"accordion\" >\n  <button class=\"button s30\">\u00bfSe utiliza un detector de plagio en la Universidad para calificar los ex\u00e1menes?\n    <span class=\"button__icon icon-plus \">\n      <i class=\"fa-regular fa-plus\"><\/i>\n    <\/span>\n  <\/button>\n  <div class=\"panel\">\n    <div class=\"text\">\n      <p>Turnitin es un software profesional de prevenci\u00f3n del plagio. Para acceder a la plataforma, basta con utilizar el correo electr\u00f3nico de la Universidad y una contrase\u00f1a establecida por el docente. Puede utilizarse dentro de Teams, Materiales en l\u00ednea y directamente desde https:\/\/upra.turnitin.com\/home\/sign-in. Los docentes reciben un correo electr\u00f3nico de confirmaci\u00f3n para iniciar sesi\u00f3n, tras lo cual pueden configurar su propia contrase\u00f1a. Las gu\u00edas oficiales en ingl\u00e9s pueden consultarse aqu\u00ed.<\/p>\n\n    <\/div>\n          <a href=https:\/\/upra.turnitin.com\/home\/sign-in   title=\"M\u00e1s informaci\u00f3n\"  class=\"button --button-border mt-20  \">\n    <span class=\"button__label\">M\u00e1s informaci\u00f3n<\/span>\n      <span class=\"button__icon icon icon-arrow-right\">\n      <span class=\"lnr lnr-arrow-right\"><\/span>\n\n    <\/span>\n  <\/a>\n      <\/div>\n<\/div>\n                      <div class=\"accordion\" >\n  <button class=\"button s30\">\u00bfExiste una plataforma para gestionar los grupos de los cursos?\n    <span class=\"button__icon icon-plus \">\n      <i class=\"fa-regular fa-plus\"><\/i>\n    <\/span>\n  <\/button>\n  <div class=\"panel\">\n    <div class=\"text\">\n      <p>La plataforma principal para el aula (intercambio de materiales, streaming y grabaci\u00f3n de la clase, etc.) es Microsoft Teams, incluida en el paquete de software Microsoft 365. Materiales en l\u00ednea sigue estando disponible para quienes deseen funciones did\u00e1cticas m\u00e1s elaboradas.<\/p>\n<p>Para cada curso, la Secretar\u00eda General crea un Team de Microsoft Teams y un curso en el sistema Materiales en l\u00ednea. Los estudiantes se cargar\u00e1n autom\u00e1ticamente una vez que est\u00e9n debidamente matriculados.<\/p>\n<p>Para que los alumnos puedan ver el curso y acceder a \u00e9l, el docente debe \u00abactivar el Team\u00bb, simplemente entrando en el team correspondiente y haciendo clic en \u00abActivar\u00bb en la parte superior (Gu\u00eda de activaci\u00f3n del curso). Esto solo es v\u00e1lido para Microsoft Teams, no es necesario activar el curso en Materiales en l\u00ednea.<\/p>\n<p>Los grupos de Teams de las clases del a\u00f1o acad\u00e9mico anterior se archivan, es decir, los materiales siguen estando a disposici\u00f3n de los miembros del grupo, pero no se pueden realizar cambios en el grupo. Este estado de archivado dura tres a\u00f1os, tras los cuales se borran todos los contenidos del grupo archivado. Aqu\u00ed encontrar\u00e1 una gu\u00eda sobre c\u00f3mo ver un grupo archivado.<\/p>\n<p>Cuando alg\u00fan alumno no est\u00e9 en el Team correcto, se deber\u00e1 se\u00f1alar el error a servizionline@upra.org. Es mejor no introducir manualmente a los nuevos estudiantes en los equipos, porque su ausencia suele deberse a que no han formalizado su matriculaci\u00f3n en la Universidad y, por tanto, deben completar el proceso de matriculaci\u00f3n antes de que puedan formar parte del equipo.<\/p>\n<p>En cambio, puede a\u00f1adir por su cuenta docentes colaboradores, si los hubiera, al Team de la clase.<\/p>\n\n    <\/div>\n      <\/div>\n<\/div>\n                      <\/div>\n  <\/div>\n\n  <\/section>\n","protected":false},"excerpt":{"rendered":"","protected":false},"author":3,"featured_media":0,"parent":769,"menu_order":0,"comment_status":"closed","ping_status":"closed","template":"","meta":{"_acf_changed":false,"footnotes":""},"class_list":["post-1192","page","type-page","status-publish","hentry"],"acf":[],"_links":{"self":[{"href":"https:\/\/www.upra.org\/es\/wp-json\/wp\/v2\/pages\/1192","targetHints":{"allow":["GET"]}}],"collection":[{"href":"https:\/\/www.upra.org\/es\/wp-json\/wp\/v2\/pages"}],"about":[{"href":"https:\/\/www.upra.org\/es\/wp-json\/wp\/v2\/types\/page"}],"author":[{"embeddable":true,"href":"https:\/\/www.upra.org\/es\/wp-json\/wp\/v2\/users\/3"}],"replies":[{"embeddable":true,"href":"https:\/\/www.upra.org\/es\/wp-json\/wp\/v2\/comments?post=1192"}],"version-history":[{"count":72,"href":"https:\/\/www.upra.org\/es\/wp-json\/wp\/v2\/pages\/1192\/revisions"}],"predecessor-version":[{"id":8200,"href":"https:\/\/www.upra.org\/es\/wp-json\/wp\/v2\/pages\/1192\/revisions\/8200"}],"up":[{"embeddable":true,"href":"https:\/\/www.upra.org\/es\/wp-json\/wp\/v2\/pages\/769"}],"wp:attachment":[{"href":"https:\/\/www.upra.org\/es\/wp-json\/wp\/v2\/media?parent=1192"}],"curies":[{"name":"wp","href":"https:\/\/api.w.org\/{rel}","templated":true}]}}