{"id":11967,"date":"2026-04-29T07:06:58","date_gmt":"2026-04-29T07:06:58","guid":{"rendered":"https:\/\/www.upra.org\/es\/?page_id=11967"},"modified":"2026-04-29T09:02:34","modified_gmt":"2026-04-29T09:02:34","slug":"becas-regina-apostolorum","status":"publish","type":"page","link":"https:\/\/www.upra.org\/es\/inscripcion\/becas\/becas-regina-apostolorum\/","title":{"rendered":"Becas Regina Apostolorum"},"content":{"rendered":"<section class=\"block  paragraph-box full-width\" \n            >\n\n      <div class=\"paragraph-box__content text-center pt-40 md:pt-50 pb-40 md:pb-50\" id=\"\" style=\"\">\n\n          <div class=\"container\" style=\"\">\n  \n  \n  \n      <div class=\"!mb-30 intro-text text-left\">\n      <p><p data-start=\"0\" data-end=\"194\">En nuestra b\u00fasqueda de la excelencia, apoyamos a los estudiantes de talento a trav\u00e9s del programa de <strong data-start=\"101\" data-end=\"121\">Apoyo al Estudio<\/strong>, como instrumento al servicio de la misi\u00f3n de nuestro Ateneo Pontificio.<\/p>\n<p data-start=\"196\" data-end=\"532\">Apoyar a los estudiantes es una de las formas m\u00e1s significativas de generar un impacto en la sociedad, una persona a la vez, ayudando a j\u00f3venes hombres y mujeres a fortalecer su vida espiritual y a prepararse para ser l\u00edderes en la sociedad contempor\u00e1nea, promoviendo una visi\u00f3n cat\u00f3lica del mundo, de la persona y de la cultura humana.<\/p>\n<p data-start=\"534\" data-end=\"1011\">Todos los estudiantes admitidos como ordinarios en los programas de nuestras Facultades que otorgan un grado acad\u00e9mico \u2014<strong data-start=\"654\" data-end=\"696\">Bachillerato, Licenciatura y Doctorado<\/strong>\u2014 pueden solicitar el acceso a nuestro programa de <strong data-start=\"747\" data-end=\"767\">Apoyo al Estudio<\/strong>. Las solicitudes ser\u00e1n evaluadas por el <strong data-start=\"808\" data-end=\"838\">Comit\u00e9 de Apoyo al Estudio<\/strong>, presidido por nuestro Vicerrector Acad\u00e9mico, previa valoraci\u00f3n de los Decanos de Facultad, seg\u00fan los t\u00e9rminos establecidos en nuestras <strong data-start=\"975\" data-end=\"1010\">Normas para el Apoyo al Estudio<\/strong>.<\/p>\n<p data-start=\"1013\" data-end=\"1238\">Las <strong data-start=\"1017\" data-end=\"1056\">Becas de Estudio Regina Apostolorum<\/strong> se conceden en n\u00famero de <strong data-start=\"1082\" data-end=\"1102\">una por Facultad<\/strong>, por razones de excelencia acad\u00e9mica, y est\u00e1n destinadas especialmente a estudiantes comprometidos con la evangelizaci\u00f3n de la cultura.<\/p>\n<p data-start=\"1240\" data-end=\"1292\">Pueden presentar su candidatura los estudiantes que:<\/p>\n<p data-start=\"1294\" data-end=\"1550\">\u2013 tengan intenci\u00f3n de matricularse y hayan obtenido una calificaci\u00f3n final del grado acad\u00e9mico anterior equivalente a <strong data-start=\"1412\" data-end=\"1422\">96\/100<\/strong> o superior;<br data-start=\"1434\" data-end=\"1437\" \/>\u2013 se inscriban en a\u00f1os posteriores al primero y tengan un promedio ponderado equivalente a <strong data-start=\"1528\" data-end=\"1538\">9,6\/10<\/strong> o superior.<\/p>\n<p data-start=\"1552\" data-end=\"1764\">Las Becas de Estudio cubren el <strong data-start=\"1583\" data-end=\"1649\">100% de la contribuci\u00f3n correspondiente a las tasas acad\u00e9micas<\/strong>, con exclusi\u00f3n de la tasa de inscripci\u00f3n. El beneficio econ\u00f3mico tiene una validez m\u00e1xima de <strong data-start=\"1743\" data-end=\"1763\">un a\u00f1o acad\u00e9mico<\/strong>.<\/p>\n<p data-start=\"1766\" data-end=\"1943\" data-is-last-node=\"\" data-is-only-node=\"\">La concesi\u00f3n de las Becas de Estudio queda a juicio inapelable del <strong data-start=\"1833\" data-end=\"1869\">Comit\u00e9 de Apoyo al Estudio (CSS)<\/strong>, seg\u00fan los t\u00e9rminos previstos en las <a href=\"https:\/\/www.upra.org\/app\/uploads\/2024\/01\/Norme-per-il-Sostegno-allo-Studio-2021.pdf\"><strong data-start=\"1907\" data-end=\"1942\">Normas para el Apoyo al Estudio<\/strong><\/a><\/p>\n<\/p>\n    <\/div>\n  \n  \n\n<\/div>\n    \n    \n    \n    \n  <\/div>\n\n  <\/section>\n\n\n<section class=\"block  cta-banner full-width\" \n            >\n\n      <div class=\"cta-banner__content text-white content-left pt-60 md:pt-80 pb-60 md:pb-80\" id=\"\" style=\"background-color: #003da5\">\n    <div class=\"container px-20 md:px-0\">\n      <div>\n                            <h2 class=\"py-20 s50 font-500 text-primary text-center md:text-left\">Contactos<\/h2>\n                      <\/div>\n      <div>\n                        \n                  <div class=\"pb-20\">\n                      <p class=\"label_link s18 mr-10\">\n                              <span class=\"icon icon-envelope\">\n                  <span class=\"lnr lnr-envelope\"><\/span>\n                <\/span>\n                                            <span>\n                  Correo electr\u00f3nico:\n                <\/span>\n                            <a href=mailto:info.teologia@upra.org   title=\"info.teologia@upra.org\"  class=\"button hover-underline s18  --white \">\n    <span class=\"button__label\">info.teologia@upra.org<\/span>\n  <\/a>\n            <\/p>\n                      <p class=\"label_link s18 mr-10\">\n                              <span class=\"icon icon-phone\">\n                  <span class=\"lnr lnr-phone\"><\/span>\n                <\/span>\n                                            <span>\n                  Tel\u00e9fono:\n                <\/span>\n                            <a href=tel: +39 06 91689867   title=\"+39 06 91689867\"  class=\"button hover-underline s18  --white \">\n    <span class=\"button__label\">+39 06 91689867<\/span>\n  <\/a>\n            <\/p>\n                      <p class=\"label_link s18 mr-10\">\n                              <span class=\"icon icon-phone-handset\">\n                  <span class=\"lnr lnr-phone-handset\"><\/span>\n                <\/span>\n                                            <span>\n                  M\u00f3vil:\n                <\/span>\n                            <a href=tel: +39 346 2856633   title=\"+39 346 2856633\"  class=\"button hover-underline s18  --white \">\n    <span class=\"button__label\">+39 346 2856633<\/span>\n  <\/a>\n            <\/p>\n                    <\/div>\n        \n                  <div class=\"pt-20 simple_links\">\n                      <a href=https:\/\/www.upra.org\/es\/admision\/como-inscribirse\/   title=\"C\u00f3mo inscribirse\"  class=\"button mb-20 --underline  --white \">\n    <span class=\"button__label\">C\u00f3mo inscribirse<\/span>\n  <\/a>\n                      <a href=https:\/\/www.upra.org\/es\/facultades-institutos\/   title=\"Otros programas que pueden ser de inter\u00e9s\"  class=\"button mb-20 --underline  --white \">\n    <span class=\"button__label\">Otros programas que pueden ser de inter\u00e9s<\/span>\n  <\/a>\n                    <\/div>\n              <\/div>\n    <\/div>\n\n  <\/div>\n\n  <\/section>\n","protected":false},"excerpt":{"rendered":"","protected":false},"author":12,"featured_media":0,"parent":1173,"menu_order":0,"comment_status":"closed","ping_status":"closed","template":"","meta":{"_acf_changed":false,"footnotes":""},"class_list":["post-11967","page","type-page","status-publish","hentry"],"acf":[],"_links":{"self":[{"href":"https:\/\/www.upra.org\/es\/wp-json\/wp\/v2\/pages\/11967","targetHints":{"allow":["GET"]}}],"collection":[{"href":"https:\/\/www.upra.org\/es\/wp-json\/wp\/v2\/pages"}],"about":[{"href":"https:\/\/www.upra.org\/es\/wp-json\/wp\/v2\/types\/page"}],"author":[{"embeddable":true,"href":"https:\/\/www.upra.org\/es\/wp-json\/wp\/v2\/users\/12"}],"replies":[{"embeddable":true,"href":"https:\/\/www.upra.org\/es\/wp-json\/wp\/v2\/comments?post=11967"}],"version-history":[{"count":1,"href":"https:\/\/www.upra.org\/es\/wp-json\/wp\/v2\/pages\/11967\/revisions"}],"predecessor-version":[{"id":11968,"href":"https:\/\/www.upra.org\/es\/wp-json\/wp\/v2\/pages\/11967\/revisions\/11968"}],"up":[{"embeddable":true,"href":"https:\/\/www.upra.org\/es\/wp-json\/wp\/v2\/pages\/1173"}],"wp:attachment":[{"href":"https:\/\/www.upra.org\/es\/wp-json\/wp\/v2\/media?parent=11967"}],"curies":[{"name":"wp","href":"https:\/\/api.w.org\/{rel}","templated":true}]}}