{"id":11969,"date":"2026-04-29T07:09:37","date_gmt":"2026-04-29T07:09:37","guid":{"rendered":"https:\/\/www.upra.org\/es\/?page_id=11969"},"modified":"2026-04-29T09:03:02","modified_gmt":"2026-04-29T09:03:02","slug":"becas-instituto-ciencia-y-fe","status":"publish","type":"page","link":"https:\/\/www.upra.org\/es\/inscripcion\/becas\/becas-instituto-ciencia-y-fe\/","title":{"rendered":"Becas Instituto Ciencia y Fe"},"content":{"rendered":"<section class=\"block  paragraph-box full-width\" \n            >\n\n      <div class=\"paragraph-box__content text-center pt-40 md:pt-50 pb-40 md:pb-50\" id=\"\" style=\"\">\n\n          <div class=\"container\" style=\"\">\n  \n  \n  \n      <div class=\"!mb-30 intro-text text-left\">\n      <p><p data-start=\"0\" data-end=\"271\">El <strong data-start=\"3\" data-end=\"29\">Instituto Ciencia y Fe<\/strong> del Ateneo Pontificio Regina Apostolorum ofrece la <strong data-start=\"81\" data-end=\"142\">XXV edici\u00f3n del Diploma de Alta Formaci\u00f3n en Ciencia y Fe<\/strong>, en colaboraci\u00f3n con investigadores de diversas universidades y con las Facultades de Teolog\u00eda, Filosof\u00eda y Bio\u00e9tica del Ateneo.<\/p>\n<p data-start=\"273\" data-end=\"472\">Gracias al convenio con la <strong data-start=\"300\" data-end=\"337\">Universidad Europea de Roma (UER)<\/strong>, es posible, seg\u00fan los requisitos previstos, obtener el t\u00edtulo conjunto de APRA y UER como <strong data-start=\"429\" data-end=\"471\">M\u00e1ster de primer nivel en Ciencia y Fe<\/strong>.<\/p>\n<p data-start=\"474\" data-end=\"568\">La solicitud de la <strong data-start=\"493\" data-end=\"512\">Beca de Estudio<\/strong> deber\u00e1 presentarse antes del <strong data-start=\"542\" data-end=\"567\">30 de octubre de 2026<\/strong>.<\/p>\n<p data-start=\"570\" data-end=\"706\">La concesi\u00f3n de las Becas de Estudio queda a juicio inapelable del <strong data-start=\"637\" data-end=\"674\">Comit\u00e9 del Instituto Ciencia y Fe<\/strong>, seg\u00fan los siguientes t\u00e9rminos:<\/p>\n<p data-start=\"708\" data-end=\"870\">\u2013 <strong data-start=\"710\" data-end=\"735\">N. 5 Becas de Estudio<\/strong> equivalentes al <strong data-start=\"752\" data-end=\"759\">50%<\/strong> de la cuota de inscripci\u00f3n;<br data-start=\"787\" data-end=\"790\" \/>\u2013 <strong data-start=\"792\" data-end=\"818\">N. 10 Becas de Estudio<\/strong> equivalentes al <strong data-start=\"835\" data-end=\"842\">25%<\/strong> de la cuota de inscripci\u00f3n.<\/p>\n<p data-start=\"872\" data-end=\"914\"><strong data-start=\"872\" data-end=\"914\">\u00bfQui\u00e9n puede presentar su candidatura?<\/strong><\/p>\n<p data-start=\"916\" data-end=\"1145\">Las Becas de Estudio est\u00e1n destinadas a estudiantes, tanto laicos como eclesi\u00e1sticos, que lo soliciten mediante la cumplimentaci\u00f3n del correspondiente formulario online, acompa\u00f1ando dicha solicitud con la siguiente documentaci\u00f3n:<\/p>\n<p data-start=\"1147\" data-end=\"1622\">\u2013 Para los eclesi\u00e1sticos \u2014seminaristas, sacerdotes, religiosos y consagrados\u2014: una carta de solicitud de la Beca de Estudio por parte del Obispo de la Di\u00f3cesis o del Superior del Instituto o Comunidad de pertenencia.<br data-start=\"1363\" data-end=\"1366\" \/>\u2013 Para los estudiantes laicos residentes en Italia: la presentaci\u00f3n del Modelo ISEE, hasta un m\u00e1ximo de <strong data-start=\"1470\" data-end=\"1486\">15.000 euros<\/strong>.<br data-start=\"1487\" data-end=\"1490\" \/>\u2013 Para los estudiantes laicos no residentes en Italia: documentaci\u00f3n que acredite los ingresos y la composici\u00f3n del n\u00facleo familiar.<\/p>\n<p data-start=\"1624\" data-end=\"1761\" data-is-last-node=\"\" data-is-only-node=\"\">La eventual revocaci\u00f3n de las Becas de Estudio podr\u00e1 producirse \u00fanicamente a juicio inapelable del <strong data-start=\"1723\" data-end=\"1760\">Comit\u00e9 del Instituto Ciencia y Fe<\/strong>.<\/p>\n<p data-start=\"1624\" data-end=\"1761\" data-is-last-node=\"\" data-is-only-node=\"\">\n<p data-start=\"1624\" data-end=\"1761\" data-is-last-node=\"\" data-is-only-node=\"\"><img decoding=\"async\" class=\"alignnone size-medium wp-image-11970 aligncenter\" src=\"https:\/\/www.upra.org\/app\/uploads\/sites\/5\/2026\/04\/ISF-1-300x82.webp\" alt=\"\" width=\"300\" height=\"82\" srcset=\"https:\/\/www.upra.org\/app\/uploads\/sites\/5\/2026\/04\/ISF-1-300x82.webp 300w, https:\/\/www.upra.org\/app\/uploads\/sites\/5\/2026\/04\/ISF-1.webp 529w\" sizes=\"(max-width: 300px) 100vw, 300px\" \/><\/p>\n<\/p>\n    <\/div>\n  \n  \n\n<\/div>\n    \n    \n    \n    \n  <\/div>\n\n  <\/section>\n\n\n<section class=\"block  cta-banner full-width\" \n            >\n\n      <div class=\"cta-banner__content text-white content-left pt-60 md:pt-80 pb-60 md:pb-80\" id=\"\" style=\"background-color: #003da5\">\n    <div class=\"container px-20 md:px-0\">\n      <div>\n                            <h2 class=\"py-20 s50 font-500 text-primary text-center md:text-left\">Contactos<\/h2>\n                      <\/div>\n      <div>\n                        \n                  <div class=\"pb-20\">\n                      <p class=\"label_link s18 mr-10\">\n                              <span class=\"icon icon-envelope\">\n                  <span class=\"lnr lnr-envelope\"><\/span>\n                <\/span>\n                                            <span>\n                  Correo electr\u00f3nico:\n                <\/span>\n                            <a href=mailto:info.teologia@upra.org   title=\"info.teologia@upra.org\"  class=\"button hover-underline s18  --white \">\n    <span class=\"button__label\">info.teologia@upra.org<\/span>\n  <\/a>\n            <\/p>\n                      <p class=\"label_link s18 mr-10\">\n                              <span class=\"icon icon-phone\">\n                  <span class=\"lnr lnr-phone\"><\/span>\n                <\/span>\n                                            <span>\n                  Tel\u00e9fono:\n                <\/span>\n                            <a href=tel: +39 06 91689867   title=\"+39 06 91689867\"  class=\"button hover-underline s18  --white \">\n    <span class=\"button__label\">+39 06 91689867<\/span>\n  <\/a>\n            <\/p>\n                      <p class=\"label_link s18 mr-10\">\n                              <span class=\"icon icon-phone-handset\">\n                  <span class=\"lnr lnr-phone-handset\"><\/span>\n                <\/span>\n                                            <span>\n                  M\u00f3vil:\n                <\/span>\n                            <a href=tel: +39 346 2856633   title=\"+39 346 2856633\"  class=\"button hover-underline s18  --white \">\n    <span class=\"button__label\">+39 346 2856633<\/span>\n  <\/a>\n            <\/p>\n                    <\/div>\n        \n                  <div class=\"pt-20 simple_links\">\n                      <a href=https:\/\/www.upra.org\/es\/admision\/como-inscribirse\/   title=\"C\u00f3mo inscribirse\"  class=\"button mb-20 --underline  --white \">\n    <span class=\"button__label\">C\u00f3mo inscribirse<\/span>\n  <\/a>\n                      <a href=https:\/\/www.upra.org\/es\/facultades-institutos\/   title=\"Otros programas que pueden ser de inter\u00e9s\"  class=\"button mb-20 --underline  --white \">\n    <span class=\"button__label\">Otros programas que pueden ser de inter\u00e9s<\/span>\n  <\/a>\n                    <\/div>\n              <\/div>\n    <\/div>\n\n  <\/div>\n\n  <\/section>\n","protected":false},"excerpt":{"rendered":"","protected":false},"author":12,"featured_media":0,"parent":1173,"menu_order":0,"comment_status":"closed","ping_status":"closed","template":"","meta":{"_acf_changed":false,"footnotes":""},"class_list":["post-11969","page","type-page","status-publish","hentry"],"acf":[],"_links":{"self":[{"href":"https:\/\/www.upra.org\/es\/wp-json\/wp\/v2\/pages\/11969","targetHints":{"allow":["GET"]}}],"collection":[{"href":"https:\/\/www.upra.org\/es\/wp-json\/wp\/v2\/pages"}],"about":[{"href":"https:\/\/www.upra.org\/es\/wp-json\/wp\/v2\/types\/page"}],"author":[{"embeddable":true,"href":"https:\/\/www.upra.org\/es\/wp-json\/wp\/v2\/users\/12"}],"replies":[{"embeddable":true,"href":"https:\/\/www.upra.org\/es\/wp-json\/wp\/v2\/comments?post=11969"}],"version-history":[{"count":1,"href":"https:\/\/www.upra.org\/es\/wp-json\/wp\/v2\/pages\/11969\/revisions"}],"predecessor-version":[{"id":11971,"href":"https:\/\/www.upra.org\/es\/wp-json\/wp\/v2\/pages\/11969\/revisions\/11971"}],"up":[{"embeddable":true,"href":"https:\/\/www.upra.org\/es\/wp-json\/wp\/v2\/pages\/1173"}],"wp:attachment":[{"href":"https:\/\/www.upra.org\/es\/wp-json\/wp\/v2\/media?parent=11969"}],"curies":[{"name":"wp","href":"https:\/\/api.w.org\/{rel}","templated":true}]}}