{"id":1929,"date":"2023-07-21T08:51:42","date_gmt":"2023-07-21T08:51:42","guid":{"rendered":"https:\/\/www.upra.org\/es\/?page_id=1929"},"modified":"2025-04-08T14:03:39","modified_gmt":"2025-04-08T14:03:39","slug":"formacion-continua","status":"publish","type":"page","link":"https:\/\/www.upra.org\/es\/cursos\/formacion-continua\/","title":{"rendered":"Formaci\u00f3n continua"},"content":{"rendered":"<section class=\"block  paragraph-box full-width\" \n            >\n\n      <div class=\"paragraph-box__content text-center pt-40 md:pt-50 pb-40 md:pb-50\" id=\"\" style=\"\">\n\n          <div class=\"container\" style=\"\">\n  \n  \n  \n      <div class=\"!mb-30 intro-text text-left\">\n      <p><p>En el Ateneo Pontificio Regina Apostolorum ofrecemos una serie de <strong>itinerarios did\u00e1cticos abiertos a todos<\/strong>. Garantizamos un apoyo formativo constante para la creaci\u00f3n de una cultura de evangelizaci\u00f3n.<\/p>\n<p>Estos cursos de <strong>actualizaci\u00f3n, perfeccionamiento o complementarios<\/strong> completan la oferta educativa de las Facultades e Institutos del Ateneo.<\/p>\n<\/p>\n    <\/div>\n  \n  \n\n<\/div>\n    \n    \n    \n    \n  <\/div>\n\n  <\/section>\n\n\n<section class=\"block  paragraph-box full-width\" \n            >\n\n      <div class=\"paragraph-box__content text-center  \" id=\"\" style=\"\">\n\n          <div class=\"container\" style=\"\">\n          <h2 class=\"intro-title font-500 text-primary mb-20 s30 font-medium leading-snug text-left\">Facultad de Teolog\u00eda<\/h2>\n  \n  \n  \n      <div class=\"!mb-30 intro-text text-left\">\n      <p><div class=\"@thread-xl\/thread:pt-header-height mt-1.5 flex flex-col text-sm\">\n<article class=\"text-token-text-primary w-full\" dir=\"auto\" data-testid=\"conversation-turn-20\" data-scroll-anchor=\"false\">\n<div class=\"text-base my-auto mx-auto py-5 px-6\">\n<div class=\"mx-auto flex flex-1 text-base gap-4 md:gap-5 lg:gap-6 md:max-w-3xl group\/turn-messages focus-visible:outline-hidden\">\n<div class=\"group\/conversation-turn relative flex w-full min-w-0 flex-col agent-turn @xs\/thread:px-0 @sm\/thread:px-1.5 @md\/thread:px-4\">\n<div class=\"relative flex-col gap-1 md:gap-3\">\n<div class=\"flex max-w-full flex-col grow\">\n<div class=\"min-h-8 text-message relative flex w-full flex-col items-end gap-2 text-start break-words whitespace-normal [.text-message+&amp;]:mt-5\" dir=\"auto\" data-message-author-role=\"assistant\" data-message-id=\"15e8107b-fedb-4bdb-8564-068c76fd9a5f\" data-message-model-slug=\"gpt-4o-mini\">\n<div class=\"flex w-full flex-col gap-1 empty:hidden first:pt-[3px]\">\n<div class=\"markdown prose dark:prose-invert w-full break-words light\"><strong><a href=\"https:\/\/www.upra.org\/corsi\/programma\/corso-di-formazione-di-direttori-esercizi-spirituali-ignaziani\/\">Curso de formaci\u00f3n para Directores de Ejercicios Espirituales Ignacianos<\/a><\/strong><\/div>\n<div><\/div>\n<div><strong><a href=\"https:\/\/www.upra.org\/es\/corsi\/programma\/la-teologia-dello-spirito-santo-dei-carismi-e-dellesperienza-cristiana\/\">Curso de Teolog\u00eda del Esp\u00edritu Santo, Carismas y Experiencia Cristiana<\/a><\/strong><\/div>\n<\/div>\n<\/div>\n<\/div>\n<div class=\"flex justify-start\">\n<div class=\"touch:-me-2 touch:-ms-3.5 -ms-2.5 -me-1 flex items-center p-1 select-none -mt-1 duration-[1.5s] focus-within:transition-none hover:transition-none pointer-events-none [mask-image:linear-gradient(to_right,black_33%,transparent_66%)] [mask-position:100%_0%] [mask-size:300%_100%] motion-safe:transition-[mask-position] group-hover\/turn-messages:pointer-events-auto group-hover\/turn-messages:[mask-position:0_0] group-focus-within\/turn-messages:pointer-events-auto group-focus-within\/turn-messages:[mask-position:0_0] has-data-[state=open]:pointer-events-auto has-data-[state=open]:[mask-position:0_0]\"><\/div>\n<\/div>\n<\/div>\n<div class=\"absolute\">\n<div class=\"flex items-center justify-center\"><\/div>\n<\/div>\n<\/div>\n<\/div>\n<\/div>\n<\/article>\n<\/div>\n<div class=\"pointer-events-none w-px _threadGutter_1y3t0_22 min-h-[max(var(--gutter-min-height,0px),var(--gutter-remaining-height,0px))] md:[--gutter-min-height:2.25rem] group-data-stream-active\/thread:h-(--thread-end-gutter-active-height)\"><\/div>\n<\/p>\n    <\/div>\n  \n  \n\n<\/div>\n    \n    \n    \n    \n  <\/div>\n\n  <\/section>\n\n\n<section class=\"block  paragraph-box full-width\" \n            >\n\n      <div class=\"paragraph-box__content text-center  \" id=\"\" style=\"\">\n\n          <div class=\"container\" style=\"\">\n          <h2 class=\"intro-title font-500 text-primary mb-20 s30 font-medium leading-snug text-left\">Facultad de Filosof\u00eda<\/h2>\n  \n  \n  \n      <div class=\"!mb-30 intro-text text-left\">\n      <p><p><strong><a href=\"https:\/\/www.upra.org\/es\/corsi\/programma\/master-de-primer-nivel-en-consultoria-filosofica-y-antropologia-existencial\/\">M\u00e1ster de I Nivel en Asesoramiento Filos\u00f3fico y Antropolog\u00eda Existencial<\/a><\/strong><\/p>\n<p><strong><a href=\"https:\/\/www.upra.org\/corsi\/programma\/joint-diploma-leadership-service-through-virtues\/\">Joint Diploma in Leadership: Service Through Virtues<\/a><\/strong><\/p>\n<p>&nbsp;<\/p>\n<\/p>\n    <\/div>\n  \n  \n\n<\/div>\n    \n    \n    \n    \n  <\/div>\n\n  <\/section>\n\n\n<section class=\"block  paragraph-box full-width\" \n            >\n\n      <div class=\"paragraph-box__content text-center  \" id=\"\" style=\"\">\n\n          <div class=\"container\" style=\"\">\n          <h2 class=\"intro-title font-500 text-primary mb-20 s30 font-medium leading-snug text-left\">Facultad de Bio\u00e9tica<\/h2>\n  \n  \n  \n      <div class=\"!mb-30 intro-text text-left\">\n      <p><p><strong><a href=\"https:\/\/www.upra.org\/es\/corsi\/programma\/curso-de-especializacion-en-bioetica\/\">Curso de especializaci\u00f3n en Bio\u00e9tica<\/a><\/strong><\/p>\n<\/p>\n    <\/div>\n  \n  \n\n<\/div>\n    \n    \n    \n    \n  <\/div>\n\n  <\/section>\n\n\n<section class=\"block  paragraph-box full-width\" \n            >\n\n      <div class=\"paragraph-box__content text-center  \" id=\"\" style=\"\">\n\n          <div class=\"container\" style=\"\">\n          <h2 class=\"intro-title font-500 text-primary mb-20 s30 font-medium leading-snug text-left\">Instituto de Estudios Superiores sobre la Mujer<\/h2>\n  \n  \n  \n      <div class=\"!mb-30 intro-text text-left\">\n      <p><div class=\"@thread-xl\/thread:pt-header-height mt-1.5 flex flex-col text-sm\">\n<article class=\"text-token-text-primary w-full\" dir=\"auto\" data-testid=\"conversation-turn-28\" data-scroll-anchor=\"false\">\n<div class=\"text-base my-auto mx-auto py-5 px-6\">\n<div class=\"mx-auto flex flex-1 text-base gap-4 md:gap-5 lg:gap-6 md:max-w-3xl group\/turn-messages focus-visible:outline-hidden\">\n<div class=\"group\/conversation-turn relative flex w-full min-w-0 flex-col agent-turn @xs\/thread:px-0 @sm\/thread:px-1.5 @md\/thread:px-4\">\n<div class=\"relative flex-col gap-1 md:gap-3\">\n<div class=\"flex max-w-full flex-col grow\">\n<div class=\"min-h-8 text-message relative flex w-full flex-col items-end gap-2 text-start break-words whitespace-normal [.text-message+&amp;]:mt-5\" dir=\"auto\" data-message-author-role=\"assistant\" data-message-id=\"030601bc-ecd4-4d50-b588-d3d55472a81d\" data-message-model-slug=\"gpt-4o-mini\">\n<div class=\"flex w-full flex-col gap-1 empty:hidden first:pt-[3px]\">\n<p class=\"markdown prose dark:prose-invert w-full break-words light\"><strong><a href=\"https:\/\/www.upra.org\/corsi\/programma\/alleanza-uomo-e-donna-limite-incontro-e-risorsa\/\">Alianza entre el hombre y la mujer: L\u00edmite, encuentro y recurso<\/a><\/strong><\/p>\n<\/div>\n<\/div>\n<\/div>\n<\/div>\n<\/div>\n<\/div>\n<\/div>\n<\/article>\n<\/div>\n<p><strong><a href=\"https:\/\/www.upra.org\/es\/corsi\/programma\/joint-diploma-en-mujeres-e-iglesia\/\">Joint Diploma en Mujeres e Iglesia<\/a><\/strong><\/p>\n<\/p>\n    <\/div>\n  \n  \n\n<\/div>\n    \n    \n    \n    \n  <\/div>\n\n  <\/section>\n\n\n<section class=\"block  paragraph-box full-width\" \n            >\n\n      <div class=\"paragraph-box__content text-center  \" id=\"\" style=\"\">\n\n          <div class=\"container\" style=\"\">\n          <h2 class=\"intro-title font-500 text-primary mb-20 s30 font-medium leading-snug text-left\">Instituto Superior de Ciencias Religiosas<\/h2>\n  \n  \n  \n      <div class=\"!mb-30 intro-text text-left\">\n      <p><p><strong><a href=\"https:\/\/www.upra.org\/es\/corsi\/programma\/curso-semestral-para-la-vida-consagrada\/\">Curso semestral para la Vida Consagrada<\/a><\/strong><\/p>\n<div class=\"@thread-xl\/thread:pt-header-height mt-1.5 flex flex-col text-sm\">\n<article class=\"text-token-text-primary w-full\" dir=\"auto\" data-testid=\"conversation-turn-26\" data-scroll-anchor=\"false\">\n<div class=\"text-base my-auto mx-auto py-5 px-6\">\n<div class=\"mx-auto flex flex-1 text-base gap-4 md:gap-5 lg:gap-6 md:max-w-3xl group\/turn-messages focus-visible:outline-hidden\">\n<div class=\"group\/conversation-turn relative flex w-full min-w-0 flex-col agent-turn @xs\/thread:px-0 @sm\/thread:px-1.5 @md\/thread:px-4\">\n<div class=\"relative flex-col gap-1 md:gap-3\">\n<div class=\"flex max-w-full flex-col grow\">\n<div class=\"min-h-8 text-message relative flex w-full flex-col items-end gap-2 text-start break-words whitespace-normal [.text-message+&amp;]:mt-5\" dir=\"auto\" data-message-author-role=\"assistant\" data-message-id=\"795af7b6-1b78-4d35-b2b8-486bfc6ec466\" data-message-model-slug=\"gpt-4o-mini\">\n<div class=\"flex w-full flex-col gap-1 empty:hidden first:pt-[3px]\">\n<p class=\"markdown prose dark:prose-invert w-full break-words light\"><strong><a href=\"https:\/\/www.upra.org\/corsi\/programma\/diploma-di-perfezionamento-in-psicopedagogia-e-formazione-per-la-vita-consacrata-2\/\">Diploma de perfeccionamiento en Psicopedagog\u00eda y Formaci\u00f3n para la Vida Consagrada<\/a><\/strong><\/p>\n<\/div>\n<\/div>\n<\/div>\n<p><strong><a href=\"https:\/\/www.upra.org\/es\/corsi\/programma\/curso-de-verano-anual-de-formacion-para-la-vida-consagrada\/\">Curso<\/a><a href=\"https:\/\/www.upra.org\/es\/corsi\/programma\/curso-de-verano-anual-de-formacion-para-la-vida-consagrada\/\"> de verano anual de formaci\u00f3n para la Vida Consagrada<\/a><\/strong><\/p>\n<div class=\"flex justify-start\">\n<div class=\"touch:-me-2 touch:-ms-3.5 -ms-2.5 -me-1 flex items-center p-1 select-none -mt-1 duration-[1.5s] focus-within:transition-none hover:transition-none pointer-events-none [mask-image:linear-gradient(to_right,black_33%,transparent_66%)] [mask-position:100%_0%] [mask-size:300%_100%] motion-safe:transition-[mask-position] group-hover\/turn-messages:pointer-events-auto group-hover\/turn-messages:[mask-position:0_0] group-focus-within\/turn-messages:pointer-events-auto group-focus-within\/turn-messages:[mask-position:0_0] has-data-[state=open]:pointer-events-auto has-data-[state=open]:[mask-position:0_0]\"><\/div>\n<\/div>\n<\/div>\n<div class=\"absolute\">\n<div class=\"flex items-center justify-center\"><\/div>\n<\/div>\n<\/div>\n<\/div>\n<\/div>\n<\/article>\n<\/div>\n<div class=\"pointer-events-none w-px _threadGutter_1y3t0_22 min-h-[max(var(--gutter-min-height,0px),var(--gutter-remaining-height,0px))] md:[--gutter-min-height:2.25rem] group-data-stream-active\/thread:h-(--thread-end-gutter-active-height)\"><\/div>\n<\/p>\n    <\/div>\n  \n      <div class=\"container buttons mt-20 mb-20 flex items-center md:items-start flex-col md:flex-row flex-wrap md:flex-nowrap justify-start\">\n              <a href=https:\/\/www.upra.org\/es\/todo-los-cursos\/   title=\"Cat\u00e1logo de cursos\"  class=\"button mx-10 my-10 mb-20 md:mb-10 mt-0 md:mb-4 --button-border  \">\n    <span class=\"button__label\">Cat\u00e1logo de cursos<\/span>\n      <span class=\"button__icon icon icon-arrow-right\">\n      <span class=\"lnr lnr-arrow-right\"><\/span>\n\n    <\/span>\n  <\/a>\n              <a href=https:\/\/www.upra.org\/corsi\/formazione-continua\/  target=_blank  title=\"Para obtener m\u00e1s informaci\u00f3n, puedes visitar el sitio web en italiano.\"   rel=\"noopener noreferrer\" class=\"button mx-10 my-10 mb-20 md:mb-10 mt-4 font-500  \">\n    <span class=\"button__label\">Para obtener m\u00e1s informaci\u00f3n, puedes visitar el sitio web en italiano.<\/span>\n      <span class=\"button__icon icon icon-arrow-right\">\n      <span class=\"lnr lnr-arrow-right\"><\/span>\n\n    <\/span>\n  <\/a>\n          <\/div>\n  \n\n<\/div>\n    \n    \n    \n    \n  <\/div>\n\n  <\/section>\n","protected":false},"excerpt":{"rendered":"","protected":false},"author":3,"featured_media":0,"parent":744,"menu_order":0,"comment_status":"closed","ping_status":"closed","template":"","meta":{"_acf_changed":false,"footnotes":""},"class_list":["post-1929","page","type-page","status-publish","hentry"],"acf":[],"_links":{"self":[{"href":"https:\/\/www.upra.org\/es\/wp-json\/wp\/v2\/pages\/1929","targetHints":{"allow":["GET"]}}],"collection":[{"href":"https:\/\/www.upra.org\/es\/wp-json\/wp\/v2\/pages"}],"about":[{"href":"https:\/\/www.upra.org\/es\/wp-json\/wp\/v2\/types\/page"}],"author":[{"embeddable":true,"href":"https:\/\/www.upra.org\/es\/wp-json\/wp\/v2\/users\/3"}],"replies":[{"embeddable":true,"href":"https:\/\/www.upra.org\/es\/wp-json\/wp\/v2\/comments?post=1929"}],"version-history":[{"count":37,"href":"https:\/\/www.upra.org\/es\/wp-json\/wp\/v2\/pages\/1929\/revisions"}],"predecessor-version":[{"id":11264,"href":"https:\/\/www.upra.org\/es\/wp-json\/wp\/v2\/pages\/1929\/revisions\/11264"}],"up":[{"embeddable":true,"href":"https:\/\/www.upra.org\/es\/wp-json\/wp\/v2\/pages\/744"}],"wp:attachment":[{"href":"https:\/\/www.upra.org\/es\/wp-json\/wp\/v2\/media?parent=1929"}],"curies":[{"name":"wp","href":"https:\/\/api.w.org\/{rel}","templated":true}]}}