{"id":3911,"date":"2023-09-06T08:36:44","date_gmt":"2023-09-06T08:36:44","guid":{"rendered":"https:\/\/www.upra.org\/es\/?page_id=3911"},"modified":"2024-01-16T16:32:46","modified_gmt":"2024-01-16T16:32:46","slug":"libres-para-amar-instituto-superior-ciencias-religiosas","status":"publish","type":"page","link":"https:\/\/www.upra.org\/es\/inscripcion\/becas\/libres-para-amar-instituto-superior-ciencias-religiosas\/","title":{"rendered":"Libres para amar &#8211; Instituto Superior de Ciencias Religiosas"},"content":{"rendered":"<section class=\"block  paragraph-box full-width\" \n            >\n\n      <div class=\"paragraph-box__content text-center pt-40 md:pt-50 pb-40 md:pb-50\" id=\"\" style=\"\">\n\n          <div class=\"container\" style=\"\">\n  \n  \n  \n      <div class=\"!mb-30 intro-text text-left\">\n      <p><p>Beca reservada a estudiantes especialmente motivados y preparados que necesiten apoyo al estudio para matricularse en programas de Bachillerato y Licenciatura en el Instituto Superior de Ciencias Religiosas.<\/p>\n<p><b>Requisitos<\/b>: T\u00edtulo de bachillerato obtenido con una nota final de al menos 95\/100 o 55\/60.<\/p>\n<p>Beca completa que cubre la matr\u00edcula y las tasas acad\u00e9micas.<\/p>\n<p><b>Para 2 estudiantes admitidos al mismo tiempo en el Bachillerato<\/b><\/p>\n<p>Beca completa que cubre la matr\u00edcula y las tasas acad\u00e9micas.<\/p>\n<ul>\n<li style=\"font-weight: 400;\" aria-level=\"1\">1 beca para el ciclo completo de tres a\u00f1os que cubre la matr\u00edcula y las tasas acad\u00e9micas<\/li>\n<li style=\"font-weight: 400;\" aria-level=\"1\">1 beca\u00a0<b><i>solo<\/i><\/b><i><\/i><b><i>para el tercer a\u00f1o<\/i><\/b> que cubre la matr\u00edcula y las tasas acad\u00e9micas (la matr\u00edcula y las tasas acad\u00e9micas del primer a\u00f1o y el segundo a\u00f1o corren a cargo del estudiante)<\/li>\n<\/ul>\n<p><b>Para 2 estudiantes admitidos simult\u00e1neamente a la Licencia<\/b><\/p>\n<ul>\n<li style=\"font-weight: 400;\" aria-level=\"1\">1 beca para el ciclo completo de tres a\u00f1os que cubre la matr\u00edcula y las tasas acad\u00e9micas<\/li>\n<li style=\"font-weight: 400;\" aria-level=\"1\">1 beca\u00a0<b><i>solo<\/i><\/b><i><\/i><b><i>para el segundo a\u00f1o<\/i><\/b> que cubre la matr\u00edcula y las tasas acad\u00e9micas (la matr\u00edcula y las tasas acad\u00e9micas del primer a\u00f1o corren a cargo del estudiante)<\/li>\n<\/ul>\n<\/p>\n    <\/div>\n  \n  \n\n<\/div>\n    \n    \n    \n    \n  <\/div>\n\n  <\/section>\n\n\n<section class=\"block  cta-banner full-width\" \n            >\n\n      <div class=\"cta-banner__content text-white content-left pt-60 md:pt-80 pb-60 md:pb-80\" id=\"\" style=\"background-color: #003da5\">\n    <div class=\"container px-20 md:px-0\">\n      <div>\n                            <h2 class=\"py-20 s50 font-500 text-primary text-center md:text-left\">Contactos<\/h2>\n                      <\/div>\n      <div>\n                        \n                  <div class=\"pb-20\">\n                      <p class=\"label_link s18 mr-10\">\n                              <span class=\"icon icon-envelope\">\n                  <span class=\"lnr lnr-envelope\"><\/span>\n                <\/span>\n                                            <span>\n                  Correo electr\u00f3nico:\n                <\/span>\n                            <a href=mailto:info.teologia@upra.org   title=\"info.teologia@upra.org\"  class=\"button hover-underline s18  --white \">\n    <span class=\"button__label\">info.teologia@upra.org<\/span>\n  <\/a>\n            <\/p>\n                      <p class=\"label_link s18 mr-10\">\n                              <span class=\"icon icon-phone\">\n                  <span class=\"lnr lnr-phone\"><\/span>\n                <\/span>\n                                            <span>\n                  Tel\u00e9fono:\n                <\/span>\n                            <a href=tel: +39 06 91689867   title=\"+39 06 91689867\"  class=\"button hover-underline s18  --white \">\n    <span class=\"button__label\">+39 06 91689867<\/span>\n  <\/a>\n            <\/p>\n                      <p class=\"label_link s18 mr-10\">\n                              <span class=\"icon icon-phone-handset\">\n                  <span class=\"lnr lnr-phone-handset\"><\/span>\n                <\/span>\n                                            <span>\n                  M\u00f3vil:\n                <\/span>\n                            <a href=tel: +39 346 2856633   title=\"+39 346 2856633\"  class=\"button hover-underline s18  --white \">\n    <span class=\"button__label\">+39 346 2856633<\/span>\n  <\/a>\n            <\/p>\n                    <\/div>\n        \n                  <div class=\"pt-20 simple_links\">\n                      <a href=https:\/\/www.upra.org\/es\/admision\/como-inscribirse\/   title=\"C\u00f3mo inscribirse\"  class=\"button mb-20 --underline  --white \">\n    <span class=\"button__label\">C\u00f3mo inscribirse<\/span>\n  <\/a>\n                      <a href=https:\/\/www.upra.org\/es\/facultades-institutos\/   title=\"Otros programas que pueden ser de inter\u00e9s\"  class=\"button mb-20 --underline  --white \">\n    <span class=\"button__label\">Otros programas que pueden ser de inter\u00e9s<\/span>\n  <\/a>\n                    <\/div>\n              <\/div>\n    <\/div>\n\n  <\/div>\n\n  <\/section>\n","protected":false},"excerpt":{"rendered":"","protected":false},"author":3,"featured_media":0,"parent":1173,"menu_order":0,"comment_status":"closed","ping_status":"closed","template":"","meta":{"_acf_changed":false,"footnotes":""},"class_list":["post-3911","page","type-page","status-publish","hentry"],"acf":[],"_links":{"self":[{"href":"https:\/\/www.upra.org\/es\/wp-json\/wp\/v2\/pages\/3911","targetHints":{"allow":["GET"]}}],"collection":[{"href":"https:\/\/www.upra.org\/es\/wp-json\/wp\/v2\/pages"}],"about":[{"href":"https:\/\/www.upra.org\/es\/wp-json\/wp\/v2\/types\/page"}],"author":[{"embeddable":true,"href":"https:\/\/www.upra.org\/es\/wp-json\/wp\/v2\/users\/3"}],"replies":[{"embeddable":true,"href":"https:\/\/www.upra.org\/es\/wp-json\/wp\/v2\/comments?post=3911"}],"version-history":[{"count":10,"href":"https:\/\/www.upra.org\/es\/wp-json\/wp\/v2\/pages\/3911\/revisions"}],"predecessor-version":[{"id":7985,"href":"https:\/\/www.upra.org\/es\/wp-json\/wp\/v2\/pages\/3911\/revisions\/7985"}],"up":[{"embeddable":true,"href":"https:\/\/www.upra.org\/es\/wp-json\/wp\/v2\/pages\/1173"}],"wp:attachment":[{"href":"https:\/\/www.upra.org\/es\/wp-json\/wp\/v2\/media?parent=3911"}],"curies":[{"name":"wp","href":"https:\/\/api.w.org\/{rel}","templated":true}]}}