{"id":3936,"date":"2023-09-06T08:42:51","date_gmt":"2023-09-06T08:42:51","guid":{"rendered":"https:\/\/www.upra.org\/es\/?page_id=3936"},"modified":"2024-03-18T16:38:55","modified_gmt":"2024-03-18T16:38:55","slug":"beca-pontificia","status":"publish","type":"page","link":"https:\/\/www.upra.org\/es\/inscripcion\/becas\/beca-pontificia\/","title":{"rendered":"Beca Pontificia"},"content":{"rendered":"<section class=\"block  paragraph-box full-width\" \n            >\n\n      <div class=\"paragraph-box__content text-center pt-40 md:pt-50 pb-40 md:pb-50\" id=\"\" style=\"\">\n\n          <div class=\"container\" style=\"\">\n  \n  \n  \n      <div class=\"!mb-30 intro-text text-left\">\n      <p><p>Los donativos recaudados para alimentar este fondo se destinan a becas para estudiantes que deseen cursar estudios en nuestro Ateneo Pontificio y que se hayan comprometido con la evangelizaci\u00f3n de la cultura.<\/p>\n<p>Las becas concedidas ser\u00e1n de<b> hasta el 50% de la contribuci\u00f3n debida en concepto de tasas acad\u00e9micas<\/b>.<\/p>\n<p>Los requisitos para obtenerla son un <b>expediente acad\u00e9mico excelente<\/b> (al menos 92\/100) y estar comprometido con la evangelizaci\u00f3n de la cultura, demostr\u00e1ndolo con el apoyo por escrito del Obispo\/Superiora Religiosa y de un profesional laico.<\/p>\n<p>El fondo de becas \u00abPontifical Scholarships\u00bb nace de la continua petici\u00f3n de ayuda de nuestros estudiantes para poder estudiar en nuestro Ateneo Pontificio <i>Regina Apostolorum,\u00a0<\/i>y este fondo podr\u00e1 apoyar la formaci\u00f3n tanto de laicos como de cl\u00e9rigos comprometidos con la evangelizaci\u00f3n de la cultura.<\/p>\n<p>Evangelizar la cultura no es solo nuestra misi\u00f3n, sino la misi\u00f3n de la Iglesia, porque \u00abuna fe que no se convierte en cultura es una fe no plenamente aceptada, no enteramente pensada, no fielmente vivida\u00bb (San Juan Pablo II).<\/p>\n<\/p>\n    <\/div>\n  \n  \n\n<\/div>\n    \n    \n    \n    \n  <\/div>\n\n  <\/section>\n\n\n<section class=\"block  cta-banner full-width\" \n            >\n\n      <div class=\"cta-banner__content text-white content-left pt-60 md:pt-80 pb-60 md:pb-80\" id=\"\" style=\"background-color: #003da5\">\n    <div class=\"container px-20 md:px-0\">\n      <div>\n                            <h2 class=\"py-20 s50 font-500 text-primary text-center md:text-left\">Contactos<\/h2>\n                      <\/div>\n      <div>\n                        \n                  <div class=\"pb-20\">\n                      <p class=\"label_link s18 mr-10\">\n                              <span class=\"icon icon-envelope\">\n                  <span class=\"lnr lnr-envelope\"><\/span>\n                <\/span>\n                                            <span>\n                  Correo electr\u00f3nico:\n                <\/span>\n                            <a href=mailto:info.teologia@upra.org   title=\"info.teologia@upra.org\"  class=\"button hover-underline s18  --white \">\n    <span class=\"button__label\">info.teologia@upra.org<\/span>\n  <\/a>\n            <\/p>\n                      <p class=\"label_link s18 mr-10\">\n                              <span class=\"icon icon-phone\">\n                  <span class=\"lnr lnr-phone\"><\/span>\n                <\/span>\n                                            <span>\n                  Tel\u00e9fono:\n                <\/span>\n                            <a href=tel: +39 06 91689867   title=\"+39 06 91689867\"  class=\"button hover-underline s18  --white \">\n    <span class=\"button__label\">+39 06 91689867<\/span>\n  <\/a>\n            <\/p>\n                      <p class=\"label_link s18 mr-10\">\n                              <span class=\"icon icon-phone-handset\">\n                  <span class=\"lnr lnr-phone-handset\"><\/span>\n                <\/span>\n                                            <span>\n                  M\u00f3vil:\n                <\/span>\n                            <a href=tel: +39 346 2856633   title=\"+39 346 2856633\"  class=\"button hover-underline s18  --white \">\n    <span class=\"button__label\">+39 346 2856633<\/span>\n  <\/a>\n            <\/p>\n                    <\/div>\n        \n                  <div class=\"pt-20 simple_links\">\n                      <a href=https:\/\/www.upra.org\/es\/admision\/como-inscribirse\/   title=\"C\u00f3mo inscribirse\"  class=\"button mb-20 --underline  --white \">\n    <span class=\"button__label\">C\u00f3mo inscribirse<\/span>\n  <\/a>\n                      <a href=https:\/\/www.upra.org\/es\/facultades-institutos\/   title=\"Otros programas que pueden ser de inter\u00e9s\"  class=\"button mb-20 --underline  --white \">\n    <span class=\"button__label\">Otros programas que pueden ser de inter\u00e9s<\/span>\n  <\/a>\n                    <\/div>\n              <\/div>\n    <\/div>\n\n  <\/div>\n\n  <\/section>\n","protected":false},"excerpt":{"rendered":"","protected":false},"author":3,"featured_media":0,"parent":1173,"menu_order":0,"comment_status":"closed","ping_status":"closed","template":"","meta":{"_acf_changed":false,"footnotes":""},"class_list":["post-3936","page","type-page","status-publish","hentry"],"acf":[],"_links":{"self":[{"href":"https:\/\/www.upra.org\/es\/wp-json\/wp\/v2\/pages\/3936","targetHints":{"allow":["GET"]}}],"collection":[{"href":"https:\/\/www.upra.org\/es\/wp-json\/wp\/v2\/pages"}],"about":[{"href":"https:\/\/www.upra.org\/es\/wp-json\/wp\/v2\/types\/page"}],"author":[{"embeddable":true,"href":"https:\/\/www.upra.org\/es\/wp-json\/wp\/v2\/users\/3"}],"replies":[{"embeddable":true,"href":"https:\/\/www.upra.org\/es\/wp-json\/wp\/v2\/comments?post=3936"}],"version-history":[{"count":11,"href":"https:\/\/www.upra.org\/es\/wp-json\/wp\/v2\/pages\/3936\/revisions"}],"predecessor-version":[{"id":8588,"href":"https:\/\/www.upra.org\/es\/wp-json\/wp\/v2\/pages\/3936\/revisions\/8588"}],"up":[{"embeddable":true,"href":"https:\/\/www.upra.org\/es\/wp-json\/wp\/v2\/pages\/1173"}],"wp:attachment":[{"href":"https:\/\/www.upra.org\/es\/wp-json\/wp\/v2\/media?parent=3936"}],"curies":[{"name":"wp","href":"https:\/\/api.w.org\/{rel}","templated":true}]}}