{"id":3940,"date":"2023-09-06T08:48:58","date_gmt":"2023-09-06T08:48:58","guid":{"rendered":"https:\/\/www.upra.org\/es\/?page_id=3940"},"modified":"2024-01-16T16:30:28","modified_gmt":"2024-01-16T16:30:28","slug":"beca-sagrado-corazon","status":"publish","type":"page","link":"https:\/\/www.upra.org\/es\/inscripcion\/becas\/beca-sagrado-corazon\/","title":{"rendered":"Beca Sagrado Coraz\u00f3n"},"content":{"rendered":"<section class=\"block  paragraph-box full-width\" \n            >\n\n      <div class=\"paragraph-box__content text-center pt-40 md:pt-50 pb-40 md:pb-50\" id=\"\" style=\"\">\n\n          <div class=\"container\" style=\"\">\n  \n  \n  \n      <div class=\"!mb-30 intro-text text-left\">\n      <p><p>Los candidatos podr\u00e1n <b>solicitar hasta 1000 euros para la compra de material<\/b> que ayude a su misi\u00f3n evangelizadora en las redes sociales o en publicaciones.<\/p>\n<p>Los <b>requisitos para obtener esta ayuda<\/b> son haber sido admitido en el Ateneo Pontificio Regina Apostolorum, ser religioso de la congregaci\u00f3n de los Legionarios de Cristo, en formaci\u00f3n previa a la ordenaci\u00f3n sacerdotal, y, por \u00faltimo, ser <i>influencer<\/i> en las redes sociales o haber publicado al menos un libro, compartiendo el amor de Cristo con el mundo.<\/p>\n<p>Estas becas se conceden a estudiantes seleccionados que se distinguen por su continua evangelizaci\u00f3n de la cultura, especialmente a trav\u00e9s de las redes sociales como <i>influencers<\/i> o a trav\u00e9s de sus propias publicaciones, compartiendo el amor de Cristo con el mundo.<\/p>\n<p>Estas aportaciones solo son posibles gracias a la generosidad de una familia de donantes que se interesa especialmente por la preparaci\u00f3n de los seminaristas y que ha comprendido bien que una de las tareas m\u00e1s importantes de la Iglesia es, sin duda, la formaci\u00f3n de quienes deben animar la comunidad cristiana de los fieles, los sacerdotes.<\/p>\n<\/p>\n    <\/div>\n  \n  \n\n<\/div>\n    \n    \n    \n    \n  <\/div>\n\n  <\/section>\n\n\n<section class=\"block  cta-banner full-width\" \n            >\n\n      <div class=\"cta-banner__content text-white content-left pt-60 md:pt-80 pb-60 md:pb-80\" id=\"\" style=\"background-color: #003da5\">\n    <div class=\"container px-20 md:px-0\">\n      <div>\n                            <h2 class=\"py-20 s50 font-500 text-primary text-center md:text-left\">Contactos<\/h2>\n                      <\/div>\n      <div>\n                        \n                  <div class=\"pb-20\">\n                      <p class=\"label_link s18 mr-10\">\n                              <span class=\"icon icon-envelope\">\n                  <span class=\"lnr lnr-envelope\"><\/span>\n                <\/span>\n                                            <span>\n                  Correo electr\u00f3nico:\n                <\/span>\n                            <a href=mailto:info.teologia@upra.org   title=\"info.teologia@upra.org\"  class=\"button hover-underline s18  --white \">\n    <span class=\"button__label\">info.teologia@upra.org<\/span>\n  <\/a>\n            <\/p>\n                      <p class=\"label_link s18 mr-10\">\n                              <span class=\"icon icon-phone\">\n                  <span class=\"lnr lnr-phone\"><\/span>\n                <\/span>\n                                            <span>\n                  Tel\u00e9fono:\n                <\/span>\n                            <a href=tel: +39 06 91689867   title=\"+39 06 91689867\"  class=\"button hover-underline s18  --white \">\n    <span class=\"button__label\">+39 06 91689867<\/span>\n  <\/a>\n            <\/p>\n                      <p class=\"label_link s18 mr-10\">\n                              <span class=\"icon icon-phone-handset\">\n                  <span class=\"lnr lnr-phone-handset\"><\/span>\n                <\/span>\n                                            <span>\n                  M\u00f3vil:\n                <\/span>\n                            <a href=tel: +39 346 2856633   title=\"+39 346 2856633\"  class=\"button hover-underline s18  --white \">\n    <span class=\"button__label\">+39 346 2856633<\/span>\n  <\/a>\n            <\/p>\n                    <\/div>\n        \n                  <div class=\"pt-20 simple_links\">\n                      <a href=https:\/\/www.upra.org\/es\/admision\/como-inscribirse\/   title=\"C\u00f3mo inscribirse\"  class=\"button mb-20 --underline  --white \">\n    <span class=\"button__label\">C\u00f3mo inscribirse<\/span>\n  <\/a>\n                      <a href=https:\/\/www.upra.org\/es\/facultades-institutos\/   title=\"Otros programas que pueden ser de inter\u00e9s\"  class=\"button mb-20 --underline  --white \">\n    <span class=\"button__label\">Otros programas que pueden ser de inter\u00e9s<\/span>\n  <\/a>\n                    <\/div>\n              <\/div>\n    <\/div>\n\n  <\/div>\n\n  <\/section>\n","protected":false},"excerpt":{"rendered":"","protected":false},"author":3,"featured_media":0,"parent":1173,"menu_order":0,"comment_status":"closed","ping_status":"closed","template":"","meta":{"_acf_changed":false,"footnotes":""},"class_list":["post-3940","page","type-page","status-publish","hentry"],"acf":[],"_links":{"self":[{"href":"https:\/\/www.upra.org\/es\/wp-json\/wp\/v2\/pages\/3940","targetHints":{"allow":["GET"]}}],"collection":[{"href":"https:\/\/www.upra.org\/es\/wp-json\/wp\/v2\/pages"}],"about":[{"href":"https:\/\/www.upra.org\/es\/wp-json\/wp\/v2\/types\/page"}],"author":[{"embeddable":true,"href":"https:\/\/www.upra.org\/es\/wp-json\/wp\/v2\/users\/3"}],"replies":[{"embeddable":true,"href":"https:\/\/www.upra.org\/es\/wp-json\/wp\/v2\/comments?post=3940"}],"version-history":[{"count":10,"href":"https:\/\/www.upra.org\/es\/wp-json\/wp\/v2\/pages\/3940\/revisions"}],"predecessor-version":[{"id":7973,"href":"https:\/\/www.upra.org\/es\/wp-json\/wp\/v2\/pages\/3940\/revisions\/7973"}],"up":[{"embeddable":true,"href":"https:\/\/www.upra.org\/es\/wp-json\/wp\/v2\/pages\/1173"}],"wp:attachment":[{"href":"https:\/\/www.upra.org\/es\/wp-json\/wp\/v2\/media?parent=3940"}],"curies":[{"name":"wp","href":"https:\/\/api.w.org\/{rel}","templated":true}]}}