{"id":3943,"date":"2023-09-06T08:49:47","date_gmt":"2023-09-06T08:49:47","guid":{"rendered":"https:\/\/www.upra.org\/es\/?page_id=3943"},"modified":"2024-01-16T16:31:09","modified_gmt":"2024-01-16T16:31:09","slug":"beca-esperanzas-suenos","status":"publish","type":"page","link":"https:\/\/www.upra.org\/es\/inscripcion\/becas\/beca-esperanzas-suenos\/","title":{"rendered":"Becas Esperanzas y Sue\u00f1os"},"content":{"rendered":"<section class=\"block  paragraph-box full-width\" \n            >\n\n      <div class=\"paragraph-box__content text-center pt-40 md:pt-50 pb-40 md:pb-50\" id=\"\" style=\"\">\n\n          <div class=\"container\" style=\"\">\n  \n  \n  \n      <div class=\"!mb-30 intro-text text-left\">\n      <p><p>Estas becas est\u00e1n destinadas a las <b>estudiantes que pertenecen a una comunidad religiosa<\/b> que desea proporcionarles una educaci\u00f3n superior pero que, debido a dificultades econ\u00f3micas, no puede permitirse matricularlas en el Ateneo Pontificio\u00a0<i>Regina Apostolorum<\/i>.<\/p>\n<p>Los <b>requisitos para obtenerla<\/b> son haber sido admitida al menos en el noviciado de una comunidad religiosa con aprobaci\u00f3n diocesana o pontificia y aportar una carta de presentaci\u00f3n del Obispo o de la Superiora General o Provincial, en la que, adem\u00e1s de presentar a la candidata, se expongan las necesidades econ\u00f3micas objetivas.<\/p>\n<p>Estas becas son posibles gracias a la generosidad de donantes que se interesan especialmente por la preparaci\u00f3n de las monjas.<\/p>\n<\/p>\n    <\/div>\n  \n  \n\n<\/div>\n    \n    \n    \n    \n  <\/div>\n\n  <\/section>\n\n\n<section class=\"block  cta-banner full-width\" \n            >\n\n      <div class=\"cta-banner__content text-white content-left pt-60 md:pt-80 pb-60 md:pb-80\" id=\"\" style=\"background-color: #003da5\">\n    <div class=\"container px-20 md:px-0\">\n      <div>\n                            <h2 class=\"py-20 s50 font-500 text-primary text-center md:text-left\">Contactos<\/h2>\n                      <\/div>\n      <div>\n                        \n                  <div class=\"pb-20\">\n                      <p class=\"label_link s18 mr-10\">\n                              <span class=\"icon icon-envelope\">\n                  <span class=\"lnr lnr-envelope\"><\/span>\n                <\/span>\n                                            <span>\n                  Correo electr\u00f3nico:\n                <\/span>\n                            <a href=mailto:info.teologia@upra.org   title=\"info.teologia@upra.org\"  class=\"button hover-underline s18  --white \">\n    <span class=\"button__label\">info.teologia@upra.org<\/span>\n  <\/a>\n            <\/p>\n                      <p class=\"label_link s18 mr-10\">\n                              <span class=\"icon icon-phone\">\n                  <span class=\"lnr lnr-phone\"><\/span>\n                <\/span>\n                                            <span>\n                  Tel\u00e9fono:\n                <\/span>\n                            <a href=tel: +39 06 91689867   title=\"+39 06 91689867\"  class=\"button hover-underline s18  --white \">\n    <span class=\"button__label\">+39 06 91689867<\/span>\n  <\/a>\n            <\/p>\n                      <p class=\"label_link s18 mr-10\">\n                              <span class=\"icon icon-phone-handset\">\n                  <span class=\"lnr lnr-phone-handset\"><\/span>\n                <\/span>\n                                            <span>\n                  M\u00f3vil:\n                <\/span>\n                            <a href=tel: +39 346 2856633   title=\"+39 346 2856633\"  class=\"button hover-underline s18  --white \">\n    <span class=\"button__label\">+39 346 2856633<\/span>\n  <\/a>\n            <\/p>\n                    <\/div>\n        \n                  <div class=\"pt-20 simple_links\">\n                      <a href=https:\/\/www.upra.org\/es\/admision\/como-inscribirse\/   title=\"C\u00f3mo inscribirse\"  class=\"button mb-20 --underline  --white \">\n    <span class=\"button__label\">C\u00f3mo inscribirse<\/span>\n  <\/a>\n                      <a href=https:\/\/www.upra.org\/es\/facultades-institutos\/   title=\"Otros programas que pueden ser de inter\u00e9s\"  class=\"button mb-20 --underline  --white \">\n    <span class=\"button__label\">Otros programas que pueden ser de inter\u00e9s<\/span>\n  <\/a>\n                    <\/div>\n              <\/div>\n    <\/div>\n\n  <\/div>\n\n  <\/section>\n","protected":false},"excerpt":{"rendered":"","protected":false},"author":3,"featured_media":0,"parent":1173,"menu_order":0,"comment_status":"closed","ping_status":"closed","template":"","meta":{"_acf_changed":false,"footnotes":""},"class_list":["post-3943","page","type-page","status-publish","hentry"],"acf":[],"_links":{"self":[{"href":"https:\/\/www.upra.org\/es\/wp-json\/wp\/v2\/pages\/3943","targetHints":{"allow":["GET"]}}],"collection":[{"href":"https:\/\/www.upra.org\/es\/wp-json\/wp\/v2\/pages"}],"about":[{"href":"https:\/\/www.upra.org\/es\/wp-json\/wp\/v2\/types\/page"}],"author":[{"embeddable":true,"href":"https:\/\/www.upra.org\/es\/wp-json\/wp\/v2\/users\/3"}],"replies":[{"embeddable":true,"href":"https:\/\/www.upra.org\/es\/wp-json\/wp\/v2\/comments?post=3943"}],"version-history":[{"count":9,"href":"https:\/\/www.upra.org\/es\/wp-json\/wp\/v2\/pages\/3943\/revisions"}],"predecessor-version":[{"id":7975,"href":"https:\/\/www.upra.org\/es\/wp-json\/wp\/v2\/pages\/3943\/revisions\/7975"}],"up":[{"embeddable":true,"href":"https:\/\/www.upra.org\/es\/wp-json\/wp\/v2\/pages\/1173"}],"wp:attachment":[{"href":"https:\/\/www.upra.org\/es\/wp-json\/wp\/v2\/media?parent=3943"}],"curies":[{"name":"wp","href":"https:\/\/api.w.org\/{rel}","templated":true}]}}