{"id":3946,"date":"2023-09-06T08:51:51","date_gmt":"2023-09-06T08:51:51","guid":{"rendered":"https:\/\/www.upra.org\/es\/?page_id=3946"},"modified":"2024-01-16T16:32:23","modified_gmt":"2024-01-16T16:32:23","slug":"fondo-de-becas-socorro-perpetuo","status":"publish","type":"page","link":"https:\/\/www.upra.org\/es\/inscripcion\/becas\/fondo-de-becas-socorro-perpetuo\/","title":{"rendered":"Fondo de becas del Socorro Perpetuo"},"content":{"rendered":"<section class=\"block  paragraph-box full-width\" \n            >\n\n      <div class=\"paragraph-box__content text-center pt-40 md:pt-50 pb-40 md:pb-50\" id=\"\" style=\"\">\n\n          <div class=\"container\" style=\"\">\n  \n  \n  \n      <div class=\"!mb-30 intro-text text-left\">\n      <p><p>Beca reservada a quienes decidan participar en el <b>Curso de renovaci\u00f3n sacerdotal en Tierra Santa<\/b>.<\/p>\n<p>Para solicitar la beca es necesario haber sido <b>sacerdote durante m\u00e1s de cinco a\u00f1os<\/b>.<\/p>\n<p>Una vez cumplimentado el formulario de inscripci\u00f3n de la p\u00e1gina (www.sacerdos.org), se debe enviar por correo electr\u00f3nico a <a href=\"mailto:istitutosacerdos@upra.org\">istitutosacerdos@upra.org<\/a> con:<\/p>\n<ul>\n<li style=\"font-weight: 400;\" aria-level=\"1\">una<b> carta de solicitud de la <\/b><b>beca<\/b>, escrita por el sacerdote que desea asistir al curso, present\u00e1ndose y exponiendo las razones de la solicitud y la motivaci\u00f3n de su participaci\u00f3n. Esta carta, en papel con membrete, firmada y escaneada, se debe dirigir al \u00abEstimado director del Instituto Sacerdos\u00bb.<\/li>\n<li style=\"font-weight: 400;\" aria-level=\"1\">Una <b>carta de recomendaci\u00f3n<\/b> del Superior Mayor o del Obispo (en papel con membrete, firmada y escaneada), confirmando el apoyo a la petici\u00f3n, la autorizaci\u00f3n para la participaci\u00f3n y la garant\u00eda de que el candidato est\u00e1 \u00aben regla\u00bb.<\/li>\n<\/ul>\n<p>Para reunir los<b> documentos requeridos para la inscripci\u00f3n,<\/b> es necesario:<\/p>\n<ul>\n<li style=\"font-weight: 400;\" aria-level=\"1\">rellenar el formulario en l\u00ednea (www.sacerdos.org);<\/li>\n<li style=\"font-weight: 400;\" aria-level=\"1\">cargar en el formulario una copia de la carta de recomendaci\u00f3n del obispo;<\/li>\n<li style=\"font-weight: 400;\" aria-level=\"1\">cargar en el formulario una copia de la imagen escaneada del pasaporte (con foto y datos personales);\u00a0<\/li>\n<li style=\"font-weight: 400;\" aria-level=\"1\">tener un pasaporte v\u00e1lido durante al menos 6 meses despu\u00e9s de finalizar el curso;<\/li>\n<li style=\"font-weight: 400;\" aria-level=\"1\"><span style=\"font-weight: 400;\">cargar una copia del <\/span><i><span style=\"font-weight: 400;\">curriculum<\/span><\/i> en el formulario.<\/li>\n<\/ul>\n<\/p>\n    <\/div>\n  \n  \n\n<\/div>\n    \n    \n    \n    \n  <\/div>\n\n  <\/section>\n\n\n<section class=\"block  cta-banner full-width\" \n            >\n\n      <div class=\"cta-banner__content text-white content-left pt-60 md:pt-80 pb-60 md:pb-80\" id=\"\" style=\"background-color: #003da5\">\n    <div class=\"container px-20 md:px-0\">\n      <div>\n                            <h2 class=\"py-20 s50 font-500 text-primary text-center md:text-left\">Contactos<\/h2>\n                      <\/div>\n      <div>\n                        \n                  <div class=\"pb-20\">\n                      <p class=\"label_link s18 mr-10\">\n                              <span class=\"icon icon-envelope\">\n                  <span class=\"lnr lnr-envelope\"><\/span>\n                <\/span>\n                                            <span>\n                  Correo electr\u00f3nico:\n                <\/span>\n                            <a href=mailto:info.teologia@upra.org   title=\"info.teologia@upra.org\"  class=\"button hover-underline s18  --white \">\n    <span class=\"button__label\">info.teologia@upra.org<\/span>\n  <\/a>\n            <\/p>\n                      <p class=\"label_link s18 mr-10\">\n                              <span class=\"icon icon-phone\">\n                  <span class=\"lnr lnr-phone\"><\/span>\n                <\/span>\n                                            <span>\n                  Tel\u00e9fono:\n                <\/span>\n                            <a href=tel: +39 06 91689867   title=\"+39 06 91689867\"  class=\"button hover-underline s18  --white \">\n    <span class=\"button__label\">+39 06 91689867<\/span>\n  <\/a>\n            <\/p>\n                      <p class=\"label_link s18 mr-10\">\n                              <span class=\"icon icon-phone-handset\">\n                  <span class=\"lnr lnr-phone-handset\"><\/span>\n                <\/span>\n                                            <span>\n                  M\u00f3vil:\n                <\/span>\n                            <a href=tel: +39 346 2856633   title=\"+39 346 2856633\"  class=\"button hover-underline s18  --white \">\n    <span class=\"button__label\">+39 346 2856633<\/span>\n  <\/a>\n            <\/p>\n                    <\/div>\n        \n                  <div class=\"pt-20 simple_links\">\n                      <a href=https:\/\/www.upra.org\/es\/admision\/como-inscribirse\/   title=\"C\u00f3mo inscribirse\"  class=\"button mb-20 --underline  --white \">\n    <span class=\"button__label\">C\u00f3mo inscribirse<\/span>\n  <\/a>\n                      <a href=https:\/\/www.upra.org\/es\/facultades-institutos\/   title=\"Otros programas que pueden ser de inter\u00e9s\"  class=\"button mb-20 --underline  --white \">\n    <span class=\"button__label\">Otros programas que pueden ser de inter\u00e9s<\/span>\n  <\/a>\n                    <\/div>\n              <\/div>\n    <\/div>\n\n  <\/div>\n\n  <\/section>\n","protected":false},"excerpt":{"rendered":"","protected":false},"author":3,"featured_media":0,"parent":1173,"menu_order":0,"comment_status":"closed","ping_status":"closed","template":"","meta":{"_acf_changed":false,"footnotes":""},"class_list":["post-3946","page","type-page","status-publish","hentry"],"acf":[],"_links":{"self":[{"href":"https:\/\/www.upra.org\/es\/wp-json\/wp\/v2\/pages\/3946","targetHints":{"allow":["GET"]}}],"collection":[{"href":"https:\/\/www.upra.org\/es\/wp-json\/wp\/v2\/pages"}],"about":[{"href":"https:\/\/www.upra.org\/es\/wp-json\/wp\/v2\/types\/page"}],"author":[{"embeddable":true,"href":"https:\/\/www.upra.org\/es\/wp-json\/wp\/v2\/users\/3"}],"replies":[{"embeddable":true,"href":"https:\/\/www.upra.org\/es\/wp-json\/wp\/v2\/comments?post=3946"}],"version-history":[{"count":9,"href":"https:\/\/www.upra.org\/es\/wp-json\/wp\/v2\/pages\/3946\/revisions"}],"predecessor-version":[{"id":7983,"href":"https:\/\/www.upra.org\/es\/wp-json\/wp\/v2\/pages\/3946\/revisions\/7983"}],"up":[{"embeddable":true,"href":"https:\/\/www.upra.org\/es\/wp-json\/wp\/v2\/pages\/1173"}],"wp:attachment":[{"href":"https:\/\/www.upra.org\/es\/wp-json\/wp\/v2\/media?parent=3946"}],"curies":[{"name":"wp","href":"https:\/\/api.w.org\/{rel}","templated":true}]}}