{"id":4017,"date":"2023-09-06T10:18:03","date_gmt":"2023-09-06T10:18:03","guid":{"rendered":"https:\/\/www.upra.org\/es\/?page_id=4017"},"modified":"2025-05-22T08:49:55","modified_gmt":"2025-05-22T08:49:55","slug":"certificados-diplomas","status":"publish","type":"page","link":"https:\/\/www.upra.org\/es\/comunidad-apra\/estudiantes\/certificados-diplomas\/","title":{"rendered":"Certificados y diplomas"},"content":{"rendered":"<section class=\"block  paragraph-box full-width\" \n            >\n\n      <div class=\"paragraph-box__content text-center pt-40 md:pt-50 pb-40 md:pb-50\" id=\"\" style=\"\">\n\n          <div class=\"container\" style=\"\">\n          <h2 class=\"intro-title font-500 text-primary mb-20 s30 font-medium leading-snug \">Solicitud de certificados y diplomas<\/h2>\n  \n  \n  \n      <div class=\"!mb-30 intro-text text-left\">\n      <p><p>La solicitud de certificados y\/o diplomas en pergamina puede realizarse desde el portal <a href=\"https:\/\/my.upra.org\/account\/login\" target=\"_blank\" rel=\"noopener\">MyUpra<\/a>:<\/p>\n<ul>\n<li>Seleccionar la opci\u00f3n \u00abCertificados\u00bb.<\/li>\n<li>\u00a0Seleccionar el bot\u00f3n con el signo \u00ab+\u00bb a la derecha de la pantalla.<\/li>\n<li>\u00a0Seleccionar con el bot\u00f3n a la derecha \u00abSolicitar\u00bb la oferta formativa para la cual se desea la certificaci\u00f3n, despu\u00e9s se abrir\u00e1 la pantalla con las opciones de certificado disponibles (inscripci\u00f3n, materias cursadas, finales, etc).<\/li>\n<li>Elegir para cada certificado, las opciones deseadas.<\/li>\n<li>N.B. \u2013 si se desea agregar m\u00e1s solicitudes (tambi\u00e9n para ofertas formativas diferentes), clicar en el bot\u00f3n en la parte superior derecha \u00abvolver atr\u00e1s\u00bb y ser\u00e1 posible solicitar una nueva certificaci\u00f3n.<\/li>\n<li>Antes de finalizar la solicitud o las solicitudes, confirmar el n\u00famero de tel\u00e9fono y el correo electr\u00f3nico.<\/li>\n<li>Pago: seleccionar el tipo de pago.<\/li>\n<li>Las solicitudes quedar\u00e1n guardadas en el portal MyUpra. Las certificaciones se procesar\u00e1n exclusivamente despu\u00e9s de recibir el pago.<\/li>\n<li>En caso de pago por transferencia bancaria es necesario incluir en la casual las indicaciones contenidas en el correo electr\u00f3nico de confirmaci\u00f3n.<\/li>\n<li>Si no se recibe el correo electr\u00f3nico de confirmaci\u00f3n, verificar en la carpeta de correo no deseado o Spam.<\/li>\n<\/ul>\n<h3>Tiempos de recogida y env\u00edo:<\/h3>\n<ul>\n<li>Es posible retirar los certificados a partir del 6\u00b0 d\u00eda laborable desde el d\u00eda del pago de la solicitud.<\/li>\n<li>Es posible retirar las pergamene a partir del 30\u00b0 d\u00eda laborable desde el d\u00eda del pago de la solicitud.<\/li>\n<li>La solicitud de traducci\u00f3n de los certificados implica una considerable extensi\u00f3n de los tiempos de preparaci\u00f3n del certificado. No se garantiza la emisi\u00f3n del documento traducido antes de 60 d\u00edas laborables desde la solicitud.<\/li>\n<li>Los tiempos necesarios para las legalizaciones de documentos no dependen de la Universidad, sino de la disponibilidad de las Embajadas. No se garantiza el env\u00edo del documento legalizado antes de 60 d\u00edas laborables desde la solicitud.<\/li>\n<li>El diploma en pergamena se emite en una \u00fanica copia y puede ser enviado exclusivamente mediante Correo Expreso.<\/li>\n<\/ul>\n<p>&nbsp;<\/p>\n<p>Disponible una gu\u00eda paso a paso para la solicitud de certificados \u2013 <a href=\"https:\/\/www.upra.org\/app\/uploads\/2025\/02\/Guida-NUOVA-Richiesta-certificati.pdf\" target=\"_blank\" rel=\"noopener\">Gu\u00eda para la solicitud de certificados y diplomas<\/a>:<\/p>\n<p>Las certificaciones pueden ser retiradas en el mostrador de la Secretar\u00eda General en los siguientes d\u00edas y horarios:<\/p>\n<p><strong>Lunes y Martes<\/strong>: 11:00-13:00<\/p>\n<p><strong>Jueves<\/strong>: 11:00-13:00 \/14:00-15:30<\/p>\n<p>Si no se recuerdan las credenciales de acceso a MyUpra, es posible solicitarlas a servizionline@upra.org<\/p>\n<\/p>\n    <\/div>\n  \n  \n\n<\/div>\n    \n    \n    \n    \n  <\/div>\n\n  <\/section>\n\n\n<section class=\"block  standard-accordion full-width\" \n            >\n\n      <div class=\"standard-accordion__content accordions pt-40 md:pt-80 pb-40 md:pb-80  \" id=\"\" style=\"background-color: #f2f3f5\">\n    <div class=\"container faq\">\n                      <h2 class=\"s40 text-center text-primary font-500 pb-20 md:pb-40\">Preguntas Frecuentes sobre Certificaciones APRA<\/h2>\n                                          <div class=\"accordion\" >\n  <button class=\"button s30\">\u00bfQu\u00e9 certificados se pueden solicitar en la Secretar\u00eda General?\n    <span class=\"button__icon icon-plus \">\n      <i class=\"fa-regular fa-plus\"><\/i>\n    <\/span>\n  <\/button>\n  <div class=\"panel\">\n    <div class=\"text\">\n      <table width=\"680\">\n<tbody>\n<tr>\n<td width=\"180\"><strong>Certificado<\/strong><\/td>\n<td width=\"501\"><strong>Descripci\u00f3n<\/strong><\/td>\n<\/tr>\n<tr>\n<td width=\"180\">Certificado de preinscripci\u00f3n<\/td>\n<td width=\"501\">Atestigua la preinscripci\u00f3n a un ciclo\/programa de estudios conforme a los par\u00e1metros de la Secretar\u00eda de Estado del Vaticano.<\/p>\n<p>Es el certificado necesario para la presentaci\u00f3n de la solicitud de visa por motivo de estudios.<\/td>\n<\/tr>\n<tr>\n<td width=\"180\">Certificado de inscripci\u00f3n<\/td>\n<td width=\"501\">Atestigua la inscripci\u00f3n para el a\u00f1o acad\u00e9mico en curso (v\u00e1lido por un a\u00f1o).<\/p>\n<p>La primera emisi\u00f3n es gratuita.<\/td>\n<\/tr>\n<tr>\n<td width=\"180\">Certificado de inscripci\u00f3n con materias aprobadas<\/td>\n<td width=\"501\">Atestigua la inscripci\u00f3n para el a\u00f1o acad\u00e9mico en curso y proporciona la lista de calificaciones obtenidas en los ex\u00e1menes superados para las materias del ciclo\/programa al que se encuentra actualmente inscrito (v\u00e1lido por un a\u00f1o).<\/p>\n<p>Certificado \u00fatil para la solicitud de renovaci\u00f3n del PDS.<\/td>\n<\/tr>\n<tr>\n<td width=\"180\">Certificado de materias aprobadas<\/td>\n<td width=\"501\">Contiene la lista de calificaciones obtenidas en los ex\u00e1menes superados para las materias del ciclo\/programa solicitado<\/td>\n<\/tr>\n<tr>\n<td width=\"180\">Impresi\u00f3n de materias aprobadas<\/td>\n<td width=\"501\">Impresi\u00f3n del informe &#8216;Avanzamiento del plan de estudios&#8217; disponible en el \u00c1rea reservada<\/td>\n<\/tr>\n<tr>\n<td width=\"180\">Certificado de Obtenci\u00f3n de T\u00edtulo<\/td>\n<td width=\"501\">Atestigua la obtenci\u00f3n del t\u00edtulo indicando la fecha del mismo, la lista de calificaciones y ECTS obtenidos en los ex\u00e1menes superados, \u00fatiles para la obtenci\u00f3n del t\u00edtulo, el promedio total y la calificaci\u00f3n final del programa.<\/p>\n<p>Incluye, cuando sea posible y si se solicita, el suplemento al t\u00edtulo.<\/p>\n<p>La primera emisi\u00f3n es gratuita.<\/td>\n<\/tr>\n<tr>\n<td width=\"180\">Certificado del <em>suplemento al diploma<\/em><\/td>\n<td style=\"text-align: justify\" width=\"501\">Atestigua la descripci\u00f3n exacta de la naturaleza, nivel y contenido de los estudios completados. Le corresponde de derecho junto con el diploma en pergamino (Reglamento General Art. 71 \u00a71.- \u00a72.) El Suplemento al Diploma, o Diploma Supplement, es un certificado que contiene la descripci\u00f3n de la naturaleza, nivel, contexto, contenido y estado de los estudios realizados y completados con \u00e9xito por el estudiante mencionado en el t\u00edtulo acad\u00e9mico. Este certificado solo contiene datos oficiales sobre la trayectoria del estudiante, excluyendo evaluaciones discrecionales, declaraciones de equivalencia o sugerencias relacionadas con el reconocimiento. Solo es v\u00e1lido junto con el t\u00edtulo acad\u00e9mico oficial.<\/td>\n<\/tr>\n<tr>\n<td width=\"180\">Diploma en pergamino<\/td>\n<td style=\"text-align: justify\" width=\"501\">Pergamino que certifica la obtenci\u00f3n del ciclo (licenciatura, maestr\u00eda, doctorado). El pergamino de los ciclos de estudio institucionales para las facultades de Filosof\u00eda, Teolog\u00eda y Bio\u00e9tica se redacta en lat\u00edn. El pergamino de los ciclos institucionales del Instituto Superior de Ciencias Religiosas se redacta en italiano.<\/td>\n<\/tr>\n<tr>\n<td width=\"180\">Diploma de m\u00e1ster\/diploma<\/td>\n<td style=\"text-align: justify\" width=\"501\">Pergamino que certifica la obtenci\u00f3n del m\u00e1ster\/diploma. Se redacta en italiano o en la lengua oficial del programa de estudios<\/td>\n<\/tr>\n<tr>\n<td width=\"180\">Diploma del programa de estudios del ISSR<\/td>\n<td style=\"text-align: justify\" width=\"501\">Cart\u00f3n que certifica la obtenci\u00f3n de los cursos de diploma del Instituto Superior de Ciencias Religiosas<\/td>\n<\/tr>\n<tr>\n<td width=\"180\">Certificado de participaci\u00f3n con ECTS<\/td>\n<td style=\"text-align: justify\" width=\"501\">Certifica la participaci\u00f3n en un programa de estudios que otorga ECTS, diferente de los ciclos institucionales, m\u00e1ster y diploma<\/td>\n<\/tr>\n<tr>\n<td width=\"180\">Copia conforme del programa acad\u00e9mico (para ciclo, m\u00e1ster\/diploma)<\/td>\n<td style=\"text-align: justify\" width=\"501\">Contiene la descripci\u00f3n de los contenidos program\u00e1ticos de cada asignatura, de la cual el estudiante ha aprobado el examen, \u00fatil para completar un ciclo de estudios espec\u00edfico<\/td>\n<\/tr>\n<tr>\n<td width=\"180\">Copia aut\u00e9ntica de certificaciones APRA<\/td>\n<td width=\"501\">Copia fotost\u00e1tica de un documento ya emitido completa con el sello de conformidad al original<\/td>\n<\/tr>\n<tr>\n<td width=\"180\">Certificado de declaraci\u00f3n del estatus legal de la Universidad<\/td>\n<td width=\"501\">Declaraci\u00f3n del valor legal de la Universidad<\/td>\n<\/tr>\n<tr>\n<td width=\"180\">Certificado de No Objeci\u00f3n<\/td>\n<td width=\"501\">Atestigua el trayecto acad\u00e9mico del estudiante y declara la No Objeci\u00f3n para la transferencia a otra Instituci\u00f3n educativa<\/td>\n<\/tr>\n<tr>\n<td width=\"180\">Traducci\u00f3n del certificado\/diploma (ingl\u00e9s- espa\u00f1ol)<\/td>\n<td width=\"501\">No es posible solicitar la traducci\u00f3n del suplemento al t\u00edtulo<\/td>\n<\/tr>\n<\/tbody>\n<\/table>\n\n    <\/div>\n      <\/div>\n<\/div>\n                      <div class=\"accordion\" >\n  <button class=\"button s30\">\u00bfQu\u00e9 certificados se pueden solicitar en la Secretar\u00eda de la Facultad?\n    <span class=\"button__icon icon-plus \">\n      <i class=\"fa-regular fa-plus\"><\/i>\n    <\/span>\n  <\/button>\n  <div class=\"panel\">\n    <div class=\"text\">\n      <table width=\"680\">\n<tbody>\n<tr>\n<td width=\"180\"><strong>Certificado<\/strong><\/td>\n<td width=\"501\"><strong>Descripci\u00f3n<\/strong><\/td>\n<\/tr>\n<tr>\n<td width=\"180\">Certificado de participaci\u00f3n en un curso<\/td>\n<td width=\"501\">Certifica la participaci\u00f3n en un curso que no otorga ECTS<\/td>\n<\/tr>\n<\/tbody>\n<\/table>\n\n    <\/div>\n      <\/div>\n<\/div>\n                      <div class=\"accordion\" >\n  <button class=\"button s30\">\u00bfQu\u00e9 certificaciones pueden ser emitidas antes de la conclusi\u00f3n de un ciclo de estudios institucional, de un m\u00e1ster o de un diploma, o posteriormente a la suspensi\u00f3n de los estudios?\n    <span class=\"button__icon icon-plus \">\n      <i class=\"fa-regular fa-plus\"><\/i>\n    <\/span>\n  <\/button>\n  <div class=\"panel\">\n    <div class=\"text\">\n      <ul>\n<li>Certificado de inscripci\u00f3n<\/li>\n<li>Certificado de materias aprobadas<\/li>\n<li>Copia conforme del programa acad\u00e9mico (por ciclo, m\u00e1ster\/diploma)<\/li>\n<\/ul>\n\n    <\/div>\n      <\/div>\n<\/div>\n                      <div class=\"accordion\" >\n  <button class=\"button s30\">\u00bfQu\u00e9 certificaciones pueden ser emitidas al concluir un ciclo de estudios institucional, un m\u00e1ster o un diploma?\n    <span class=\"button__icon icon-plus \">\n      <i class=\"fa-regular fa-plus\"><\/i>\n    <\/span>\n  <\/button>\n  <div class=\"panel\">\n    <div class=\"text\">\n      <ul>\n<li>Certificado de obtenci\u00f3n del t\u00edtulo<\/li>\n<li>Diploma en pergamino<\/li>\n<li>Suplemento al diploma (solo para t\u00edtulos obtenidos en ECTS a partir del a.a. 2007-2008)<\/li>\n<li>Copia fiel del programa acad\u00e9mico (por ciclo, m\u00e1ster\/diploma)<\/li>\n<\/ul>\n\n    <\/div>\n      <\/div>\n<\/div>\n                      <div class=\"accordion\" >\n  <button class=\"button s30\">\u00bfQu\u00e9 certificaciones pueden ser emitidas al concluir un curso de perfeccionamiento o al aprobar la prueba de examen de un curso al que se haya asistido como oyente?\n    <span class=\"button__icon icon-plus \">\n      <i class=\"fa-regular fa-plus\"><\/i>\n    <\/span>\n  <\/button>\n  <div class=\"panel\">\n    <div class=\"text\">\n      <p>Certificado de participaci\u00f3n con ECTS<\/p>\n\n    <\/div>\n      <\/div>\n<\/div>\n                      <div class=\"accordion\" >\n  <button class=\"button s30\">\u00bfQu\u00e9 certificaciones pueden ser emitidas despu\u00e9s de asistir a un curso en calidad de estudiante invitado o extraordinario?\n    <span class=\"button__icon icon-plus \">\n      <i class=\"fa-regular fa-plus\"><\/i>\n    <\/span>\n  <\/button>\n  <div class=\"panel\">\n    <div class=\"text\">\n      <p>Certificado de participaci\u00f3n en un curso<\/p>\n\n    <\/div>\n      <\/div>\n<\/div>\n                      <div class=\"accordion\" >\n  <button class=\"button s30\">\u00bfQu\u00e9 certificaciones pueden solicitarse para aquellos que han cursado estudios de Magisterio en Ciencias Religiosas?\n    <span class=\"button__icon icon-plus \">\n      <i class=\"fa-regular fa-plus\"><\/i>\n    <\/span>\n  <\/button>\n  <div class=\"panel\">\n    <div class=\"text\">\n      <p><strong>Nel caso in cui lo studente abbia completato il curriculum:<\/strong><\/p>\n<ul>\n<li>Certificato di ottenimento titolo: Certificado de obtenci\u00f3n del t\u00edtulo<\/li>\n<li>Diploma in pergamena: Diploma en pergamino<\/li>\n<li>Copia conforme programma accademico (per ciclo, master\/diploma): Copia fiel del programa acad\u00e9mico (por ciclo, m\u00e1ster\/diploma)<\/li>\n<\/ul>\n<p><strong>Nel caso in cui lo studente non abbia completato il curriculum:<\/strong><\/p>\n<ul>\n<li>Certificato di materie sostenute: Certificado de materias aprobadas<\/li>\n<li>Copia conforme programma accademico (per ciclo, master\/diploma): Copia fiel del programa acad\u00e9mico (por ciclo, m\u00e1ster\/diploma)<\/li>\n<\/ul>\n\n    <\/div>\n      <\/div>\n<\/div>\n                      <div class=\"accordion\" >\n  <button class=\"button s30\">\u00bfLos t\u00edtulos de la APRA son reconocidos en el extranjero?\n    <span class=\"button__icon icon-plus \">\n      <i class=\"fa-regular fa-plus\"><\/i>\n    <\/span>\n  <\/button>\n  <div class=\"panel\">\n    <div class=\"text\">\n      <p>Para obtener m\u00e1s informaci\u00f3n, consulte la p\u00e1gina de <a href=\"https:\/\/www.upra.org\/es\/admision\/reconocimiento-titulos\/\">Reconocimiento de T\u00edtulos Eclesi\u00e1sticos<\/a><\/p>\n\n    <\/div>\n      <\/div>\n<\/div>\n                      <div class=\"accordion\" >\n  <button class=\"button s30\">\u00bfLa Universidad procede al reconocimiento de estudios?\n    <span class=\"button__icon icon-plus \">\n      <i class=\"fa-regular fa-plus\"><\/i>\n    <\/span>\n  <\/button>\n  <div class=\"panel\">\n    <div class=\"text\">\n      <p>No, la solicitud de reconocimiento debe presentarse en el pa\u00eds en el que se pretende validar los estudios realizados en la Universidad. La Universidad ofrece solo el servicio de legalizaci\u00f3n de los certificados y diplomas emitidos por ella.<\/p>\n\n    <\/div>\n      <\/div>\n<\/div>\n                      <div class=\"accordion\" >\n  <button class=\"button s30\">\u00bfEs posible solicitar la Apostilla de La Haya?\n    <span class=\"button__icon icon-plus \">\n      <i class=\"fa-regular fa-plus\"><\/i>\n    <\/span>\n  <\/button>\n  <div class=\"panel\">\n    <div class=\"text\">\n      <p>No, la Santa Sede no es uno de los pa\u00edses signatarios del Convenio de La Haya<\/p>\n\n    <\/div>\n      <\/div>\n<\/div>\n                      <div class=\"accordion\" >\n  <button class=\"button s30\">\u00bfEs necesario solicitar la legalizaci\u00f3n de los certificados?\n    <span class=\"button__icon icon-plus \">\n      <i class=\"fa-regular fa-plus\"><\/i>\n    <\/span>\n  <\/button>\n  <div class=\"panel\">\n    <div class=\"text\">\n      <p>Depende del pa\u00eds en el que planea presentarlos para continuar sus estudios o hacer reconocer los t\u00edtulos obtenidos. Por lo tanto, es necesario informarse previamente en la instituci\u00f3n a la que se destinan los documentos<\/p>\n\n    <\/div>\n      <\/div>\n<\/div>\n                      <div class=\"accordion\" >\n  <button class=\"button s30\">\u00bfCu\u00e1les son los plazos de entrega de los certificados?\n    <span class=\"button__icon icon-plus \">\n      <i class=\"fa-regular fa-plus\"><\/i>\n    <\/span>\n  <\/button>\n  <div class=\"panel\">\n    <div class=\"text\">\n      <p>Los certificados pueden solicitarse solo cuando se cumplen los requisitos para obtenerlos. En particular, antes de solicitar los documentos relacionados con el final de un ciclo (certificado de obtenci\u00f3n del t\u00edtulo, suplemento de diploma, diploma en pergamino), es necesario verificar que el plan de estudios est\u00e9 completo en el informe de Progreso del plan de estudios disponible en su \u00e1rea reservada.<\/p>\n<p>Los certificados solicitados en italiano se pueden retirar en la oficina o enviar (como escaneo por correo electr\u00f3nico o enviado por correo o mensajer\u00eda) a partir del quinto d\u00eda h\u00e1bil siguiente al de la solicitud.<\/p>\n<p>Los diplomas en pergamino est\u00e1n disponibles a partir del d\u00eda h\u00e1bil n\u00famero 30 despu\u00e9s de la solicitud.<\/p>\n<p>No es posible establecer plazos para la emisi\u00f3n de certificados en idiomas diferentes al italiano porque dependen de los tiempos de traducci\u00f3n externos a la Universidad.<\/p>\n<p>De manera similar, los tiempos necesarios para las legalizaciones de los documentos no dependen de la Universidad, sino de la disponibilidad de las embajadas. No se garantiza el env\u00edo de documentos legalizados antes de dos meses h\u00e1biles.<\/p>\n\n    <\/div>\n      <\/div>\n<\/div>\n                      <div class=\"accordion\" >\n  <button class=\"button s30\">\u00bfC\u00f3mo retirar las certificaciones a trav\u00e9s de un delegado?\n    <span class=\"button__icon icon-plus \">\n      <i class=\"fa-regular fa-plus\"><\/i>\n    <\/span>\n  <\/button>\n  <div class=\"panel\">\n    <div class=\"text\">\n      <p>La recogida de documentos por parte de una persona que no sea el interesado puede realizarse a trav\u00e9s de un delegado, provisto de una autorizaci\u00f3n completa junto con una copia del documento de identidad del interesado.<\/p>\n\n    <\/div>\n      <\/div>\n<\/div>\n                      <div class=\"accordion\" >\n  <button class=\"button s30\">Env\u00edo postal de las certificaciones\n    <span class=\"button__icon icon-plus \">\n      <i class=\"fa-regular fa-plus\"><\/i>\n    <\/span>\n  <\/button>\n  <div class=\"panel\">\n    <div class=\"text\">\n      <p>El env\u00edo de los diplomas en pergamino se realiza \u00fanicamente mediante servicio de mensajer\u00eda expr\u00e9s, cuyos tiempos de entrega son de pocos d\u00edas. Para los env\u00edos realizados con servicio de mensajer\u00eda, es posible seguir el estado en los sitios web de la empresa de mensajer\u00eda a trav\u00e9s de la carta de porte que se env\u00eda al solicitante.<\/p>\n<p>Para los env\u00edos realizados a trav\u00e9s de correo asegurado, no est\u00e1 disponible el servicio de seguimiento y los tiempos de entrega no son responsabilidad de la Universidad<\/p>\n\n    <\/div>\n      <\/div>\n<\/div>\n                      <div class=\"accordion\" >\n  <button class=\"button s30\">Para continuar los estudios en otra instituci\u00f3n: \u00bfqu\u00e9 se necesita?\n    <span class=\"button__icon icon-plus \">\n      <i class=\"fa-regular fa-plus\"><\/i>\n    <\/span>\n  <\/button>\n  <div class=\"panel\">\n    <div class=\"text\">\n      <p>Antes, debe solicitar informaci\u00f3n sobre el procedimiento de transferencia en la instituci\u00f3n a la que planea trasladarse. Por lo general, se solicita un certificado de materias aprobadas y una copia autenticada del programa acad\u00e9mico. En ocasiones, las universidades tambi\u00e9n pueden requerir la declaraci\u00f3n de valor del Ateneo Pontificio Regina Apostolorum.<\/p>\n\n    <\/div>\n      <\/div>\n<\/div>\n                      <div class=\"accordion\" >\n  <button class=\"button s30\">\u00bfEs posible obtener una copia del diploma en pergamino?\n    <span class=\"button__icon icon-plus \">\n      <i class=\"fa-regular fa-plus\"><\/i>\n    <\/span>\n  <\/button>\n  <div class=\"panel\">\n    <div class=\"text\">\n      <p>No, el diploma es un documento \u00fanico. Se emite solo una vez por cada ciclo de estudios.<\/p>\n\n    <\/div>\n      <\/div>\n<\/div>\n                      <div class=\"accordion\" >\n  <button class=\"button s30\">No recuerdo mi n\u00famero de matr\u00edcula, \u00bfc\u00f3mo puedo recuperarlo? \n    <span class=\"button__icon icon-plus \">\n      <i class=\"fa-regular fa-plus\"><\/i>\n    <\/span>\n  <\/button>\n  <div class=\"panel\">\n    <div class=\"text\">\n      <p>Contacta a <a href=\"mailto:servizionline@upra.org\" target=\"_new\">servizionline@upra.org<\/a> solicitando restablecer la contrase\u00f1a.<\/p>\n\n    <\/div>\n      <\/div>\n<\/div>\n                      <\/div>\n  <\/div>\n\n  <\/section>\n","protected":false},"excerpt":{"rendered":"","protected":false},"author":3,"featured_media":0,"parent":1189,"menu_order":0,"comment_status":"closed","ping_status":"closed","template":"","meta":{"_acf_changed":false,"footnotes":""},"class_list":["post-4017","page","type-page","status-publish","hentry"],"acf":[],"_links":{"self":[{"href":"https:\/\/www.upra.org\/es\/wp-json\/wp\/v2\/pages\/4017","targetHints":{"allow":["GET"]}}],"collection":[{"href":"https:\/\/www.upra.org\/es\/wp-json\/wp\/v2\/pages"}],"about":[{"href":"https:\/\/www.upra.org\/es\/wp-json\/wp\/v2\/types\/page"}],"author":[{"embeddable":true,"href":"https:\/\/www.upra.org\/es\/wp-json\/wp\/v2\/users\/3"}],"replies":[{"embeddable":true,"href":"https:\/\/www.upra.org\/es\/wp-json\/wp\/v2\/comments?post=4017"}],"version-history":[{"count":30,"href":"https:\/\/www.upra.org\/es\/wp-json\/wp\/v2\/pages\/4017\/revisions"}],"predecessor-version":[{"id":11409,"href":"https:\/\/www.upra.org\/es\/wp-json\/wp\/v2\/pages\/4017\/revisions\/11409"}],"up":[{"embeddable":true,"href":"https:\/\/www.upra.org\/es\/wp-json\/wp\/v2\/pages\/1189"}],"wp:attachment":[{"href":"https:\/\/www.upra.org\/es\/wp-json\/wp\/v2\/media?parent=4017"}],"curies":[{"name":"wp","href":"https:\/\/api.w.org\/{rel}","templated":true}]}}