{"id":4255,"date":"2023-09-07T14:00:47","date_gmt":"2023-09-07T14:00:47","guid":{"rendered":"https:\/\/www.upra.org\/es\/?page_id=4255"},"modified":"2024-01-16T09:06:12","modified_gmt":"2024-01-16T09:06:12","slug":"bases-de-datos","status":"publish","type":"page","link":"https:\/\/www.upra.org\/es\/investigacion\/biblioteca-pio-xii\/bases-de-datos\/","title":{"rendered":"Bases de datos"},"content":{"rendered":"<section class=\"block  paragraph-box full-width\" \n            >\n\n      <div class=\"paragraph-box__content text-center pt-40 md:pt-50 pb-40 md:pb-50\" id=\"\" style=\"\">\n\n          <div class=\"container\" style=\"\">\n          <h2 class=\"intro-title font-500 text-primary mb-20 s30 font-medium leading-snug \">Bases de datos<\/h2>\n  \n  \n  \n      <div class=\"!mb-30 intro-text text-left\">\n      <p><p><strong>Index Religiosus<\/strong><br \/>\nBibliograf\u00eda internacional con temas sobre teolog\u00eda, ciencias religiosas e historia de la Iglesia.<\/p>\n<p><strong>Philosopher\u2019s Index<\/strong><br \/>\nUna base de datos bibliogr\u00e1fica de publicaciones en el campo de la filosof\u00eda y disciplinas afines, unas 680 revistas, con res\u00famenes sobre investigaciones acad\u00e9micas publicadas en revistas y libros y contribuciones a antolog\u00edas y rese\u00f1as.<\/p>\n<p><strong>ATLA Religion<\/strong><br \/>\nIncluye m\u00e1s de 620.000 citas bibliogr\u00e1ficas de art\u00edculos y se considera la bibliograf\u00eda m\u00e1s prestigiosa y completa en el campo de los estudios de Teolog\u00eda y disciplinas afines. Atla Religion Database with AtlaSerials PLUS contiene el texto completo de m\u00e1s de 380.000 art\u00edculos electr\u00f3nicos y rese\u00f1as de libros.<\/p>\n<p><strong>Dejure* (derecho)<\/strong><br \/>\nPara consultar, preguntar a los bibliotecarios<\/p>\n<p><strong>One LEGAL* (derecho)<\/strong><br \/>\nScopus Elsevier*<br \/>\nPara la consulta, preguntar a los bibliotecarios<br \/>\nBases de datos de psicolog\u00eda*<br \/>\nBusiness Source Complete*<br \/>\n*Se puede acceder al Patron ID indicando el n\u00famero de matriculaci\u00f3n<\/p>\n<\/p>\n    <\/div>\n  \n  \n\n<\/div>\n    \n    \n    \n    \n  <\/div>\n\n  <\/section>\n\n\n<section class=\"block  paragraph-box full-width\" \n            >\n\n      <div class=\"paragraph-box__content text-center pt-40 md:pt-50 pb-40 md:pb-50\" id=\"\" style=\"background-color: #f2f3f5\">\n\n          <div class=\"container\" style=\"\">\n          <h2 class=\"intro-title font-500 text-primary mb-20 s30 font-medium leading-snug \">Cat\u00e1logos de libros<\/h2>\n  \n  \n  \n      <div class=\"!mb-30 intro-text text-left\">\n      <p><ul>\n<li>Nuestro cat\u00e1logo<\/li>\n<li>Cat\u00e1logo de la Biblioteca Italiana SBN<\/li>\n<li>WorldCat<\/li>\n<li>Biblioteca del Congreso de Estados Unidos<\/li>\n<li>Biblioteca Nacional de Espa\u00f1a<\/li>\n<li>Biblioteca Nacional de Francia<\/li>\n<\/ul>\n<\/p>\n    <\/div>\n  \n  \n\n<\/div>\n    \n    \n    \n    \n  <\/div>\n\n  <\/section>\n\n\n<section class=\"block  paragraph-box full-width\" \n            >\n\n      <div class=\"paragraph-box__content text-center pt-40 md:pt-50 pb-40 md:pb-50\" id=\"\" style=\"\">\n\n          <div class=\"container\" style=\"\">\n          <h2 class=\"intro-title font-500 text-primary mb-20 s30 font-medium leading-snug \">Cat\u00e1logos de revistas<\/h2>\n  \n  \n  \n      <div class=\"!mb-30 intro-text text-left\">\n      <p><ul>\n<li>ACNP Cat\u00e1logo italiano de publicaciones peri\u00f3dicas<\/li>\n<li>ESSPER Revistas italianas de econom\u00eda, ciencias sociales e historia<\/li>\n<li>Revistas en l\u00ednea<\/li>\n<li>Base de datos de libre acceso que contiene las referencias de numerosas revistas teol\u00f3gicas y filos\u00f3ficas italianas.<\/li>\n<li>DOAJ Directorio en l\u00ednea de revistas de acceso libre<\/li>\n<li>Jstor (Acceso libre a revistas acad\u00e9micas, libros electr\u00f3nicos e im\u00e1genes)<\/li>\n<li>Biblioteca digital que permite leer gratis 100 art\u00edculos al mes previa inscripci\u00f3n<\/li>\n<li>MIRABLE y CALMA Archivo digital de cultura medieval<\/li>\n<li>El tomista Nova et Vetera<\/li>\n<li>DOGI Base de datos de referencias bibliogr\u00e1ficas de art\u00edculos publicados en revistas jur\u00eddicas italianas<\/li>\n<\/ul>\n<\/p>\n    <\/div>\n  \n  \n\n<\/div>\n    \n    \n    \n    \n  <\/div>\n\n  <\/section>\n","protected":false},"excerpt":{"rendered":"","protected":false},"author":3,"featured_media":0,"parent":773,"menu_order":0,"comment_status":"closed","ping_status":"closed","template":"","meta":{"_acf_changed":false,"footnotes":""},"class_list":["post-4255","page","type-page","status-publish","hentry"],"acf":[],"_links":{"self":[{"href":"https:\/\/www.upra.org\/es\/wp-json\/wp\/v2\/pages\/4255","targetHints":{"allow":["GET"]}}],"collection":[{"href":"https:\/\/www.upra.org\/es\/wp-json\/wp\/v2\/pages"}],"about":[{"href":"https:\/\/www.upra.org\/es\/wp-json\/wp\/v2\/types\/page"}],"author":[{"embeddable":true,"href":"https:\/\/www.upra.org\/es\/wp-json\/wp\/v2\/users\/3"}],"replies":[{"embeddable":true,"href":"https:\/\/www.upra.org\/es\/wp-json\/wp\/v2\/comments?post=4255"}],"version-history":[{"count":4,"href":"https:\/\/www.upra.org\/es\/wp-json\/wp\/v2\/pages\/4255\/revisions"}],"predecessor-version":[{"id":7630,"href":"https:\/\/www.upra.org\/es\/wp-json\/wp\/v2\/pages\/4255\/revisions\/7630"}],"up":[{"embeddable":true,"href":"https:\/\/www.upra.org\/es\/wp-json\/wp\/v2\/pages\/773"}],"wp:attachment":[{"href":"https:\/\/www.upra.org\/es\/wp-json\/wp\/v2\/media?parent=4255"}],"curies":[{"name":"wp","href":"https:\/\/api.w.org\/{rel}","templated":true}]}}