{"id":4274,"date":"2023-09-07T14:12:05","date_gmt":"2023-09-07T14:12:05","guid":{"rendered":"https:\/\/www.upra.org\/es\/?page_id=4274"},"modified":"2024-01-16T09:06:23","modified_gmt":"2024-01-16T09:06:23","slug":"carta-de-servicios","status":"publish","type":"page","link":"https:\/\/www.upra.org\/es\/investigacion\/biblioteca-pio-xii\/carta-de-servicios\/","title":{"rendered":"Carta de servicios"},"content":{"rendered":"<section class=\"block  paragraph-box full-width\" \n            >\n\n      <div class=\"paragraph-box__content text-center pt-40 md:pt-50 pb-40 md:pb-50\" id=\"\" style=\"\">\n\n          <div class=\"container\" style=\"\">\n          <h2 class=\"intro-title font-500 text-primary mb-20 s30 font-medium leading-snug text-left\">Amplios espacios, servicios y herramientas de investigaci\u00f3n<\/h2>\n  \n  \n  \n      <div class=\"!mb-30 intro-text text-left\">\n      <p><p><span style=\"font-weight: 400;\">La Biblioteca pone a disposici\u00f3n de todos los usuarios:<\/span><\/p>\n<ul>\n<li>Una sala de lectura con 200 puestos de lectura y estudio, equipada con tomas el\u00e9ctricas (de pared) para facilitar el uso de ordenadores port\u00e1tiles personales y la conexi\u00f3n a la red del Ateneo Pontificio Regina Apostolorum y de la Universidad Europea de Roma. Desde la sala de lectura, se tiene acceso inmediato a los textos situados en las estanter\u00edas, divididas por \u00e1reas tem\u00e1ticas (Teolog\u00eda, Filosof\u00eda y Bio\u00e9tica), as\u00ed como a enciclopedias, diccionarios, manuales y libros de texto. Tambi\u00e9n se pueden consultar los fasc\u00edculos de las revistas publicadas en los dos \u00faltimos a\u00f1os; 4 puestos informatizados para acceder al cat\u00e1logo electr\u00f3nico, a Internet, a las bases de datos y a las publicaciones peri\u00f3dicas electr\u00f3nicas; red Wi-Fi; taquillas para guardar objetos.<\/li>\n<li>Cat\u00e1logo electr\u00f3nico del Servicio Nacional de Bibliotecas (OPAC SBN).<\/li>\n<li><a href=\"https:\/\/acnpsearch.unibo.it\/\" target=\"_blank\" rel=\"noopener\">Cat\u00e1logo ACNP<\/a>: aplicaci\u00f3n para la b\u00fasqueda de publicaciones peri\u00f3dicas.<\/li>\n<li>B\u00fasqueda de art\u00edculos de publicaciones peri\u00f3dicas: <a href=\"https:\/\/www.biblio.liuc.it\/scripts\/essper\/spoglio.asp\" target=\"_blank\" rel=\"noopener\">cat\u00e1logo ESSPER<\/a><\/li>\n<li>Consulta in situ de todos los fondos documentales: Los vol\u00famenes cuyo c\u00f3digo de localizaci\u00f3n comienza por los n\u00fameros 0, 1 y 2 est\u00e1n disponibles en la sala de lectura y pueden sacarse directamente de las estanter\u00edas. Los vol\u00famenes y publicaciones peri\u00f3dicas que no se encuentren en la sala de lectura deben solicitarse al personal rellenando un formulario. Se pueden solicitar 10 vol\u00famenes de dep\u00f3sito al d\u00eda. Los vol\u00famenes solicitados para la consulta se recogen en el mostrador. Tras la consulta, los textos del dep\u00f3sito deben devolverse en el mostrador de distribuci\u00f3n.<\/li>\n<li>Pr\u00e9stamo de fondos de la biblioteca<\/li>\n<li>Pr\u00e9stamo interbibliotecario nacional e internacional, con la posibilidad de recibir en un breve plazo cualquier publicaci\u00f3n presente en bibliotecas italianas y de otros pa\u00edses.<\/li>\n<li>Entrega de documentos (DD): copia de art\u00edculos y extractos de monograf\u00edas de todas las bibliotecas del mundo.<\/li>\n<li>Asistencia personalizada para la investigaci\u00f3n (tambi\u00e9n para tesis de licenciatura) e informaci\u00f3n bibliogr\u00e1fica, in situ y a distancia.<\/li>\n<li>El servicio de reproducci\u00f3n y entrega de documentos se ofrece de conformidad con las disposiciones que regulan la reproducci\u00f3n de documentos (Ley de 22 de abril de 1941, n.\u00ba 633 y posteriores a\u00f1adiduras y modificaciones).<\/li>\n<\/ul>\n<h2>Pr\u00e9stamo interbibliotecario (ILL) y suministro de documentos (DD)<\/h2>\n<p>La Biblioteca realiza pr\u00e9stamos interbibliotecarios (ILL).<\/p>\n<p>Los textos se env\u00edan a la biblioteca solicitante para un plazo de 30 d\u00edas a partir de la fecha de env\u00edo.<br \/>\nEl pr\u00e9stamo es renovable. Los libros deben devolverse por correo certificado con acuse de recibo.<br \/>\nPor regla general, la biblioteca opera en r\u00e9gimen de reciprocidad gratuita con la biblioteca solicitante; en caso contrario, se solicita el reembolso de los gastos, que se abonar\u00e1n mediante vales de la IFLA o sellos de 0,60 EUR. El reembolso oscila entre 4 y 8 euros.<\/p>\n<p>El servicio de entrega de documentos (\u00abDocument Delivery\u00bb o DD) funciona de conformidad con la legislaci\u00f3n sobre derechos de autor y env\u00eda copias de los documentos solicitados por correo ordinario, fax y correo electr\u00f3nico.<\/p>\n<p>Las solicitudes deben enviarse a la direcci\u00f3n de correo electr\u00f3nico: <a href=\"mailto:biblioteca@upra.org\">biblioteca@upra.org<\/a>.<\/p>\n<p>El servicio se suspende durante los periodos de verano y Navidad.<\/p>\n<\/p>\n    <\/div>\n  \n  \n\n<\/div>\n    \n    \n    \n    \n  <\/div>\n\n  <\/section>\n\n\n<section class=\"block  paragraph-box full-width\" \n            >\n\n      <div class=\"paragraph-box__content text-center pt-40 md:pt-50 pb-40 md:pb-50\" id=\"\" style=\"background-color: #f2f3f5\">\n\n          <div class=\"container\" style=\"\">\n          <h2 class=\"intro-title font-500 text-primary mb-20 s30 font-medium leading-snug \">Otros servicios<\/h2>\n  \n  \n  \n      <div class=\"!mb-30 intro-text text-left\">\n      <p><p style=\"text-align: center;\">Visitas guiadas: se pueden organizar visitas guiadas a la biblioteca previa solicitud. Reuniones de formaci\u00f3n sobre el cat\u00e1logo electr\u00f3nico, las bases de datos y las publicaciones peri\u00f3dicas electr\u00f3nicas, organizadas a petici\u00f3n de profesores y grupos de usuarios.<\/p>\n<p style=\"text-align: center;\">El sitio web de la Biblioteca contiene informaci\u00f3n actualizada, documentos y recursos \u00fatiles para la b\u00fasqueda bibliogr\u00e1fica y para el uso r\u00e1pido de los productos y servicios ofrecidos.<\/p>\n<\/p>\n    <\/div>\n  \n  \n\n<\/div>\n    \n    \n    \n    \n  <\/div>\n\n  <\/section>\n","protected":false},"excerpt":{"rendered":"","protected":false},"author":3,"featured_media":0,"parent":773,"menu_order":0,"comment_status":"closed","ping_status":"closed","template":"","meta":{"_acf_changed":false,"footnotes":""},"class_list":["post-4274","page","type-page","status-publish","hentry"],"acf":[],"_links":{"self":[{"href":"https:\/\/www.upra.org\/es\/wp-json\/wp\/v2\/pages\/4274","targetHints":{"allow":["GET"]}}],"collection":[{"href":"https:\/\/www.upra.org\/es\/wp-json\/wp\/v2\/pages"}],"about":[{"href":"https:\/\/www.upra.org\/es\/wp-json\/wp\/v2\/types\/page"}],"author":[{"embeddable":true,"href":"https:\/\/www.upra.org\/es\/wp-json\/wp\/v2\/users\/3"}],"replies":[{"embeddable":true,"href":"https:\/\/www.upra.org\/es\/wp-json\/wp\/v2\/comments?post=4274"}],"version-history":[{"count":7,"href":"https:\/\/www.upra.org\/es\/wp-json\/wp\/v2\/pages\/4274\/revisions"}],"predecessor-version":[{"id":7694,"href":"https:\/\/www.upra.org\/es\/wp-json\/wp\/v2\/pages\/4274\/revisions\/7694"}],"up":[{"embeddable":true,"href":"https:\/\/www.upra.org\/es\/wp-json\/wp\/v2\/pages\/773"}],"wp:attachment":[{"href":"https:\/\/www.upra.org\/es\/wp-json\/wp\/v2\/media?parent=4274"}],"curies":[{"name":"wp","href":"https:\/\/api.w.org\/{rel}","templated":true}]}}