{"id":746,"date":"2023-07-05T13:51:09","date_gmt":"2023-07-05T13:51:09","guid":{"rendered":"https:\/\/www.upra.org\/es\/?page_id=746"},"modified":"2024-03-18T16:29:56","modified_gmt":"2024-03-18T16:29:56","slug":"cursos-de-grado","status":"publish","type":"page","link":"https:\/\/www.upra.org\/es\/cursos\/cursos-de-grado\/","title":{"rendered":"Cursos de grado"},"content":{"rendered":"<section class=\"block  paragraph-box full-width\" \n            >\n\n      <div class=\"paragraph-box__content text-center pt-40 md:pt-50 pb-40 md:pb-50\" id=\"\" style=\"\">\n\n          <div class=\"container\" style=\"\">\n  \n  \n  \n      <div class=\"!mb-30 intro-text text-left\">\n      <p><p>Un plan de estudios tan actual e interdisciplinar como desea la sociedad del ma\u00f1ana.<br \/>\nAprovecha la oportunidad de elegir un itinerario educativo de alto nivel acorde con tus aspiraciones profesionales.<\/p>\n<p>Descubre todas las carreras del Ateneo Pontificio Regina Apostolorum.<\/p>\n<\/p>\n    <\/div>\n  \n  \n\n<\/div>\n    \n    \n    \n    \n  <\/div>\n\n  <\/section>\n\n\n<section class=\"block  tables-content full-width\" \n            >\n\n      <div class=\"tables-content__content  py-40 md:py-50\" id=\"\" >\n    <div class=\"container !py-0\">\n                      <h2 class=\"s40 text-primary text-center font-500 mb-24 md:mb-60\">Oferta formativa<\/h2>\n            \n              <div class=\"s18 \">\n          <table class=\"table-alt\"><thead><tr><th style=\"width:40%\">Primo Ciclo<\/th><th>Secondo Ciclo<\/th><\/tr><\/thead><tbody><tr><td><a href=\"https:\/\/www.upra.org\/corsi\/programma\/baccalaureato-in-teologia\/\"><strong>Baccalaureato in Teologia<\/strong><\/a><br><br>\n<a href=\"https:\/\/www.upra.org\/corsi\/programma\/https:\/\/www.upra.org\/corsi\/programma\/baccalaureato-laurea-in-scienze-religiose\/\"><strong>Baccalaureato in Scienze Religiose<\/strong><\/a><br><br>\n<a href=\"https:\/\/www.upra.org\/corsi\/programma\/baccalaureato-in-filosofia\/\"><strong>Baccalaureato in Filosofia<\/strong><\/a><br><br><\/td><td><a href=\"#\"><strong>Licenza in Teologia<\/strong><\/a><br><br>\n<ul>\n<li><a href=\"https:\/\/www.upra.org\/corsi\/programma\/licenza-in-teologia-dogmatica\/\">Teologia Dogmatica<\/a><\/li>\n<li><a href=\"https:\/\/www.upra.org\/corsi\/programma\/licenza-in-teologia-spirituale\/\">Teologia Spirituale<\/a><\/li><\/ul><\/td><\/tr><tr><td class=\"empty-td\"><\/td><td><a href=\"#\"><strong>Licenza in Filosofia<\/strong><\/a><br><br>\n<ul>\n<li><a href=\"https:\/\/www.upra.org\/corsi\/programma\/licenza-in-filosofia-in-metafisica-e-teologia-naturale\/\">Specializzazione in metafisica e teologia naturale<\/a><\/li>\n<li><a href=\"https:\/\/www.upra.org\/corsi\/programma\/licenza-in-filosofia-delluomo\/\">Specializzazione in filosofia dell&#8217;uomo<\/a><\/li>\n<li><a href=\"https:\/\/www.upra.org\/corsi\/programma\/licenza-in-filosofia-morale-e-politica\/\">Specializzazione in filosofia morale e politica<\/a><\/li>\n<li><a href=\"https:\/\/www.upra.org\/corsi\/programma\/licenza-in-filosofia-della-conoscenza-e-della-scienza\/\">Specializzazione in filosofia della conoscenza e della scienza<\/a><\/li>\n<\/ul>\n<br>\n<a href=\"#\"><strong>Licenza in Bioetica<\/strong><\/a> (anche in modalit\u00e0 intensiva)<\/td><\/tr><tr><td class=\"empty-td\"><\/td><td>\n<br>\n<a href=\"#\"><strong>Licenza in Scienze Religiose<\/strong><\/a><br><br>\n<ul>\n<li><a href=\"https:\/\/www.upra.org\/corsi\/programma\/licenza-in-scienze-religiose-indirizzo-pedagogico-didattico\/\">Indirizzo Pedagogico Didattico<\/a><\/li>\n<li><a href=\"https:\/\/www.upra.org\/corsi\/programma\/licenza-in-scienze-religiose-indirizzo-pastorale-della-formazione\/\">Pastorale della Formazione<\/a><\/li>\n<\/ul>\n<\/td><\/tr><\/tbody><\/table>\n        <\/div>\n                        <div class=\"text-center\">\n                        <a href=https:\/\/www.upra.org\/es\/todo-los-cursos\/   title=\"Todo los cursos\"  class=\"button --button-border mt-40  \">\n    <span class=\"button__label\">Todo los cursos<\/span>\n      <span class=\"button__icon icon icon-arrow-right\">\n      <span class=\"lnr lnr-arrow-right\"><\/span>\n\n    <\/span>\n  <\/a>\n          <\/div>\n            <\/div>\n  <\/div>\n\n\n  <\/section>\n\n\n<section class=\"block  navigation-with-slider-cards full-width\" \n            >\n\n      <div class=\"navigation-with-slider-cards__content relative navigation-cards pb-60 md:pb-80 pt-60 md:pt-80\" id=\"\" style=\"background-color: #f2f3f5\">\n    <div class=\"container flex flex-row justify-between items-end gap-0 md:gap-45\">\n              <div class=\"basis-3\/3  w-full pl-0 pr-0 text-center\">\n                                  <h2 class=\"s50 font-500 text-primary\">Nuestras Facultades e Institutos<\/h2>\n                                  <p class=\"s18 leading-7 text-secondary mt-20 text-left\"><p>Todos los cursos se integran en la ense\u00f1anza destinada a <strong>formar ap\u00f3stoles, l\u00edderes cristianos, cl\u00e9rigos y laicos, para servir a la Iglesia en el mundo contempor\u00e1neo.<\/strong> Las direcciones did\u00e1cticas de las facultades e institutos del Ateneo Pontificio Regina Apostolorum se comprometen a ello.<\/p>\n<\/p>\n                                <\/div>\n                <\/div>\n          <div class=\"container\">\n        <div\n          class=\"slider slider-disabled \"\n          data-slider-config='{\n            \"slidesPerView\": 1,\n            \"spaceBetween\": 0,\n            \"navigation\": {\n              \"nextEl\": \".block.navigation-with-slider-cards .swiper-button-next\",\n              \"prevEl\": \".block.navigation-with-slider-cards .swiper-button-prev\"\n            },\n            \"autoplay\": false,\n            \"loop\": false,\n            \"breakpoints\": {\n              \"768\": {\n                \"slidesPerView\": 3,\n                \"spaceBetween\": 16\n              },\n              \"992\": {\n                \"slidesPerView\": 3,\n                \"spaceBetween\": 16\n              }\n            }\n          }'\n          >\n          <div class=\"swiper-wrapper z-10 relative mt-40\">\n                                        <div class=\"swiper-slide pl-0 pr-0\">\n                <article class=\"card-slide --navigation-cards navigation-cards  \" style=\"background-color: #ffffff\">\n\n\n\n  <div class=\"card-slide__inner h-full flex flex-col justify-between \">\n    \n    <div class=\"card-slide__content h-full data-def basis-2\/3\">\n      <div class=\"pt-50 pr-20 pb-40 pl-20 md:pr-30 md:pl-30 h-full flex flex-col justify-between\">\n\n        \n        <div class=\"!mb-0\">\n                      <h3 class=\"card-slide__title text-primary s30 font-500 pb-16\">Teolog\u00eda<\/h3>\n                                <div class=\"card-slide__text font-normal font-400\"><p>Profundizar en la doctrina cat\u00f3lica para el mundo contempor\u00e1neo<\/p>\n<\/div>\n          \n                            <\/div>\n\n                  <div class=\"mt-10 font-500 s16 slider\">\n            <a href=https:\/\/www.upra.org\/es\/facultades-institutos\/teologia\/   title=\"Descubrir la Facultad \"  class=\"button s16  \">\n    <span class=\"button__label\">Descubrir la Facultad <\/span>\n      <span class=\"button__icon icon-arrow\">\n      <svg xmlns=\"http:\/\/www.w3.org\/2000\/svg\" width=\"35\" height=\"12.828\" viewBox=\"0 0 35 12.828\">\n  <g id=\"Icon_feather-arrow-right\" data-name=\"Icon feather-arrow-right\" transform=\"translate(16.5 -6.086)\">\n    <path id=\"Tracciato_346\" data-name=\"Tracciato 346\" d=\"M7.5,18h33\" transform=\"translate(-23 -5.5)\" fill=\"none\" stroke=\"#171717\" stroke-linecap=\"round\" stroke-linejoin=\"round\" stroke-width=\"2\"\/>\n    <path id=\"Tracciato_347\" data-name=\"Tracciato 347\" d=\"M18,7.5l5,5-5,5\" transform=\"translate(-5.5 0)\" fill=\"none\" stroke=\"#171717\" stroke-linecap=\"round\" stroke-linejoin=\"round\" stroke-width=\"2\"\/>\n  <\/g>\n<\/svg>\n\n    <\/span>\n  <\/a>\n          <\/div>\n              <\/div>\n    <\/div>\n\n          <div class=\"card-slide__visual relative\">\n        <div>\n          <div\n  class=\"image   --is-png \"\n   data-defer >\n  <figure>\n    <div class=\"image__wrapper\">\n              <picture>\n          \n          <source\n            srcset=\"\"\n            sizes=\"(min-width: 992px) 740px, (min-width: 768px) 680px, 100vw\"\n          \/>\n          <img decoding=\"async\" src=\"https:\/\/www.upra.org\/app\/uploads\/sites\/5\/2023\/08\/Tavola-disegno-1.png\" width=\"\" height=\"\" alt=\"Tavola disegno 1\">\n        <\/picture>\n          <\/div>\n      <\/figure>\n<\/div>\n        <\/div>\n      <\/div>\n    \n  <\/div>\n<\/article>\n              <\/div>\n                                        <div class=\"swiper-slide pl-0 pr-0\">\n                <article class=\"card-slide --navigation-cards navigation-cards  \" style=\"background-color: #ffffff\">\n\n\n\n  <div class=\"card-slide__inner h-full flex flex-col justify-between \">\n    \n    <div class=\"card-slide__content h-full data-def basis-2\/3\">\n      <div class=\"pt-50 pr-20 pb-40 pl-20 md:pr-30 md:pl-30 h-full flex flex-col justify-between\">\n\n        \n        <div class=\"!mb-0\">\n                      <h3 class=\"card-slide__title text-primary s30 font-500 pb-16\">Filosof\u00eda<\/h3>\n                                <div class=\"card-slide__text font-normal font-400\"><p>Formar una visi\u00f3n s\u00f3lida del Mundo, del Hombre y de Dios.<\/p>\n<\/div>\n          \n                            <\/div>\n\n                  <div class=\"mt-10 font-500 s16 slider\">\n            <a href=https:\/\/www.upra.org\/es\/facultades-institutos\/filosofia\/   title=\"Descubrir la Facultad \"  class=\"button s16  \">\n    <span class=\"button__label\">Descubrir la Facultad <\/span>\n      <span class=\"button__icon icon-arrow\">\n      <svg xmlns=\"http:\/\/www.w3.org\/2000\/svg\" width=\"35\" height=\"12.828\" viewBox=\"0 0 35 12.828\">\n  <g id=\"Icon_feather-arrow-right\" data-name=\"Icon feather-arrow-right\" transform=\"translate(16.5 -6.086)\">\n    <path id=\"Tracciato_346\" data-name=\"Tracciato 346\" d=\"M7.5,18h33\" transform=\"translate(-23 -5.5)\" fill=\"none\" stroke=\"#171717\" stroke-linecap=\"round\" stroke-linejoin=\"round\" stroke-width=\"2\"\/>\n    <path id=\"Tracciato_347\" data-name=\"Tracciato 347\" d=\"M18,7.5l5,5-5,5\" transform=\"translate(-5.5 0)\" fill=\"none\" stroke=\"#171717\" stroke-linecap=\"round\" stroke-linejoin=\"round\" stroke-width=\"2\"\/>\n  <\/g>\n<\/svg>\n\n    <\/span>\n  <\/a>\n          <\/div>\n              <\/div>\n    <\/div>\n\n          <div class=\"card-slide__visual relative\">\n        <div>\n          <div\n  class=\"image   --is-png \"\n   data-defer >\n  <figure>\n    <div class=\"image__wrapper\">\n              <picture>\n          \n          <source\n            srcset=\"\"\n            sizes=\"(min-width: 992px) 740px, (min-width: 768px) 680px, 100vw\"\n          \/>\n          <img decoding=\"async\" src=\"https:\/\/www.upra.org\/app\/uploads\/sites\/5\/2023\/08\/Tavola-disegno-2.png\" width=\"\" height=\"\" alt=\"Tavola disegno 2\">\n        <\/picture>\n          <\/div>\n      <\/figure>\n<\/div>\n        <\/div>\n      <\/div>\n    \n  <\/div>\n<\/article>\n              <\/div>\n                                        <div class=\"swiper-slide pl-0 pr-0\">\n                <article class=\"card-slide --navigation-cards navigation-cards  \" style=\"background-color: #ffffff\">\n\n\n\n  <div class=\"card-slide__inner h-full flex flex-col justify-between \">\n    \n    <div class=\"card-slide__content h-full data-def basis-2\/3\">\n      <div class=\"pt-50 pr-20 pb-40 pl-20 md:pr-30 md:pl-30 h-full flex flex-col justify-between\">\n\n        \n        <div class=\"!mb-0\">\n                      <h3 class=\"card-slide__title text-primary s30 font-500 pb-16\">Bio\u00e9tica<\/h3>\n                                <div class=\"card-slide__text font-normal font-400\"><p>Consolidar una corriente de pensamiento para la \u00abcultura de la vida\u00bb.<\/p>\n<\/div>\n          \n                            <\/div>\n\n                  <div class=\"mt-10 font-500 s16 slider\">\n            <a href=https:\/\/www.upra.org\/es\/facultades-institutos\/bioetica\/   title=\"Descubrir la Facultad \"  class=\"button s16  \">\n    <span class=\"button__label\">Descubrir la Facultad <\/span>\n      <span class=\"button__icon icon-arrow\">\n      <svg xmlns=\"http:\/\/www.w3.org\/2000\/svg\" width=\"35\" height=\"12.828\" viewBox=\"0 0 35 12.828\">\n  <g id=\"Icon_feather-arrow-right\" data-name=\"Icon feather-arrow-right\" transform=\"translate(16.5 -6.086)\">\n    <path id=\"Tracciato_346\" data-name=\"Tracciato 346\" d=\"M7.5,18h33\" transform=\"translate(-23 -5.5)\" fill=\"none\" stroke=\"#171717\" stroke-linecap=\"round\" stroke-linejoin=\"round\" stroke-width=\"2\"\/>\n    <path id=\"Tracciato_347\" data-name=\"Tracciato 347\" d=\"M18,7.5l5,5-5,5\" transform=\"translate(-5.5 0)\" fill=\"none\" stroke=\"#171717\" stroke-linecap=\"round\" stroke-linejoin=\"round\" stroke-width=\"2\"\/>\n  <\/g>\n<\/svg>\n\n    <\/span>\n  <\/a>\n          <\/div>\n              <\/div>\n    <\/div>\n\n          <div class=\"card-slide__visual relative\">\n        <div>\n          <div\n  class=\"image   --is-png \"\n   data-defer >\n  <figure>\n    <div class=\"image__wrapper\">\n              <picture>\n          \n          <source\n            srcset=\"\"\n            sizes=\"(min-width: 992px) 740px, (min-width: 768px) 680px, 100vw\"\n          \/>\n          <img decoding=\"async\" src=\"https:\/\/www.upra.org\/app\/uploads\/sites\/5\/2023\/07\/issr.png\" width=\"\" height=\"\" alt=\"issr\">\n        <\/picture>\n          <\/div>\n      <\/figure>\n<\/div>\n        <\/div>\n      <\/div>\n    \n  <\/div>\n<\/article>\n              <\/div>\n                                        <div class=\"swiper-slide pl-0 pr-0\">\n                <article class=\"card-slide --navigation-cards navigation-cards  \" style=\"background-color: #ffffff\">\n\n\n\n  <div class=\"card-slide__inner h-full flex flex-col justify-between \">\n    \n    <div class=\"card-slide__content h-full data-def basis-2\/3\">\n      <div class=\"pt-50 pr-20 pb-40 pl-20 md:pr-30 md:pl-30 h-full flex flex-col justify-between\">\n\n        \n        <div class=\"!mb-0\">\n                      <h3 class=\"card-slide__title text-primary s30 font-500 pb-16\">Instituto Superior de Ciencias Religiosas<\/h3>\n                                <div class=\"card-slide__text font-normal font-400\"><p>Profundizar en el conocimiento de las Ciencias Religiosas.<\/p>\n<\/div>\n          \n                            <\/div>\n\n                  <div class=\"mt-10 font-500 s16 slider\">\n            <a href=https:\/\/www.upra.org\/es\/facultades-institutos\/instituto-superior-ciencias-religiosas\/   title=\"Descubrir el Instituto\"  class=\"button s16  \">\n    <span class=\"button__label\">Descubrir el Instituto<\/span>\n      <span class=\"button__icon icon-arrow\">\n      <svg xmlns=\"http:\/\/www.w3.org\/2000\/svg\" width=\"35\" height=\"12.828\" viewBox=\"0 0 35 12.828\">\n  <g id=\"Icon_feather-arrow-right\" data-name=\"Icon feather-arrow-right\" transform=\"translate(16.5 -6.086)\">\n    <path id=\"Tracciato_346\" data-name=\"Tracciato 346\" d=\"M7.5,18h33\" transform=\"translate(-23 -5.5)\" fill=\"none\" stroke=\"#171717\" stroke-linecap=\"round\" stroke-linejoin=\"round\" stroke-width=\"2\"\/>\n    <path id=\"Tracciato_347\" data-name=\"Tracciato 347\" d=\"M18,7.5l5,5-5,5\" transform=\"translate(-5.5 0)\" fill=\"none\" stroke=\"#171717\" stroke-linecap=\"round\" stroke-linejoin=\"round\" stroke-width=\"2\"\/>\n  <\/g>\n<\/svg>\n\n    <\/span>\n  <\/a>\n          <\/div>\n              <\/div>\n    <\/div>\n\n          <div class=\"card-slide__visual relative\">\n        <div>\n          <div\n  class=\"image   --is-png \"\n   data-defer >\n  <figure>\n    <div class=\"image__wrapper\">\n              <picture>\n          \n          <source\n            srcset=\"\"\n            sizes=\"(min-width: 992px) 740px, (min-width: 768px) 680px, 100vw\"\n          \/>\n          <img decoding=\"async\" src=\"https:\/\/www.upra.org\/app\/uploads\/sites\/5\/2023\/07\/issr.png\" width=\"\" height=\"\" alt=\"issr\">\n        <\/picture>\n          <\/div>\n      <\/figure>\n<\/div>\n        <\/div>\n      <\/div>\n    \n  <\/div>\n<\/article>\n              <\/div>\n                                        <div class=\"swiper-slide pl-0 pr-0\">\n                <article class=\"card-slide --navigation-cards navigation-cards  \" style=\"background-color: #ffffff\">\n\n\n\n  <div class=\"card-slide__inner h-full flex flex-col justify-between \">\n    \n    <div class=\"card-slide__content h-full data-def basis-2\/3\">\n      <div class=\"pt-50 pr-20 pb-40 pl-20 md:pr-30 md:pl-30 h-full flex flex-col justify-between\">\n\n        \n        <div class=\"!mb-0\">\n                      <h3 class=\"card-slide__title text-primary s30 font-500 pb-16\">Institutos<\/h3>\n                                <div class=\"card-slide__text font-normal font-400\"><p>Promover la difusi\u00f3n de la cultura evang\u00e9lica a trav\u00e9s de institutos especializados en diversas \u00e1reas de formaci\u00f3n.<\/p>\n<\/div>\n          \n                            <\/div>\n\n                  <div class=\"mt-10 font-500 s16 slider\">\n            <a href=https:\/\/www.upra.org\/es\/facultades-institutos\/institutos\/   title=\"Descubrir los Institutos\"  class=\"button s16  \">\n    <span class=\"button__label\">Descubrir los Institutos<\/span>\n      <span class=\"button__icon icon-arrow\">\n      <svg xmlns=\"http:\/\/www.w3.org\/2000\/svg\" width=\"35\" height=\"12.828\" viewBox=\"0 0 35 12.828\">\n  <g id=\"Icon_feather-arrow-right\" data-name=\"Icon feather-arrow-right\" transform=\"translate(16.5 -6.086)\">\n    <path id=\"Tracciato_346\" data-name=\"Tracciato 346\" d=\"M7.5,18h33\" transform=\"translate(-23 -5.5)\" fill=\"none\" stroke=\"#171717\" stroke-linecap=\"round\" stroke-linejoin=\"round\" stroke-width=\"2\"\/>\n    <path id=\"Tracciato_347\" data-name=\"Tracciato 347\" d=\"M18,7.5l5,5-5,5\" transform=\"translate(-5.5 0)\" fill=\"none\" stroke=\"#171717\" stroke-linecap=\"round\" stroke-linejoin=\"round\" stroke-width=\"2\"\/>\n  <\/g>\n<\/svg>\n\n    <\/span>\n  <\/a>\n          <\/div>\n              <\/div>\n    <\/div>\n\n          <div class=\"card-slide__visual relative\">\n        <div>\n          <div\n  class=\"image   --is-png \"\n   data-defer >\n  <figure>\n    <div class=\"image__wrapper\">\n              <picture>\n          \n          <source\n            srcset=\"\"\n            sizes=\"(min-width: 992px) 740px, (min-width: 768px) 680px, 100vw\"\n          \/>\n          <img decoding=\"async\" src=\"https:\/\/www.upra.org\/app\/uploads\/sites\/5\/2023\/08\/Tavola-disegno-5.png\" width=\"\" height=\"\" alt=\"Tavola disegno 5\">\n        <\/picture>\n          <\/div>\n      <\/figure>\n<\/div>\n        <\/div>\n      <\/div>\n    \n  <\/div>\n<\/article>\n              <\/div>\n                      <\/div>\n\n        <\/div>\n\n      <\/div>\n    \n    \n\n  <\/div>\n\n  <\/section>\n","protected":false},"excerpt":{"rendered":"","protected":false},"author":3,"featured_media":0,"parent":744,"menu_order":0,"comment_status":"closed","ping_status":"closed","template":"","meta":{"_acf_changed":false,"footnotes":""},"class_list":["post-746","page","type-page","status-publish","hentry"],"acf":[],"_links":{"self":[{"href":"https:\/\/www.upra.org\/es\/wp-json\/wp\/v2\/pages\/746","targetHints":{"allow":["GET"]}}],"collection":[{"href":"https:\/\/www.upra.org\/es\/wp-json\/wp\/v2\/pages"}],"about":[{"href":"https:\/\/www.upra.org\/es\/wp-json\/wp\/v2\/types\/page"}],"author":[{"embeddable":true,"href":"https:\/\/www.upra.org\/es\/wp-json\/wp\/v2\/users\/3"}],"replies":[{"embeddable":true,"href":"https:\/\/www.upra.org\/es\/wp-json\/wp\/v2\/comments?post=746"}],"version-history":[{"count":21,"href":"https:\/\/www.upra.org\/es\/wp-json\/wp\/v2\/pages\/746\/revisions"}],"predecessor-version":[{"id":8582,"href":"https:\/\/www.upra.org\/es\/wp-json\/wp\/v2\/pages\/746\/revisions\/8582"}],"up":[{"embeddable":true,"href":"https:\/\/www.upra.org\/es\/wp-json\/wp\/v2\/pages\/744"}],"wp:attachment":[{"href":"https:\/\/www.upra.org\/es\/wp-json\/wp\/v2\/media?parent=746"}],"curies":[{"name":"wp","href":"https:\/\/api.w.org\/{rel}","templated":true}]}}