{"id":755,"date":"2023-07-05T14:28:29","date_gmt":"2023-07-05T14:28:29","guid":{"rendered":"https:\/\/www.upra.org\/es\/?page_id=755"},"modified":"2024-05-31T15:38:05","modified_gmt":"2024-05-31T15:38:05","slug":"institutos","status":"publish","type":"page","link":"https:\/\/www.upra.org\/es\/facultades-institutos\/institutos\/","title":{"rendered":"Institutos"},"content":{"rendered":"<section class=\"block  paragraph-box full-width\" \n            >\n\n      <div class=\"paragraph-box__content text-center pt-40 md:pt-50 \" id=\"\" style=\"\">\n\n          <div class=\"container\" style=\"\">\n  \n  \n  \n      <div class=\"!mb-30 intro-text text-left\">\n      <p><p>Nuestros institutos son instituciones acad\u00e9micas que fomentan <strong>la difusi\u00f3n de la cultura evang\u00e9lica<\/strong> mediante el estudio de temas espec\u00edficos.<\/p>\n<\/p>\n    <\/div>\n  \n  \n\n<\/div>\n    \n    \n    \n    \n  <\/div>\n\n  <\/section>\n\n\n<section class=\"block  navigation-with-slider-cards full-width\" \n            >\n\n      <div class=\"navigation-with-slider-cards__content relative navigation-cards pb-60 md:pb-80 \" id=\"\" style=\"background-color: #ffffff\">\n    <div class=\"container flex flex-row justify-between items-end gap-0 md:gap-45\">\n                <\/div>\n          <div class=\"container\">\n        <div\n          class=\"slider slider-disabled \"\n          data-slider-config='{\n            \"slidesPerView\": 1,\n            \"spaceBetween\": 0,\n            \"navigation\": {\n              \"nextEl\": \".block.navigation-with-slider-cards .swiper-button-next\",\n              \"prevEl\": \".block.navigation-with-slider-cards .swiper-button-prev\"\n            },\n            \"autoplay\": false,\n            \"loop\": false,\n            \"breakpoints\": {\n              \"768\": {\n                \"slidesPerView\": 3,\n                \"spaceBetween\": 16\n              },\n              \"992\": {\n                \"slidesPerView\": 3,\n                \"spaceBetween\": 16\n              }\n            }\n          }'\n          >\n          <div class=\"swiper-wrapper z-10 relative mt-40\">\n                                        <div class=\"swiper-slide pl-0 pr-0\">\n                <article class=\"card-slide --navigation-cards navigation-cards  \" style=\"background-color: #f2f3f5\">\n\n\n\n  <div class=\"card-slide__inner h-full flex flex-col justify-between \">\n    \n    <div class=\"card-slide__content h-full data-def basis-2\/3\">\n      <div class=\"pt-50 pr-20 pb-40 pl-20 md:pr-30 md:pl-30 h-full flex flex-col justify-between\">\n\n        \n        <div class=\"!mb-0\">\n                      <h3 class=\"card-slide__title text-primary s30 font-500 pb-16\">Instituto Sacerdos<\/h3>\n                                <div class=\"card-slide__text font-normal font-400\"><p>Instituci\u00f3n acad\u00e9mica internacional que apoya la <strong>formaci\u00f3n<\/strong> espiritual, teol\u00f3gica y pastoral <strong>permanente<\/strong> de los &#8230;<\/div>\n          \n                            <\/div>\n\n                  <div class=\"mt-10 font-500 s16 slider\">\n            <a href=https:\/\/www.upra.org\/es\/facultades-institutos\/institutos\/instituto-sacerdos\/   title=\"Descubrir\"  class=\"button s16  \">\n    <span class=\"button__label\">Descubrir<\/span>\n      <span class=\"button__icon icon-arrow\">\n      <svg xmlns=\"http:\/\/www.w3.org\/2000\/svg\" width=\"35\" height=\"12.828\" viewBox=\"0 0 35 12.828\">\n  <g id=\"Icon_feather-arrow-right\" data-name=\"Icon feather-arrow-right\" transform=\"translate(16.5 -6.086)\">\n    <path id=\"Tracciato_346\" data-name=\"Tracciato 346\" d=\"M7.5,18h33\" transform=\"translate(-23 -5.5)\" fill=\"none\" stroke=\"#171717\" stroke-linecap=\"round\" stroke-linejoin=\"round\" stroke-width=\"2\"\/>\n    <path id=\"Tracciato_347\" data-name=\"Tracciato 347\" d=\"M18,7.5l5,5-5,5\" transform=\"translate(-5.5 0)\" fill=\"none\" stroke=\"#171717\" stroke-linecap=\"round\" stroke-linejoin=\"round\" stroke-width=\"2\"\/>\n  <\/g>\n<\/svg>\n\n    <\/span>\n  <\/a>\n          <\/div>\n              <\/div>\n    <\/div>\n\n          <div class=\"card-slide__visual relative\">\n        <div>\n          <div\n  class=\"image   --is-png \"\n   data-defer >\n  <figure>\n    <div class=\"image__wrapper\">\n              <picture>\n          \n          <source\n            srcset=\"\"\n            sizes=\"(min-width: 992px) 740px, (min-width: 768px) 680px, 100vw\"\n          \/>\n          <img decoding=\"async\" src=\"https:\/\/www.upra.org\/app\/uploads\/sites\/5\/2023\/09\/Tavola-disegno-1.png\" width=\"\" height=\"\" alt=\"Tavola disegno 1\">\n        <\/picture>\n          <\/div>\n      <\/figure>\n<\/div>\n        <\/div>\n      <\/div>\n    \n  <\/div>\n<\/article>\n              <\/div>\n                                        <div class=\"swiper-slide pl-0 pr-0\">\n                <article class=\"card-slide --navigation-cards navigation-cards  \" style=\"background-color: #f2f3f5\">\n\n\n\n  <div class=\"card-slide__inner h-full flex flex-col justify-between \">\n    \n    <div class=\"card-slide__content h-full data-def basis-2\/3\">\n      <div class=\"pt-50 pr-20 pb-40 pl-20 md:pr-30 md:pl-30 h-full flex flex-col justify-between\">\n\n        \n        <div class=\"!mb-0\">\n                      <h3 class=\"card-slide__title text-primary s30 font-500 pb-16\">Instituto Ciencia y Fe<\/h3>\n                                <div class=\"card-slide__text font-normal font-400\"><p>Promueve el estudio, la investigaci\u00f3n y la ense\u00f1anza de los temas relativos a la relaci\u00f3n entre ciencia y fe.<\/p>\n<\/div>\n          \n                            <\/div>\n\n                  <div class=\"mt-10 font-500 s16 slider\">\n            <a href=https:\/\/www.upra.org\/es\/facultades-institutos\/institutos\/instituto-ciencia-fe\/   title=\"Descubrir\"  class=\"button s16  \">\n    <span class=\"button__label\">Descubrir<\/span>\n      <span class=\"button__icon icon-arrow\">\n      <svg xmlns=\"http:\/\/www.w3.org\/2000\/svg\" width=\"35\" height=\"12.828\" viewBox=\"0 0 35 12.828\">\n  <g id=\"Icon_feather-arrow-right\" data-name=\"Icon feather-arrow-right\" transform=\"translate(16.5 -6.086)\">\n    <path id=\"Tracciato_346\" data-name=\"Tracciato 346\" d=\"M7.5,18h33\" transform=\"translate(-23 -5.5)\" fill=\"none\" stroke=\"#171717\" stroke-linecap=\"round\" stroke-linejoin=\"round\" stroke-width=\"2\"\/>\n    <path id=\"Tracciato_347\" data-name=\"Tracciato 347\" d=\"M18,7.5l5,5-5,5\" transform=\"translate(-5.5 0)\" fill=\"none\" stroke=\"#171717\" stroke-linecap=\"round\" stroke-linejoin=\"round\" stroke-width=\"2\"\/>\n  <\/g>\n<\/svg>\n\n    <\/span>\n  <\/a>\n          <\/div>\n              <\/div>\n    <\/div>\n\n          <div class=\"card-slide__visual relative\">\n        <div>\n          <div\n  class=\"image   --is-png \"\n   data-defer >\n  <figure>\n    <div class=\"image__wrapper\">\n              <picture>\n          \n          <source\n            srcset=\"\"\n            sizes=\"(min-width: 992px) 740px, (min-width: 768px) 680px, 100vw\"\n          \/>\n          <img decoding=\"async\" src=\"https:\/\/www.upra.org\/app\/uploads\/sites\/5\/2023\/09\/Tavola-disegno-3.png\" width=\"\" height=\"\" alt=\"Tavola disegno 3\">\n        <\/picture>\n          <\/div>\n      <\/figure>\n<\/div>\n        <\/div>\n      <\/div>\n    \n  <\/div>\n<\/article>\n              <\/div>\n                                        <div class=\"swiper-slide pl-0 pr-0\">\n                <article class=\"card-slide --navigation-cards navigation-cards  \" style=\"background-color: #f2f3f5\">\n\n\n\n  <div class=\"card-slide__inner h-full flex flex-col justify-between \">\n    \n    <div class=\"card-slide__content h-full data-def basis-2\/3\">\n      <div class=\"pt-50 pr-20 pb-40 pl-20 md:pr-30 md:pl-30 h-full flex flex-col justify-between\">\n\n        \n        <div class=\"!mb-0\">\n                      <h3 class=\"card-slide__title text-primary s30 font-500 pb-16\">Instituto de Estudios Superiores sobre la Mujer<\/h3>\n                                <div class=\"card-slide__text font-normal font-400\"><p><strong>Promueve la perspectiva de la mujer<\/strong>, en cooperaci\u00f3n con el hombre, en todos los \u00e1mbitos culturales.<\/p>\n<\/div>\n          \n                            <\/div>\n\n                  <div class=\"mt-10 font-500 s16 slider\">\n            <a href=https:\/\/www.upra.org\/es\/facultades-institutos\/institutos\/instituto-estudios-superiores-mujer\/   title=\"Descubrir\"  class=\"button s16  \">\n    <span class=\"button__label\">Descubrir<\/span>\n      <span class=\"button__icon icon-arrow\">\n      <svg xmlns=\"http:\/\/www.w3.org\/2000\/svg\" width=\"35\" height=\"12.828\" viewBox=\"0 0 35 12.828\">\n  <g id=\"Icon_feather-arrow-right\" data-name=\"Icon feather-arrow-right\" transform=\"translate(16.5 -6.086)\">\n    <path id=\"Tracciato_346\" data-name=\"Tracciato 346\" d=\"M7.5,18h33\" transform=\"translate(-23 -5.5)\" fill=\"none\" stroke=\"#171717\" stroke-linecap=\"round\" stroke-linejoin=\"round\" stroke-width=\"2\"\/>\n    <path id=\"Tracciato_347\" data-name=\"Tracciato 347\" d=\"M18,7.5l5,5-5,5\" transform=\"translate(-5.5 0)\" fill=\"none\" stroke=\"#171717\" stroke-linecap=\"round\" stroke-linejoin=\"round\" stroke-width=\"2\"\/>\n  <\/g>\n<\/svg>\n\n    <\/span>\n  <\/a>\n          <\/div>\n              <\/div>\n    <\/div>\n\n          <div class=\"card-slide__visual relative\">\n        <div>\n          <div\n  class=\"image   --is-png \"\n   data-defer >\n  <figure>\n    <div class=\"image__wrapper\">\n              <picture>\n          \n          <source\n            srcset=\"\"\n            sizes=\"(min-width: 992px) 740px, (min-width: 768px) 680px, 100vw\"\n          \/>\n          <img decoding=\"async\" src=\"https:\/\/www.upra.org\/app\/uploads\/sites\/5\/2023\/09\/Tavola-disegno-2.png\" width=\"\" height=\"\" alt=\"Tavola disegno 2\">\n        <\/picture>\n          <\/div>\n      <\/figure>\n<\/div>\n        <\/div>\n      <\/div>\n    \n  <\/div>\n<\/article>\n              <\/div>\n                                        <div class=\"swiper-slide pl-0 pr-0\">\n                <article class=\"card-slide --navigation-cards navigation-cards  \" style=\"background-color: #f2f3f5\">\n\n\n\n  <div class=\"card-slide__inner h-full flex flex-col justify-between \">\n    \n    <div class=\"card-slide__content h-full data-def basis-2\/3\">\n      <div class=\"pt-50 pr-20 pb-40 pl-20 md:pr-30 md:pl-30 h-full flex flex-col justify-between\">\n\n        \n        <div class=\"!mb-0\">\n                      <h3 class=\"card-slide__title text-primary s30 font-500 pb-16\">C\u00e1tedra UNESCO de Bio\u00e9tica y Derechos Humanos<\/h3>\n                                <div class=\"card-slide__text font-normal font-400\"><p>Promueve el <strong>intercambio de ideas y el compartir de experiencias<\/strong> entre instituciones de diferentes pa\u00edses.<\/p>\n<\/div>\n          \n                            <\/div>\n\n                  <div class=\"mt-10 font-500 s16 slider\">\n            <a href=https:\/\/www.upra.org\/es\/facultades-institutos\/institutos\/catedra-unesco-de-bioetica-y-derechos-humanos\/   title=\"Descubrir\"  class=\"button s16  \">\n    <span class=\"button__label\">Descubrir<\/span>\n      <span class=\"button__icon icon-arrow\">\n      <svg xmlns=\"http:\/\/www.w3.org\/2000\/svg\" width=\"35\" height=\"12.828\" viewBox=\"0 0 35 12.828\">\n  <g id=\"Icon_feather-arrow-right\" data-name=\"Icon feather-arrow-right\" transform=\"translate(16.5 -6.086)\">\n    <path id=\"Tracciato_346\" data-name=\"Tracciato 346\" d=\"M7.5,18h33\" transform=\"translate(-23 -5.5)\" fill=\"none\" stroke=\"#171717\" stroke-linecap=\"round\" stroke-linejoin=\"round\" stroke-width=\"2\"\/>\n    <path id=\"Tracciato_347\" data-name=\"Tracciato 347\" d=\"M18,7.5l5,5-5,5\" transform=\"translate(-5.5 0)\" fill=\"none\" stroke=\"#171717\" stroke-linecap=\"round\" stroke-linejoin=\"round\" stroke-width=\"2\"\/>\n  <\/g>\n<\/svg>\n\n    <\/span>\n  <\/a>\n          <\/div>\n              <\/div>\n    <\/div>\n\n          <div class=\"card-slide__visual relative\">\n        <div>\n          <div\n  class=\"image   --is-png \"\n   data-defer >\n  <figure>\n    <div class=\"image__wrapper\">\n              <picture>\n          \n          <source\n            srcset=\"\"\n            sizes=\"(min-width: 992px) 740px, (min-width: 768px) 680px, 100vw\"\n          \/>\n          <img decoding=\"async\" src=\"https:\/\/www.upra.org\/app\/uploads\/sites\/5\/2024\/02\/Tavola-disegno-1@2x.png\" width=\"\" height=\"\" alt=\"Tavola-disegno-1@2x\">\n        <\/picture>\n          <\/div>\n      <\/figure>\n<\/div>\n        <\/div>\n      <\/div>\n    \n  <\/div>\n<\/article>\n              <\/div>\n                      <\/div>\n\n        <\/div>\n\n      <\/div>\n    \n    \n\n  <\/div>\n\n  <\/section>\n\n\n\n\n","protected":false},"excerpt":{"rendered":"","protected":false},"author":3,"featured_media":0,"parent":720,"menu_order":0,"comment_status":"closed","ping_status":"closed","template":"","meta":{"_acf_changed":false,"footnotes":""},"class_list":["post-755","page","type-page","status-publish","hentry"],"acf":[],"_links":{"self":[{"href":"https:\/\/www.upra.org\/es\/wp-json\/wp\/v2\/pages\/755","targetHints":{"allow":["GET"]}}],"collection":[{"href":"https:\/\/www.upra.org\/es\/wp-json\/wp\/v2\/pages"}],"about":[{"href":"https:\/\/www.upra.org\/es\/wp-json\/wp\/v2\/types\/page"}],"author":[{"embeddable":true,"href":"https:\/\/www.upra.org\/es\/wp-json\/wp\/v2\/users\/3"}],"replies":[{"embeddable":true,"href":"https:\/\/www.upra.org\/es\/wp-json\/wp\/v2\/comments?post=755"}],"version-history":[{"count":60,"href":"https:\/\/www.upra.org\/es\/wp-json\/wp\/v2\/pages\/755\/revisions"}],"predecessor-version":[{"id":9049,"href":"https:\/\/www.upra.org\/es\/wp-json\/wp\/v2\/pages\/755\/revisions\/9049"}],"up":[{"embeddable":true,"href":"https:\/\/www.upra.org\/es\/wp-json\/wp\/v2\/pages\/720"}],"wp:attachment":[{"href":"https:\/\/www.upra.org\/es\/wp-json\/wp\/v2\/media?parent=755"}],"curies":[{"name":"wp","href":"https:\/\/api.w.org\/{rel}","templated":true}]}}