{"id":767,"date":"2023-07-06T09:21:10","date_gmt":"2023-07-06T09:21:10","guid":{"rendered":"https:\/\/www.upra.org\/es\/?page_id=767"},"modified":"2024-03-19T14:30:32","modified_gmt":"2024-03-19T14:30:32","slug":"investigacion","status":"publish","type":"page","link":"https:\/\/www.upra.org\/es\/investigacion\/","title":{"rendered":"Investigaci\u00f3n"},"content":{"rendered":"<section class=\"block  cta-with-media full-width\" \n            >\n\n      <div class=\"cta-with-media__content  template-media-sx py-60 md:py-80\" id=\"\" style=\"\">\n\n    <div class=\"container\">\n      \n        <div class=\"flex flex-col gap-40 md:gap-50 lg:gap-100 md:flex-row\n        md:items-start\">\n\n          <div class=\"flex-1\">\n            <div class=\"media\" style=\"--bg-color-var: #FFFFFF\">\n              <div\n  class=\"image bg-cover  --is-webp \"\n   data-defer >\n  <figure>\n    <div class=\"image__wrapper\">\n              <picture>\n          \n          <source\n            srcset=\"\"\n            sizes=\"(min-width: 992px) 808px, (min-width: 768px) 680px, 100vw\"\n          \/>\n          <img decoding=\"async\" src=\"https:\/\/www.upra.org\/app\/uploads\/sites\/5\/2024\/03\/0000_Drone-2.webp\" width=\"\" height=\"\" alt=\"0000_Drone\">\n        <\/picture>\n          <\/div>\n      <\/figure>\n<\/div>\n\n                          <\/div>\n          <\/div>\n\n          <div class=\"flex-1\">\n                                      <h2 class=\"font-500 text-primary mb-20 s50\">Investigaci\u00f3n<\/h2>\n                                <p class=\"!mb-40\"><section class=\"block paragraph-box full-width\">\n<div id=\"\" class=\"paragraph-box__content text-center pt-40 md:pt-50 pb-40 md:pb-50\">\n<div class=\"container\">\n<div class=\"!mb-30 intro-text text-left\">\n<p>El Ateneo Regina Apostolorum es un\u00a0<b>centro de excelencia en investigaci\u00f3n<\/b>\u00a0sobre temas relacionados con las materias impartidas en nuestras facultades e institutos. Nuestros estudiantes y docentes se dedican a estudios continuos en profundidad y a las evoluciones que nos ofrece la sociedad contempor\u00e1nea para poder dar<b>\u00a0nuevas interpretaciones de la cultura evang\u00e9lica\u00a0<\/b>que compartir con toda la comunidad internacional. La actividad investigadora es uno de los ejes principales de la vida acad\u00e9mica del instituto.<\/p>\n<\/div>\n<\/div>\n<\/div>\n<\/section>\n<\/p>\n                                      <\/div>\n      <\/div>\n\n    <\/div>\n\n  <\/div>\n\n  <\/section>\n\n\n<section class=\"block  cta-two-columns full-width\" \n            >\n\n      <div class=\"cta-two-columns__content  pb-60 md:pb-80\" id=\"\" style=\"\">\n\n    \n    <div class=\"md:flex text-left md:justify-between\">\n                                  <div class=\"p-20 md:px-80 md:py-100 md:items-start md:flex-1 md:flex md:flex-col md:justify-between\" style=\"background-color: #003da5; color: #FFFFFF\">\n            <div>\n              \n                              <h2 class=\"py-20 s50 font-500\">Convocatorias<\/h2>\n                                            <div class=\"text pb-20 md:px-0\"><p>El Ateneo Pontificio Regina Apostolorum lanza<b> convocatorias de investigaci\u00f3n en las facultades<\/b> para fomentar el desarrollo de la actividad acad\u00e9mica. Estas convocatorias se dirigen a j\u00f3venes investigadores en el \u00e1mbito de las disciplinas eclesi\u00e1sticas.<\/p>\n<\/div>\n                          <\/div>\n\n                                      <a href=https:\/\/www.upra.org\/es\/investigacion\/convocatorias-concurso\/   title=\"Descubrir las convocatorias de investigaci\u00f3n\"  class=\"button mb-20  --white \">\n    <span class=\"button__label\">Descubrir las convocatorias de investigaci\u00f3n<\/span>\n      <span class=\"button__icon icon-arrow\">\n      <svg xmlns=\"http:\/\/www.w3.org\/2000\/svg\" width=\"35\" height=\"12.828\" viewBox=\"0 0 35 12.828\">\n  <g id=\"Icon_feather-arrow-right\" data-name=\"Icon feather-arrow-right\" transform=\"translate(16.5 -6.086)\">\n    <path id=\"Tracciato_346\" data-name=\"Tracciato 346\" d=\"M7.5,18h33\" transform=\"translate(-23 -5.5)\" fill=\"none\" stroke=\"#171717\" stroke-linecap=\"round\" stroke-linejoin=\"round\" stroke-width=\"2\"\/>\n    <path id=\"Tracciato_347\" data-name=\"Tracciato 347\" d=\"M18,7.5l5,5-5,5\" transform=\"translate(-5.5 0)\" fill=\"none\" stroke=\"#171717\" stroke-linecap=\"round\" stroke-linejoin=\"round\" stroke-width=\"2\"\/>\n  <\/g>\n<\/svg>\n\n    <\/span>\n  <\/a>\n                      <\/div>\n                            <div class=\"p-20 md:px-80 md:py-100 md:items-start md:flex-1 md:flex md:flex-col md:justify-between\" style=\"background-color: #0a1b38; color: #FFFFFF\">\n            <div>\n              \n                              <h2 class=\"py-20 s50 font-500\">Publicaciones<\/h2>\n                                            <div class=\"text pb-20 md:px-0\"><p><span style=\"font-weight: 400;\">El Departamento de Publicaciones se ocupa de la\u00a0<\/span><b>difusi\u00f3n y administraci\u00f3n de las diversas publicaciones del instituto<\/b><span style=\"font-weight: 400;\"> realizadas en el marco de la labor acad\u00e9mica llevada a cabo en el Ateneo Pontificio Regina Apostolorum.<\/span><\/p>\n<\/div>\n                          <\/div>\n\n                                      <a href=https:\/\/www.upra.org\/es\/investigacion\/publicaciones\/   title=\"Consultar publicaciones\"  class=\"button mb-20  --white \">\n    <span class=\"button__label\">Consultar publicaciones<\/span>\n      <span class=\"button__icon icon-arrow\">\n      <svg xmlns=\"http:\/\/www.w3.org\/2000\/svg\" width=\"35\" height=\"12.828\" viewBox=\"0 0 35 12.828\">\n  <g id=\"Icon_feather-arrow-right\" data-name=\"Icon feather-arrow-right\" transform=\"translate(16.5 -6.086)\">\n    <path id=\"Tracciato_346\" data-name=\"Tracciato 346\" d=\"M7.5,18h33\" transform=\"translate(-23 -5.5)\" fill=\"none\" stroke=\"#171717\" stroke-linecap=\"round\" stroke-linejoin=\"round\" stroke-width=\"2\"\/>\n    <path id=\"Tracciato_347\" data-name=\"Tracciato 347\" d=\"M18,7.5l5,5-5,5\" transform=\"translate(-5.5 0)\" fill=\"none\" stroke=\"#171717\" stroke-linecap=\"round\" stroke-linejoin=\"round\" stroke-width=\"2\"\/>\n  <\/g>\n<\/svg>\n\n    <\/span>\n  <\/a>\n                      <\/div>\n                  <\/div>\n\n  <\/div>\n\n  <\/section>\n\n\n<section class=\"block  paragraph-box full-width\" \n            >\n\n      <div class=\"paragraph-box__content text-center pt-40 md:pt-50 pb-40 md:pb-50\" id=\"\" style=\"\">\n\n          <div class=\"container\" style=\"\">\n          <h2 class=\"intro-title font-500 text-primary mb-20 s50 \">Biblioteca P\u00edo XII<\/h2>\n  \n  \n  \n      <div class=\"!mb-30 intro-text text-left\">\n      <p><p><span style=\"font-weight: 400;\">Al servicio de la investigaci\u00f3n, la Biblioteca P\u00edo XII est\u00e1 abierta a todos los estudiantes y docentes del instituto. Se <\/span><b>pueden consultar<\/b><span style=\"font-weight: 400;\"> m\u00e1s de <\/span><b>180\u00a0000 vol\u00famenes<\/b><span style=\"font-weight: 400;\"> para estudiar m\u00e1s a fondo cada campo de investigaci\u00f3n.<\/span><\/p>\n<\/p>\n    <\/div>\n  \n      <div class=\"container buttons mt-20 mb-20 flex items-center md:items-start flex-col md:flex-row flex-wrap md:flex-nowrap justify-center\">\n              <a href=https:\/\/www.upra.org\/es\/investigacion\/biblioteca-pio-xii\/   title=\"Visitar la Biblioteca P\u00edo XII \"  class=\"button mx-10 my-10 mb-20 md:mb-10 mt-4 font-500  \">\n    <span class=\"button__label\">Visitar la Biblioteca P\u00edo XII <\/span>\n      <span class=\"button__icon icon icon-arrow-right\">\n      <span class=\"lnr lnr-arrow-right\"><\/span>\n\n    <\/span>\n  <\/a>\n          <\/div>\n  \n\n<\/div>\n    \n    \n    \n    \n  <\/div>\n\n  <\/section>\n\n\n<section class=\"block  cta-two-columns full-width\" \n            >\n\n      <div class=\"cta-two-columns__content pt-60 md:pt-80 pb-60 md:pb-80\" id=\"\" style=\"\">\n\n    \n    <div class=\"md:flex text-left md:justify-between\">\n                                  <div class=\"p-20 md:px-80 md:py-100 md:items-start md:flex-1 md:flex md:flex-col md:justify-between\" style=\"background-color: #003da5; color: #FFFFFF\">\n            <div>\n              \n                              <h2 class=\"py-20 s50 font-500\">Grupos de investigaci\u00f3n <\/h2>\n                                            <div class=\"text pb-20 md:px-0\"><p><span style=\"font-weight: 400;\">En el seno de la universidad <\/span><b>trabajan varios grupos de investigaci\u00f3n<\/b><span style=\"font-weight: 400;\"> sobre temas de enorme inter\u00e9s para estudiarlos a fondo desde una perspectiva evang\u00e9lica.<\/span><\/p>\n<\/div>\n                          <\/div>\n\n                                      <a href=https:\/\/www.upra.org\/es\/investigacion\/grupos-investigacion\/   title=\"Descubrir los grupos de investigaci\u00f3n\"  class=\"button mb-20  --white \">\n    <span class=\"button__label\">Descubrir los grupos de investigaci\u00f3n<\/span>\n      <span class=\"button__icon icon-arrow\">\n      <svg xmlns=\"http:\/\/www.w3.org\/2000\/svg\" width=\"35\" height=\"12.828\" viewBox=\"0 0 35 12.828\">\n  <g id=\"Icon_feather-arrow-right\" data-name=\"Icon feather-arrow-right\" transform=\"translate(16.5 -6.086)\">\n    <path id=\"Tracciato_346\" data-name=\"Tracciato 346\" d=\"M7.5,18h33\" transform=\"translate(-23 -5.5)\" fill=\"none\" stroke=\"#171717\" stroke-linecap=\"round\" stroke-linejoin=\"round\" stroke-width=\"2\"\/>\n    <path id=\"Tracciato_347\" data-name=\"Tracciato 347\" d=\"M18,7.5l5,5-5,5\" transform=\"translate(-5.5 0)\" fill=\"none\" stroke=\"#171717\" stroke-linecap=\"round\" stroke-linejoin=\"round\" stroke-width=\"2\"\/>\n  <\/g>\n<\/svg>\n\n    <\/span>\n  <\/a>\n                      <\/div>\n                            <div class=\"p-20 md:px-80 md:py-100 md:items-start md:flex-1 md:flex md:flex-col md:justify-between\" style=\"background-color: #0a1b38; color: #FFFFFF\">\n            <div>\n              \n                              <h2 class=\"py-20 s50 font-500\">Revistas<\/h2>\n                                            <div class=\"text pb-20 md:px-0\"><p><b><i>Alpha e Omega, Studia Bioethica <\/i><\/b><b>y <\/b><b><i>Ecclesia<\/i><\/b><span style=\"font-weight: 400;\"> son algunas de las revistas que se elaboran con aportaciones acad\u00e9micas de docentes y alumnos del instituto y que est\u00e1n disponibles para su consulta.<\/span><\/p>\n<\/div>\n                          <\/div>\n\n                                      <a href=https:\/\/www.upra.org\/ricerca\/riviste\/  target=_blank  title=\"Consultar las revistas (en italiano)\"   rel=\"noopener noreferrer\" class=\"button mb-20  --white \">\n    <span class=\"button__label\">Consultar las revistas (en italiano)<\/span>\n      <span class=\"button__icon icon-arrow\">\n      <svg xmlns=\"http:\/\/www.w3.org\/2000\/svg\" width=\"35\" height=\"12.828\" viewBox=\"0 0 35 12.828\">\n  <g id=\"Icon_feather-arrow-right\" data-name=\"Icon feather-arrow-right\" transform=\"translate(16.5 -6.086)\">\n    <path id=\"Tracciato_346\" data-name=\"Tracciato 346\" d=\"M7.5,18h33\" transform=\"translate(-23 -5.5)\" fill=\"none\" stroke=\"#171717\" stroke-linecap=\"round\" stroke-linejoin=\"round\" stroke-width=\"2\"\/>\n    <path id=\"Tracciato_347\" data-name=\"Tracciato 347\" d=\"M18,7.5l5,5-5,5\" transform=\"translate(-5.5 0)\" fill=\"none\" stroke=\"#171717\" stroke-linecap=\"round\" stroke-linejoin=\"round\" stroke-width=\"2\"\/>\n  <\/g>\n<\/svg>\n\n    <\/span>\n  <\/a>\n                      <\/div>\n                  <\/div>\n\n  <\/div>\n\n  <\/section>\n\n\n<section class=\"block  paragraph-box full-width\" \n            >\n\n      <div class=\"paragraph-box__content text-center pt-40 md:pt-50 pb-40 md:pb-50\" id=\"\" style=\"\">\n\n          <div class=\"container\" style=\"\">\n          <h2 class=\"intro-title font-500 text-primary mb-20 s50 \">Estudios de profundizaci\u00f3n<\/h2>\n  \n  \n  \n      <div class=\"!mb-30 intro-text text-left\">\n      <p><p>En el marco de su actividad de investigaci\u00f3n, los docentes, investigadores y estudiantes de las facultades e institutos del Ateneo Pontificio Regina Apostolorum <strong>elaboran y comparten art\u00edculos y contribuciones de profundizaci\u00f3n<\/strong>. En esta secci\u00f3n se puede consultar una parte de las actividades acad\u00e9micas y producciones cient\u00edficas.<\/p>\n<\/p>\n    <\/div>\n  \n      <div class=\"container buttons mt-20 mb-20 flex items-center md:items-start flex-col md:flex-row flex-wrap md:flex-nowrap justify-center\">\n              <a href=https:\/\/www.upra.org\/es\/investigacion\/estudios-profundizacion\/   title=\"Ir a los estudios de profundizaci\u00f3n\"  class=\"button mx-10 my-10 mb-20 md:mb-10 mt-4 font-500  \">\n    <span class=\"button__label\">Ir a los estudios de profundizaci\u00f3n<\/span>\n      <span class=\"button__icon icon icon-arrow-right\">\n      <span class=\"lnr lnr-arrow-right\"><\/span>\n\n    <\/span>\n  <\/a>\n          <\/div>\n  \n\n<\/div>\n    \n    \n    \n    \n  <\/div>\n\n  <\/section>\n\n\n<section class=\"block  cta-banner full-width\" \n            >\n\n      <div class=\"cta-banner__content text-white content-left pt-60 md:pt-80 \" id=\"\" style=\"background-color: #003da5\">\n    <div class=\"container px-20 md:px-0\">\n      <div>\n                            <h2 class=\"py-20 s50 font-500 text-primary text-center md:text-left\">Contactos<\/h2>\n                      <\/div>\n      <div>\n                        \n                  <div class=\"pb-20\">\n                      <p class=\"label_link s18 mr-10\">\n                              <span class=\"icon icon-envelope\">\n                  <span class=\"lnr lnr-envelope\"><\/span>\n                <\/span>\n                                            <span>\n                  Correo electr\u00f3nico:\n                <\/span>\n                            <a href=mailto:info.teologia@upra.org  target=_blank  title=\"info.teologia@upra.org\"   rel=\"noopener noreferrer\" class=\"button hover-underline s18  --white \">\n    <span class=\"button__label\">info.teologia@upra.org<\/span>\n  <\/a>\n            <\/p>\n                      <p class=\"label_link s18 mr-10\">\n                              <span class=\"icon icon-phone\">\n                  <span class=\"lnr lnr-phone\"><\/span>\n                <\/span>\n                                            <span>\n                  Tel\u00e9fono:\n                <\/span>\n                            <a href=tel:%20+39%2006%2091689867  target=_blank  title=\"+39 06 91689867\"   rel=\"noopener noreferrer\" class=\"button hover-underline s18  --white \">\n    <span class=\"button__label\">+39 06 91689867<\/span>\n  <\/a>\n            <\/p>\n                      <p class=\"label_link s18 mr-10\">\n                              <span class=\"icon icon-phone-handset\">\n                  <span class=\"lnr lnr-phone-handset\"><\/span>\n                <\/span>\n                                            <span>\n                  M\u00f3vil:\n                <\/span>\n                            <a href=tel:%20+39%20346%202856633  target=_blank  title=\"+39 346 2856633\"   rel=\"noopener noreferrer\" class=\"button hover-underline s18  --white \">\n    <span class=\"button__label\">+39 346 2856633<\/span>\n  <\/a>\n            <\/p>\n                    <\/div>\n        \n              <\/div>\n    <\/div>\n\n  <\/div>\n\n  <\/section>\n","protected":false},"excerpt":{"rendered":"","protected":false},"author":3,"featured_media":8639,"parent":0,"menu_order":0,"comment_status":"closed","ping_status":"closed","template":"","meta":{"_acf_changed":false,"footnotes":""},"class_list":["post-767","page","type-page","status-publish","has-post-thumbnail","hentry"],"acf":[],"_links":{"self":[{"href":"https:\/\/www.upra.org\/es\/wp-json\/wp\/v2\/pages\/767","targetHints":{"allow":["GET"]}}],"collection":[{"href":"https:\/\/www.upra.org\/es\/wp-json\/wp\/v2\/pages"}],"about":[{"href":"https:\/\/www.upra.org\/es\/wp-json\/wp\/v2\/types\/page"}],"author":[{"embeddable":true,"href":"https:\/\/www.upra.org\/es\/wp-json\/wp\/v2\/users\/3"}],"replies":[{"embeddable":true,"href":"https:\/\/www.upra.org\/es\/wp-json\/wp\/v2\/comments?post=767"}],"version-history":[{"count":33,"href":"https:\/\/www.upra.org\/es\/wp-json\/wp\/v2\/pages\/767\/revisions"}],"predecessor-version":[{"id":8641,"href":"https:\/\/www.upra.org\/es\/wp-json\/wp\/v2\/pages\/767\/revisions\/8641"}],"wp:featuredmedia":[{"embeddable":true,"href":"https:\/\/www.upra.org\/es\/wp-json\/wp\/v2\/media\/8639"}],"wp:attachment":[{"href":"https:\/\/www.upra.org\/es\/wp-json\/wp\/v2\/media?parent=767"}],"curies":[{"name":"wp","href":"https:\/\/api.w.org\/{rel}","templated":true}]}}