{"id":769,"date":"2023-07-06T09:21:21","date_gmt":"2023-07-06T09:21:21","guid":{"rendered":"https:\/\/www.upra.org\/es\/?page_id=769"},"modified":"2024-03-20T08:30:37","modified_gmt":"2024-03-20T08:30:37","slug":"comunidad-apra","status":"publish","type":"page","link":"https:\/\/www.upra.org\/es\/comunidad-apra\/","title":{"rendered":"Comunidad APRA"},"content":{"rendered":"<section class=\"block  cta-with-media full-width\" \n            >\n\n      <div class=\"cta-with-media__content  template-media-sx py-60 md:py-80\" id=\"\" style=\"\">\n\n    <div class=\"container\">\n      \n        <div class=\"flex flex-col gap-40 md:gap-50 lg:gap-100 md:flex-row\n        md:items-start\">\n\n          <div class=\"flex-1\">\n            <div class=\"media\" style=\"--bg-color-var: #FFFFFF\">\n              <div\n  class=\"image bg-cover  --is-webp \"\n   data-defer >\n  <figure>\n    <div class=\"image__wrapper\">\n              <picture>\n          \n          <source\n            srcset=\"\"\n            sizes=\"(min-width: 992px) 808px, (min-width: 768px) 680px, 100vw\"\n          \/>\n          <img decoding=\"async\" src=\"https:\/\/www.upra.org\/app\/uploads\/sites\/5\/2024\/02\/0001_C81_3115.webp\" width=\"\" height=\"\" alt=\"0001_C81_3115\">\n        <\/picture>\n          <\/div>\n      <\/figure>\n<\/div>\n\n                          <\/div>\n          <\/div>\n\n          <div class=\"flex-1\">\n                                      <h2 class=\"font-500 text-primary mb-20 s50\">Comunidad APRA<\/h2>\n                                <p class=\"!mb-40\"><p>El Ateneo Pontificio Regina Apostolorum es una comunidad acad\u00e9mica de alt\u00edsimo valor educativo, pero tambi\u00e9n un lugar que representa <b> una experiencia de vida<\/b> para todos aquellos que deciden formar parte de \u00e9l.<\/p>\n<p>Para facilitar los momentos de vida en el campus, hemos creado <b>espacios comunes tanto para estudiantes como para docentes<\/b>.<\/p>\n<\/p>\n                                      <\/div>\n      <\/div>\n\n    <\/div>\n\n  <\/div>\n\n  <\/section>\n\n\n<section class=\"block  navigation-with-button full-width\" \n            >\n\n      <div class=\"navigation-with-button__content navigation-button pt-80 md:pb-50 pb-0\" id=\"\" style=\"background-color: #003da5\">\n                    <div class=\"container overflow-hidden\" style=\"\">\n        <div\n          class=\"slider slider-disabled\"\n          data-slider-config='{\n            \"slidesPerView\": 1,\n            \"spaceBetween\": 0,\n            \"navigation\": {\n              \"nextEl\": \".block.navigation-with-button .swiper-button-next\",\n              \"prevEl\": \".block.navigation-with-button .swiper-button-prev\"\n            },\n            \"autoplay\": false,\n            \"loop\": false,\n            \"breakpoints\": {\n              \"768\": {\n                \"slidesPerView\": 1,\n                \"spaceBetween\": 16\n              },\n              \"992\": {\n                \"slidesPerView\": 1,\n                \"spaceBetween\": 16\n              }\n            }\n          }'\n          >\n          <div class=\"swiper-wrapper z-10 relative mt-0 mb-0 md:mb-20 noSlider\">\n                                        <div class=\"swiper-slide !h-auto\">\n                <article class=\"card-slide --navigation-button navigation-button white fullwidth navigation-button\" style=\"\">\n\n\n\n  <div class=\"card-slide__inner h-full flex flex-col justify-between md:flex-col-reverse\">\n          <div class=\"mt-10 font-500 s16 navigation-button\">\n        <a href=https:\/\/www.upra.org\/es\/comunidad-apra\/estudiantes\/   title=\"APRA para ti\"  class=\"button --button-border bold bg-white s16  --white \">\n    <span class=\"button__label\">APRA para ti<\/span>\n      <span class=\"button__icon icon icon-arrow-right\">\n      <span class=\"lnr lnr-arrow-right\"><\/span>\n\n    <\/span>\n  <\/a>\n      <\/div>\n    \n    <div class=\"card-slide__content h-full data-def basis-2\/3\">\n      <div class=\"pt-50 pr-20 pb-40 pl-20 md:pr-30 md:pl-30 h-full flex flex-col justify-between\">\n\n        \n        <div class=\"!mb-0\">\n                      <h3 class=\"card-slide__title text-primary s30 font-500 pb-16\">Para nuestros estudiantes<\/h3>\n                                <div class=\"card-slide__text font-normal font-400\"><p>En esta secci\u00f3n encontrar\u00e1s toda la informaci\u00f3n \u00fatil para los matriculados en la universidad: desde los <b>formularios<\/b> necesarios para acceder a los cursos hasta el <b>material en l\u00ednea<\/b> para completar tus estudios. Si eres estudiante de&#8230;<\/div>\n          \n                            <\/div>\n\n                  <div><\/div>\n              <\/div>\n    <\/div>\n\n          <div class=\"card-slide__visual relative\">\n        <div>\n          <div\n  class=\"image   --is-png \"\n   data-defer >\n  <figure>\n    <div class=\"image__wrapper\">\n              <picture>\n          \n          <source\n            srcset=\"\"\n            sizes=\"(min-width: 992px) 740px, (min-width: 768px) 680px, 100vw\"\n          \/>\n          <img decoding=\"async\" src=\"https:\/\/www.upra.org\/app\/uploads\/sites\/5\/2023\/07\/navigation-with-button.png\" width=\"\" height=\"\" alt=\"navigation-with-button\">\n        <\/picture>\n          <\/div>\n      <\/figure>\n<\/div>\n        <\/div>\n      <\/div>\n    \n  <\/div>\n<\/article>\n              <\/div>\n                                        <div class=\"swiper-slide !h-auto\">\n                <article class=\"card-slide --navigation-button navigation-button white fullwidth navigation-button\" style=\"\">\n\n\n\n  <div class=\"card-slide__inner h-full flex flex-col justify-between md:flex-col-reverse\">\n          <div class=\"mt-10 font-500 s16 navigation-button\">\n        <a href=https:\/\/www.upra.org\/es\/comunidad-apra\/docentes\/   title=\"APRA para ti\"  class=\"button --button-border bold bg-white s16  --white \">\n    <span class=\"button__label\">APRA para ti<\/span>\n      <span class=\"button__icon icon icon-arrow-right\">\n      <span class=\"lnr lnr-arrow-right\"><\/span>\n\n    <\/span>\n  <\/a>\n      <\/div>\n    \n    <div class=\"card-slide__content h-full data-def basis-2\/3\">\n      <div class=\"pt-50 pr-20 pb-40 pl-20 md:pr-30 md:pl-30 h-full flex flex-col justify-between\">\n\n        \n        <div class=\"!mb-0\">\n                      <h3 class=\"card-slide__title text-primary s30 font-500 pb-16\">Para nuestros docentes<\/h3>\n                                <div class=\"card-slide__text font-normal font-400\"><p>Este es el \u00e1rea dedicada a los docentes, un espacio donde podr\u00e1s obtener toda la<b> informaci\u00f3n relativa al profesorado<\/b> del Ateneo Pontificio Regina Apostolorum.<\/p>\n<\/div>\n          \n                            <\/div>\n\n                  <div><\/div>\n              <\/div>\n    <\/div>\n\n          <div class=\"card-slide__visual relative\">\n        <div>\n          <div\n  class=\"image   --is-png \"\n   data-defer >\n  <figure>\n    <div class=\"image__wrapper\">\n              <picture>\n          \n          <source\n            srcset=\"\"\n            sizes=\"(min-width: 992px) 740px, (min-width: 768px) 680px, 100vw\"\n          \/>\n          <img decoding=\"async\" src=\"https:\/\/www.upra.org\/app\/uploads\/sites\/5\/2023\/08\/Docenti-Comunita-APRA.png\" width=\"\" height=\"\" alt=\"Docenti - Comunita\u0300 APRA\">\n        <\/picture>\n          <\/div>\n      <\/figure>\n<\/div>\n        <\/div>\n      <\/div>\n    \n  <\/div>\n<\/article>\n              <\/div>\n                                        <div class=\"swiper-slide !h-auto\">\n                <article class=\"card-slide --navigation-button navigation-button white fullwidth navigation-button\" style=\"\">\n\n\n\n  <div class=\"card-slide__inner h-full flex flex-col justify-between md:flex-col-reverse\">\n          <div class=\"mt-10 font-500 s16 navigation-button\">\n        <a href=https:\/\/www.upra.org\/es\/comunidad-apra\/antiguos-alumnos\/   title=\"APRA para ti\"  class=\"button --button-border bold bg-white s16  --white \">\n    <span class=\"button__label\">APRA para ti<\/span>\n      <span class=\"button__icon icon icon-arrow-right\">\n      <span class=\"lnr lnr-arrow-right\"><\/span>\n\n    <\/span>\n  <\/a>\n      <\/div>\n    \n    <div class=\"card-slide__content h-full data-def basis-2\/3\">\n      <div class=\"pt-50 pr-20 pb-40 pl-20 md:pr-30 md:pl-30 h-full flex flex-col justify-between\">\n\n        \n        <div class=\"!mb-0\">\n                      <h3 class=\"card-slide__title text-primary s30 font-500 pb-16\">Para nuestros antiguos alumnos<\/h3>\n                                <div class=\"card-slide__text font-normal font-400\"><p>Esta secci\u00f3n est\u00e1 reservada a todos los antiguos alumnos, que contin\u00faan en contacto con el Ateneo para mantener viva una <b>valiosa red con otros evangelizadores de la cultura<\/b> con los que han compartido la experiencia de vida en el Pontific&#8230;<\/div>\n          \n                            <\/div>\n\n                  <div><\/div>\n              <\/div>\n    <\/div>\n\n          <div class=\"card-slide__visual relative\">\n        <div>\n          <div\n  class=\"image   --is-png \"\n   data-defer >\n  <figure>\n    <div class=\"image__wrapper\">\n              <picture>\n          \n          <source\n            srcset=\"\"\n            sizes=\"(min-width: 992px) 740px, (min-width: 768px) 680px, 100vw\"\n          \/>\n          <img decoding=\"async\" src=\"https:\/\/www.upra.org\/app\/uploads\/sites\/5\/2023\/08\/Alumni-Comunita-Apra.png\" width=\"\" height=\"\" alt=\"Alumni - Comunita\u0300 Apra\">\n        <\/picture>\n          <\/div>\n      <\/figure>\n<\/div>\n        <\/div>\n      <\/div>\n    \n  <\/div>\n<\/article>\n              <\/div>\n                      <\/div>\n        <\/div>\n      <\/div>\n      <\/div>\n\n  <\/section>\n\n","protected":false},"excerpt":{"rendered":"","protected":false},"author":3,"featured_media":8383,"parent":0,"menu_order":0,"comment_status":"closed","ping_status":"closed","template":"","meta":{"_acf_changed":false,"footnotes":""},"class_list":["post-769","page","type-page","status-publish","has-post-thumbnail","hentry"],"acf":[],"_links":{"self":[{"href":"https:\/\/www.upra.org\/es\/wp-json\/wp\/v2\/pages\/769","targetHints":{"allow":["GET"]}}],"collection":[{"href":"https:\/\/www.upra.org\/es\/wp-json\/wp\/v2\/pages"}],"about":[{"href":"https:\/\/www.upra.org\/es\/wp-json\/wp\/v2\/types\/page"}],"author":[{"embeddable":true,"href":"https:\/\/www.upra.org\/es\/wp-json\/wp\/v2\/users\/3"}],"replies":[{"embeddable":true,"href":"https:\/\/www.upra.org\/es\/wp-json\/wp\/v2\/comments?post=769"}],"version-history":[{"count":46,"href":"https:\/\/www.upra.org\/es\/wp-json\/wp\/v2\/pages\/769\/revisions"}],"predecessor-version":[{"id":8648,"href":"https:\/\/www.upra.org\/es\/wp-json\/wp\/v2\/pages\/769\/revisions\/8648"}],"wp:featuredmedia":[{"embeddable":true,"href":"https:\/\/www.upra.org\/es\/wp-json\/wp\/v2\/media\/8383"}],"wp:attachment":[{"href":"https:\/\/www.upra.org\/es\/wp-json\/wp\/v2\/media?parent=769"}],"curies":[{"name":"wp","href":"https:\/\/api.w.org\/{rel}","templated":true}]}}