{"id":776,"date":"2023-07-06T09:22:53","date_gmt":"2023-07-06T09:22:53","guid":{"rendered":"https:\/\/www.upra.org\/es\/?page_id=776"},"modified":"2026-03-23T10:51:17","modified_gmt":"2026-03-23T10:51:17","slug":"publicaciones","status":"publish","type":"page","link":"https:\/\/www.upra.org\/es\/investigacion\/publicaciones\/","title":{"rendered":"Publicaciones"},"content":{"rendered":"<section class=\"block  cta-with-media full-width\" \n            >\n\n      <div class=\"cta-with-media__content  template-media-sx py-60 md:py-80\" id=\"\" style=\"\">\n\n    <div class=\"container\">\n      \n        <div class=\"flex flex-col gap-40 md:gap-50 lg:gap-100 md:flex-row\n        md:items-center\">\n\n          <div class=\"flex-1\">\n            <div class=\"media\" style=\"--bg-color-var: #FFFFFF\">\n              <div\n  class=\"image bg-cover  --is-png \"\n   data-defer >\n  <figure>\n    <div class=\"image__wrapper\">\n              <picture>\n          \n          <source\n            srcset=\"\"\n            sizes=\"(min-width: 992px) 808px, (min-width: 768px) 680px, 100vw\"\n          \/>\n          <img decoding=\"async\" src=\"https:\/\/www.upra.org\/app\/uploads\/sites\/5\/2023\/09\/Senza-titolo-1-3.png\" width=\"\" height=\"\" alt=\"Senza titolo-1\">\n        <\/picture>\n          <\/div>\n      <\/figure>\n<\/div>\n\n                          <\/div>\n          <\/div>\n\n          <div class=\"flex-1\">\n                                  <p class=\"!mb-40\"><p>Desde 2001, la Universidad cuenta con un <strong>Departamento de Publicaciones<\/strong>, una estructura que trabaja para promover y coordinar las actividades editoriales de la Universidad. En particular, el Departamento prepara y organiza la impresi\u00f3n de vol\u00famenes y se encarga de la difusi\u00f3n y administraci\u00f3n de las diversas publicaciones de la Universidad.<\/p>\n<p>El objetivo \u00faltimo de la investigaci\u00f3n es compartir los resultados obtenidos y las conclusiones alcanzadas en la fase de estudio. Por este motivo, el Departamento de Publicaciones desempe\u00f1a un <strong>papel central en la comunidad cient\u00edfica<\/strong> para dar a conocer las teor\u00edas que surgen en el seno del Ateneo Pontificio Regina Apostolorum.<\/p>\n<\/p>\n                                      <\/div>\n      <\/div>\n\n    <\/div>\n\n  <\/div>\n\n  <\/section>\n\n\n<section class=\"block  paragraph-box full-width\" \n            >\n\n      <div class=\"paragraph-box__content text-center pt-40 md:pt-50 pb-40 md:pb-50\" id=\"\" style=\"background-color: #f2f3f5\">\n\n          <div class=\"container\" style=\"\">\n          <h2 class=\"intro-title font-500 text-primary mb-20 s40 \">Estudios de profundizaci\u00f3n <\/h2>\n  \n  \n  \n      <div class=\"!mb-30 intro-text text-left\">\n      <p><p>Secci\u00f3n dedicada a art\u00edculos y contribuciones de profundizaci\u00f3n realizados por profesores, investigadores y estudiantes de nuestras Facultades e Institutos.<\/p>\n<\/p>\n    <\/div>\n  \n      <div class=\"container buttons mt-20 mb-20 flex items-center md:items-start flex-col md:flex-row flex-wrap md:flex-nowrap justify-center\">\n              <a href=https:\/\/www.upra.org\/es\/comunicacion\/news\/   title=\"Consultar\"  class=\"button mx-10 my-10 mb-20 md:mb-10 mt-4 font-500  \">\n    <span class=\"button__label\">Consultar<\/span>\n      <span class=\"button__icon icon-arrow\">\n      <svg xmlns=\"http:\/\/www.w3.org\/2000\/svg\" width=\"35\" height=\"12.828\" viewBox=\"0 0 35 12.828\">\n  <g id=\"Icon_feather-arrow-right\" data-name=\"Icon feather-arrow-right\" transform=\"translate(16.5 -6.086)\">\n    <path id=\"Tracciato_346\" data-name=\"Tracciato 346\" d=\"M7.5,18h33\" transform=\"translate(-23 -5.5)\" fill=\"none\" stroke=\"#171717\" stroke-linecap=\"round\" stroke-linejoin=\"round\" stroke-width=\"2\"\/>\n    <path id=\"Tracciato_347\" data-name=\"Tracciato 347\" d=\"M18,7.5l5,5-5,5\" transform=\"translate(-5.5 0)\" fill=\"none\" stroke=\"#171717\" stroke-linecap=\"round\" stroke-linejoin=\"round\" stroke-width=\"2\"\/>\n  <\/g>\n<\/svg>\n\n    <\/span>\n  <\/a>\n          <\/div>\n  \n\n<\/div>\n    \n    \n    \n    \n  <\/div>\n\n  <\/section>\n\n\n<section class=\"block  navigation-with-slider-cards full-width\" \n            >\n\n      <div class=\"navigation-with-slider-cards__content relative navigation-cards pb-60 md:pb-80 pt-60 md:pt-80\" id=\"\" style=\"\">\n    <div class=\"container flex flex-row justify-between items-end gap-0 md:gap-45\">\n                <\/div>\n          <div class=\"container\">\n        <div\n          class=\"slider slider-disabled \"\n          data-slider-config='{\n            \"slidesPerView\": 1,\n            \"spaceBetween\": 0,\n            \"navigation\": {\n              \"nextEl\": \".block.navigation-with-slider-cards .swiper-button-next\",\n              \"prevEl\": \".block.navigation-with-slider-cards .swiper-button-prev\"\n            },\n            \"autoplay\": false,\n            \"loop\": false,\n            \"breakpoints\": {\n              \"768\": {\n                \"slidesPerView\": 3,\n                \"spaceBetween\": 16\n              },\n              \"992\": {\n                \"slidesPerView\": 3,\n                \"spaceBetween\": 16\n              }\n            }\n          }'\n          >\n          <div class=\"swiper-wrapper z-10 relative mt-40\">\n                                        <div class=\"swiper-slide pl-0 pr-0\">\n                <article class=\"card-slide --navigation-cards navigation-cards  \" style=\"background-color: #f2f3f5\">\n\n\n\n  <div class=\"card-slide__inner h-full flex flex-col justify-between \">\n    \n    <div class=\"card-slide__content h-full data-def basis-3\/3 noImage\">\n      <div class=\"pt-50 pr-20 pb-40 pl-20 md:pr-30 md:pl-30 h-full flex flex-col justify-between\">\n\n        \n        <div class=\"!mb-0\">\n                      <h3 class=\"card-slide__title text-primary s30 font-500 pb-16\">Tesis Doctoral En Filosof\u00eda<\/h3>\n                                <div class=\"card-slide__text font-normal font-400\"><p>Secci\u00f3n dedicada a compartir las tesis doctorales realizadas por estudiantes e investigadores de la Facultad de Filosof\u00eda.<\/p>\n<\/div>\n          \n                            <\/div>\n\n                  <div><\/div>\n              <\/div>\n    <\/div>\n\n    \n  <\/div>\n<\/article>\n              <\/div>\n                                        <div class=\"swiper-slide pl-0 pr-0\">\n                <article class=\"card-slide --navigation-cards navigation-cards  \" style=\"background-color: #f2f3f5\">\n\n\n\n  <div class=\"card-slide__inner h-full flex flex-col justify-between \">\n    \n    <div class=\"card-slide__content h-full data-def basis-3\/3 noImage\">\n      <div class=\"pt-50 pr-20 pb-40 pl-20 md:pr-30 md:pl-30 h-full flex flex-col justify-between\">\n\n        \n        <div class=\"!mb-0\">\n                      <h3 class=\"card-slide__title text-primary s30 font-500 pb-16\">Tesis Doctoral En Bio\u00e9tica<\/h3>\n                                <div class=\"card-slide__text font-normal font-400\"><p>Secci\u00f3n dedicada a compartir tesis doctorales realizadas por estudiantes e investigadores de la Facultad de Bio\u00e9tica.<\/p>\n<\/div>\n          \n                            <\/div>\n\n                  <div><\/div>\n              <\/div>\n    <\/div>\n\n    \n  <\/div>\n<\/article>\n              <\/div>\n                                        <div class=\"swiper-slide pl-0 pr-0\">\n                <article class=\"card-slide --navigation-cards navigation-cards  \" style=\"background-color: #f2f3f5\">\n\n\n\n  <div class=\"card-slide__inner h-full flex flex-col justify-between \">\n    \n    <div class=\"card-slide__content h-full data-def basis-3\/3 noImage\">\n      <div class=\"pt-50 pr-20 pb-40 pl-20 md:pr-30 md:pl-30 h-full flex flex-col justify-between\">\n\n        \n        <div class=\"!mb-0\">\n                      <h3 class=\"card-slide__title text-primary s30 font-500 pb-16\">Tesis Doctoral En Teolog\u00eda<\/h3>\n                                <div class=\"card-slide__text font-normal font-400\"><p>Secci\u00f3n dedicada a compartir tesis doctorales elaboradas por estudiantes e investigadores de la Facultad de Teolog\u00eda<\/p>\n<\/div>\n          \n                            <\/div>\n\n                  <div><\/div>\n              <\/div>\n    <\/div>\n\n    \n  <\/div>\n<\/article>\n              <\/div>\n                                        <div class=\"swiper-slide pl-0 pr-0\">\n                <article class=\"card-slide --navigation-cards navigation-cards  \" style=\"background-color: #f2f3f5\">\n\n\n\n  <div class=\"card-slide__inner h-full flex flex-col justify-between \">\n    \n    <div class=\"card-slide__content h-full data-def basis-3\/3 noImage\">\n      <div class=\"pt-50 pr-20 pb-40 pl-20 md:pr-30 md:pl-30 h-full flex flex-col justify-between\">\n\n        \n        <div class=\"!mb-0\">\n                      <h3 class=\"card-slide__title text-primary s30 font-500 pb-16\">Serie De Documentos De Trabajo Econom\u00eda<\/h3>\n                                <div class=\"card-slide__text font-normal font-400\"><p>Secci\u00f3n dedicada a compartir fichas de trabajo sobre temas relacionados con la econom\u00eda.<\/p>\n<\/div>\n          \n                            <\/div>\n\n                  <div><\/div>\n              <\/div>\n    <\/div>\n\n    \n  <\/div>\n<\/article>\n              <\/div>\n                      <\/div>\n\n        <\/div>\n\n      <\/div>\n    \n    \n\n  <\/div>\n\n  <\/section>\n\n\n<section class=\"block  paragraph-box full-width\" \n            >\n\n      <div class=\"paragraph-box__content text-center pt-40 md:pt-50 pb-40 md:pb-50\" id=\"\" style=\"\">\n\n    \n    \n    \n    \n  <\/div>\n\n  <\/section>\n\n\n<section class=\"block  cta-with-media full-width\" \n            >\n\n      <div class=\"cta-with-media__content  template-media-dx py-60 md:py-80\" id=\"\" style=\"background-color: #f2f3f5\">\n\n    <div class=\"container\">\n      \n        <div class=\"flex flex-col gap-40 md:gap-50 lg:gap-100 md:flex-row-reverse\n        md:items-start\">\n\n          <div class=\"flex-1\">\n            <div class=\"media\" style=\"--bg-color-var: #f2f3f5\">\n              <div\n  class=\"image bg-cover  --is-png \"\n   data-defer >\n  <figure>\n    <div class=\"image__wrapper\">\n              <picture>\n          \n          <source\n            srcset=\"\"\n            sizes=\"(min-width: 992px) 808px, (min-width: 768px) 680px, 100vw\"\n          \/>\n          <img decoding=\"async\" src=\"https:\/\/www.upra.org\/app\/uploads\/sites\/5\/2023\/09\/Senza-titolo-1-2.png\" width=\"\" height=\"\" alt=\"Senza titolo-1\">\n        <\/picture>\n          <\/div>\n      <\/figure>\n<\/div>\n\n                          <\/div>\n          <\/div>\n\n          <div class=\"flex-1\">\n                                      <h2 class=\"font-500 text-primary mb-20 s50\">Modelos para las publicaciones<\/h2>\n                                <p class=\"!mb-40\"><p>Forniamo estos modelos (en Microsoft Word) para la redacci\u00f3n de los trabajos escritos requeridos por nuestra Universidad, as\u00ed como para la redacci\u00f3n de los art\u00edculos de las revistas <em>Alpha Omega<\/em> y <em>Ecclesia<\/em>.<\/p>\n<p>Para cualquier duda sobre el estilo de los trabajos escritos y las indicaciones tipogr\u00e1ficas de los modelos, por favor consulte la Metodolog\u00eda del trabajo cient\u00edfico, de A. MAROCCO (ed.), APRA, Roma 2004.<\/p>\n<p>Para cualquier duda sobre el estilo de <em>Alpha Omega<\/em> y <em>Ecclesia<\/em>, por favor, p\u00f3ngase en contacto con la redacci\u00f3n de la revista.<\/p>\n<\/p>\n                                      <\/div>\n      <\/div>\n\n    <\/div>\n\n  <\/div>\n\n  <\/section>\n\n\n<section class=\"block  standard-accordion full-width\" \n            >\n\n      <div class=\"standard-accordion__content accordions pt-40 md:pt-80 pb-40 md:pb-80  \" id=\"\" style=\"\">\n    <div class=\"container \">\n                                          <div class=\"accordion\" >\n  <button class=\"button s30\">Primer ciclo (Licenciatura) y trabajos escritos en general\n    <span class=\"button__icon icon-plus \">\n      <i class=\"fa-regular fa-plus\"><\/i>\n    <\/span>\n  <\/button>\n  <div class=\"panel\">\n    <div class=\"text\">\n      \n    <\/div>\n          <a href=https:\/\/www.upra.org\/app\/uploads\/2026\/03\/Elaborato.docx  target=_blank  title=\"Elaborado\"   rel=\"noopener noreferrer\" class=\"button --button-border mt-20  \">\n    <span class=\"button__label\">Elaborado<\/span>\n      <span class=\"button__icon icon icon-arrow-right\">\n      <span class=\"lnr lnr-arrow-right\"><\/span>\n\n    <\/span>\n  <\/a>\n      <\/div>\n<\/div>\n                      <div class=\"accordion\" >\n  <button class=\"button s30\">Segundo ciclo (Licenciatura)\n    <span class=\"button__icon icon-plus \">\n      <i class=\"fa-regular fa-plus\"><\/i>\n    <\/span>\n  <\/button>\n  <div class=\"panel\">\n    <div class=\"text\">\n      \n    <\/div>\n          <a href=https:\/\/www.upra.org\/app\/uploads\/2026\/03\/Dissertazione-di-Licenza.docx  target=_blank  title=\"Tesis para obtener el t\u00edtulo de Licenciatura\"   rel=\"noopener noreferrer\" class=\"button --button-border mt-20  \">\n    <span class=\"button__label\">Tesis para obtener el t\u00edtulo de Licenciatura<\/span>\n      <span class=\"button__icon icon icon-arrow-right\">\n      <span class=\"lnr lnr-arrow-right\"><\/span>\n\n    <\/span>\n  <\/a>\n      <\/div>\n<\/div>\n                      <div class=\"accordion\" >\n  <button class=\"button s30\">Tercer ciclo (Doctorado)\n    <span class=\"button__icon icon-plus \">\n      <i class=\"fa-regular fa-plus\"><\/i>\n    <\/span>\n  <\/button>\n  <div class=\"panel\">\n    <div class=\"text\">\n      <ul>\n<li><a href=\"https:\/\/www.upra.org\/app\/uploads\/2024\/02\/Dissertazione-Dottorale-prima-consegna-in-Segretaria-di-Facolta.docx\">Tesis doctoral primera entrega en la Secretar\u00eda de Facultad<\/a><\/li>\n<li><a href=\"https:\/\/www.upra.org\/app\/uploads\/2024\/02\/Dissertazione-Dottorale-pubblicazione-con-Vidimus-1.4.docx\">Tesis doctoral publicaci\u00f3n con Vidimus 1.4<\/a><\/li>\n<\/ul>\n\n    <\/div>\n      <\/div>\n<\/div>\n                      <div class=\"accordion\" >\n  <button class=\"button s30\">Actas de conferencia\n    <span class=\"button__icon icon-plus \">\n      <i class=\"fa-regular fa-plus\"><\/i>\n    <\/span>\n  <\/button>\n  <div class=\"panel\">\n    <div class=\"text\">\n      \n    <\/div>\n          <a href=https:\/\/www.upra.org\/app\/uploads\/2024\/02\/Atti-di-convegno-di-studio-1.1.docx  target=_blank  title=\"Actas de conferencia de estudio 1.1\"   rel=\"noopener noreferrer\" class=\"button --button-border mt-20  \">\n    <span class=\"button__label\">Actas de conferencia de estudio 1.1<\/span>\n      <span class=\"button__icon icon icon-arrow-right\">\n      <span class=\"lnr lnr-arrow-right\"><\/span>\n\n    <\/span>\n  <\/a>\n      <\/div>\n<\/div>\n                      <div class=\"accordion\" >\n  <button class=\"button s30\">Revista Alpha Omega\n    <span class=\"button__icon icon-plus \">\n      <i class=\"fa-regular fa-plus\"><\/i>\n    <\/span>\n  <\/button>\n  <div class=\"panel\">\n    <div class=\"text\">\n      <ul>\n<li><a href=\"https:\/\/www.upra.org\/app\/uploads\/2024\/02\/Modello-Alpha-Omega-Articolo-1.3.doc\">Modelo-<em>Alpha-Omega-<\/em>Art\u00edculo 1.3<\/a><\/li>\n<li><a href=\"https:\/\/www.upra.org\/app\/uploads\/2024\/02\/Modello-Alpha-Omega-Recensioni-o-Segnalazione1.1.docx\">Modelo <em>Alpha Omega <\/em>Rese\u00f1as o Notificaci\u00f3n 1.1<\/a><\/li>\n<\/ul>\n\n    <\/div>\n      <\/div>\n<\/div>\n                      <div class=\"accordion\" >\n  <button class=\"button s30\">Revista Ecclesia\n    <span class=\"button__icon icon-plus \">\n      <i class=\"fa-regular fa-plus\"><\/i>\n    <\/span>\n  <\/button>\n  <div class=\"panel\">\n    <div class=\"text\">\n      <ul>\n<li><a href=\"https:\/\/www.upra.org\/app\/uploads\/2024\/02\/Plantilla-de-Articulo-para-la-revista-Ecclesia-1.1.docx\">Plantilla de Art\u00edculo para la revista\u00a0<em>Ecclesia<\/em><\/a><\/li>\n<li><a href=\"https:\/\/www.upra.org\/app\/uploads\/2024\/02\/Plantilla-para-un-Recension-o-Resena-de-la-revista-Ecclesia.docx\">Plantilla para un Recensi\u00f3n o Rese\u00f1a de la revista\u00a0<em>Ecclesia<\/em><\/a><\/li>\n<\/ul>\n\n    <\/div>\n      <\/div>\n<\/div>\n                      <\/div>\n  <\/div>\n\n  <\/section>\n\n\n<section class=\"block  paragraph-box full-width\" \n            >\n\n      <div class=\"paragraph-box__content text-center pt-40 md:pt-50 pb-40 md:pb-50\" id=\"\" style=\"background-color: #f2f3f5\">\n\n          <div class=\"container\" style=\"\">\n          <h2 class=\"intro-title font-500 text-primary mb-20 s40 \">Cat\u00e1logo y informaci\u00f3n<\/h2>\n  \n  \n  \n      <div class=\"!mb-30 intro-text text-left\">\n      <p><p>Es posible consultar a trav\u00e9s de estas p\u00e1ginas el archivo digital completo de todas las publicaciones resultado de las investigaciones y profundizaciones realizadas por estudiantes, profesores e investigadores de la Pontificia Universidad Regina Apostolorum.<\/p>\n<\/p>\n    <\/div>\n  \n      <div class=\"container buttons mt-20 mb-20 flex items-center md:items-start flex-col md:flex-row flex-wrap md:flex-nowrap justify-center\">\n              <a href=https:\/\/www.upra.org\/ricerca\/pubblicazioni\/catalogo-e-informazioni\/  target=_blank  title=\"Cat\u00e1logo y informaci\u00f3n (italiano)\"   rel=\"noopener noreferrer\" class=\"button mx-10 my-10 mb-20 md:mb-10 mt-4 font-500  \">\n    <span class=\"button__label\">Cat\u00e1logo y informaci\u00f3n (italiano)<\/span>\n      <span class=\"button__icon icon-arrow\">\n      <svg xmlns=\"http:\/\/www.w3.org\/2000\/svg\" width=\"35\" height=\"12.828\" viewBox=\"0 0 35 12.828\">\n  <g id=\"Icon_feather-arrow-right\" data-name=\"Icon feather-arrow-right\" transform=\"translate(16.5 -6.086)\">\n    <path id=\"Tracciato_346\" data-name=\"Tracciato 346\" d=\"M7.5,18h33\" transform=\"translate(-23 -5.5)\" fill=\"none\" stroke=\"#171717\" stroke-linecap=\"round\" stroke-linejoin=\"round\" stroke-width=\"2\"\/>\n    <path id=\"Tracciato_347\" data-name=\"Tracciato 347\" d=\"M18,7.5l5,5-5,5\" transform=\"translate(-5.5 0)\" fill=\"none\" stroke=\"#171717\" stroke-linecap=\"round\" stroke-linejoin=\"round\" stroke-width=\"2\"\/>\n  <\/g>\n<\/svg>\n\n    <\/span>\n  <\/a>\n          <\/div>\n  \n\n<\/div>\n    \n    \n    \n    \n  <\/div>\n\n  <\/section>\n\n\n<section class=\"block  paragraph-box full-width\" \n            >\n\n      <div class=\"paragraph-box__content text-center pt-40 md:pt-50 pb-40 md:pb-50\" id=\"\" style=\"\">\n\n          <div class=\"container\" style=\"\">\n          <h2 class=\"intro-title font-500 text-primary mb-20 s30 font-medium leading-snug \">Revista Apra<\/h2>\n  \n  \n  \n      <div class=\"!mb-30 intro-text text-left\">\n      <p><p>La revista que examina y narra el mundo de la Pontificia Universidad Regina Apostolorum a trav\u00e9s de an\u00e1lisis y art\u00edculos informativos.<\/p>\n<\/p>\n    <\/div>\n  \n      <div class=\"container buttons mt-20 mb-20 flex items-center md:items-start flex-col md:flex-row flex-wrap md:flex-nowrap justify-center\">\n              <a href=https:\/\/www.upra.org\/es\/investigacion\/publicaciones\/revista-apra\/   title=\"Leer la revista\"  class=\"button mx-10 my-10 mb-20 md:mb-10 mt-4 font-500  \">\n    <span class=\"button__label\">Leer la revista<\/span>\n      <span class=\"button__icon icon-arrow\">\n      <svg xmlns=\"http:\/\/www.w3.org\/2000\/svg\" width=\"35\" height=\"12.828\" viewBox=\"0 0 35 12.828\">\n  <g id=\"Icon_feather-arrow-right\" data-name=\"Icon feather-arrow-right\" transform=\"translate(16.5 -6.086)\">\n    <path id=\"Tracciato_346\" data-name=\"Tracciato 346\" d=\"M7.5,18h33\" transform=\"translate(-23 -5.5)\" fill=\"none\" stroke=\"#171717\" stroke-linecap=\"round\" stroke-linejoin=\"round\" stroke-width=\"2\"\/>\n    <path id=\"Tracciato_347\" data-name=\"Tracciato 347\" d=\"M18,7.5l5,5-5,5\" transform=\"translate(-5.5 0)\" fill=\"none\" stroke=\"#171717\" stroke-linecap=\"round\" stroke-linejoin=\"round\" stroke-width=\"2\"\/>\n  <\/g>\n<\/svg>\n\n    <\/span>\n  <\/a>\n          <\/div>\n  \n\n<\/div>\n    \n    \n    \n    \n  <\/div>\n\n  <\/section>\n\n\n<section class=\"block  cta-banner full-width\" \n            >\n\n      <div class=\"cta-banner__content text-white content-left pt-60 md:pt-80 pb-60 md:pb-80\" id=\"\" style=\"background-color: #003da5\">\n    <div class=\"container px-20 md:px-0\">\n      <div>\n                            <h2 class=\"py-20 s50 font-500 text-primary text-center md:text-left\">Contactos<\/h2>\n                          <p class=\"pb-20 md:px-0\"><p>Director general: P. Rodrigo Ram\u00edrez,\u00a0L.C.<\/p>\n<p>Redactor: Paolo Gentilucci<\/p>\n<\/p>\n              <\/div>\n      <div>\n                        \n                  <div class=\"pb-20\">\n                      <p class=\"label_link s18 mr-10\">\n                              <span class=\"icon icon-envelope\">\n                  <span class=\"lnr lnr-envelope\"><\/span>\n                <\/span>\n                                            <span>\n                  Correo electr\u00f3nico:\n                <\/span>\n                            <a href=mailto:pubblicazioni@upra.org  target=_blank  title=\"pubblicazioni@upra.org\"   rel=\"noopener noreferrer\" class=\"button hover-underline s18  --white \">\n    <span class=\"button__label\">pubblicazioni@upra.org<\/span>\n  <\/a>\n            <\/p>\n                      <p class=\"label_link s18 mr-10\">\n                              <span class=\"icon icon-phone-handset\">\n                  <span class=\"lnr lnr-phone-handset\"><\/span>\n                <\/span>\n                                            <span>\n                  Tel\u00e9fono:\n                <\/span>\n                            <a href=tel:%20+39%2006%2066527800   title=\"+39 (06) 66527800\"  class=\"button hover-underline s18  --white \">\n    <span class=\"button__label\">+39 (06) 66527800<\/span>\n  <\/a>\n            <\/p>\n                      <p class=\"label_link s18 mr-10\">\n                              <span class=\"icon icon-ico-pdf\">\n                  <span class=\"lnr lnr-ico-pdf\"><\/span>\n                <\/span>\n                                            <span>\n                  Fax:\n                <\/span>\n                            <a href=+39 (06) 66527840   title=\"+39 (06) 66527840\"  class=\"button hover-underline s18  --white \">\n    <span class=\"button__label\">+39 (06) 66527840<\/span>\n  <\/a>\n            <\/p>\n                    <\/div>\n        \n              <\/div>\n    <\/div>\n\n  <\/div>\n\n  <\/section>\n","protected":false},"excerpt":{"rendered":"","protected":false},"author":3,"featured_media":0,"parent":767,"menu_order":0,"comment_status":"closed","ping_status":"closed","template":"","meta":{"_acf_changed":false,"footnotes":""},"class_list":["post-776","page","type-page","status-publish","hentry"],"acf":[],"_links":{"self":[{"href":"https:\/\/www.upra.org\/es\/wp-json\/wp\/v2\/pages\/776","targetHints":{"allow":["GET"]}}],"collection":[{"href":"https:\/\/www.upra.org\/es\/wp-json\/wp\/v2\/pages"}],"about":[{"href":"https:\/\/www.upra.org\/es\/wp-json\/wp\/v2\/types\/page"}],"author":[{"embeddable":true,"href":"https:\/\/www.upra.org\/es\/wp-json\/wp\/v2\/users\/3"}],"replies":[{"embeddable":true,"href":"https:\/\/www.upra.org\/es\/wp-json\/wp\/v2\/comments?post=776"}],"version-history":[{"count":89,"href":"https:\/\/www.upra.org\/es\/wp-json\/wp\/v2\/pages\/776\/revisions"}],"predecessor-version":[{"id":11928,"href":"https:\/\/www.upra.org\/es\/wp-json\/wp\/v2\/pages\/776\/revisions\/11928"}],"up":[{"embeddable":true,"href":"https:\/\/www.upra.org\/es\/wp-json\/wp\/v2\/pages\/767"}],"wp:attachment":[{"href":"https:\/\/www.upra.org\/es\/wp-json\/wp\/v2\/media?parent=776"}],"curies":[{"name":"wp","href":"https:\/\/api.w.org\/{rel}","templated":true}]}}