{"id":7763,"date":"2024-01-12T16:44:08","date_gmt":"2024-01-12T16:44:08","guid":{"rendered":"https:\/\/www.upra.org\/es\/?page_id=7763"},"modified":"2024-07-31T15:19:17","modified_gmt":"2024-07-31T15:19:17","slug":"catedra-unesco-de-bioetica-y-derechos-humanos","status":"publish","type":"page","link":"https:\/\/www.upra.org\/es\/facultades-institutos\/institutos\/catedra-unesco-de-bioetica-y-derechos-humanos\/","title":{"rendered":"C\u00e1tedra UNESCO de Bio\u00e9tica y Derechos Humanos"},"content":{"rendered":"<section class=\"block  cta-with-media full-width\" \n            >\n\n      <div class=\"cta-with-media__content  template-media-sx py-60 md:py-80\" id=\"\" style=\"\">\n\n    <div class=\"container\">\n      \n        <div class=\"flex flex-col gap-40 md:gap-50 lg:gap-100 md:flex-row\n        md:items-start\">\n\n          <div class=\"flex-1\">\n            <div class=\"media\" style=\"--bg-color-var: #FFFFFF\">\n              <div\n  class=\"image bg-cover  --is-jpeg \"\n   data-defer >\n  <figure>\n    <div class=\"image__wrapper\">\n              <picture>\n          \n          <source\n            srcset=\"\"\n            sizes=\"(min-width: 992px) 808px, (min-width: 768px) 680px, 100vw\"\n          \/>\n          <img decoding=\"async\" src=\"https:\/\/www.upra.org\/app\/uploads\/sites\/5\/2024\/01\/Catt-UNESCO.jpeg\" width=\"\" height=\"\" alt=\"Catt-UNESCO\">\n        <\/picture>\n          <\/div>\n      <\/figure>\n<\/div>\n\n                          <\/div>\n          <\/div>\n\n          <div class=\"flex-1\">\n                                  <p class=\"!mb-40\"><p>La <strong>C\u00e1tedra UNESCO<\/strong> es una instituci\u00f3n creada dentro de la Facultad de Bio\u00e9tica de la Pontificia Universidad Regina Apostolorum y la Facultad de Derecho de la Universidad Europea de Roma para promover el <strong>intercambio de ideas y compartir experiencias diversas<\/strong> a trav\u00e9s del di\u00e1logo entre pa\u00edses, especialmente aquellos en v\u00edas de desarrollo.<\/p>\n<p>La C\u00e1tedra prev\u00e9 <strong>el an\u00e1lisis y la profundizaci\u00f3n de temas de bio\u00e9tica en relaci\u00f3n con los derechos humanos.<\/strong> Este proceso se basa en una bio\u00e9tica humanista de inspiraci\u00f3n cristiana y se manifiesta a trav\u00e9s de la ense\u00f1anza, la investigaci\u00f3n cient\u00edfica y la promoci\u00f3n de actividades para la difusi\u00f3n del pensamiento.<\/p>\n<\/p>\n                                          <a href=https:\/\/www.upra.org\/tutti-i-corsi\/?department=Istituto+di+Bioetica+e+Diritti+Umani   title=\"Descubrir todos los cursos \"  class=\"button --button-border  \">\n    <span class=\"button__label\">Descubrir todos los cursos <\/span>\n      <span class=\"button__icon icon icon-arrow-right\">\n      <span class=\"lnr lnr-arrow-right\"><\/span>\n\n    <\/span>\n  <\/a>\n                  <\/div>\n      <\/div>\n\n    <\/div>\n\n  <\/div>\n\n  <\/section>\n\n\n<section class=\"block  paragraph-box full-width\" \n            >\n\n      <div class=\"paragraph-box__content text-center pt-40 md:pt-50 pb-40 md:pb-50\" id=\"\" style=\"background-color: #f2f3f5\">\n\n          <div class=\"container\" style=\"\">\n          <h2 class=\"intro-title font-500 text-primary mb-20 s40 \">Partners, \u00c1reas de Investigaci\u00f3n y Proyectos Europeos<\/h2>\n  \n  \n  \n      <div class=\"!mb-30 intro-text text-left\">\n      <p><p>Nuestros socios directos (UNITWIN) son la Universidade Agostinho Neto (Luanda, Angola) y la Universidad An\u00e1huac (Ciudad de M\u00e9xico, M\u00e9xico).<\/p>\n<p><strong>Las principales \u00e1reas de inter\u00e9s e investigaci\u00f3n de la C\u00e1tedra UNESCO son<\/strong>:<\/p>\n<ul>\n<li><a href=\"https:\/\/www.unescobiochair.org\/neurobioethics\/\" target=\"_blank\" rel=\"noopener\">Bio\u00e9tica, multiculturalismo y religiones<\/a><\/li>\n<li><a href=\"https:\/\/www.unescobiochair.org\/neurobioethics\/\" target=\"_blank\" rel=\"noopener\">Neurobio\u00e9tica<\/a><\/li>\n<li><a href=\"https:\/\/www.unescobiochair.org\/bioethics-global-art\/\" target=\"_blank\" rel=\"noopener\">Bio\u00e9tica y arte global<\/a><\/li>\n<\/ul>\n<p><strong>La C\u00e1tedra UNESCO ha colaborado en los siguientes proyectos europeos:<\/strong><\/p>\n<ul>\n<li><a href=\"https:\/\/www.unescobiochair.org\/2017\/03\/13\/eurosol-solidarity-in-times-of-crisis\/\" target=\"_blank\" rel=\"noopener\">European Citizes for Solidarity (EUROSOL, Europe for Citizens Programme)<\/a><\/li>\n<li><a href=\"https:\/\/www.unescobiochair.org\/2017\/06\/02\/new-eu-project-works-on-improving-guidelines-for-informed-consent-including-vulnerable-populations-under-a-gender-perspective\/\" target=\"_blank\" rel=\"noopener\">Improving the guidelines for Informed Consent (iCONSENT, Horizon 2020 Programme)<\/a><\/li>\n<li><a href=\"https:\/\/www.unescobiochair.org\/2018\/11\/10\/civic-education-for-social-inclusion-civical\/\" target=\"_blank\" rel=\"noopener\">Civic Dimensions for Social Inclusion (CivicAL, Erasmus+ Programme)<\/a><\/li>\n<li><a href=\"https:\/\/www.unescobiochair.org\/2019\/11\/29\/european-union-common-past-present-and-future-for-you-eucom4u\/\" target=\"_blank\" rel=\"noopener\">European Union: common past, present and future for you (EUcom4U, Europe for Citizens Programme)<\/a><\/li>\n<\/ul>\n<p><span style=\"font-weight: 400\">Para obtener m\u00e1s informaci\u00f3n sobre las actividades de la C\u00e1tedra, visita el sitio web <\/span><a href=\"http:\/\/www.unescobiochair.org\/\" target=\"_blank\" rel=\"noopener\"><span style=\"font-weight: 400\">ww<\/span><span style=\"font-weight: 400\">w.unescobiochair.org<\/span><\/a><\/p>\n<\/p>\n    <\/div>\n  \n  \n\n<\/div>\n    \n    \n    \n    \n  <\/div>\n\n  <\/section>\n\n\n\n\n\n\n<section class=\"block  cta-with-media full-width\" \n            >\n\n      <div class=\"cta-with-media__content  template-media-sx py-60 md:py-80\" id=\"\" style=\"\">\n\n    <div class=\"container\">\n      \n        <div class=\"flex flex-col gap-40 md:gap-50 lg:gap-100 md:flex-row\n        md:items-start\">\n\n          <div class=\"flex-1\">\n            <div class=\"media\" style=\"--bg-color-var: #FFFFFF\">\n              <div\n  class=\"image bg-cover  --is-webp \"\n   data-defer >\n  <figure>\n    <div class=\"image__wrapper\">\n              <picture>\n          \n          <source\n            srcset=\"\"\n            sizes=\"(min-width: 992px) 808px, (min-width: 768px) 680px, 100vw\"\n          \/>\n          <img decoding=\"async\" src=\"https:\/\/www.upra.org\/app\/uploads\/sites\/5\/2024\/01\/0000_Servizi_1.webp\" width=\"\" height=\"\" alt=\"0000_Servizi_1\">\n        <\/picture>\n          <\/div>\n      <\/figure>\n<\/div>\n\n                          <\/div>\n          <\/div>\n\n          <div class=\"flex-1\">\n                                      <h2 class=\"font-500 text-primary mb-40 s40\">Cursos de la C\u00e1tedra UNESCO de Bio\u00e9tica y Derechos Humanos<\/h2>\n                                                    <a href=https:\/\/www.upra.org\/tutti-i-corsi\/?department=Istituto+di+Bioetica+e+Diritti+Umani   title=\"Descubrir todos los cursos\"  class=\"button --button-border  \">\n    <span class=\"button__label\">Descubrir todos los cursos<\/span>\n      <span class=\"button__icon icon icon-arrow-right\">\n      <span class=\"lnr lnr-arrow-right\"><\/span>\n\n    <\/span>\n  <\/a>\n                  <\/div>\n      <\/div>\n\n    <\/div>\n\n  <\/div>\n\n  <\/section>\n\n\n\n\n<section class=\"block  cta-banner full-width\" \n            >\n\n      <div class=\"cta-banner__content text-white two-column pt-60 md:pt-80 pb-60 md:pb-80\" id=\"\" style=\"background-color: #003da5\">\n    <div class=\"container px-20 md:px-0\">\n      <div>\n                            <h2 class=\"py-20 s50 font-500 text-primary text-center md:text-left\">Contactos<\/h2>\n                      <\/div>\n      <div>\n                          <a href=https:\/\/www.upra.org\/es\/ateneo\/contactos\/   title=\"Descubrir\"  class=\"button --button-border mb-20 bg-white  \">\n    <span class=\"button__label\">Descubrir<\/span>\n  <\/a>\n                          <a href=https:\/\/upra.zohobookings.eu\/#\/ateneopontificioreginaapostolorum   title=\"RESERVE TU VIDEOLLAMADA\"  class=\"button --button-border mb-20 bg-white  \">\n    <span class=\"button__label\">RESERVE TU VIDEOLLAMADA<\/span>\n  <\/a>\n        \n        \n                  <div class=\"pt-20 simple_links\">\n                      <a href=https:\/\/www.upra.org\/es\/admision\/como-inscribirse\/   title=\"C\u00f3mo inscribirte\"  class=\"button mb-20 --underline  --white \">\n    <span class=\"button__label\">C\u00f3mo inscribirte<\/span>\n  <\/a>\n                      <a href=https:\/\/www.upra.org\/es\/facultades-institutos\/   title=\"Otros programas que pueden interesarte\"  class=\"button mb-20 --underline  --white \">\n    <span class=\"button__label\">Otros programas que pueden interesarte<\/span>\n  <\/a>\n                    <\/div>\n              <\/div>\n    <\/div>\n\n  <\/div>\n\n  <\/section>\n","protected":false},"excerpt":{"rendered":"","protected":false},"author":3,"featured_media":0,"parent":755,"menu_order":0,"comment_status":"closed","ping_status":"closed","template":"","meta":{"_acf_changed":false,"footnotes":""},"class_list":["post-7763","page","type-page","status-publish","hentry"],"acf":[],"_links":{"self":[{"href":"https:\/\/www.upra.org\/es\/wp-json\/wp\/v2\/pages\/7763","targetHints":{"allow":["GET"]}}],"collection":[{"href":"https:\/\/www.upra.org\/es\/wp-json\/wp\/v2\/pages"}],"about":[{"href":"https:\/\/www.upra.org\/es\/wp-json\/wp\/v2\/types\/page"}],"author":[{"embeddable":true,"href":"https:\/\/www.upra.org\/es\/wp-json\/wp\/v2\/users\/3"}],"replies":[{"embeddable":true,"href":"https:\/\/www.upra.org\/es\/wp-json\/wp\/v2\/comments?post=7763"}],"version-history":[{"count":12,"href":"https:\/\/www.upra.org\/es\/wp-json\/wp\/v2\/pages\/7763\/revisions"}],"predecessor-version":[{"id":9204,"href":"https:\/\/www.upra.org\/es\/wp-json\/wp\/v2\/pages\/7763\/revisions\/9204"}],"up":[{"embeddable":true,"href":"https:\/\/www.upra.org\/es\/wp-json\/wp\/v2\/pages\/755"}],"wp:attachment":[{"href":"https:\/\/www.upra.org\/es\/wp-json\/wp\/v2\/media?parent=7763"}],"curies":[{"name":"wp","href":"https:\/\/api.w.org\/{rel}","templated":true}]}}