{"id":782,"date":"2023-07-06T09:23:17","date_gmt":"2023-07-06T09:23:17","guid":{"rendered":"https:\/\/www.upra.org\/es\/?page_id=782"},"modified":"2024-10-16T13:12:11","modified_gmt":"2024-10-16T13:12:11","slug":"convocatorias-concurso","status":"publish","type":"page","link":"https:\/\/www.upra.org\/es\/investigacion\/convocatorias-concurso\/","title":{"rendered":"Convocatorias"},"content":{"rendered":"<section class=\"block  cta-with-media full-width\" \n            >\n\n      <div class=\"cta-with-media__content  template-media-sx py-60 md:py-80\" id=\"\" style=\"\">\n\n    <div class=\"container\">\n      \n        <div class=\"flex flex-col gap-40 md:gap-50 lg:gap-100 md:flex-row\n        md:items-center\">\n\n          <div class=\"flex-1\">\n            <div class=\"media\" style=\"--bg-color-var: #FFFFFF\">\n              <div\n  class=\"image bg-cover  --is-webp \"\n   data-defer >\n  <figure>\n    <div class=\"image__wrapper\">\n              <picture>\n          \n          <source\n            srcset=\"\"\n            sizes=\"(min-width: 992px) 808px, (min-width: 768px) 680px, 100vw\"\n          \/>\n          <img decoding=\"async\" src=\"https:\/\/www.upra.org\/app\/uploads\/sites\/5\/2024\/01\/0014_Bandi-1.webp\" width=\"\" height=\"\" alt=\"0014_Bandi (1)\">\n        <\/picture>\n          <\/div>\n      <\/figure>\n<\/div>\n\n                          <\/div>\n          <\/div>\n\n          <div class=\"flex-1\">\n                                  <p class=\"!mb-40\"><p>El Ateneo Pontificio Regina Apostolorum instituye <strong>convocatorias de concurso para estudiantes de doctorado<\/strong> con el fin de desarrollar <strong>proyectos<\/strong> de <strong>investigaci\u00f3n<\/strong> en el marco del trabajo acad\u00e9mico que se lleva a cabo en las Facultades. El <strong>objetivo<\/strong> de estas convocatorias es <strong>contribuir a la promoci\u00f3n de la investigaci\u00f3n cient\u00edfica y a la publicaci\u00f3n de los resultados con toda la comunidad internacional<\/strong>, con vistas a fomentar el desarrollo de la cultura evang\u00e9lica.<\/p>\n<\/p>\n                                      <\/div>\n      <\/div>\n\n    <\/div>\n\n  <\/div>\n\n  <\/section>\n\n\n<section class=\"block  paragraph-box full-width\" \n            >\n\n      <div class=\"paragraph-box__content text-center pt-40 md:pt-50 pb-40 md:pb-50\" id=\"\" style=\"background-color: #f2f3f5\">\n\n          <div class=\"container\" style=\"\">\n          <h2 class=\"intro-title font-500 text-primary mb-20 s40 \">Convocatorias<\/h2>\n  \n  \n  \n      <div class=\"!mb-30 intro-text text-left\">\n      <p><p><strong> 2024<\/strong><\/p>\n<p>Est\u00e1 abierta la Convocatoria para la Edici\u00f3n Especial del <strong>Premio Marco Arosio<\/strong>, instituido por la <strong>C\u00e1tedra Marco Arosio de Altos Estudios Medievales de la Facultad de Filosof\u00eda<\/strong>, en ocasi\u00f3n del 800 aniversario del nacimiento de Santo Tom\u00e1s de Aquino (1225-2025).<\/p>\n<p>Los <strong>trabajos<\/strong> deber\u00e1n presentarse <strong>dentro del 31 de enero de 2025<\/strong>. Premio para el ganador: 3.000 euros y publicaci\u00f3n del trabajo escrito por el Ateneo.<\/p>\n<p><a href=\"https:\/\/www.upra.org\/es\/comunicazione\/news\/proxima-convocatoria-del-premio-marco-arosio\/\">Informaci\u00f3n e inscripci\u00f3n<\/a><\/p>\n<p>&nbsp;<\/p>\n<p><strong>2019<\/strong><\/p>\n<p>Para el a\u00f1o acad\u00e9mico 2019 se estableci\u00f3 una convocatoria dirigida a <strong>estudiantes de doctorado inscritos en las Facultades de Teolog\u00eda, Filosof\u00eda y Bio\u00e9tica.<\/strong> El proyecto de investigaci\u00f3n para cuatro doctorandos tuvo una duraci\u00f3n m\u00ednima de veinticuatro meses y m\u00e1xima de treinta y seis meses.<\/p>\n<p>A los ganadores de la convocatoria se les otorg\u00f3 una beca de 5.000 \u20ac para la adquisici\u00f3n de material necesario para llevar a cabo el proyecto, una reducci\u00f3n del 100% en las tasas acad\u00e9micas y la publicaci\u00f3n gratuita del trabajo de investigaci\u00f3n.<\/p>\n<p><strong>Pr\u00f3ximas convocatorias<\/strong><\/p>\n<p>Las nuevas convocatorias de investigaci\u00f3n se publicar\u00e1n aqu\u00ed cuando disponibles.<\/p>\n<\/p>\n    <\/div>\n  \n  \n\n<\/div>\n    \n    \n    \n    \n  <\/div>\n\n  <\/section>\n\n\n<section class=\"block  cta-banner full-width\" \n            >\n\n      <div class=\"cta-banner__content text-white content-left pt-60 md:pt-80 pb-60 md:pb-80\" id=\"\" style=\"background-color: #003da5\">\n    <div class=\"container px-20 md:px-0\">\n      <div>\n                            <h2 class=\"py-20 s50 font-500 text-primary text-center md:text-left\">Contactos<\/h2>\n                      <\/div>\n      <div>\n                        \n                  <div class=\"pb-20\">\n                      <p class=\"label_link s18 mr-10\">\n                              <span class=\"icon icon-envelope\">\n                  <span class=\"lnr lnr-envelope\"><\/span>\n                <\/span>\n                                            <span>\n                  Correo electr\u00f3nico:\n                <\/span>\n                            <a href=mailto:info.teologia@upra.org   title=\"info.teologia@upra.org\"  class=\"button hover-underline s18  --white \">\n    <span class=\"button__label\">info.teologia@upra.org<\/span>\n  <\/a>\n            <\/p>\n                      <p class=\"label_link s18 mr-10\">\n                              <span class=\"icon icon-phone\">\n                  <span class=\"lnr lnr-phone\"><\/span>\n                <\/span>\n                                            <span>\n                  Tel\u00e9fono:\n                <\/span>\n                            <a href=tel: +39 06 91689867   title=\"+39 06 91689867\"  class=\"button hover-underline s18  --white \">\n    <span class=\"button__label\">+39 06 91689867<\/span>\n  <\/a>\n            <\/p>\n                      <p class=\"label_link s18 mr-10\">\n                              <span class=\"icon icon-phone-handset\">\n                  <span class=\"lnr lnr-phone-handset\"><\/span>\n                <\/span>\n                                            <span>\n                  M\u00f3vil:\n                <\/span>\n                            <a href=tel: +39 346 2856633   title=\"+39 346 2856633\"  class=\"button hover-underline s18  --white \">\n    <span class=\"button__label\">+39 346 2856633<\/span>\n  <\/a>\n            <\/p>\n                    <\/div>\n        \n                  <div class=\"pt-20 simple_links\">\n                      <a href=https:\/\/www.upra.org\/es\/admision\/como-inscribirse\/   title=\"C\u00f3mo inscribirse\"  class=\"button mb-20 --underline  --white \">\n    <span class=\"button__label\">C\u00f3mo inscribirse<\/span>\n  <\/a>\n                    <\/div>\n              <\/div>\n    <\/div>\n\n  <\/div>\n\n  <\/section>\n","protected":false},"excerpt":{"rendered":"","protected":false},"author":3,"featured_media":0,"parent":767,"menu_order":0,"comment_status":"closed","ping_status":"closed","template":"","meta":{"_acf_changed":false,"footnotes":""},"class_list":["post-782","page","type-page","status-publish","hentry"],"acf":[],"_links":{"self":[{"href":"https:\/\/www.upra.org\/es\/wp-json\/wp\/v2\/pages\/782","targetHints":{"allow":["GET"]}}],"collection":[{"href":"https:\/\/www.upra.org\/es\/wp-json\/wp\/v2\/pages"}],"about":[{"href":"https:\/\/www.upra.org\/es\/wp-json\/wp\/v2\/types\/page"}],"author":[{"embeddable":true,"href":"https:\/\/www.upra.org\/es\/wp-json\/wp\/v2\/users\/3"}],"replies":[{"embeddable":true,"href":"https:\/\/www.upra.org\/es\/wp-json\/wp\/v2\/comments?post=782"}],"version-history":[{"count":24,"href":"https:\/\/www.upra.org\/es\/wp-json\/wp\/v2\/pages\/782\/revisions"}],"predecessor-version":[{"id":9613,"href":"https:\/\/www.upra.org\/es\/wp-json\/wp\/v2\/pages\/782\/revisions\/9613"}],"up":[{"embeddable":true,"href":"https:\/\/www.upra.org\/es\/wp-json\/wp\/v2\/pages\/767"}],"wp:attachment":[{"href":"https:\/\/www.upra.org\/es\/wp-json\/wp\/v2\/media?parent=782"}],"curies":[{"name":"wp","href":"https:\/\/api.w.org\/{rel}","templated":true}]}}